{"id":6153,"date":"2025-09-04T18:41:34","date_gmt":"2025-09-04T18:41:34","guid":{"rendered":"https:\/\/risese1.wpenginepowered.com\/?page_id=6153"},"modified":"2026-01-27T01:44:40","modified_gmt":"2026-01-27T01:44:40","slug":"donate","status":"publish","type":"page","link":"https:\/\/risese.org\/fr\/donate\/","title":{"rendered":"Faire un don"},"content":{"rendered":"<h1>\n\t\t\tPartenaire avec nous\t<\/h1>\n\t<p>Vous pouvez contribuer \u00e0 offrir une \u00e9ducation de premier ordre aux \u00e9l\u00e8ves les plus \u00e9loign\u00e9s des opportunit\u00e9s.<\/p>\n<h2>\n\t\t\tChaque \u00e9l\u00e8ve m\u00e9rite une chance de s'\u00e9lever. Votre don contribue \u00e0 rendre cela possible.\t<\/h2>\n\t<p>En tant qu'\u00e9cole publique \u00e0 charte gratuite, nous fournissons un enseignement et un soutien essentiel pour que les \u00e9l\u00e8ves les plus \u00e9loign\u00e9s des opportunit\u00e9s puissent s'\u00e9panouir. Votre soutien nous aide \u00e0 rendre cela possible.<\/p>\n\t\t\t<a href=\"https:\/\/secure.qgiv.com\/for\/risesoutheastraleighcharterschool\"  target=\"_blank\" rel=\"noopener\">\n\t\t\t\t\t\t\tDonner maintenant\n\t\t\t\t\t<\/a>\n<h3>\n\t\t\tDon unique ou mensuel\t<\/h3>\n\t<p>Votre don, qu'il soit unique ou mensuel, soutient directement l'apprentissage quotidien, la croissance et la r\u00e9ussite des \u00e9l\u00e8ves de RISE.<\/p>\n\t\t\t<a href=\"https:\/\/secure.qgiv.com\/for\/risesoutheastraleighcharterschool\"  target=\"_blank\" rel=\"noopener\">\n\t\t\t\t\t\t\tDonner maintenant\n\t\t\t\t\t<\/a>\n<h3>\n\t\t\tSoutenir les excursions, les arts ou l'athl\u00e9tisme\t<\/h3>\n\t<p>Aidez-nous \u00e0 \u00e9largir le monde de nos \u00e9l\u00e8ves en finan\u00e7ant des exp\u00e9riences pratiques, l'expression cr\u00e9ative et des possibilit\u00e9s de renforcement de l'esprit d'\u00e9quipe au-del\u00e0 de la salle de classe.<\/p>\n\t\t\t<a href=\"https:\/\/secure.qgiv.com\/for\/risesoutheastraleighcharterschool\"  target=\"_blank\" rel=\"noopener\">\n\t\t\t\t\t\t\tDonner maintenant\n\t\t\t\t\t<\/a>\n<h3>\n\t\t\tPartenariat et parrainage d'entreprise\t<\/h3>\n\t<p>Doublez votre impact ou am\u00e9liorez votre marque en vous associant \u00e0 RISE pour investir dans l'\u00e9quit\u00e9 en mati\u00e8re d'\u00e9ducation et la r\u00e9ussite des \u00e9l\u00e8ves.<\/p>\n\t\t\t<a href=\"https:\/\/risese.org\/fr\/contact\/\"  target=\"_blank\" rel=\"noopener\">\n\t\t\t\t\t\t\tNous contacter\n\t\t\t\t\t<\/a>","protected":false},"excerpt":{"rendered":"<p>Partenariat avec nous Vous pouvez contribuer \u00e0 offrir une \u00e9ducation de premier ordre aux \u00e9l\u00e8ves les plus \u00e9loign\u00e9s de l'\u00e9galit\u00e9 des chances. Chaque \u00e9l\u00e8ve m\u00e9rite une chance de s'\u00e9lever. Votre don contribue \u00e0 rendre cela possible. En tant qu'\u00e9cole publique \u00e0 charte gratuite, nous fournissons une \u00e9ducation et un soutien essentiel pour que les \u00e9l\u00e8ves les plus \u00e9loign\u00e9s des opportunit\u00e9s puissent s'\u00e9panouir. Votre soutien contribue \u00e0 rendre cela possible....<\/p>","protected":false},"author":3,"featured_media":0,"parent":0,"menu_order":0,"comment_status":"closed","ping_status":"closed","template":"","meta":{"footnotes":""},"class_list":["post-6153","page","type-page","status-publish","hentry"],"yoast_head":"<!-- This site is optimized with the Yoast SEO plugin v27.3 - https:\/\/yoast.com\/product\/yoast-seo-wordpress\/ -->\n<title>Donate - RISE Charter School<\/title>\n<meta name=\"robots\" content=\"index, follow, max-snippet:-1, max-image-preview:large, max-video-preview:-1\" \/>\n<link rel=\"canonical\" href=\"https:\/\/risese.org\/fr\/donate\/\" \/>\n<meta property=\"og:locale\" content=\"fr_FR\" \/>\n<meta property=\"og:type\" content=\"article\" \/>\n<meta property=\"og:title\" content=\"Donate - RISE Charter School\" \/>\n<meta property=\"og:description\" content=\"Partner With Us You can help provide a premier education to students who are furthest from opportunity. Every scholar deserves a chance to soar. Your gift helps make that possible. As a tuition-free public charter school, we provide education and essential support so scholars furthest from opportunity can thrive. Your support helps make that possible.&hellip;\" \/>\n<meta property=\"og:url\" content=\"https:\/\/risese.org\/fr\/donate\/\" \/>\n<meta property=\"og:site_name\" content=\"RISE Charter School\" \/>\n<meta property=\"article:modified_time\" content=\"2026-01-27T01:44:40+00:00\" \/>\n<meta name=\"twitter:card\" content=\"summary_large_image\" \/>\n<meta name=\"twitter:label1\" content=\"Dur\u00e9e de lecture estim\u00e9e\" \/>\n\t<meta name=\"twitter:data1\" content=\"1 minute\" \/>\n<script type=\"application\/ld+json\" class=\"yoast-schema-graph\">{\"@context\":\"https:\\\/\\\/schema.org\",\"@graph\":[{\"@type\":\"WebPage\",\"@id\":\"https:\\\/\\\/risese.org\\\/donate\\\/\",\"url\":\"https:\\\/\\\/risese.org\\\/donate\\\/\",\"name\":\"Donate - RISE Charter School\",\"isPartOf\":{\"@id\":\"https:\\\/\\\/risese.org\\\/#website\"},\"datePublished\":\"2025-09-04T18:41:34+00:00\",\"dateModified\":\"2026-01-27T01:44:40+00:00\",\"breadcrumb\":{\"@id\":\"https:\\\/\\\/risese.org\\\/donate\\\/#breadcrumb\"},\"inLanguage\":\"fr-FR\",\"potentialAction\":[{\"@type\":\"ReadAction\",\"target\":[\"https:\\\/\\\/risese.org\\\/donate\\\/\"]}]},{\"@type\":\"BreadcrumbList\",\"@id\":\"https:\\\/\\\/risese.org\\\/donate\\\/#breadcrumb\",\"itemListElement\":[{\"@type\":\"ListItem\",\"position\":1,\"name\":\"Home\",\"item\":\"https:\\\/\\\/risese.org\\\/\"},{\"@type\":\"ListItem\",\"position\":2,\"name\":\"Donate\"}]},{\"@type\":\"WebSite\",\"@id\":\"https:\\\/\\\/risese.org\\\/#website\",\"url\":\"https:\\\/\\\/risese.org\\\/\",\"name\":\"RISE Charter School\",\"description\":\"Free Charter School in SE Raleigh\",\"potentialAction\":[{\"@type\":\"SearchAction\",\"target\":{\"@type\":\"EntryPoint\",\"urlTemplate\":\"https:\\\/\\\/risese.org\\\/?s={search_term_string}\"},\"query-input\":{\"@type\":\"PropertyValueSpecification\",\"valueRequired\":true,\"valueName\":\"search_term_string\"}}],\"inLanguage\":\"fr-FR\"}]}<\/script>\n<!-- \/ Yoast SEO plugin. -->","yoast_head_json":{"title":"Faire un don - RISE Charter School","robots":{"index":"index","follow":"follow","max-snippet":"max-snippet:-1","max-image-preview":"max-image-preview:large","max-video-preview":"max-video-preview:-1"},"canonical":"https:\/\/risese.org\/fr\/donate\/","og_locale":"fr_FR","og_type":"article","og_title":"Donate - RISE Charter School","og_description":"Partner With Us You can help provide a premier education to students who are furthest from opportunity. Every scholar deserves a chance to soar. Your gift helps make that possible. As a tuition-free public charter school, we provide education and essential support so scholars furthest from opportunity can thrive. Your support helps make that possible.&hellip;","og_url":"https:\/\/risese.org\/fr\/donate\/","og_site_name":"RISE Charter School","article_modified_time":"2026-01-27T01:44:40+00:00","twitter_card":"summary_large_image","twitter_misc":{"Dur\u00e9e de lecture estim\u00e9e":"1 minute"},"schema":{"@context":"https:\/\/schema.org","@graph":[{"@type":"WebPage","@id":"https:\/\/risese.org\/donate\/","url":"https:\/\/risese.org\/donate\/","name":"Faire un don - RISE Charter School","isPartOf":{"@id":"https:\/\/risese.org\/#website"},"datePublished":"2025-09-04T18:41:34+00:00","dateModified":"2026-01-27T01:44:40+00:00","breadcrumb":{"@id":"https:\/\/risese.org\/donate\/#breadcrumb"},"inLanguage":"fr-FR","potentialAction":[{"@type":"ReadAction","target":["https:\/\/risese.org\/donate\/"]}]},{"@type":"BreadcrumbList","@id":"https:\/\/risese.org\/donate\/#breadcrumb","itemListElement":[{"@type":"ListItem","position":1,"name":"Home","item":"https:\/\/risese.org\/"},{"@type":"ListItem","position":2,"name":"Donate"}]},{"@type":"WebSite","@id":"https:\/\/risese.org\/#website","url":"https:\/\/risese.org\/","name":"RISE Charter School","description":"\u00c9cole \u00e0 charte gratuite dans le sud-est de Raleigh","potentialAction":[{"@type":"SearchAction","target":{"@type":"EntryPoint","urlTemplate":"https:\/\/risese.org\/?s={search_term_string}"},"query-input":{"@type":"PropertyValueSpecification","valueRequired":true,"valueName":"search_term_string"}}],"inLanguage":"fr-FR"}]}},"_links":{"self":[{"href":"https:\/\/risese.org\/fr\/wp-json\/wp\/v2\/pages\/6153","targetHints":{"allow":["GET"]}}],"collection":[{"href":"https:\/\/risese.org\/fr\/wp-json\/wp\/v2\/pages"}],"about":[{"href":"https:\/\/risese.org\/fr\/wp-json\/wp\/v2\/types\/page"}],"author":[{"embeddable":true,"href":"https:\/\/risese.org\/fr\/wp-json\/wp\/v2\/users\/3"}],"replies":[{"embeddable":true,"href":"https:\/\/risese.org\/fr\/wp-json\/wp\/v2\/comments?post=6153"}],"version-history":[{"count":0,"href":"https:\/\/risese.org\/fr\/wp-json\/wp\/v2\/pages\/6153\/revisions"}],"wp:attachment":[{"href":"https:\/\/risese.org\/fr\/wp-json\/wp\/v2\/media?parent=6153"}],"curies":[{"name":"wp","href":"https:\/\/api.w.org\/{rel}","templated":true}]}}