{"id":6089,"date":"2025-07-27T10:12:55","date_gmt":"2025-07-27T10:12:55","guid":{"rendered":"https:\/\/risese1.wpenginepowered.com\/?page_id=6089"},"modified":"2025-08-15T22:41:00","modified_gmt":"2025-08-15T22:41:00","slug":"school-communications","status":"publish","type":"page","link":"https:\/\/risese.org\/fr\/school-communications\/","title":{"rendered":"Communications scolaires"},"content":{"rendered":"<h1>\n\t\t\tCommunications scolaires\t<\/h1>\n\t<p>Restez inform\u00e9 des dates cl\u00e9s, des \u00e9v\u00e9nements et des mises \u00e0 jour de l'\u00e9cole ! Parcourez toutes les lettres d'information envoy\u00e9es pr\u00e9c\u00e9demment ci-dessous pour rattraper tout ce que vous avez pu manquer.<\/p>\n\t<p>Vous ne recevez pas l'\u00e9dition hebdomadaire du Nid d'Aigle, le bulletin d'information de l'\u00e9cole ? Veuillez remplir le formulaire ci-dessous et vous serez ajout\u00e9 \u00e0 notre liste de diffusion.<\/p>\n\t\t\t\t\t<a href=\"#\"  id=\"fl-accordion--label-0\" tabindex=\"0\" aria-controls=\"fl-accordion--panel-0\">2025 Nid d'aigle<\/a>\n\t\t\t\t\t\t\t\t\t\t\t<a href=\"#\" id=\"fl-accordion--icon-0\"  tabindex=\"0\"><i title=\"\u00c9largir\">\u00c9largir<\/i><\/a>\n\t\t\t\t\t<ul>\n<li>\n<a href=\"https:\/\/mailchi.mp\/risese\/only-5-weeks-to-go-48030\" target=\"_blank\" rel=\"noopener\">6 ao\u00fbt 2025<\/a>\n<\/li>\n<li>\n<a href=\"https:\/\/mailchi.mp\/risese\/only-5-weeks-to-go-47951\" target=\"_blank\" rel=\"noopener\">4 ao\u00fbt 2025<\/a>\n<\/li>\n<li>\n<a href=\"https:\/\/mailchi.mp\/risese\/only-5-weeks-to-go-47735\" target=\"_blank\" rel=\"noopener\">31 juillet 2025<\/a>\n<\/li>\n<li>\n<a href=\"https:\/\/mailchi.mp\/risese\/only-5-weeks-to-go-47534\" target=\"_blank\" rel=\"noopener\">25 juillet 2025<\/a>\n<\/li>\n<li>\n<a href=\"https:\/\/mailchi.mp\/risese\/only-5-weeks-to-go-47327\" target=\"_blank\" rel=\"noopener\">22 juillet 2025<\/a>\n<\/li>\n<li>\n<a href=\"https:\/\/mailchi.mp\/risese\/only-5-weeks-to-go-47150\" target=\"_blank\" rel=\"noopener\">17 juillet 2025<\/a>\n<\/li>\n<li>\n<a href=\"https:\/\/mailchi.mp\/risese\/only-5-weeks-to-go\" target=\"_blank\" rel=\"noopener\">15 juillet 2025<\/a>\n<\/li>\n<li><a href=\"https:\/\/mailchi.mp\/risese\/eagles-nest-june-1\" target=\"_blank\" rel=\"noopener\">1er juin 2025<\/a><\/li>\n<li><a href=\"https:\/\/mailchi.mp\/risese\/eagles-nest-may-26\" target=\"_blank\" rel=\"noopener\">26 mai 2025<\/a><\/li>\n<li><a href=\"https:\/\/mailchi.mp\/risese\/eagles-nest-may-18\" target=\"_blank\" rel=\"noopener\">18 mai 2025<\/a><\/li>\n<li><a href=\"https:\/\/mailchi.mp\/risese\/eagles-nest-may-11\" target=\"_blank\" rel=\"noopener\">11 mai 2025<\/a><\/li>\n<li><a href=\"https:\/\/mailchi.mp\/risese\/eagles-nest-may-4\" target=\"_blank\" rel=\"noopener\">4 mai 2025<\/a><\/li>\n<li><a href=\"https:\/\/mailchi.mp\/risese\/eagles-nest-april-27\" target=\"_blank\" rel=\"noopener\">27 avril 2025<\/a><\/li>\n<li><a href=\"https:\/\/mailchi.mp\/risese\/eagles-nest-april-21\" target=\"_blank\" rel=\"noopener\">21 avril 2025<\/a><\/li>\n<li><a href=\"https:\/\/mailchi.mp\/risese\/eagles-nest-april-11\" target=\"_blank\" rel=\"noopener\">11 avril 2025<\/a><\/li>\n<li><a href=\"https:\/\/mailchi.mp\/risese\/eagles-nest-march-12\" target=\"_blank\" rel=\"noopener\">12 mars 2025<\/a><\/li>\n<li><a href=\"https:\/\/mailchi.mp\/risese\/eagles-nest-march-9\" target=\"_blank\" rel=\"noopener\">9 mars 2025<\/a><\/li>\n<li><a href=\"https:\/\/mailchi.mp\/risese\/eagles-nest-february-22\" target=\"_blank\" rel=\"noopener\">22 f\u00e9vrier 2025<\/a><\/li>\n<li><a href=\"https:\/\/mailchi.mp\/risese\/eagles-nest-february-16\" target=\"_blank\" rel=\"noopener\">16 f\u00e9vrier 2025<\/a><\/li>\n<li><a href=\"https:\/\/mailchi.mp\/risese\/eagles-nest-february-9\" target=\"_blank\" rel=\"noopener\">9 f\u00e9vrier 2025<\/a><\/li>\n<li><a href=\"https:\/\/mailchi.mp\/risese\/eagles-nest-february-3\" target=\"_blank\" rel=\"noopener\">3 f\u00e9vrier 2025<\/a><\/li>\n<li><a href=\"https:\/\/mailchi.mp\/risese\/eagles-nest-january-31\" target=\"_blank\" rel=\"noopener\">31 janvier 2025<\/a><\/li>\n<li><a href=\"https:\/\/mailchi.mp\/risese\/eagles-nest-january-24\" target=\"_blank\" rel=\"noopener\">24 janvier 2025<\/a><\/li>\n<li><a href=\"https:\/\/mailchi.mp\/risese\/eagles-nest-january-17\" target=\"_blank\" rel=\"noopener\">17 janvier 2025<\/a><\/li>\n<li><a href=\"https:\/\/mailchi.mp\/risese\/eagles-nest-january-10\" target=\"_blank\" rel=\"noopener\">10 janvier 2025<\/a><\/li>\n<li><a href=\"https:\/\/mailchi.mp\/risese\/eagles-nest-january-5-35257\" target=\"_blank\" rel=\"noopener\">5 janvier 2025<\/a><\/li>\n<\/ul>\n\t\t\t\t\t<a href=\"#\"  id=\"fl-accordion--label-1\" tabindex=\"0\" aria-controls=\"fl-accordion--panel-1\">2024 Nid d'aigle<\/a>\n\t\t\t\t\t\t\t\t\t\t\t<a href=\"#\" id=\"fl-accordion--icon-1\"  tabindex=\"0\"><i title=\"\u00c9largir\">\u00c9largir<\/i><\/a>\n\t\t\t\t\t<ul>\n<li><a href=\"https:\/\/mailchi.mp\/risese\/eagles-nest-december-13-33910\" target=\"_blank\" rel=\"noopener\">13 d\u00e9cembre 2024<\/a><\/li>\n<li><a href=\"https:\/\/mailchi.mp\/risese\/eagles-nest-december-6-33371\" target=\"_blank\" rel=\"noopener\">6 d\u00e9cembre 2024<\/a><\/li>\n<li><a href=\"https:\/\/mailchi.mp\/risese\/eagles-nest-november-22-2024\" target=\"_blank\" rel=\"noopener\">22 novembre 2024<\/a><\/li>\n<li><a href=\"https:\/\/mailchi.mp\/risese\/eagles-nest-november-18\" target=\"_blank\" rel=\"noopener\">18 novembre 2024<\/a><\/li>\n<li><a href=\"https:\/\/mailchi.mp\/risese\/eagles-nest-november-11-31062\" target=\"_blank\" rel=\"noopener\">11 novembre 2024<\/a><\/li>\n<li><a href=\"https:\/\/mailchi.mp\/risese\/eagles-nest-november-4-30466\" target=\"_blank\" rel=\"noopener\">4 novembre 2024<\/a><\/li>\n<li><a href=\"https:\/\/mailchi.mp\/risese\/eagles-nest-october-28-29875\" target=\"_blank\" rel=\"noopener\">28 octobre 2024<\/a><\/li>\n<li><a href=\"https:\/\/mailchi.mp\/risese\/eagles-nest-october-21-28995\" target=\"_blank\" rel=\"noopener\">21 octobre 2024<\/a><\/li>\n<li><a href=\"https:\/\/mailchi.mp\/risese\/eagles-nest-october-18-28602\">18 octobre 2024<\/a><\/li>\n<li><a href=\"https:\/\/mailchi.mp\/risese\/eagles-nest-october-4-27080\" target=\"_blank\" rel=\"noopener\">4 octobre 2024<\/a><\/li>\n<li>\n<a href=\"https:\/\/mailchi.mp\/risese\/eagles-nest-september-30-26549\" target=\"_blank\" rel=\"noopener\">30 septembre 2024<\/a>\n<\/li>\n<li><a href=\"https:\/\/mailchi.mp\/risese\/eagles-nest-september-23-25717\" target=\"_blank\" rel=\"noopener\">23 septembre 2024<\/a><\/li>\n<li><a href=\"https:\/\/mailchi.mp\/risese\/eagles-nest-september-16-24323\" target=\"_blank\" rel=\"noopener\">16 septembre 2024<\/a><\/li>\n<li><a href=\"https:\/\/us22.admin.mailchimp.com\/campaigns\/show-email?id=23993\" target=\"_blank\" rel=\"noopener\">9 septembre 2024<\/a><\/li>\n<li><a href=\"https:\/\/mailchi.mp\/risese\/eagles-nest-september-2-23126\" target=\"_blank\" rel=\"noopener\">2 septembre 2024<\/a><\/li>\n<li><a href=\"https:\/\/us22.campaign-archive.com\/?u=67228492a405d81974287097c&amp;id=315bb3c296\" target=\"_blank\" rel=\"noopener\">26 ao\u00fbt 2024<\/a><\/li>\n<li><a href=\"https:\/\/us22.campaign-archive.com\/?u=67228492a405d81974287097c&amp;id=1446ac9f72\" target=\"_blank\" rel=\"noopener\">19 ao\u00fbt 2024<\/a><\/li>\n<li><a href=\"https:\/\/us22.campaign-archive.com\/?u=67228492a405d81974287097c&amp;id=4aa7cefa5a\" target=\"_blank\" rel=\"noopener\">12 ao\u00fbt 2024<\/a><\/li>\n<li><a href=\"https:\/\/us22.campaign-archive.com\/?u=67228492a405d81974287097c&amp;id=d1c1a5b47f\" target=\"_blank\" rel=\"noopener\">9 ao\u00fbt 2024<\/a><\/li>\n<li><a href=\"https:\/\/us22.campaign-archive.com\/?u=67228492a405d81974287097c&amp;id=a69c9710b2\" target=\"_blank\" rel=\"noopener\">5 ao\u00fbt 2024<\/a><\/li>\n<li><a href=\"https:\/\/us22.campaign-archive.com\/?u=67228492a405d81974287097c&amp;id=ff5cff530e\" target=\"_blank\" rel=\"noopener\">30 juillet 2024<\/a><\/li>\n<li><a href=\"https:\/\/us22.campaign-archive.com\/?u=67228492a405d81974287097c&amp;id=9bc45be127\" target=\"_blank\" rel=\"noopener\">22 juillet 2024<\/a><\/li>\n<li><a href=\"https:\/\/us22.campaign-archive.com\/?u=67228492a405d81974287097c&amp;id=025929bcd8\" target=\"_blank\" rel=\"noopener\">15 juillet 2024<\/a><\/li>\n<li><a href=\"https:\/\/risese.org\/wp-content\/uploads\/2024\/06\/Eagles-Nest-06102024.pdf\" target=\"_blank\" rel=\"noopener\">10 juin 2024<\/a><\/li>\n<li><a href=\"https:\/\/risese.org\/wp-content\/uploads\/2024\/06\/Eagles-Nest-06032024.pdf\" target=\"_blank\" rel=\"noopener\">3 juin 2024<\/a><\/li>\n<li><a href=\"https:\/\/risese.org\/wp-content\/uploads\/2024\/05\/Eagles-Nest-05282024.pdf\" target=\"_blank\" rel=\"noopener\">28 mai 2024<\/a><\/li>\n<li><a href=\"https:\/\/risese.org\/wp-content\/uploads\/2024\/05\/Eagles-Nest-05202024.pdf\" target=\"_blank\" rel=\"noopener\">20 mai 2024<\/a><\/li>\n<li><a href=\"https:\/\/risese.org\/wp-content\/uploads\/2024\/05\/Eagles-Nest-05132024.pdf\" target=\"_blank\" rel=\"noopener\">13 mai 2024<\/a><\/li>\n<li><a href=\"https:\/\/risese.org\/wp-content\/uploads\/2024\/05\/Eagles-Nest-05062024.pdf\" target=\"_blank\" rel=\"noopener\">6 mai 2024<\/a><\/li>\n<li><a href=\"https:\/\/risese.org\/wp-content\/uploads\/2024\/04\/Eagles-Nest-04292024.pdf\" target=\"_blank\" rel=\"noopener\">29 avril 2024<\/a><\/li>\n<li><a href=\"https:\/\/risese.org\/wp-content\/uploads\/2024\/04\/Eagles-Nest-0422024.pdf\" target=\"_blank\" rel=\"noopener\">22 avril 2024<\/a><\/li>\n<li><a href=\"https:\/\/risese.org\/wp-content\/uploads\/2024\/04\/Eagles-Nest-04152024.pdf\" target=\"_blank\" rel=\"noopener\">15 avril 2024<\/a><\/li>\n<li><a href=\"https:\/\/risese.org\/wp-content\/uploads\/2024\/04\/Eagles-Nest-04082024.pdf\" target=\"_blank\" rel=\"noopener\">8 avril 2024<\/a><\/li>\n<li><a href=\"https:\/\/risese.org\/wp-content\/uploads\/2024\/04\/Eagles-Nest-04012024.pdf\" target=\"_blank\" rel=\"noopener\">1er avril 2024<\/a><\/li>\n<li><a href=\"https:\/\/risese.org\/wp-content\/uploads\/2024\/03\/Eagles-Nest-03242024.pdf\" target=\"_blank\" rel=\"noopener\">24 mars 2024<\/a><\/li>\n<li><a href=\"https:\/\/risese.org\/wp-content\/uploads\/2024\/03\/Eagles-Nest-03182024.pdf\" target=\"_blank\" rel=\"noopener\">18 mars 2024<\/a><\/li>\n<li><a href=\"https:\/\/risese.org\/wp-content\/uploads\/2024\/03\/Eagles-Nest-03112024.pdf\" target=\"_blank\" rel=\"noopener\">11 mars 2024<\/a><\/li>\n<li><a href=\"https:\/\/risese.org\/wp-content\/uploads\/2024\/03\/Eagles-Nest-03042024.pdf\" target=\"_blank\" rel=\"noopener\">4 mars 2024<\/a><\/li>\n<li><a href=\"https:\/\/risese.org\/wp-content\/uploads\/2024\/03\/Eagles-Nest-02262024.pdf\" target=\"_blank\" rel=\"noopener\">26 f\u00e9vrier 2024<\/a><\/li>\n<li><a href=\"https:\/\/risese.org\/wp-content\/uploads\/2024\/02\/February-20-2024.pdf\" target=\"_blank\" rel=\"noopener\">20 f\u00e9vrier 2024<\/a><\/li>\n<li><a href=\"https:\/\/risese.org\/wp-content\/uploads\/2024\/02\/February-12-2024.pdf\" target=\"_blank\" rel=\"noopener\">12 f\u00e9vrier 2024<\/a><\/li>\n<li><a href=\"https:\/\/risese.org\/wp-content\/uploads\/2024\/02\/February-5-2024.pdf\" target=\"_blank\" rel=\"noopener\">5 f\u00e9vrier 2024<\/a><\/li>\n<li><a href=\"https:\/\/risese.org\/wp-content\/uploads\/2024\/02\/January-29-2024.pdf\" target=\"_blank\" rel=\"noopener\">29 janvier 2024<\/a><\/li>\n<\/ul>\n\t\t\t\t\t<a href=\"#\"  id=\"fl-accordion--label-2\" tabindex=\"0\" aria-controls=\"fl-accordion--panel-2\">2023 Nid d'aigle<\/a>\n\t\t\t\t\t\t\t\t\t\t\t<a href=\"#\" id=\"fl-accordion--icon-2\"  tabindex=\"0\"><i title=\"\u00c9largir\">\u00c9largir<\/i><\/a>\n\t\t\t\t\t<ul>\n<li><a href=\"https:\/\/risese.org\/wp-content\/uploads\/2024\/02\/36.RISE-Eagle_s-Nest-for-May-26-2023.pdf\" target=\"_blank\" rel=\"noopener\">26 mai 2023<\/a><\/li>\n<li><a href=\"https:\/\/risese.org\/wp-content\/uploads\/2024\/02\/34.RISE-Eagle_s-Nest-for-May-12-2023.pdf\" target=\"_blank\" rel=\"noopener\">12 mai 2023<\/a><\/li>\n<li><a href=\"https:\/\/risese.org\/wp-content\/uploads\/2024\/02\/32.RISE-Eagle_s-Nest-for-April-28-2023.pdf\" target=\"_blank\" rel=\"noopener\">28 avril 2023<\/a><\/li>\n<li><a href=\"https:\/\/risese.org\/wp-content\/uploads\/2024\/02\/30.RISE-Eagle_s-Nest-for-April-14-2023.pdf\" target=\"_blank\" rel=\"noopener\">14 avril 2023<\/a><\/li>\n<li><a href=\"https:\/\/risese.org\/wp-content\/uploads\/2024\/02\/29.RISE-Eagle_s-Nest-for-March-31-2023.pdf\" target=\"_blank\" rel=\"noopener\">31 mars 2023<\/a><\/li>\n<li><a href=\"https:\/\/risese.org\/wp-content\/uploads\/2024\/02\/27.RISE-Eagle_s-Nest-for-March-17-2023.pdf\" target=\"_blank\" rel=\"noopener\">17 mars 2023<\/a><\/li>\n<li><a href=\"https:\/\/risese.org\/wp-content\/uploads\/2024\/02\/25.RISE-Eagle_s-Nest-for-March-3-2023.pdf\" target=\"_blank\" rel=\"noopener\">3 mars 2023<\/a><\/li>\n<li><a href=\"https:\/\/risese.org\/wp-content\/uploads\/2024\/02\/23.RISE-Eagle_s-Nest-for-February-17-2023.pdf\" target=\"_blank\" rel=\"noopener\">17 f\u00e9vrier 2023<\/a><\/li>\n<li><a href=\"https:\/\/risese.org\/wp-content\/uploads\/2024\/02\/21.RISE-Eagle_s-Nest-for-February-3-2023.pdf\" target=\"_blank\" rel=\"noopener\">3 f\u00e9vrier 2023<\/a><\/li>\n<li><a href=\"https:\/\/risese.org\/wp-content\/uploads\/2024\/02\/19.RISE-Eagle_s-Nest-for-January-20-2023.pdf\" target=\"_blank\" rel=\"noopener\">20 janvier 2023<\/a><\/li>\n<li><a href=\"https:\/\/risese.org\/wp-content\/uploads\/2024\/02\/17.RISE-Eagle_s-Nest-for-January-6-2023.pdf\" target=\"_blank\" rel=\"noopener\">6 janvier 2023<\/a><\/li>\n<\/ul>\n\t\t\t\t\t<a href=\"#\"  id=\"fl-accordion--label-3\" tabindex=\"0\" aria-controls=\"fl-accordion--panel-3\">2022 Nid d'aigle<\/a>\n\t\t\t\t\t\t\t\t\t\t\t<a href=\"#\" id=\"fl-accordion--icon-3\"  tabindex=\"0\"><i title=\"\u00c9largir\">\u00c9largir<\/i><\/a>\n\t\t\t\t\t<ul>\n<li><a href=\"https:\/\/risese.org\/wp-content\/uploads\/2024\/02\/16.RISE-Eagle_s-Nest-for-December-16-2022.pdf\" target=\"_blank\" rel=\"noopener\">16 d\u00e9cembre 2022<\/a><\/li>\n<li><a href=\"https:\/\/risese.org\/wp-content\/uploads\/2024\/02\/14.RISE-Eagle_s-Nest-for-December-2-2022.pdf\" target=\"_blank\" rel=\"noopener\">2 d\u00e9cembre 2022<\/a><\/li>\n<li><a href=\"https:\/\/risese.org\/wp-content\/uploads\/2024\/02\/13.RISE-Eagle_s-Nest-for-November-18-2022.pdf\" target=\"_blank\" rel=\"noopener\">18 novembre 2022<\/a><\/li>\n<li><a href=\"https:\/\/risese.org\/wp-content\/uploads\/2024\/02\/11.RISE-Eagle_s-Nest-for-November-4-2022.pdf\" target=\"_blank\" rel=\"noopener\">4 novembre 2022<\/a><\/li>\n<li><a href=\"https:\/\/risese.org\/wp-content\/uploads\/2024\/02\/09.RISE-Eagle_s-Nest-for-October-21-2022.pdf\" target=\"_blank\" rel=\"noopener\">21 octobre 2022<\/a><\/li>\n<li><a href=\"https:\/\/risese.org\/wp-content\/uploads\/2024\/02\/07.RISE-Eagle_s-Nest-for-October-7-2022.pdf\" target=\"_blank\" rel=\"noopener\">7 octobre 2022<\/a><\/li>\n<li><a href=\"https:\/\/risese.org\/wp-content\/uploads\/2024\/02\/05.RISE-Eagle_s-Nest-for-September-23-2022.pdf\" target=\"_blank\" rel=\"noopener\">23 septembre 2022<\/a><\/li>\n<li><a href=\"https:\/\/risese.org\/wp-content\/uploads\/2024\/02\/03.RISE-Eagle_s-Nest-for-September-9-2022.pdf\" target=\"_blank\" rel=\"noopener\">9 septembre 2022<\/a><\/li>\n<li><a href=\"https:\/\/risese.org\/wp-content\/uploads\/2024\/02\/FINAL.RISE-Eagle_s-Nest-for-August-26.pdf\" target=\"_blank\" rel=\"noopener\">26 ao\u00fbt 2022<\/a><\/li>\n<\/ul>\n<p>&nbsp;<\/p>","protected":false},"excerpt":{"rendered":"<p>Communications de l'\u00e9cole Restez inform\u00e9 des dates cl\u00e9s, des \u00e9v\u00e9nements et des mises \u00e0 jour de l'\u00e9cole ! Parcourez toutes les lettres d'information envoy\u00e9es pr\u00e9c\u00e9demment ci-dessous pour rattraper tout ce que vous avez pu manquer. Vous ne recevez pas l'\u00e9dition hebdomadaire du Nid d'aigle, le bulletin d'information de l'\u00e9cole ? Veuillez remplir le formulaire ci-dessous et vous serez ajout\u00e9 \u00e0 notre liste d'adresses \u00e9lectroniques. 2025 Nid d'Aigle...<\/p>","protected":false},"author":3,"featured_media":0,"parent":0,"menu_order":0,"comment_status":"closed","ping_status":"closed","template":"","meta":{"footnotes":""},"class_list":["post-6089","page","type-page","status-publish","hentry"],"yoast_head":"<!-- This site is optimized with the Yoast SEO plugin v27.3 - https:\/\/yoast.com\/product\/yoast-seo-wordpress\/ -->\n<title>School Communications - RISE Charter School<\/title>\n<meta name=\"robots\" content=\"index, follow, max-snippet:-1, max-image-preview:large, max-video-preview:-1\" \/>\n<link rel=\"canonical\" href=\"https:\/\/risese.org\/fr\/school-communications\/\" \/>\n<meta property=\"og:locale\" content=\"fr_FR\" \/>\n<meta property=\"og:type\" content=\"article\" \/>\n<meta property=\"og:title\" content=\"School Communications - RISE Charter School\" \/>\n<meta property=\"og:description\" content=\"School Communications Stay informed about key dates, events, and school updates! Browse all previously sent newsletters below to catch up on anything you may have missed. Not receiving the weekly edition of the Eagle&#8217;s Nest, our school newsletter? Please complete the form below and you will be added to our email list. 2025 Eagle&#8217;s Nest&hellip;\" \/>\n<meta property=\"og:url\" content=\"https:\/\/risese.org\/fr\/school-communications\/\" \/>\n<meta property=\"og:site_name\" content=\"RISE Charter School\" \/>\n<meta property=\"article:modified_time\" content=\"2025-08-15T22:41:00+00:00\" \/>\n<meta name=\"twitter:card\" content=\"summary_large_image\" \/>\n<meta name=\"twitter:label1\" content=\"Dur\u00e9e de lecture estim\u00e9e\" \/>\n\t<meta name=\"twitter:data1\" content=\"2 minutes\" \/>\n<script type=\"application\/ld+json\" class=\"yoast-schema-graph\">{\"@context\":\"https:\\\/\\\/schema.org\",\"@graph\":[{\"@type\":\"WebPage\",\"@id\":\"https:\\\/\\\/risese.org\\\/school-communications\\\/\",\"url\":\"https:\\\/\\\/risese.org\\\/school-communications\\\/\",\"name\":\"School Communications - RISE Charter School\",\"isPartOf\":{\"@id\":\"https:\\\/\\\/risese.org\\\/#website\"},\"datePublished\":\"2025-07-27T10:12:55+00:00\",\"dateModified\":\"2025-08-15T22:41:00+00:00\",\"breadcrumb\":{\"@id\":\"https:\\\/\\\/risese.org\\\/school-communications\\\/#breadcrumb\"},\"inLanguage\":\"fr-FR\",\"potentialAction\":[{\"@type\":\"ReadAction\",\"target\":[\"https:\\\/\\\/risese.org\\\/school-communications\\\/\"]}]},{\"@type\":\"BreadcrumbList\",\"@id\":\"https:\\\/\\\/risese.org\\\/school-communications\\\/#breadcrumb\",\"itemListElement\":[{\"@type\":\"ListItem\",\"position\":1,\"name\":\"Home\",\"item\":\"https:\\\/\\\/risese.org\\\/\"},{\"@type\":\"ListItem\",\"position\":2,\"name\":\"School Communications\"}]},{\"@type\":\"WebSite\",\"@id\":\"https:\\\/\\\/risese.org\\\/#website\",\"url\":\"https:\\\/\\\/risese.org\\\/\",\"name\":\"RISE Charter School\",\"description\":\"Free Charter School in SE Raleigh\",\"potentialAction\":[{\"@type\":\"SearchAction\",\"target\":{\"@type\":\"EntryPoint\",\"urlTemplate\":\"https:\\\/\\\/risese.org\\\/?s={search_term_string}\"},\"query-input\":{\"@type\":\"PropertyValueSpecification\",\"valueRequired\":true,\"valueName\":\"search_term_string\"}}],\"inLanguage\":\"fr-FR\"}]}<\/script>\n<!-- \/ Yoast SEO plugin. -->","yoast_head_json":{"title":"Communications scolaires - RISE Charter School","robots":{"index":"index","follow":"follow","max-snippet":"max-snippet:-1","max-image-preview":"max-image-preview:large","max-video-preview":"max-video-preview:-1"},"canonical":"https:\/\/risese.org\/fr\/school-communications\/","og_locale":"fr_FR","og_type":"article","og_title":"School Communications - RISE Charter School","og_description":"School Communications Stay informed about key dates, events, and school updates! Browse all previously sent newsletters below to catch up on anything you may have missed. Not receiving the weekly edition of the Eagle&#8217;s Nest, our school newsletter? Please complete the form below and you will be added to our email list. 2025 Eagle&#8217;s Nest&hellip;","og_url":"https:\/\/risese.org\/fr\/school-communications\/","og_site_name":"RISE Charter School","article_modified_time":"2025-08-15T22:41:00+00:00","twitter_card":"summary_large_image","twitter_misc":{"Dur\u00e9e de lecture estim\u00e9e":"2 minutes"},"schema":{"@context":"https:\/\/schema.org","@graph":[{"@type":"WebPage","@id":"https:\/\/risese.org\/school-communications\/","url":"https:\/\/risese.org\/school-communications\/","name":"Communications scolaires - RISE Charter School","isPartOf":{"@id":"https:\/\/risese.org\/#website"},"datePublished":"2025-07-27T10:12:55+00:00","dateModified":"2025-08-15T22:41:00+00:00","breadcrumb":{"@id":"https:\/\/risese.org\/school-communications\/#breadcrumb"},"inLanguage":"fr-FR","potentialAction":[{"@type":"ReadAction","target":["https:\/\/risese.org\/school-communications\/"]}]},{"@type":"BreadcrumbList","@id":"https:\/\/risese.org\/school-communications\/#breadcrumb","itemListElement":[{"@type":"ListItem","position":1,"name":"Home","item":"https:\/\/risese.org\/"},{"@type":"ListItem","position":2,"name":"School Communications"}]},{"@type":"WebSite","@id":"https:\/\/risese.org\/#website","url":"https:\/\/risese.org\/","name":"RISE Charter School","description":"\u00c9cole \u00e0 charte gratuite dans le sud-est de Raleigh","potentialAction":[{"@type":"SearchAction","target":{"@type":"EntryPoint","urlTemplate":"https:\/\/risese.org\/?s={search_term_string}"},"query-input":{"@type":"PropertyValueSpecification","valueRequired":true,"valueName":"search_term_string"}}],"inLanguage":"fr-FR"}]}},"_links":{"self":[{"href":"https:\/\/risese.org\/fr\/wp-json\/wp\/v2\/pages\/6089","targetHints":{"allow":["GET"]}}],"collection":[{"href":"https:\/\/risese.org\/fr\/wp-json\/wp\/v2\/pages"}],"about":[{"href":"https:\/\/risese.org\/fr\/wp-json\/wp\/v2\/types\/page"}],"author":[{"embeddable":true,"href":"https:\/\/risese.org\/fr\/wp-json\/wp\/v2\/users\/3"}],"replies":[{"embeddable":true,"href":"https:\/\/risese.org\/fr\/wp-json\/wp\/v2\/comments?post=6089"}],"version-history":[{"count":0,"href":"https:\/\/risese.org\/fr\/wp-json\/wp\/v2\/pages\/6089\/revisions"}],"wp:attachment":[{"href":"https:\/\/risese.org\/fr\/wp-json\/wp\/v2\/media?parent=6089"}],"curies":[{"name":"wp","href":"https:\/\/api.w.org\/{rel}","templated":true}]}}