{"id":6042,"date":"2025-07-04T03:03:50","date_gmt":"2025-07-04T03:03:50","guid":{"rendered":"https:\/\/risese1.wpenginepowered.com\/?page_id=6042"},"modified":"2025-08-02T15:37:13","modified_gmt":"2025-08-02T15:37:13","slug":"compliance","status":"publish","type":"page","link":"https:\/\/risese.org\/fr\/compliance\/","title":{"rendered":"Conformit\u00e9"},"content":{"rendered":"<h1>\n\t\t\tConformit\u00e9\t<\/h1>\n\t<p>Vous pouvez acc\u00e9der ci-dessous aux documents de conformit\u00e9 de RISE Charter School ainsi qu'aux documents de l'\u00c9tat et du gouvernement f\u00e9d\u00e9ral.<\/p>\n<h2>\n\t\t\tPlan d'action\t<\/h2>\n\t<p>Nous nous engageons \u00e0 offrir une \u00e9ducation \u00e9quitable \u00e0 tous nos \u00e9l\u00e8ves.<\/p>\n\t<p><a href=\"https:\/\/risese.org\/wp-content\/uploads\/2022\/11\/Equity-Plan-Narrative-Component-2022-23.pdf\" target=\"_blank\" rel=\"noopener\">Plan d'\u00e9quit\u00e9 de l'INDPI<\/a><\/p>\n<h2>\n\t\t\tLire pour r\u00e9ussir\t<\/h2>\n\t<p>Les documents relatifs au programme Read to Achieve sont disponibles ici.<\/p>\n\t<p><a href=\"https:\/\/risese.org\/wp-content\/uploads\/2025\/08\/Read_to_Achieve_2025_93J000.pdf\" target=\"_blank\" rel=\"noopener\">2024-2025<\/a><\/p>\n\t<p><a href=\"https:\/\/risese.org\/wp-content\/uploads\/2024\/08\/RISE-Charter_2023-24-Read-to-Achieve-EOY-Results.pdf\" target=\"_blank\" rel=\"noopener\">2023-2024<\/a><\/p>\n\t<p><a href=\"https:\/\/risese.org\/wp-content\/uploads\/2023\/08\/Read-to-Achieve-2023-93J000-Annual-Report.pdf\" target=\"_blank\" rel=\"noopener\">2022-2023<\/a><\/p>\n\t<p><a href=\"https:\/\/risese.org\/wp-content\/uploads\/2022\/08\/RTA-21-22.pdf\" target=\"_blank\" rel=\"noopener\">2021-2022<\/a><\/p>\n\t<p><a href=\"https:\/\/risese.org\/wp-content\/uploads\/2021\/08\/2020-2021_PAVE_Read-to-Achieve.pdf\" target=\"_blank\" rel=\"noopener\">2021-2020<\/a><\/p>\n<h2>\n\t\t\tBulletins scolaires\t<\/h2>\n\t<p>Les bulletins scolaires de Caroline du Nord constituent une ressource importante, car ils fournissent des informations sur les donn\u00e9es au niveau des \u00e9coles dans un certain nombre de domaines.<\/p>\n\t<p><a href=\"https:\/\/ncreports.ondemand.sas.com\/src\/school?school=93J000&amp;year=2024&amp;residing_district=920LEA\" target=\"_blank\" rel=\"noopener\">2023-2024 Note C, score de performance de 60<\/a><\/p>\n\t<p><a href=\"https:\/\/ncreports.ondemand.sas.com\/src\/school?school=93J000&amp;year=2022&amp;residing_district=920LEA\" target=\"_blank\" rel=\"noopener\">2021-2022 Note F, 39 Score de performance<\/a><\/p>\n\t<p><a href=\"https:\/\/ncreports.ondemand.sas.com\/src\/school?school=93J000&amp;year=2023&amp;residing_district=920LEA\" target=\"_blank\" rel=\"noopener\">2022-2023 Note F, 39 Score de performance<\/a><\/p>\n\t<p><a href=\"https:\/\/ncreports.ondemand.sas.com\/src\/school?school=93J000&amp;year=2021&amp;lng=en&amp;residing_district=920LEA\" target=\"_blank\" rel=\"noopener\">2020-2021 Pas de score ou de note<\/a><\/p>\n\t<p><a href=\"https:\/\/ncreports.ondemand.sas.com\/src\/school?school=93J000&amp;year=2020&amp;lng=en&amp;residing_district=920LEA\" target=\"_blank\" rel=\"noopener\">2019-2020 Pas de score ou de note<\/a><\/p>\n\t<p><a href=\"https:\/\/ncreports.ondemand.sas.com\/src\/school?school=93J000&amp;year=2019&amp;lng=en&amp;residing_district=920LEA\" target=\"_blank\" rel=\"noopener\">2018-2019 Note D, 49 Score de performance<\/a><\/p>\n\t<p><a href=\"https:\/\/ncreports.ondemand.sas.com\/src\/school?school=93J000&amp;year=2018&amp;lng=en&amp;residing_district=920LEA\" target=\"_blank\" rel=\"noopener\">2017-2018 Note D, 52 Score de performance<\/a><\/p>\n\t<p><a href=\"https:\/\/ncreports.ondemand.sas.com\/src\/school?school=93J000&amp;year=2017&amp;lng=en&amp;residing_district=920LEA\" target=\"_blank\" rel=\"noopener\">2016-2017 Pas de note, 0 score de performance<\/a><\/p>\n<h2>\n\t\t\tPolitiques d'engagement des familles\t<\/h2>\n\t<p>Nous comprenons et appr\u00e9cions l'importance de l'engagement des familles pour la r\u00e9ussite des \u00e9l\u00e8ves. Nous nous effor\u00e7ons de soutenir les familles en leur offrant la possibilit\u00e9 de s'impliquer dans l'\u00e9cole.<\/p>\n\t<p><a href=\"https:\/\/docs.google.com\/document\/d\/1AiccKJTwgdA_f9xgwvEXqTlpAVK32wIbmFgXMVWwjkc\/edit#heading=h.hvrqz7ouuid7\" target=\"_blank\" rel=\"noopener\">2024-2025<\/a><\/p>\n<h2>\n\t\t\tInformations sur l'am\u00e9lioration des \u00e9coles\t<\/h2>\n\t<p>Nous nous effor\u00e7ons toujours de nous d\u00e9velopper. Vous trouverez ci-dessous notre plan de r\u00e9ussite.<\/p>\n\t<strong><a href=\"https:\/\/www.indistar.org\/\" target=\"_blank\" rel=\"noopener\">Site web de l'\u00e9quipe d'am\u00e9lioration de l'\u00e9cole<\/a><\/strong><br \/>\nConnexion :  GuestS17770<br \/>\nMot de passe : GuestS17770)\n<h2>\n\t\t\tCharte des droits des parents\t<\/h2>\n\t<p>Tous les parents ont le droit de participer \u00e0 l'\u00e9ducation de leur enfant et de la diriger. Voir notre politique ci-dessous.<\/p>\n\t<p><a href=\"https:\/\/risese.org\/wp-content\/uploads\/2024\/09\/NC-CCS-Model-Policies-Parents-Bill-of-Rights.pdf\" target=\"_blank\" rel=\"noopener\">2024-2025 Charte des droits des parents<\/a><\/p>\n\t<p><a href=\"https:\/\/docs.google.com\/document\/d\/1-3Aov3sv0HuXBI2oYDqR5ePiy0CuN61WPWsJY6iVDD8\/edit?tab=t.0\" target=\"_blank\" rel=\"noopener\">2024-2025 Guide pour la r\u00e9ussite des \u00e9l\u00e8ves<\/a><\/p>\n<h2>\n\t\t\t\u00c9tats financiers\t<\/h2>\n\t<p>D\u00e9clarations fiscales<\/p>\n\t<p><a href=\"https:\/\/risese.org\/wp-content\/uploads\/2023\/12\/2022-Tax-Return.pdf\" target=\"_blank\" rel=\"noopener\">2022<\/a><\/p>\n\t<p><a href=\"https:\/\/risese.org\/wp-content\/uploads\/2023\/12\/2021-Tax-Return.pdf\" target=\"_blank\" rel=\"noopener\">2021<\/a><\/p>\n\t<p><a href=\"https:\/\/risese.org\/wp-content\/uploads\/2024\/02\/Return-990-2019-20.pdf\" target=\"_blank\" rel=\"noopener\">2020<\/a><\/p>\n\t<p><a href=\"https:\/\/risese.org\/wp-content\/uploads\/2024\/02\/Return-990-2018-19.pdf\" target=\"_blank\" rel=\"noopener\">2019<\/a><\/p>\n\t<p>Audits<\/p>\n\t<p><a href=\"https:\/\/risese.org\/wp-content\/uploads\/2024\/11\/RISE-FYE2024-AUDIT.pdf\" target=\"_blank\" rel=\"noopener\">2024<\/a><\/p>\n\t<p><a href=\"https:\/\/risese.org\/wp-content\/uploads\/2024\/10\/RISE-SE-Charter-School-Audit-FYE2023.pdf\" target=\"_blank\" rel=\"noopener\">2023<\/a><\/p>\n\t<p><a href=\"https:\/\/risese.org\/wp-content\/uploads\/2023\/04\/RISE-Audit-2022-Final.pdf\" target=\"_blank\" rel=\"noopener\">2022<\/a><\/p>\n\t<p><a href=\"https:\/\/risese.org\/wp-content\/uploads\/2023\/04\/RISE-Final-Audit-2021.pdf\" target=\"_blank\" rel=\"noopener\">2021<\/a><\/p>\n\t<p><a href=\"https:\/\/risese.org\/wp-content\/uploads\/2023\/04\/RISE-Audit-2020.pdf\" target=\"_blank\" rel=\"noopener\">2020<\/a><\/p>\n\t<p><a href=\"https:\/\/risese.org\/wp-content\/uploads\/2022\/11\/Financial-Statements-2018.pdf\" target=\"_blank\" rel=\"noopener\">2018<\/a><\/p>\n\t<p><a href=\"https:\/\/risese.org\/wp-content\/uploads\/2022\/11\/Financial-Statements-2017.pdf\" target=\"_blank\" rel=\"noopener\">2017<\/a><\/p>\n\t<p><a href=\"https:\/\/risese.org\/wp-content\/uploads\/2022\/11\/Financial-Statements-2019.pdf\" target=\"_blank\" rel=\"noopener\">2019<\/a><\/p>\n\t<p><a href=\"https:\/\/risese.org\/wp-content\/uploads\/2022\/11\/Financial-Statements-2016.pdf\" target=\"_blank\" rel=\"noopener\">2016<\/a><\/p>\n<h2>\n\t\t\tMcKinney-Vento\t<\/h2>\n\t<p>Nous soutenons nos \u00e9l\u00e8ves qui sont confront\u00e9s \u00e0 des difficult\u00e9s li\u00e9es au sans-abrisme afin qu'ils b\u00e9n\u00e9ficient d'un acc\u00e8s \u00e9quitable \u00e0 l'\u00e9ducation.<\/p>\n\t<p>Guide d'information (<a href=\"https:\/\/docs.google.com\/document\/d\/e\/2PACX-1vSllN1DTou_mgqLbhHLwOs2jJ6fTX8N3PBdLn7Nx-uSsY65UmzFqXo_1kVQmw_exEHbSOKJ2TcrdfOg\/pub?urp=gmail_link\" target=\"_blank\" rel=\"noopener\">Anglais<\/a>\u00a0\/\u00a0<a href=\"https:\/\/docs.google.com\/document\/d\/e\/2PACX-1vTa8NKHpAZHa5GYX9s7eehWVtnn_Tm1igpbvilceTgAhD1Pna-dSleVGS7Zqh3ftAxyORTbTJWZlmZ7\/pub?urp=gmail_link\" target=\"_blank\" rel=\"noopener\">Espagnol<\/a>)<\/p>\n\t<p><a href=\"https:\/\/docs.google.com\/document\/d\/e\/2PACX-1vSwEvE--m5LGM4UmwEsKGLyqGS_NXvbfUNzVKUpzrwuRmavT5bVHL_iH5mNdqUwxb-sjSeiIELWQJqo\/pub\" target=\"_blank\" rel=\"noopener\">\u00c9t\u00e9 2025 Sun Bucks - DHHS<\/a><\/p>\n\t<p><a href=\"https:\/\/docs.google.com\/document\/d\/e\/2PACX-1vRz1zOfnDPrhK8qH1QlUUQ-VJcQ7Y8L2za7JdwU-eBkqbzdO8HNARMqWdaQ-0Lbqem72u9mbZZrint3\/pub\" target=\"_blank\" rel=\"noopener\">Ressources en mati\u00e8re de logement communautaire et d'urgence<\/a><\/p>\n\t<p><a href=\"https:\/\/docs.google.com\/document\/d\/e\/2PACX-1vShbcRuRZhVyv86RRR2harQH-TFbf7wen9Bz3AblkiOVAvkwIksXwEen2LG7NsDhlThO3bjZM9zJfdc\/pub\" target=\"_blank\" rel=\"noopener\">Ressources alimentaires communautaires et d'urgence<\/a><\/p>","protected":false},"excerpt":{"rendered":"<p>Conformit\u00e9 Vous pouvez acc\u00e9der ci-dessous aux documents de conformit\u00e9 de RISE Charter School ainsi qu'aux documents de l'\u00c9tat et du gouvernement f\u00e9d\u00e9ral. Plan d'\u00e9quit\u00e9 Nous nous engageons \u00e0 offrir une \u00e9ducation \u00e9quitable \u00e0 tous nos \u00e9l\u00e8ves. NCDPI Equity Plan Read to Achieve Les documents relatifs au programme Read to Achieve sont disponibles ici. 2024-2025 2023-2024 2022-2023 2021-2022 2021-2020 \u00c9cole...<\/p>","protected":false},"author":3,"featured_media":0,"parent":0,"menu_order":0,"comment_status":"closed","ping_status":"closed","template":"","meta":{"footnotes":""},"class_list":["post-6042","page","type-page","status-publish","hentry"],"yoast_head":"<!-- This site is optimized with the Yoast SEO plugin v27.3 - https:\/\/yoast.com\/product\/yoast-seo-wordpress\/ -->\n<title>Compliance - RISE Charter School<\/title>\n<meta name=\"robots\" content=\"index, follow, max-snippet:-1, max-image-preview:large, max-video-preview:-1\" \/>\n<link rel=\"canonical\" href=\"https:\/\/risese.org\/fr\/compliance\/\" \/>\n<meta property=\"og:locale\" content=\"fr_FR\" \/>\n<meta property=\"og:type\" content=\"article\" \/>\n<meta property=\"og:title\" content=\"Compliance - RISE Charter School\" \/>\n<meta property=\"og:description\" content=\"Compliance Below you can access compliance documents for RISE Charter School as well as state and federal documents. Equity Plan We are committed to equitable education for all of its students. NCDPI Equity Plan Read to Achieve Documents related to the Read to Achieve program can be found here. 2024-2025 2023-2024 2022-2023 2021-2022 2021-2020 School&hellip;\" \/>\n<meta property=\"og:url\" content=\"https:\/\/risese.org\/fr\/compliance\/\" \/>\n<meta property=\"og:site_name\" content=\"RISE Charter School\" \/>\n<meta property=\"article:modified_time\" content=\"2025-08-02T15:37:13+00:00\" \/>\n<meta name=\"twitter:card\" content=\"summary_large_image\" \/>\n<meta name=\"twitter:label1\" content=\"Dur\u00e9e de lecture estim\u00e9e\" \/>\n\t<meta name=\"twitter:data1\" content=\"2 minutes\" \/>\n<script type=\"application\/ld+json\" class=\"yoast-schema-graph\">{\"@context\":\"https:\\\/\\\/schema.org\",\"@graph\":[{\"@type\":\"WebPage\",\"@id\":\"https:\\\/\\\/risese.org\\\/compliance\\\/\",\"url\":\"https:\\\/\\\/risese.org\\\/compliance\\\/\",\"name\":\"Compliance - RISE Charter School\",\"isPartOf\":{\"@id\":\"https:\\\/\\\/risese.org\\\/#website\"},\"datePublished\":\"2025-07-04T03:03:50+00:00\",\"dateModified\":\"2025-08-02T15:37:13+00:00\",\"breadcrumb\":{\"@id\":\"https:\\\/\\\/risese.org\\\/compliance\\\/#breadcrumb\"},\"inLanguage\":\"fr-FR\",\"potentialAction\":[{\"@type\":\"ReadAction\",\"target\":[\"https:\\\/\\\/risese.org\\\/compliance\\\/\"]}]},{\"@type\":\"BreadcrumbList\",\"@id\":\"https:\\\/\\\/risese.org\\\/compliance\\\/#breadcrumb\",\"itemListElement\":[{\"@type\":\"ListItem\",\"position\":1,\"name\":\"Home\",\"item\":\"https:\\\/\\\/risese.org\\\/\"},{\"@type\":\"ListItem\",\"position\":2,\"name\":\"Compliance\"}]},{\"@type\":\"WebSite\",\"@id\":\"https:\\\/\\\/risese.org\\\/#website\",\"url\":\"https:\\\/\\\/risese.org\\\/\",\"name\":\"RISE Charter School\",\"description\":\"Free Charter School in SE Raleigh\",\"potentialAction\":[{\"@type\":\"SearchAction\",\"target\":{\"@type\":\"EntryPoint\",\"urlTemplate\":\"https:\\\/\\\/risese.org\\\/?s={search_term_string}\"},\"query-input\":{\"@type\":\"PropertyValueSpecification\",\"valueRequired\":true,\"valueName\":\"search_term_string\"}}],\"inLanguage\":\"fr-FR\"}]}<\/script>\n<!-- \/ Yoast SEO plugin. -->","yoast_head_json":{"title":"Conformit\u00e9 - RISE Charter School","robots":{"index":"index","follow":"follow","max-snippet":"max-snippet:-1","max-image-preview":"max-image-preview:large","max-video-preview":"max-video-preview:-1"},"canonical":"https:\/\/risese.org\/fr\/compliance\/","og_locale":"fr_FR","og_type":"article","og_title":"Compliance - RISE Charter School","og_description":"Compliance Below you can access compliance documents for RISE Charter School as well as state and federal documents. Equity Plan We are committed to equitable education for all of its students. NCDPI Equity Plan Read to Achieve Documents related to the Read to Achieve program can be found here. 2024-2025 2023-2024 2022-2023 2021-2022 2021-2020 School&hellip;","og_url":"https:\/\/risese.org\/fr\/compliance\/","og_site_name":"RISE Charter School","article_modified_time":"2025-08-02T15:37:13+00:00","twitter_card":"summary_large_image","twitter_misc":{"Dur\u00e9e de lecture estim\u00e9e":"2 minutes"},"schema":{"@context":"https:\/\/schema.org","@graph":[{"@type":"WebPage","@id":"https:\/\/risese.org\/compliance\/","url":"https:\/\/risese.org\/compliance\/","name":"Conformit\u00e9 - RISE Charter School","isPartOf":{"@id":"https:\/\/risese.org\/#website"},"datePublished":"2025-07-04T03:03:50+00:00","dateModified":"2025-08-02T15:37:13+00:00","breadcrumb":{"@id":"https:\/\/risese.org\/compliance\/#breadcrumb"},"inLanguage":"fr-FR","potentialAction":[{"@type":"ReadAction","target":["https:\/\/risese.org\/compliance\/"]}]},{"@type":"BreadcrumbList","@id":"https:\/\/risese.org\/compliance\/#breadcrumb","itemListElement":[{"@type":"ListItem","position":1,"name":"Home","item":"https:\/\/risese.org\/"},{"@type":"ListItem","position":2,"name":"Compliance"}]},{"@type":"WebSite","@id":"https:\/\/risese.org\/#website","url":"https:\/\/risese.org\/","name":"RISE Charter School","description":"\u00c9cole \u00e0 charte gratuite dans le sud-est de Raleigh","potentialAction":[{"@type":"SearchAction","target":{"@type":"EntryPoint","urlTemplate":"https:\/\/risese.org\/?s={search_term_string}"},"query-input":{"@type":"PropertyValueSpecification","valueRequired":true,"valueName":"search_term_string"}}],"inLanguage":"fr-FR"}]}},"_links":{"self":[{"href":"https:\/\/risese.org\/fr\/wp-json\/wp\/v2\/pages\/6042","targetHints":{"allow":["GET"]}}],"collection":[{"href":"https:\/\/risese.org\/fr\/wp-json\/wp\/v2\/pages"}],"about":[{"href":"https:\/\/risese.org\/fr\/wp-json\/wp\/v2\/types\/page"}],"author":[{"embeddable":true,"href":"https:\/\/risese.org\/fr\/wp-json\/wp\/v2\/users\/3"}],"replies":[{"embeddable":true,"href":"https:\/\/risese.org\/fr\/wp-json\/wp\/v2\/comments?post=6042"}],"version-history":[{"count":0,"href":"https:\/\/risese.org\/fr\/wp-json\/wp\/v2\/pages\/6042\/revisions"}],"wp:attachment":[{"href":"https:\/\/risese.org\/fr\/wp-json\/wp\/v2\/media?parent=6042"}],"curies":[{"name":"wp","href":"https:\/\/api.w.org\/{rel}","templated":true}]}}