{"id":6037,"date":"2025-07-03T20:21:37","date_gmt":"2025-07-03T20:21:37","guid":{"rendered":"https:\/\/risese1.wpenginepowered.com\/?page_id=6037"},"modified":"2025-07-08T20:19:31","modified_gmt":"2025-07-08T20:19:31","slug":"psa","status":"publish","type":"page","link":"https:\/\/risese.org\/fr\/psa\/","title":{"rendered":"PSA"},"content":{"rendered":"<h1>\n\t\t\tAssociation des parents d'\u00e9l\u00e8ves\t<\/h1>\n\t<p>Rejoignez notre Association de parents d'\u00e9l\u00e8ves pour avoir un impact encore plus important sur notre \u00e9cole !<\/p>\n<h2>\n\t\t\tQu'est-ce que le PSA ?\t<\/h2>\n\t\t\t\t<img decoding=\"async\" src=\"https:\/\/risese.org\/wp-content\/uploads\/2025\/07\/Rectangle-53-3.png\" alt=\"Rectangle 53 (3)\" itemprop=\"image\" title=\"Rectangle 53 (3)\" onerror=\"this.style.display='none'\" loading='lazy' \/>\n\t<p>La PSA est fond\u00e9e sur la croyance en un leadership partag\u00e9 et sur son importance pour obtenir les meilleurs r\u00e9sultats possibles dans n'importe quelle situation. Le PSA est un groupe diversifi\u00e9 de parents et de tuteurs qui se r\u00e9unissent et utilisent leurs comp\u00e9tences uniques pour collaborer avec le personnel, les familles et les communaut\u00e9s dans le but de conseiller, de soutenir et d'assurer la liaison. Le but ultime est d'am\u00e9liorer l'\u00e9ducation et l'exp\u00e9rience des \u00e9l\u00e8ves \u00e0 RISE. Tout cela se fait dans le respect de la mission et des valeurs fondamentales de RISE.<\/p>\n<h2>\n\t\t\tPourquoi adh\u00e9rer \u00e0 l'ASP ?\t<\/h2>\n\t<ul>\n<li>Rencontrer d'autres parents et enseignants<\/li>\n<li>Discuter de questions ou de pr\u00e9occupations<\/li>\n<li>Partager des id\u00e9es<\/li>\n<li>Soutenir et am\u00e9liorer les activit\u00e9s d'apprentissage en cours pour nos boursiers<\/li>\n<li>Construire et renforcer notre communaut\u00e9 scolaire<\/li>\n<\/ul>\n<h2>\n\t\t\tRejoignez la PSA d\u00e8s aujourd'hui !\t<\/h2>\n\t<p>Tous les parents et tuteurs sont encourag\u00e9s \u00e0 y participer.<\/p>\n<p>Si vous souhaitez vous inscrire ou si vous avez des questions, veuillez envoyer un courriel \u00e0 l'APS \u00e0 l'adresse suivante\u00a0<a href=\"mailto:risesepsa@gmail.com\" target=\"_blank\" rel=\"noopener\">risesepsa@gmail.com<\/a><\/p>\n<p>Rejoignez notre page Facebook :\u00a0<a href=\"https:\/\/www.facebook.com\/groups\/227677850992062\/\" target=\"_blank\" rel=\"noopener\">Association de parents d'\u00e9l\u00e8ves RISE SE (PSA)<\/a><\/p>","protected":false},"excerpt":{"rendered":"<p>Association des parents d'\u00e9l\u00e8ves Rejoignez l'Association des parents d'\u00e9l\u00e8ves pour avoir un impact encore plus important sur notre \u00e9cole ! Qu'est-ce que la PSA ? La PSA est fond\u00e9e sur la croyance en un leadership partag\u00e9 et sur son importance pour obtenir les meilleurs r\u00e9sultats possibles dans n'importe quelle situation. La PSA est un groupe diversifi\u00e9 de parents et de tuteurs qui...<\/p>","protected":false},"author":3,"featured_media":0,"parent":0,"menu_order":0,"comment_status":"closed","ping_status":"closed","template":"","meta":{"footnotes":""},"class_list":["post-6037","page","type-page","status-publish","hentry"],"yoast_head":"<!-- This site is optimized with the Yoast SEO plugin v27.4 - https:\/\/yoast.com\/product\/yoast-seo-wordpress\/ -->\n<title>PSA - RISE Charter School<\/title>\n<meta name=\"robots\" content=\"index, follow, max-snippet:-1, max-image-preview:large, max-video-preview:-1\" \/>\n<link rel=\"canonical\" href=\"https:\/\/risese.org\/fr\/psa\/\" \/>\n<meta property=\"og:locale\" content=\"fr_FR\" \/>\n<meta property=\"og:type\" content=\"article\" \/>\n<meta property=\"og:title\" content=\"PSA - RISE Charter School\" \/>\n<meta property=\"og:description\" content=\"Parent Scholar Association Join our Parent Scholar Association to make an even greater impact on our school! What is the PSA? The PSA is founded on the belief in shared leadership and its importance in achieving the best possible outcomes in any situation. The PSA is a diverse group of parents and guardians who come&hellip;\" \/>\n<meta property=\"og:url\" content=\"https:\/\/risese.org\/fr\/psa\/\" \/>\n<meta property=\"og:site_name\" content=\"RISE Charter School\" \/>\n<meta property=\"article:modified_time\" content=\"2025-07-08T20:19:31+00:00\" \/>\n<meta property=\"og:image\" content=\"http:\/\/risese.org\/wp-content\/uploads\/2025\/07\/Rectangle-53-3.png\" \/>\n<meta name=\"twitter:card\" content=\"summary_large_image\" \/>\n<meta name=\"twitter:label1\" content=\"Dur\u00e9e de lecture estim\u00e9e\" \/>\n\t<meta name=\"twitter:data1\" content=\"1 minute\" \/>\n<script type=\"application\/ld+json\" class=\"yoast-schema-graph\">{\"@context\":\"https:\\\/\\\/schema.org\",\"@graph\":[{\"@type\":\"WebPage\",\"@id\":\"https:\\\/\\\/risese.org\\\/psa\\\/\",\"url\":\"https:\\\/\\\/risese.org\\\/psa\\\/\",\"name\":\"PSA - RISE Charter School\",\"isPartOf\":{\"@id\":\"https:\\\/\\\/risese.org\\\/#website\"},\"primaryImageOfPage\":{\"@id\":\"https:\\\/\\\/risese.org\\\/psa\\\/#primaryimage\"},\"image\":{\"@id\":\"https:\\\/\\\/risese.org\\\/psa\\\/#primaryimage\"},\"thumbnailUrl\":\"https:\\\/\\\/risese.org\\\/wp-content\\\/uploads\\\/2025\\\/07\\\/Rectangle-53-3.png\",\"datePublished\":\"2025-07-03T20:21:37+00:00\",\"dateModified\":\"2025-07-08T20:19:31+00:00\",\"breadcrumb\":{\"@id\":\"https:\\\/\\\/risese.org\\\/psa\\\/#breadcrumb\"},\"inLanguage\":\"fr-FR\",\"potentialAction\":[{\"@type\":\"ReadAction\",\"target\":[\"https:\\\/\\\/risese.org\\\/psa\\\/\"]}]},{\"@type\":\"ImageObject\",\"inLanguage\":\"fr-FR\",\"@id\":\"https:\\\/\\\/risese.org\\\/psa\\\/#primaryimage\",\"url\":\"https:\\\/\\\/risese.org\\\/wp-content\\\/uploads\\\/2025\\\/07\\\/Rectangle-53-3.png\",\"contentUrl\":\"https:\\\/\\\/risese.org\\\/wp-content\\\/uploads\\\/2025\\\/07\\\/Rectangle-53-3.png\"},{\"@type\":\"BreadcrumbList\",\"@id\":\"https:\\\/\\\/risese.org\\\/psa\\\/#breadcrumb\",\"itemListElement\":[{\"@type\":\"ListItem\",\"position\":1,\"name\":\"Home\",\"item\":\"https:\\\/\\\/risese.org\\\/\"},{\"@type\":\"ListItem\",\"position\":2,\"name\":\"PSA\"}]},{\"@type\":\"WebSite\",\"@id\":\"https:\\\/\\\/risese.org\\\/#website\",\"url\":\"https:\\\/\\\/risese.org\\\/\",\"name\":\"RISE Charter School\",\"description\":\"Free Charter School in SE Raleigh\",\"potentialAction\":[{\"@type\":\"SearchAction\",\"target\":{\"@type\":\"EntryPoint\",\"urlTemplate\":\"https:\\\/\\\/risese.org\\\/?s={search_term_string}\"},\"query-input\":{\"@type\":\"PropertyValueSpecification\",\"valueRequired\":true,\"valueName\":\"search_term_string\"}}],\"inLanguage\":\"fr-FR\"}]}<\/script>\n<!-- \/ Yoast SEO plugin. -->","yoast_head_json":{"title":"PSA - RISE Charter School","robots":{"index":"index","follow":"follow","max-snippet":"max-snippet:-1","max-image-preview":"max-image-preview:large","max-video-preview":"max-video-preview:-1"},"canonical":"https:\/\/risese.org\/fr\/psa\/","og_locale":"fr_FR","og_type":"article","og_title":"PSA - RISE Charter School","og_description":"Parent Scholar Association Join our Parent Scholar Association to make an even greater impact on our school! What is the PSA? The PSA is founded on the belief in shared leadership and its importance in achieving the best possible outcomes in any situation. The PSA is a diverse group of parents and guardians who come&hellip;","og_url":"https:\/\/risese.org\/fr\/psa\/","og_site_name":"RISE Charter School","article_modified_time":"2025-07-08T20:19:31+00:00","og_image":[{"url":"http:\/\/risese.org\/wp-content\/uploads\/2025\/07\/Rectangle-53-3.png","type":"","width":"","height":""}],"twitter_card":"summary_large_image","twitter_misc":{"Dur\u00e9e de lecture estim\u00e9e":"1 minute"},"schema":{"@context":"https:\/\/schema.org","@graph":[{"@type":"WebPage","@id":"https:\/\/risese.org\/psa\/","url":"https:\/\/risese.org\/psa\/","name":"PSA - RISE Charter School","isPartOf":{"@id":"https:\/\/risese.org\/#website"},"primaryImageOfPage":{"@id":"https:\/\/risese.org\/psa\/#primaryimage"},"image":{"@id":"https:\/\/risese.org\/psa\/#primaryimage"},"thumbnailUrl":"https:\/\/risese.org\/wp-content\/uploads\/2025\/07\/Rectangle-53-3.png","datePublished":"2025-07-03T20:21:37+00:00","dateModified":"2025-07-08T20:19:31+00:00","breadcrumb":{"@id":"https:\/\/risese.org\/psa\/#breadcrumb"},"inLanguage":"fr-FR","potentialAction":[{"@type":"ReadAction","target":["https:\/\/risese.org\/psa\/"]}]},{"@type":"ImageObject","inLanguage":"fr-FR","@id":"https:\/\/risese.org\/psa\/#primaryimage","url":"https:\/\/risese.org\/wp-content\/uploads\/2025\/07\/Rectangle-53-3.png","contentUrl":"https:\/\/risese.org\/wp-content\/uploads\/2025\/07\/Rectangle-53-3.png"},{"@type":"BreadcrumbList","@id":"https:\/\/risese.org\/psa\/#breadcrumb","itemListElement":[{"@type":"ListItem","position":1,"name":"Home","item":"https:\/\/risese.org\/"},{"@type":"ListItem","position":2,"name":"PSA"}]},{"@type":"WebSite","@id":"https:\/\/risese.org\/#website","url":"https:\/\/risese.org\/","name":"RISE Charter School","description":"\u00c9cole \u00e0 charte gratuite dans le sud-est de Raleigh","potentialAction":[{"@type":"SearchAction","target":{"@type":"EntryPoint","urlTemplate":"https:\/\/risese.org\/?s={search_term_string}"},"query-input":{"@type":"PropertyValueSpecification","valueRequired":true,"valueName":"search_term_string"}}],"inLanguage":"fr-FR"}]}},"_links":{"self":[{"href":"https:\/\/risese.org\/fr\/wp-json\/wp\/v2\/pages\/6037","targetHints":{"allow":["GET"]}}],"collection":[{"href":"https:\/\/risese.org\/fr\/wp-json\/wp\/v2\/pages"}],"about":[{"href":"https:\/\/risese.org\/fr\/wp-json\/wp\/v2\/types\/page"}],"author":[{"embeddable":true,"href":"https:\/\/risese.org\/fr\/wp-json\/wp\/v2\/users\/3"}],"replies":[{"embeddable":true,"href":"https:\/\/risese.org\/fr\/wp-json\/wp\/v2\/comments?post=6037"}],"version-history":[{"count":0,"href":"https:\/\/risese.org\/fr\/wp-json\/wp\/v2\/pages\/6037\/revisions"}],"wp:attachment":[{"href":"https:\/\/risese.org\/fr\/wp-json\/wp\/v2\/media?parent=6037"}],"curies":[{"name":"wp","href":"https:\/\/api.w.org\/{rel}","templated":true}]}}