{"id":6017,"date":"2025-06-22T20:20:35","date_gmt":"2025-06-22T20:20:35","guid":{"rendered":"https:\/\/risese1.wpenginepowered.com\/?page_id=6017"},"modified":"2026-05-01T13:15:21","modified_gmt":"2026-05-01T13:15:21","slug":"careers","status":"publish","type":"page","link":"https:\/\/risese.org\/fr\/careers\/","title":{"rendered":"Carri\u00e8res"},"content":{"rendered":"<h1>\n\t\t\tRejoindre le <br \/>Famille RISE !\t<\/h1>\n\t<p>Nous sommes une communaut\u00e9 soud\u00e9e de personnes d\u00e9vou\u00e9es et passionn\u00e9es qui travaillent sans rel\u00e2che pour assurer l'\u00e9panouissement de nos \u00e9l\u00e8ves.<\/p>\n<h2>\n\t\t\tOpportunit\u00e9s actuelles\t<\/h2>\nResponsable de la maintenance\nAnn\u00e9e scolaire 2026-2027\nTemps plein\n\t<p>Envoyez votre CV et votre lettre de motivation par courrier \u00e9lectronique \u00e0 l'adresse suivante <a href=\"mailto:kblackwell@risese.org\" target=\"_blank\" rel=\"noreferrer noopener\">kblackwell@risese.org<\/a><\/p>\n\t\t\t<a href=\"https:\/\/risese.org\/wp-content\/uploads\/2026\/04\/RISE-Facilities-Manager.pdf\"  target=\"_blank\" rel=\"noopener\">\n\t\t\t\t\t\t\tEn savoir plus\n\t\t\t\t\t<\/a>\nChef ex\u00e9cutif\nNiveaux : Maternelle-8e ann\u00e9e\nAnn\u00e9e scolaire 2026-2027\nTemps plein\nEnvoyez votre curriculum vitae et votre lettre de motivation par courriel \u00e0 : <a href=\"mailto:darthur@risese.org\" target=\"_blank\" rel=\"noreferrer noopener\">darthur@risese.org<\/a>\n\t\t\t<a href=\"https:\/\/risese.org\/wp-content\/uploads\/2026\/04\/RISE-Executive-Chef.pdf\"  target=\"_blank\" rel=\"noopener\">\n\t\t\t\t\t\t\tEn savoir plus\n\t\t\t\t\t<\/a>\nCuisinier(\u00e8re) de pr\u00e9paration et Serveur(euse)\nNiveaux : Maternelle \u00e0 8\u00e8me ann\u00e9e\nAnn\u00e9e scolaire 2026-2027\nTemps plein\n\tEnvoyez votre CV et votre lettre de motivation par courriel \u00e0 : <a href=\"mailto:darthur@risese.org\" target=\"_blank\" rel=\"noreferrer noopener\">darthur@risese.org<\/a>\n\t\t\t<a href=\"https:\/\/risese.org\/wp-content\/uploads\/2026\/04\/RISE-Prep-Cook-Server.pdf\"  target=\"_blank\" rel=\"noopener\">\n\t\t\t\t\t\t\tEn savoir plus\n\t\t\t\t\t<\/a>\n\t<p>Enseignant pour enfants exceptionnels<\/p>\n\tAnn\u00e9e scolaire 2026-2027<br \/>\nTemps plein\n\t<p>Envoyez votre CV et votre lettre de motivation par courrier \u00e9lectronique \u00e0 l'adresse suivante\u00a0<a href=\"mailto:jjowers@risese.org\" target=\"_blank\" rel=\"noopener\">jjowers@risese.org<\/a><\/p>\n\t\t\t<a href=\"https:\/\/risese.org\/wp-content\/uploads\/2025\/12\/RISE-Exceptional-Children-Teacher-1.pdf\"  target=\"_blank\" rel=\"noopener\">\n\t\t\t\t\t\t\tEn savoir plus\n\t\t\t\t\t<\/a>\n\t<p>Directeur adjoint<\/p>\n\tNiveaux : Maternelle - 3e ann\u00e9e<br \/>\nAnn\u00e9e scolaire 2026-2027<br \/>\nTemps plein\n\t<p>Envoyez votre CV et votre lettre de motivation par courrier \u00e9lectronique \u00e0 l'adresse suivante <a href=\"mailto:apply@risese.org\">apply@risese.org<\/a><\/p>\n\t\t\t<a href=\"https:\/\/risese.org\/wp-content\/uploads\/2026\/04\/RISE-Assistant-Principal-K-3.pdf\"  target=\"_blank\" rel=\"noopener\">\n\t\t\t\t\t\t\tEn savoir plus\n\t\t\t\t\t<\/a>\n\t<p>Directeur adjoint<\/p>\n\tNiveaux : 4e-8e ann\u00e9e<br \/>\nAnn\u00e9e scolaire 2026-2027<br \/>\nTemps plein\n\t<p>Envoyez votre CV et votre lettre de motivation par courrier \u00e9lectronique \u00e0 l'adresse suivante <a href=\"mailto:apply@risese.org\">apply@risese.org<\/a><\/p>\n\t\t\t<a href=\"https:\/\/risese.org\/wp-content\/uploads\/2026\/04\/RISE-Assistant-Principal-4-8.pdf\"  target=\"_blank\" rel=\"noopener\">\n\t\t\t\t\t\t\tEn savoir plus\n\t\t\t\t\t<\/a>\n\t<p>Directeur adjoint<\/p>\n\tSoutien p\u00e9dagogique<br \/>\nAnn\u00e9e scolaire 2026-2027<br \/>\nTemps plein\n\t<p>Envoyez votre CV et votre lettre de motivation par courrier \u00e9lectronique \u00e0 l'adresse suivante <a href=\"mailto:apply@risese.org\">apply@risese.org<\/a><\/p>\n\t\t\t<a href=\"https:\/\/risese.org\/wp-content\/uploads\/2026\/04\/RISE-Assistant-Principal-Instructional-Support-1.pdf\"  target=\"_blank\" rel=\"noopener\">\n\t\t\t\t\t\t\tEn savoir plus\n\t\t\t\t\t<\/a>\n\t<p>Chauffeur de bus<\/p>\n\tAnn\u00e9e scolaire 2026-2027<br \/>\nTemps partiel\n\t<p>Envoyez votre CV et votre lettre de motivation par courrier \u00e9lectronique \u00e0 l'adresse suivante\u00a0<a href=\"mailto:kblackwell@risese.org\" target=\"_blank\" rel=\"noopener\">kblackwell@risese.org<\/a><\/p>\n\t\t\t<a href=\"https:\/\/risese.org\/wp-content\/uploads\/2025\/03\/RISE-Bus-Driver-Part-Time.pdf\"  target=\"_blank\" rel=\"noopener\">\n\t\t\t\t\t\t\tEn savoir plus\n\t\t\t\t\t<\/a>\n\t<p>Enseignante \u00e0 l'\u00e9cole primaire<\/p>\n\tAnn\u00e9e scolaire 2026-2027<br \/>\nTemps plein\n\t<p>Envoyez votre CV et votre lettre de motivation par courrier \u00e9lectronique \u00e0 l'adresse suivante\u00a0<a href=\"mailto:jjowers@risese.org\" target=\"_blank\" rel=\"noopener\">jjowers@risese.org<\/a><\/p>\n\t\t\t<a href=\"https:\/\/risese.org\/wp-content\/uploads\/2025\/06\/RISE-Elementary-School-Teacher.pdf\"  target=\"_blank\" rel=\"noopener\">\n\t\t\t\t\t\t\tEn savoir plus\n\t\t\t\t\t<\/a>\n\t<p>Enseignante \u00e0 l'\u00e9cole primaire<\/p>\n\tNiveaux : Maternelle - 3e ann\u00e9e<br \/>\nAnn\u00e9e scolaire 2026-2027<br \/>\nTemps plein\n\t<p>Envoyez votre CV et votre lettre de motivation par courrier \u00e9lectronique \u00e0 l'adresse suivante <a href=\"mailto:apply@risese.org\">apply@risese.org<\/a><\/p>\n\t\t\t<a href=\"https:\/\/risese.org\/wp-content\/uploads\/2026\/04\/RISE-Teacher-Grades-K-2.pdf\"  target=\"_blank\" rel=\"noopener\">\n\t\t\t\t\t\t\tEn savoir plus\n\t\t\t\t\t<\/a>\n\t<p>Enseignante \u00e0 l'\u00e9cole primaire<\/p>\n\tNiveaux : 3e-5e<br \/>\nAnn\u00e9e scolaire 2026-2027<br \/>\nTemps plein\n\t<p>Envoyez votre CV et votre lettre de motivation par courrier \u00e9lectronique \u00e0 l'adresse suivante <a href=\"mailto:apply@risese.org\">apply@risese.org<\/a><\/p>\n\t\t\t<a href=\"https:\/\/risese.org\/wp-content\/uploads\/2026\/04\/RISE-Teacher-Grades-3-5.pdf\"  target=\"_blank\" rel=\"noopener\">\n\t\t\t\t\t\t\tEn savoir plus\n\t\t\t\t\t<\/a>\n\t<p>Professeur d'enrichissement<\/p>\n\tAnn\u00e9e scolaire 2026-2027<br \/>\nTemps plein\n\t<p>Envoyez votre CV et votre lettre de motivation par courrier \u00e9lectronique \u00e0 l'adresse suivante\u00a0<a href=\"mailto:jjowers@risese.org\" target=\"_blank\" rel=\"noopener\">jjowers@risese.org<\/a><\/p>\n\t\t\t<a href=\"https:\/\/risese.org\/wp-content\/uploads\/2026\/01\/RISE-Enrichment-Teacher.pdf\"  target=\"_blank\" rel=\"noopener\">\n\t\t\t\t\t\t\tEn savoir plus\n\t\t\t\t\t<\/a>\n\t<p>Enseignante au coll\u00e8ge<\/p>\n\tAnn\u00e9e scolaire 2026-2027<br \/>\nTemps plein\n\t<p>Envoyez votre CV et votre lettre de motivation par courrier \u00e9lectronique \u00e0 l'adresse suivante\u00a0<a href=\"mailto:jjowers@risese.org\" target=\"_blank\" rel=\"noopener\">jjowers@risese.org<\/a><\/p>\n\t\t\t<a href=\"https:\/\/risese.org\/wp-content\/uploads\/2025\/06\/RISE-Middle-School-Teacher.pdf\"  target=\"_blank\" rel=\"noopener\">\n\t\t\t\t\t\t\tEn savoir plus\n\t\t\t\t\t<\/a>\n\t<p>Enseignante au coll\u00e8ge<\/p>\n\tNiveaux : 6e-8e ann\u00e9es<br \/>\nAnn\u00e9e scolaire 2026-2027<br \/>\nTemps plein\n\t<p>Envoyez votre CV et votre lettre de motivation par courrier \u00e9lectronique \u00e0 l'adresse suivante <a href=\"mailto:apply@risese.org\">apply@risese.org<\/a><\/p>\n\t\t\t<a href=\"https:\/\/risese.org\/wp-content\/uploads\/2026\/04\/RISE-Teacher-Grades-6-8.pdf\"  target=\"_blank\" rel=\"noopener\">\n\t\t\t\t\t\t\tEn savoir plus\n\t\t\t\t\t<\/a>\n\t<p>Merci de l'int\u00e9r\u00eat que vous portez \u00e0 rejoindre notre \u00e9quipe ! Pour postuler, veuillez envoyer votre candidature \u00e0 l'adresse e-mail indiqu\u00e9e pour chaque poste. Veillez \u00e0 inclure le poste auquel vous postulez dans l'objet de votre e-mail.<\/p>\n<h2>\n\t\t\tNon-discrimination\t<\/h2>\n\t<p>RISE ne pratique aucune discrimination fond\u00e9e sur la race, la couleur, la religion (croyance), le sexe, l'expression du sexe, l'\u00e2ge, l'origine nationale (ascendance), le handicap, la situation matrimoniale, l'orientation sexuelle ou le statut militaire, dans le cadre de ses activit\u00e9s ou op\u00e9rations. Ces activit\u00e9s comprennent, entre autres, l'embauche et le licenciement du personnel, la s\u00e9lection des b\u00e9n\u00e9voles et des fournisseurs, et la prestation de services. Nous nous engageons \u00e0 offrir un environnement inclusif et accueillant \u00e0 tous les membres de notre personnel, \u00e0 nos b\u00e9n\u00e9voles, \u00e0 nos sous-traitants, \u00e0 nos fournisseurs et \u00e0 nos clients.<\/p>","protected":false},"excerpt":{"rendered":"<p>Rejoignez la famille RISE ! Nous sommes une communaut\u00e9 soud\u00e9e d'individus d\u00e9vou\u00e9s et passionn\u00e9s qui travaillent sans rel\u00e2che pour assurer le succ\u00e8s de nos \u00e9l\u00e8ves. Opportunit\u00e9s actuelles Responsable des installations Ann\u00e9e scolaire 2026-2027 Temps plein Envoyez votre CV et votre lettre de motivation par e-mail \u00e0 : kblackwell@risese.org En savoir plus Chef ex\u00e9cutif (Cuisine) Niveaux : Maternelle-8e ann\u00e9e Ann\u00e9e scolaire 2026-2027 Temps plein Envoyez votre CV et votre lettre de motivation par...<\/p>","protected":false},"author":3,"featured_media":0,"parent":0,"menu_order":0,"comment_status":"closed","ping_status":"closed","template":"","meta":{"footnotes":""},"class_list":["post-6017","page","type-page","status-publish","hentry"],"yoast_head":"<!-- This site is optimized with the Yoast SEO plugin v27.5 - https:\/\/yoast.com\/product\/yoast-seo-wordpress\/ -->\n<title>Careers - RISE Charter School<\/title>\n<meta name=\"robots\" content=\"index, follow, max-snippet:-1, max-image-preview:large, max-video-preview:-1\" \/>\n<link rel=\"canonical\" href=\"https:\/\/risese.org\/fr\/careers\/\" \/>\n<meta property=\"og:locale\" content=\"fr_FR\" \/>\n<meta property=\"og:type\" content=\"article\" \/>\n<meta property=\"og:title\" content=\"Careers - RISE Charter School\" \/>\n<meta property=\"og:description\" content=\"Join the RISE Family! We are a tight-knit community of dedicated, passionate individuals working relentlessly to ensure our scholars thrive. Current Opportunities Facilities Manager 2026-2027 School Year Full-Time Send your resume and cover letter via email to: kblackwell@risese.org Learn More Executive Chef Grades: K-8th 2026-2027 School Year Full-Time Send your resume and cover letter via&hellip;\" \/>\n<meta property=\"og:url\" content=\"https:\/\/risese.org\/fr\/careers\/\" \/>\n<meta property=\"og:site_name\" content=\"RISE Charter School\" \/>\n<meta property=\"article:modified_time\" content=\"2026-05-01T13:15:21+00:00\" \/>\n<meta name=\"twitter:card\" content=\"summary_large_image\" \/>\n<meta name=\"twitter:label1\" content=\"Dur\u00e9e de lecture estim\u00e9e\" \/>\n\t<meta name=\"twitter:data1\" content=\"1 minute\" \/>\n<script type=\"application\/ld+json\" class=\"yoast-schema-graph\">{\"@context\":\"https:\\\/\\\/schema.org\",\"@graph\":[{\"@type\":\"WebPage\",\"@id\":\"https:\\\/\\\/risese.org\\\/careers\\\/\",\"url\":\"https:\\\/\\\/risese.org\\\/careers\\\/\",\"name\":\"Careers - RISE Charter School\",\"isPartOf\":{\"@id\":\"https:\\\/\\\/risese.org\\\/#website\"},\"datePublished\":\"2025-06-22T20:20:35+00:00\",\"dateModified\":\"2026-05-01T13:15:21+00:00\",\"breadcrumb\":{\"@id\":\"https:\\\/\\\/risese.org\\\/careers\\\/#breadcrumb\"},\"inLanguage\":\"fr-FR\",\"potentialAction\":[{\"@type\":\"ReadAction\",\"target\":[\"https:\\\/\\\/risese.org\\\/careers\\\/\"]}]},{\"@type\":\"BreadcrumbList\",\"@id\":\"https:\\\/\\\/risese.org\\\/careers\\\/#breadcrumb\",\"itemListElement\":[{\"@type\":\"ListItem\",\"position\":1,\"name\":\"Home\",\"item\":\"https:\\\/\\\/risese.org\\\/\"},{\"@type\":\"ListItem\",\"position\":2,\"name\":\"Careers\"}]},{\"@type\":\"WebSite\",\"@id\":\"https:\\\/\\\/risese.org\\\/#website\",\"url\":\"https:\\\/\\\/risese.org\\\/\",\"name\":\"RISE Charter School\",\"description\":\"Free Charter School in SE Raleigh\",\"potentialAction\":[{\"@type\":\"SearchAction\",\"target\":{\"@type\":\"EntryPoint\",\"urlTemplate\":\"https:\\\/\\\/risese.org\\\/?s={search_term_string}\"},\"query-input\":{\"@type\":\"PropertyValueSpecification\",\"valueRequired\":true,\"valueName\":\"search_term_string\"}}],\"inLanguage\":\"fr-FR\"}]}<\/script>\n<!-- \/ Yoast SEO plugin. -->","yoast_head_json":{"title":"Carri\u00e8res - RISE Charter School","robots":{"index":"index","follow":"follow","max-snippet":"max-snippet:-1","max-image-preview":"max-image-preview:large","max-video-preview":"max-video-preview:-1"},"canonical":"https:\/\/risese.org\/fr\/careers\/","og_locale":"fr_FR","og_type":"article","og_title":"Careers - RISE Charter School","og_description":"Join the RISE Family! We are a tight-knit community of dedicated, passionate individuals working relentlessly to ensure our scholars thrive. Current Opportunities Facilities Manager 2026-2027 School Year Full-Time Send your resume and cover letter via email to: kblackwell@risese.org Learn More Executive Chef Grades: K-8th 2026-2027 School Year Full-Time Send your resume and cover letter via&hellip;","og_url":"https:\/\/risese.org\/fr\/careers\/","og_site_name":"RISE Charter School","article_modified_time":"2026-05-01T13:15:21+00:00","twitter_card":"summary_large_image","twitter_misc":{"Dur\u00e9e de lecture estim\u00e9e":"1 minute"},"schema":{"@context":"https:\/\/schema.org","@graph":[{"@type":"WebPage","@id":"https:\/\/risese.org\/careers\/","url":"https:\/\/risese.org\/careers\/","name":"Carri\u00e8res - RISE Charter School","isPartOf":{"@id":"https:\/\/risese.org\/#website"},"datePublished":"2025-06-22T20:20:35+00:00","dateModified":"2026-05-01T13:15:21+00:00","breadcrumb":{"@id":"https:\/\/risese.org\/careers\/#breadcrumb"},"inLanguage":"fr-FR","potentialAction":[{"@type":"ReadAction","target":["https:\/\/risese.org\/careers\/"]}]},{"@type":"BreadcrumbList","@id":"https:\/\/risese.org\/careers\/#breadcrumb","itemListElement":[{"@type":"ListItem","position":1,"name":"Home","item":"https:\/\/risese.org\/"},{"@type":"ListItem","position":2,"name":"Careers"}]},{"@type":"WebSite","@id":"https:\/\/risese.org\/#website","url":"https:\/\/risese.org\/","name":"RISE Charter School","description":"\u00c9cole \u00e0 charte gratuite dans le sud-est de Raleigh","potentialAction":[{"@type":"SearchAction","target":{"@type":"EntryPoint","urlTemplate":"https:\/\/risese.org\/?s={search_term_string}"},"query-input":{"@type":"PropertyValueSpecification","valueRequired":true,"valueName":"search_term_string"}}],"inLanguage":"fr-FR"}]}},"_links":{"self":[{"href":"https:\/\/risese.org\/fr\/wp-json\/wp\/v2\/pages\/6017","targetHints":{"allow":["GET"]}}],"collection":[{"href":"https:\/\/risese.org\/fr\/wp-json\/wp\/v2\/pages"}],"about":[{"href":"https:\/\/risese.org\/fr\/wp-json\/wp\/v2\/types\/page"}],"author":[{"embeddable":true,"href":"https:\/\/risese.org\/fr\/wp-json\/wp\/v2\/users\/3"}],"replies":[{"embeddable":true,"href":"https:\/\/risese.org\/fr\/wp-json\/wp\/v2\/comments?post=6017"}],"version-history":[{"count":0,"href":"https:\/\/risese.org\/fr\/wp-json\/wp\/v2\/pages\/6017\/revisions"}],"wp:attachment":[{"href":"https:\/\/risese.org\/fr\/wp-json\/wp\/v2\/media?parent=6017"}],"curies":[{"name":"wp","href":"https:\/\/api.w.org\/{rel}","templated":true}]}}