{"id":5913,"date":"2025-05-17T03:08:38","date_gmt":"2025-05-17T03:08:38","guid":{"rendered":"https:\/\/risese1.wpenginepowered.com\/?page_id=5913"},"modified":"2025-06-25T15:13:01","modified_gmt":"2025-06-25T15:13:01","slug":"transportation","status":"publish","type":"page","link":"https:\/\/risese.org\/fr\/transportation\/","title":{"rendered":"Transport"},"content":{"rendered":"<h1>\n\t\t\tTransport\t<\/h1>\n\t<p>Renseignez-vous sur les possibilit\u00e9s de transport offertes \u00e0 votre enfant.<\/p>\n<h3>\n\t\t\tCe que nous proposons\t<\/h3>\n\t<p>Nous fournissons des bus aux arr\u00eats communautaires autour de la communaut\u00e9 de Southeast Raleigh. Les arr\u00eats de bus que nous proposons pour l'ann\u00e9e scolaire 2025-2026 sont les suivants <a href=\"https:\/\/docs.google.com\/spreadsheets\/d\/e\/2PACX-1vSmgnOBoNITfUNiTXy3mBo4eH2slgeaJMnnagBqQ6Qn4BDqjbAgx7aAfRVKb_B9DoXcz6eASWAaLdKP\/pubhtml?gid=0&amp;single=true&amp;urp=gmail_link\" target=\"_blank\" rel=\"noopener\">ici<\/a>. Veuillez noter que les itin\u00e9raires et les horaires des bus sont susceptibles d'\u00eatre modifi\u00e9s. Vous pouvez consulter notre politique de transport compl\u00e8te <a href=\"https:\/\/docs.google.com\/document\/d\/14RJxZet1MptI3HjIV5a5HisU_4Dnq3qI1oG8R6GUe-s\/view?tab=t.0\" target=\"_blank\" rel=\"noopener\">ici<\/a>.<\/p>\n<p>Vous trouverez \u00e9galement notre protocole d'accord pour les parents concernant le transport scolaire.\u00a0<a href=\"https:\/\/docs.google.com\/document\/d\/1g49jJKhduquSL_doVcHuagpSmfZP7I0IhwiYKdBGYxE\/edit?tab=t.0\" target=\"_blank\" rel=\"noopener\">ici<\/a>.<\/p>\n<p>Veuillez envoyer un courriel \u00e0\u00a0<a href=\"mailto:transportation@risese.org\" target=\"_blank\" rel=\"noopener\">transportation@risese.org<\/a>\u00a0pour toute question concernant le transport des \u00e9l\u00e8ves.<\/p>\n\t\t\t<a href=\"mailto:transportation@risese.org\" target=\"_blank\" rel=\"noopener\">\n\t\t\t\t\t\t\tNous contacter\n\t\t\t\t\t<\/a>\n\t\t\t\t<img decoding=\"async\" src=\"https:\/\/risese.org\/wp-content\/uploads\/2025\/05\/Rectangle-53-12.jpg\" alt=\"Rectangle 53 (12)\" itemprop=\"image\" height=\"487\" width=\"564\" title=\"Rectangle 53 (12)\" onerror=\"this.style.display='none'\" loading='lazy' \/>\n<h3>\n\t\t\tResponsable des sorties d'\u00e9cole\t<\/h3>\n\t<p>Veuillez vous assurer que le renvoi de votre \u00e9l\u00e8ve est toujours \u00e0 jour dans School Dismissal Manager.  Vous pouvez apporter des modifications individuelles ou r\u00e9currentes au renvoi de votre \u00e9l\u00e8ve dans l'application, qui se trouve dans le magasin d'applications pour les appareils Android et Apple.  Vous pouvez consulter l'itin\u00e9raire de l'application School Dismissal Manager\u00a0<a href=\"https:\/\/docs.google.com\/document\/d\/1lQ8quDrML33Zt3kowIQwEX8wN4IucDHkX9PiSc-__4Y\/edit?tab=t.0\" target=\"_blank\" rel=\"noopener\">ici<\/a>.<\/p>\n\t\t\t<a href=\"https:\/\/docs.google.com\/document\/d\/1lQ8quDrML33Zt3kowIQwEX8wN4IucDHkX9PiSc-__4Y\/edit?tab=t.0\" target=\"_blank\" rel=\"noopener\">\n\t\t\t\t\t\t\tEn savoir plus\n\t\t\t\t\t<\/a>\n\t\t\t\t<img decoding=\"async\" src=\"https:\/\/risese.org\/wp-content\/uploads\/2025\/05\/Rectangle-53-13.jpg\" alt=\"Rectangle 53 (13)\" itemprop=\"image\" title=\"Rectangle 53 (13)\" onerror=\"this.style.display='none'\" loading='lazy' \/>","protected":false},"excerpt":{"rendered":"<p>Transport En savoir plus sur les options de transport disponibles pour votre enfant. Ce que nous proposons Nous proposons des bus aux arr\u00eats de la communaut\u00e9 du sud-est de Raleigh. Les arr\u00eats de bus que nous proposons pour l'ann\u00e9e scolaire 2025-2026 sont indiqu\u00e9s ici. Veuillez noter que les itin\u00e9raires et les horaires des bus sont susceptibles d'\u00eatre modifi\u00e9s. Vous pouvez consulter nos...<\/p>","protected":false},"author":3,"featured_media":0,"parent":0,"menu_order":0,"comment_status":"closed","ping_status":"closed","template":"","meta":{"footnotes":""},"class_list":["post-5913","page","type-page","status-publish","hentry"],"yoast_head":"<!-- This site is optimized with the Yoast SEO plugin v27.4 - https:\/\/yoast.com\/product\/yoast-seo-wordpress\/ -->\n<title>Transportation - RISE Charter School<\/title>\n<meta name=\"robots\" content=\"index, follow, max-snippet:-1, max-image-preview:large, max-video-preview:-1\" \/>\n<link rel=\"canonical\" href=\"https:\/\/risese.org\/fr\/transportation\/\" \/>\n<meta property=\"og:locale\" content=\"fr_FR\" \/>\n<meta property=\"og:type\" content=\"article\" \/>\n<meta property=\"og:title\" content=\"Transportation - RISE Charter School\" \/>\n<meta property=\"og:description\" content=\"Transportation Learn more about what transportation options are available to your child. What We Provide We provide buses to community stops surrounding the Southeast Raleigh community. The bus stops we offer for the 2025-2026 school year can be found here. Please note that bus routes and times are subject to change. You can view our&hellip;\" \/>\n<meta property=\"og:url\" content=\"https:\/\/risese.org\/fr\/transportation\/\" \/>\n<meta property=\"og:site_name\" content=\"RISE Charter School\" \/>\n<meta property=\"article:modified_time\" content=\"2025-06-25T15:13:01+00:00\" \/>\n<meta property=\"og:image\" content=\"https:\/\/risese.org\/wp-content\/uploads\/2025\/05\/Rectangle-53-12.jpg\" \/>\n<meta name=\"twitter:card\" content=\"summary_large_image\" \/>\n<meta name=\"twitter:label1\" content=\"Dur\u00e9e de lecture estim\u00e9e\" \/>\n\t<meta name=\"twitter:data1\" content=\"2 minutes\" \/>\n<script type=\"application\/ld+json\" class=\"yoast-schema-graph\">{\"@context\":\"https:\\\/\\\/schema.org\",\"@graph\":[{\"@type\":\"WebPage\",\"@id\":\"https:\\\/\\\/risese.org\\\/transportation\\\/\",\"url\":\"https:\\\/\\\/risese.org\\\/transportation\\\/\",\"name\":\"Transportation - RISE Charter School\",\"isPartOf\":{\"@id\":\"https:\\\/\\\/risese.org\\\/#website\"},\"primaryImageOfPage\":{\"@id\":\"https:\\\/\\\/risese.org\\\/transportation\\\/#primaryimage\"},\"image\":{\"@id\":\"https:\\\/\\\/risese.org\\\/transportation\\\/#primaryimage\"},\"thumbnailUrl\":\"https:\\\/\\\/risese.org\\\/wp-content\\\/uploads\\\/2025\\\/05\\\/Rectangle-53-12.jpg\",\"datePublished\":\"2025-05-17T03:08:38+00:00\",\"dateModified\":\"2025-06-25T15:13:01+00:00\",\"breadcrumb\":{\"@id\":\"https:\\\/\\\/risese.org\\\/transportation\\\/#breadcrumb\"},\"inLanguage\":\"fr-FR\",\"potentialAction\":[{\"@type\":\"ReadAction\",\"target\":[\"https:\\\/\\\/risese.org\\\/transportation\\\/\"]}]},{\"@type\":\"ImageObject\",\"inLanguage\":\"fr-FR\",\"@id\":\"https:\\\/\\\/risese.org\\\/transportation\\\/#primaryimage\",\"url\":\"https:\\\/\\\/risese.org\\\/wp-content\\\/uploads\\\/2025\\\/05\\\/Rectangle-53-12.jpg\",\"contentUrl\":\"https:\\\/\\\/risese.org\\\/wp-content\\\/uploads\\\/2025\\\/05\\\/Rectangle-53-12.jpg\"},{\"@type\":\"BreadcrumbList\",\"@id\":\"https:\\\/\\\/risese.org\\\/transportation\\\/#breadcrumb\",\"itemListElement\":[{\"@type\":\"ListItem\",\"position\":1,\"name\":\"Home\",\"item\":\"https:\\\/\\\/risese.org\\\/\"},{\"@type\":\"ListItem\",\"position\":2,\"name\":\"Transportation\"}]},{\"@type\":\"WebSite\",\"@id\":\"https:\\\/\\\/risese.org\\\/#website\",\"url\":\"https:\\\/\\\/risese.org\\\/\",\"name\":\"RISE Charter School\",\"description\":\"Free Charter School in SE Raleigh\",\"potentialAction\":[{\"@type\":\"SearchAction\",\"target\":{\"@type\":\"EntryPoint\",\"urlTemplate\":\"https:\\\/\\\/risese.org\\\/?s={search_term_string}\"},\"query-input\":{\"@type\":\"PropertyValueSpecification\",\"valueRequired\":true,\"valueName\":\"search_term_string\"}}],\"inLanguage\":\"fr-FR\"}]}<\/script>\n<!-- \/ Yoast SEO plugin. -->","yoast_head_json":{"title":"Transport - RISE Charter School","robots":{"index":"index","follow":"follow","max-snippet":"max-snippet:-1","max-image-preview":"max-image-preview:large","max-video-preview":"max-video-preview:-1"},"canonical":"https:\/\/risese.org\/fr\/transportation\/","og_locale":"fr_FR","og_type":"article","og_title":"Transportation - RISE Charter School","og_description":"Transportation Learn more about what transportation options are available to your child. What We Provide We provide buses to community stops surrounding the Southeast Raleigh community. The bus stops we offer for the 2025-2026 school year can be found here. Please note that bus routes and times are subject to change. You can view our&hellip;","og_url":"https:\/\/risese.org\/fr\/transportation\/","og_site_name":"RISE Charter School","article_modified_time":"2025-06-25T15:13:01+00:00","og_image":[{"url":"https:\/\/risese.org\/wp-content\/uploads\/2025\/05\/Rectangle-53-12.jpg","type":"","width":"","height":""}],"twitter_card":"summary_large_image","twitter_misc":{"Dur\u00e9e de lecture estim\u00e9e":"2 minutes"},"schema":{"@context":"https:\/\/schema.org","@graph":[{"@type":"WebPage","@id":"https:\/\/risese.org\/transportation\/","url":"https:\/\/risese.org\/transportation\/","name":"Transport - RISE Charter School","isPartOf":{"@id":"https:\/\/risese.org\/#website"},"primaryImageOfPage":{"@id":"https:\/\/risese.org\/transportation\/#primaryimage"},"image":{"@id":"https:\/\/risese.org\/transportation\/#primaryimage"},"thumbnailUrl":"https:\/\/risese.org\/wp-content\/uploads\/2025\/05\/Rectangle-53-12.jpg","datePublished":"2025-05-17T03:08:38+00:00","dateModified":"2025-06-25T15:13:01+00:00","breadcrumb":{"@id":"https:\/\/risese.org\/transportation\/#breadcrumb"},"inLanguage":"fr-FR","potentialAction":[{"@type":"ReadAction","target":["https:\/\/risese.org\/transportation\/"]}]},{"@type":"ImageObject","inLanguage":"fr-FR","@id":"https:\/\/risese.org\/transportation\/#primaryimage","url":"https:\/\/risese.org\/wp-content\/uploads\/2025\/05\/Rectangle-53-12.jpg","contentUrl":"https:\/\/risese.org\/wp-content\/uploads\/2025\/05\/Rectangle-53-12.jpg"},{"@type":"BreadcrumbList","@id":"https:\/\/risese.org\/transportation\/#breadcrumb","itemListElement":[{"@type":"ListItem","position":1,"name":"Home","item":"https:\/\/risese.org\/"},{"@type":"ListItem","position":2,"name":"Transportation"}]},{"@type":"WebSite","@id":"https:\/\/risese.org\/#website","url":"https:\/\/risese.org\/","name":"RISE Charter School","description":"\u00c9cole \u00e0 charte gratuite dans le sud-est de Raleigh","potentialAction":[{"@type":"SearchAction","target":{"@type":"EntryPoint","urlTemplate":"https:\/\/risese.org\/?s={search_term_string}"},"query-input":{"@type":"PropertyValueSpecification","valueRequired":true,"valueName":"search_term_string"}}],"inLanguage":"fr-FR"}]}},"_links":{"self":[{"href":"https:\/\/risese.org\/fr\/wp-json\/wp\/v2\/pages\/5913","targetHints":{"allow":["GET"]}}],"collection":[{"href":"https:\/\/risese.org\/fr\/wp-json\/wp\/v2\/pages"}],"about":[{"href":"https:\/\/risese.org\/fr\/wp-json\/wp\/v2\/types\/page"}],"author":[{"embeddable":true,"href":"https:\/\/risese.org\/fr\/wp-json\/wp\/v2\/users\/3"}],"replies":[{"embeddable":true,"href":"https:\/\/risese.org\/fr\/wp-json\/wp\/v2\/comments?post=5913"}],"version-history":[{"count":0,"href":"https:\/\/risese.org\/fr\/wp-json\/wp\/v2\/pages\/5913\/revisions"}],"wp:attachment":[{"href":"https:\/\/risese.org\/fr\/wp-json\/wp\/v2\/media?parent=5913"}],"curies":[{"name":"wp","href":"https:\/\/api.w.org\/{rel}","templated":true}]}}