{"id":5896,"date":"2025-05-13T04:09:09","date_gmt":"2025-05-13T04:09:09","guid":{"rendered":"https:\/\/risese1.wpenginepowered.com\/?page_id=5896"},"modified":"2026-03-05T01:05:31","modified_gmt":"2026-03-05T01:05:31","slug":"uniforms","status":"publish","type":"page","link":"https:\/\/risese.org\/fr\/uniforms\/","title":{"rendered":"Uniformes"},"content":{"rendered":"<p>En savoir plus sur les options d'uniformes dont dispose votre enfant \u00e0 RISE.<\/p>\n<h2>\n\t\t\tNous nous habillons pour \u00eatre au mieux de notre forme chaque jour !\t<\/h2>\n\tTous les \u00e9l\u00e8ves doivent se pr\u00e9senter chaque jour \u00e0 l'\u00e9cole dans leur tenue compl\u00e8te. <a href=\"https:\/\/docs.google.com\/document\/d\/1wIHKE6wYzYCB5O9mrb2-Y_m4F-tTFYpxHpXkxe_bwUw\/edit\" target=\"_blank\" rel=\"noopener\">Uniforme RISE<\/a>. Nous pensons que les uniformes favorisent l'appartenance et \u00e9liminent les distractions. Une tenue soign\u00e9e nous aide \u00e0 donner le meilleur de nous-m\u00eames.<br \/>\nDes nouvelles passionnantes ! Nous disposerons d\u00e9sormais d'un stock limit\u00e9 de chemises d'uniforme sur place pour les familles. Il s'agit d'une option pratique pour l'achat d'uniformes directement aupr\u00e8s de l'\u00e9cole.\n<p>L'inventaire sera disponible pour les familles \u00e0 des dates pr\u00e9cises, qui seront communiqu\u00e9es \u00e0 l'avance. Nous esp\u00e9rons que cela facilitera le processus pour notre communaut\u00e9 RISE !<\/p>\n<ul>\n<li>RISE Charter offre une chemise d'uniforme gratuite aux nouveaux \u00e9l\u00e8ves qui sont enti\u00e8rement inscrits.<\/li>\n\n<li>Veuillez consulter le site <a href=\"https:\/\/bsnteamsports.com\/shop\/ag6LWSXmQR\" target=\"_blank\" rel=\"noopener\">BSN Sports d'\u00e9quipe<\/a> pour commander les uniformes de RISE Charter.<\/li>\n\n<li>Cette ann\u00e9e scolaire, tous les \u00e9l\u00e8ves de la maternelle au CM2 devront porter des chemises d'uniforme orange ou grises, tandis que les \u00e9l\u00e8ves du coll\u00e8ge porteront des chemises d'uniforme sarcelle ou marine. Ces couleurs resteront distinctes selon le niveau scolaire afin de pr\u00e9server la coh\u00e9sion et la distinction de chaque division.<\/li>\n<\/ul>","protected":false},"excerpt":{"rendered":"<p>En savoir plus sur les options d'uniformes propos\u00e9es \u00e0 votre enfant \u00e0 RISE. Nous nous habillons pour \u00eatre \u00e0 notre meilleur chaque jour ! Tous les \u00e9l\u00e8ves doivent se pr\u00e9senter \u00e0 l'\u00e9cole avec l'uniforme complet de RISE. Nous pensons que les uniformes favorisent l'appartenance et \u00e9liminent les distractions. Une tenue soign\u00e9e nous aide \u00e0 donner le meilleur de nous-m\u00eames. Des nouvelles passionnantes ! Nous organisons d\u00e9sormais une...<\/p>","protected":false},"author":3,"featured_media":0,"parent":0,"menu_order":6,"comment_status":"closed","ping_status":"closed","template":"","meta":{"footnotes":""},"class_list":["post-5896","page","type-page","status-publish","hentry"],"yoast_head":"<!-- This site is optimized with the Yoast SEO plugin v27.3 - https:\/\/yoast.com\/product\/yoast-seo-wordpress\/ -->\n<title>Uniforms - RISE Charter School<\/title>\n<meta name=\"robots\" content=\"index, follow, max-snippet:-1, max-image-preview:large, max-video-preview:-1\" \/>\n<link rel=\"canonical\" href=\"https:\/\/risese.org\/fr\/uniforms\/\" \/>\n<meta property=\"og:locale\" content=\"fr_FR\" \/>\n<meta property=\"og:type\" content=\"article\" \/>\n<meta property=\"og:title\" content=\"Uniforms - RISE Charter School\" \/>\n<meta property=\"og:description\" content=\"Learn more about what uniform options your child has at RISE. We dress to be our best every day! All scholars must come to school daily in the complete RISE uniform. We believe uniforms foster belonging and eliminate distractions. Dressing sharply helps us put our best foot forward. Exciting News! We will now host a&hellip;\" \/>\n<meta property=\"og:url\" content=\"https:\/\/risese.org\/fr\/uniforms\/\" \/>\n<meta property=\"og:site_name\" content=\"RISE Charter School\" \/>\n<meta property=\"article:modified_time\" content=\"2026-03-05T01:05:31+00:00\" \/>\n<meta name=\"twitter:card\" content=\"summary_large_image\" \/>\n<meta name=\"twitter:label1\" content=\"Dur\u00e9e de lecture estim\u00e9e\" \/>\n\t<meta name=\"twitter:data1\" content=\"1 minute\" \/>\n<script type=\"application\/ld+json\" class=\"yoast-schema-graph\">{\"@context\":\"https:\\\/\\\/schema.org\",\"@graph\":[{\"@type\":\"WebPage\",\"@id\":\"https:\\\/\\\/risese.org\\\/uniforms\\\/\",\"url\":\"https:\\\/\\\/risese.org\\\/uniforms\\\/\",\"name\":\"Uniforms - RISE Charter School\",\"isPartOf\":{\"@id\":\"https:\\\/\\\/risese.org\\\/#website\"},\"datePublished\":\"2025-05-13T04:09:09+00:00\",\"dateModified\":\"2026-03-05T01:05:31+00:00\",\"breadcrumb\":{\"@id\":\"https:\\\/\\\/risese.org\\\/uniforms\\\/#breadcrumb\"},\"inLanguage\":\"fr-FR\",\"potentialAction\":[{\"@type\":\"ReadAction\",\"target\":[\"https:\\\/\\\/risese.org\\\/uniforms\\\/\"]}]},{\"@type\":\"BreadcrumbList\",\"@id\":\"https:\\\/\\\/risese.org\\\/uniforms\\\/#breadcrumb\",\"itemListElement\":[{\"@type\":\"ListItem\",\"position\":1,\"name\":\"Home\",\"item\":\"https:\\\/\\\/risese.org\\\/\"},{\"@type\":\"ListItem\",\"position\":2,\"name\":\"Uniforms\"}]},{\"@type\":\"WebSite\",\"@id\":\"https:\\\/\\\/risese.org\\\/#website\",\"url\":\"https:\\\/\\\/risese.org\\\/\",\"name\":\"RISE Charter School\",\"description\":\"Free Charter School in SE Raleigh\",\"potentialAction\":[{\"@type\":\"SearchAction\",\"target\":{\"@type\":\"EntryPoint\",\"urlTemplate\":\"https:\\\/\\\/risese.org\\\/?s={search_term_string}\"},\"query-input\":{\"@type\":\"PropertyValueSpecification\",\"valueRequired\":true,\"valueName\":\"search_term_string\"}}],\"inLanguage\":\"fr-FR\"}]}<\/script>\n<!-- \/ Yoast SEO plugin. -->","yoast_head_json":{"title":"Uniformes - RISE Charter School","robots":{"index":"index","follow":"follow","max-snippet":"max-snippet:-1","max-image-preview":"max-image-preview:large","max-video-preview":"max-video-preview:-1"},"canonical":"https:\/\/risese.org\/fr\/uniforms\/","og_locale":"fr_FR","og_type":"article","og_title":"Uniforms - RISE Charter School","og_description":"Learn more about what uniform options your child has at RISE. We dress to be our best every day! All scholars must come to school daily in the complete RISE uniform. We believe uniforms foster belonging and eliminate distractions. Dressing sharply helps us put our best foot forward. Exciting News! We will now host a&hellip;","og_url":"https:\/\/risese.org\/fr\/uniforms\/","og_site_name":"RISE Charter School","article_modified_time":"2026-03-05T01:05:31+00:00","twitter_card":"summary_large_image","twitter_misc":{"Dur\u00e9e de lecture estim\u00e9e":"1 minute"},"schema":{"@context":"https:\/\/schema.org","@graph":[{"@type":"WebPage","@id":"https:\/\/risese.org\/uniforms\/","url":"https:\/\/risese.org\/uniforms\/","name":"Uniformes - RISE Charter School","isPartOf":{"@id":"https:\/\/risese.org\/#website"},"datePublished":"2025-05-13T04:09:09+00:00","dateModified":"2026-03-05T01:05:31+00:00","breadcrumb":{"@id":"https:\/\/risese.org\/uniforms\/#breadcrumb"},"inLanguage":"fr-FR","potentialAction":[{"@type":"ReadAction","target":["https:\/\/risese.org\/uniforms\/"]}]},{"@type":"BreadcrumbList","@id":"https:\/\/risese.org\/uniforms\/#breadcrumb","itemListElement":[{"@type":"ListItem","position":1,"name":"Home","item":"https:\/\/risese.org\/"},{"@type":"ListItem","position":2,"name":"Uniforms"}]},{"@type":"WebSite","@id":"https:\/\/risese.org\/#website","url":"https:\/\/risese.org\/","name":"RISE Charter School","description":"\u00c9cole \u00e0 charte gratuite dans le sud-est de Raleigh","potentialAction":[{"@type":"SearchAction","target":{"@type":"EntryPoint","urlTemplate":"https:\/\/risese.org\/?s={search_term_string}"},"query-input":{"@type":"PropertyValueSpecification","valueRequired":true,"valueName":"search_term_string"}}],"inLanguage":"fr-FR"}]}},"_links":{"self":[{"href":"https:\/\/risese.org\/fr\/wp-json\/wp\/v2\/pages\/5896","targetHints":{"allow":["GET"]}}],"collection":[{"href":"https:\/\/risese.org\/fr\/wp-json\/wp\/v2\/pages"}],"about":[{"href":"https:\/\/risese.org\/fr\/wp-json\/wp\/v2\/types\/page"}],"author":[{"embeddable":true,"href":"https:\/\/risese.org\/fr\/wp-json\/wp\/v2\/users\/3"}],"replies":[{"embeddable":true,"href":"https:\/\/risese.org\/fr\/wp-json\/wp\/v2\/comments?post=5896"}],"version-history":[{"count":0,"href":"https:\/\/risese.org\/fr\/wp-json\/wp\/v2\/pages\/5896\/revisions"}],"wp:attachment":[{"href":"https:\/\/risese.org\/fr\/wp-json\/wp\/v2\/media?parent=5896"}],"curies":[{"name":"wp","href":"https:\/\/api.w.org\/{rel}","templated":true}]}}