{"id":5881,"date":"2025-05-02T16:32:15","date_gmt":"2025-05-02T16:32:15","guid":{"rendered":"https:\/\/risese1.wpenginepowered.com\/?page_id=5881"},"modified":"2025-05-02T20:13:20","modified_gmt":"2025-05-02T20:13:20","slug":"our-mission","status":"publish","type":"page","link":"https:\/\/risese.org\/fr\/our-mission\/","title":{"rendered":"Notre mission"},"content":{"rendered":"<h1>\n\t\tNotre mission\n\t<\/h1>\n\t<p>Nous donnons \u00e0 tous nos \u00e9l\u00e8ves les moyens de r\u00e9ussir sur le plan scolaire, de renforcer leur communaut\u00e9 et de d\u00e9couvrir leur voix.<\/p>\n<h2>\n\t\t\u00c0 propos de nous\n\t<\/h2>\n\t<p>\u00c0 RISE Charter School, nous sommes une communaut\u00e9 li\u00e9e par la croyance dans le potentiel illimit\u00e9 de chaque enfant. D\u00e8s qu'un \u00e9l\u00e8ve franchit nos portes, il est accueilli avec des attentes \u00e9lev\u00e9es, un soutien in\u00e9branlable et les outils dont il a besoin pour s'\u00e9lever - sur le plan acad\u00e9mique, personnel et en tant que futur leader.<\/p>\n<p>Fond\u00e9e en 2015, notre mission \u00e9tait claire : donner aux \u00e9l\u00e8ves du sud-est de Raleigh l'acc\u00e8s \u00e0 une \u00e9ducation qui non seulement r\u00e9pond aux attentes, mais les d\u00e9passe largement. En 2020, nous sommes devenus RISE, une \u00e9cole \u00e0 charte ind\u00e9pendante et \u00e0 but non lucratif, renfor\u00e7ant ainsi notre engagement en faveur de l'excellence et notre impact sur la communaut\u00e9 que nous servons.<\/p>\n<p>Aujourd'hui, nous nous pr\u00e9sentons comme un phare de possibilit\u00e9s. Au service des \u00e9l\u00e8ves de la maternelle \u00e0 la 8e ann\u00e9e, nous combinons un enseignement rigoureux avec un d\u00e9veloppement intentionnel du caract\u00e8re, afin de former des \u00e9l\u00e8ves pr\u00e9par\u00e9s \u00e0 diriger dans la salle de classe et au-del\u00e0. Notre approche combine des outils d'apprentissage de pointe, un accent sur les arts et l'athl\u00e9tisme, et des exp\u00e9riences de leadership dans le monde r\u00e9el pour cultiver des penseurs, des cr\u00e9ateurs et des acteurs du changement.<\/p>\n\t<p>Ce qui diff\u00e9rencie RISE, c'est notre engagement en faveur de l'excellence personnalis\u00e9e : nous rencontrons chaque \u00e9l\u00e8ve l\u00e0 o\u00f9 il se trouve et nous le propulsons vers l'avant. Nous comblons les lacunes de ceux qui ont besoin de soutien tout en veillant \u00e0 ce que nos \u00e9l\u00e8ves les plus performants atteignent des sommets encore plus \u00e9lev\u00e9s. Nos r\u00e9sultats parlent d'eux-m\u00eames : nous figurons parmi les \u00e9coles \u00e0 charte les plus performantes en termes de croissance scolaire en Caroline du Nord. Mais les chiffres ne disent qu'une partie de l'histoire. La v\u00e9ritable mesure de notre succ\u00e8s se trouve dans la confiance, la r\u00e9silience et les r\u00e9alisations de nos \u00e9l\u00e8ves.<\/p>\n<p>Notre histoire est celle de la pers\u00e9v\u00e9rance et du progr\u00e8s. L'histoire d'une \u00e9cole qui refuse la m\u00e9diocrit\u00e9 et exige au contraire l'excellence pour tous. Nous ne nous contentons pas de pr\u00e9parer les \u00e9l\u00e8ves \u00e0 passer dans la classe sup\u00e9rieure, nous les pr\u00e9parons \u00e0 diriger, \u00e0 r\u00eaver avec audace et \u00e0 fa\u00e7onner leur avenir avec conviction.<\/p>\n<p>C'est la RISE Charter School, o\u00f9 les \u00e9l\u00e8ves ne se contentent pas d'apprendre, mais s'\u00e9l\u00e8vent.<\/p>\n\t\t\t\t<img loading=\"lazy\" decoding=\"async\" src=\"https:\/\/risese.org\/wp-content\/uploads\/2025\/05\/Rectangle-53-3.jpg\" alt=\"Rectangle 53 (3)\" itemprop=\"image\" height=\"384\" width=\"992\" title=\"Rectangle 53 (3)\" onerror=\"this.style.display='none'\"  \/>\n<h2>\n\t\tValeurs fondamentales\n\t<\/h2>\n<h3>\n\t\tLa r\u00e9silience\n\t<\/h3>\n<h4>\n\t\tNous n'abandonnons pas, nous grandissons.\n\t<\/h4>\n\t<p>La r\u00e9silience consiste \u00e0 relever les d\u00e9fis, \u00e0 apprendre de ses erreurs et \u00e0 aller de l'avant avec d\u00e9termination. Nous affrontons les obstacles avec courage, sachant que l'effort et la pers\u00e9v\u00e9rance m\u00e8nent au succ\u00e8s. Quoi qu'il arrive, nous nous relevons plus forts, plus intelligents et mieux pr\u00e9par\u00e9s pour l'avenir.<\/p>\n<h3>\n\t\tInt\u00e9grit\u00e9\n\t<\/h3>\n<h4>\n\t\tNous faisons ce qui est juste, m\u00eame lorsque personne ne nous regarde.\n\t<\/h4>\n\t<p>L'int\u00e9grit\u00e9 consiste \u00e0 \u00eatre honn\u00eate, responsable et respectueux dans toutes les situations. Chez RISE, nous sommes fiers de nos paroles et de nos actes, car nous savons qu'un caract\u00e8re fort est source de confiance, de respect et de r\u00e9ussite durable.<\/p>\n<h3>\n\t\tBourse d'\u00e9tudes\n\t<\/h3>\n<h4>\n\t\tNous aimons apprendre et nous cherchons \u00e0 progresser chaque jour.\n\t<\/h4>\n\t<p>L'\u00e9rudition implique de faire preuve de curiosit\u00e9, de poser des questions et de se mettre au d\u00e9fi de mieux comprendre. Chez RISE, nous sommes convaincus que l'apprentissage est une aventure qui dure toute la vie, et nous sommes impatients d'explorer, de grandir et de d\u00e9couvrir ensemble.<\/p>\n<h3>\n\t\tL'excellence\n\t<\/h3>\n<h4>\n\t\tNous visons haut et donnons le meilleur de nous-m\u00eames chaque jour.\n\t<\/h4>\n\t<p>L'excellence, c'est faire de son mieux dans tout ce que l'on fait, s'efforcer de progresser et ne jamais se contenter de moins. Chez RISE, nous nous mettons au d\u00e9fi de nous am\u00e9liorer continuellement et d'atteindre de nouveaux sommets, \u00e0 la fois en tant qu'apprenants et en tant qu'individus.<\/p>\n<h2>\n\t\tPourquoi RISE ?\n\t<\/h2>\n\t<p>D\u00e9couvrez pourquoi les familles choisissent RISE, une \u00e9cole publique \u00e0 charte 1% qui allie l'excellence acad\u00e9mique, l'apprentissage personnalis\u00e9 et une communaut\u00e9 ax\u00e9e sur les valeurs pour aider chaque \u00e9l\u00e8ve \u00e0 s'\u00e9panouir.<\/p>\n\t\t\t<a href=\"https:\/\/risese.org\/fr\/why-rise\/\" target=\"_self\">\n\t\t\t\t\t\t\tEn savoir plus\n\t\t\t\t\t<\/a>","protected":false},"excerpt":{"rendered":"<p>Notre mission Nous donnons \u00e0 tous nos \u00e9l\u00e8ves les moyens de r\u00e9ussir sur le plan scolaire, de renforcer leur communaut\u00e9 et de d\u00e9couvrir leur voix. \u00c0 propos de nous \u00c0 la RISE Charter School, nous sommes une communaut\u00e9 li\u00e9e par la croyance dans le potentiel illimit\u00e9 de chaque enfant. D\u00e8s qu'un \u00e9l\u00e8ve franchit nos portes, il est accueilli par des attentes \u00e9lev\u00e9es, des...<\/p>","protected":false},"author":3,"featured_media":0,"parent":0,"menu_order":0,"comment_status":"closed","ping_status":"closed","template":"","meta":{"footnotes":""},"class_list":["post-5881","page","type-page","status-publish","hentry"],"yoast_head":"<!-- This site is optimized with the Yoast SEO plugin v27.5 - https:\/\/yoast.com\/product\/yoast-seo-wordpress\/ -->\n<title>Our Mission - RISE Charter School<\/title>\n<meta name=\"robots\" content=\"index, follow, max-snippet:-1, max-image-preview:large, max-video-preview:-1\" \/>\n<link rel=\"canonical\" href=\"https:\/\/risese.org\/fr\/our-mission\/\" \/>\n<meta property=\"og:locale\" content=\"fr_FR\" \/>\n<meta property=\"og:type\" content=\"article\" \/>\n<meta property=\"og:title\" content=\"Our Mission - RISE Charter School\" \/>\n<meta property=\"og:description\" content=\"Our Mission We empower all of our scholars to thrive academically, strengthen their community, and discover their voice. About Us At RISE Charter School, we are a community bound by the belief in the limitless potential of every child. From the moment a scholar walks through our doors, they are met with high expectations, unwavering&hellip;\" \/>\n<meta property=\"og:url\" content=\"https:\/\/risese.org\/fr\/our-mission\/\" \/>\n<meta property=\"og:site_name\" content=\"RISE Charter School\" \/>\n<meta property=\"article:modified_time\" content=\"2025-05-02T20:13:20+00:00\" \/>\n<meta property=\"og:image\" content=\"https:\/\/risese.org\/wp-content\/uploads\/2025\/05\/Rectangle-53-3.jpg\" \/>\n<meta name=\"twitter:card\" content=\"summary_large_image\" \/>\n<script type=\"application\/ld+json\" class=\"yoast-schema-graph\">{\"@context\":\"https:\\\/\\\/schema.org\",\"@graph\":[{\"@type\":\"WebPage\",\"@id\":\"https:\\\/\\\/risese.org\\\/our-mission\\\/\",\"url\":\"https:\\\/\\\/risese.org\\\/our-mission\\\/\",\"name\":\"Our Mission - RISE Charter School\",\"isPartOf\":{\"@id\":\"https:\\\/\\\/risese.org\\\/#website\"},\"primaryImageOfPage\":{\"@id\":\"https:\\\/\\\/risese.org\\\/our-mission\\\/#primaryimage\"},\"image\":{\"@id\":\"https:\\\/\\\/risese.org\\\/our-mission\\\/#primaryimage\"},\"thumbnailUrl\":\"https:\\\/\\\/risese.org\\\/wp-content\\\/uploads\\\/2025\\\/05\\\/Rectangle-53-3.jpg\",\"datePublished\":\"2025-05-02T16:32:15+00:00\",\"dateModified\":\"2025-05-02T20:13:20+00:00\",\"breadcrumb\":{\"@id\":\"https:\\\/\\\/risese.org\\\/our-mission\\\/#breadcrumb\"},\"inLanguage\":\"fr-FR\",\"potentialAction\":[{\"@type\":\"ReadAction\",\"target\":[\"https:\\\/\\\/risese.org\\\/our-mission\\\/\"]}]},{\"@type\":\"ImageObject\",\"inLanguage\":\"fr-FR\",\"@id\":\"https:\\\/\\\/risese.org\\\/our-mission\\\/#primaryimage\",\"url\":\"https:\\\/\\\/risese.org\\\/wp-content\\\/uploads\\\/2025\\\/05\\\/Rectangle-53-3.jpg\",\"contentUrl\":\"https:\\\/\\\/risese.org\\\/wp-content\\\/uploads\\\/2025\\\/05\\\/Rectangle-53-3.jpg\"},{\"@type\":\"BreadcrumbList\",\"@id\":\"https:\\\/\\\/risese.org\\\/our-mission\\\/#breadcrumb\",\"itemListElement\":[{\"@type\":\"ListItem\",\"position\":1,\"name\":\"Home\",\"item\":\"https:\\\/\\\/risese.org\\\/\"},{\"@type\":\"ListItem\",\"position\":2,\"name\":\"Our Mission\"}]},{\"@type\":\"WebSite\",\"@id\":\"https:\\\/\\\/risese.org\\\/#website\",\"url\":\"https:\\\/\\\/risese.org\\\/\",\"name\":\"RISE Charter School\",\"description\":\"Free Charter School in SE Raleigh\",\"potentialAction\":[{\"@type\":\"SearchAction\",\"target\":{\"@type\":\"EntryPoint\",\"urlTemplate\":\"https:\\\/\\\/risese.org\\\/?s={search_term_string}\"},\"query-input\":{\"@type\":\"PropertyValueSpecification\",\"valueRequired\":true,\"valueName\":\"search_term_string\"}}],\"inLanguage\":\"fr-FR\"}]}<\/script>\n<!-- \/ Yoast SEO plugin. -->","yoast_head_json":{"title":"Notre mission - RISE Charter School","robots":{"index":"index","follow":"follow","max-snippet":"max-snippet:-1","max-image-preview":"max-image-preview:large","max-video-preview":"max-video-preview:-1"},"canonical":"https:\/\/risese.org\/fr\/our-mission\/","og_locale":"fr_FR","og_type":"article","og_title":"Our Mission - RISE Charter School","og_description":"Our Mission We empower all of our scholars to thrive academically, strengthen their community, and discover their voice. About Us At RISE Charter School, we are a community bound by the belief in the limitless potential of every child. From the moment a scholar walks through our doors, they are met with high expectations, unwavering&hellip;","og_url":"https:\/\/risese.org\/fr\/our-mission\/","og_site_name":"RISE Charter School","article_modified_time":"2025-05-02T20:13:20+00:00","og_image":[{"url":"https:\/\/risese.org\/wp-content\/uploads\/2025\/05\/Rectangle-53-3.jpg","type":"","width":"","height":""}],"twitter_card":"summary_large_image","schema":{"@context":"https:\/\/schema.org","@graph":[{"@type":"WebPage","@id":"https:\/\/risese.org\/our-mission\/","url":"https:\/\/risese.org\/our-mission\/","name":"Notre mission - RISE Charter School","isPartOf":{"@id":"https:\/\/risese.org\/#website"},"primaryImageOfPage":{"@id":"https:\/\/risese.org\/our-mission\/#primaryimage"},"image":{"@id":"https:\/\/risese.org\/our-mission\/#primaryimage"},"thumbnailUrl":"https:\/\/risese.org\/wp-content\/uploads\/2025\/05\/Rectangle-53-3.jpg","datePublished":"2025-05-02T16:32:15+00:00","dateModified":"2025-05-02T20:13:20+00:00","breadcrumb":{"@id":"https:\/\/risese.org\/our-mission\/#breadcrumb"},"inLanguage":"fr-FR","potentialAction":[{"@type":"ReadAction","target":["https:\/\/risese.org\/our-mission\/"]}]},{"@type":"ImageObject","inLanguage":"fr-FR","@id":"https:\/\/risese.org\/our-mission\/#primaryimage","url":"https:\/\/risese.org\/wp-content\/uploads\/2025\/05\/Rectangle-53-3.jpg","contentUrl":"https:\/\/risese.org\/wp-content\/uploads\/2025\/05\/Rectangle-53-3.jpg"},{"@type":"BreadcrumbList","@id":"https:\/\/risese.org\/our-mission\/#breadcrumb","itemListElement":[{"@type":"ListItem","position":1,"name":"Home","item":"https:\/\/risese.org\/"},{"@type":"ListItem","position":2,"name":"Our Mission"}]},{"@type":"WebSite","@id":"https:\/\/risese.org\/#website","url":"https:\/\/risese.org\/","name":"RISE Charter School","description":"\u00c9cole \u00e0 charte gratuite dans le sud-est de Raleigh","potentialAction":[{"@type":"SearchAction","target":{"@type":"EntryPoint","urlTemplate":"https:\/\/risese.org\/?s={search_term_string}"},"query-input":{"@type":"PropertyValueSpecification","valueRequired":true,"valueName":"search_term_string"}}],"inLanguage":"fr-FR"}]}},"_links":{"self":[{"href":"https:\/\/risese.org\/fr\/wp-json\/wp\/v2\/pages\/5881","targetHints":{"allow":["GET"]}}],"collection":[{"href":"https:\/\/risese.org\/fr\/wp-json\/wp\/v2\/pages"}],"about":[{"href":"https:\/\/risese.org\/fr\/wp-json\/wp\/v2\/types\/page"}],"author":[{"embeddable":true,"href":"https:\/\/risese.org\/fr\/wp-json\/wp\/v2\/users\/3"}],"replies":[{"embeddable":true,"href":"https:\/\/risese.org\/fr\/wp-json\/wp\/v2\/comments?post=5881"}],"version-history":[{"count":0,"href":"https:\/\/risese.org\/fr\/wp-json\/wp\/v2\/pages\/5881\/revisions"}],"wp:attachment":[{"href":"https:\/\/risese.org\/fr\/wp-json\/wp\/v2\/media?parent=5881"}],"curies":[{"name":"wp","href":"https:\/\/api.w.org\/{rel}","templated":true}]}}