{"id":5864,"date":"2025-04-26T01:27:11","date_gmt":"2025-04-26T01:27:11","guid":{"rendered":"https:\/\/risese1.wpenginepowered.com\/?page_id=5864"},"modified":"2025-07-24T20:50:32","modified_gmt":"2025-07-24T20:50:32","slug":"academics","status":"publish","type":"page","link":"https:\/\/risese.org\/fr\/academics\/","title":{"rendered":"\u00c9cole acad\u00e9mique"},"content":{"rendered":"<h1>\n\t\t\tL'enseignement : L'\u00e9panouissement des \u00e9tudiants\t<\/h1>\n\t<p>Nous pensons que chaque enfant m\u00e9rite une \u00e9ducation rigoureuse et stimulante.<\/p>\n<h2>\n\t\t\tContinuez \u00e0 vous d\u00e9velopper avec les kits d'apprentissage d'\u00e9t\u00e9\t<\/h2>\n\t<p>L'apprentissage ne s'arr\u00eate pas \u00e0 la fin de l'ann\u00e9e scolaire. Nos kits d'\u00e9t\u00e9 sont con\u00e7us pour aider les \u00e9l\u00e8ves \u00e0 continuer \u00e0 apprendre et \u00e0 se pr\u00e9parer \u00e0 se relever au cours de l'ann\u00e9e scolaire suivante.<\/p>\n\t\u2713 Renforcer les comp\u00e9tences cl\u00e9s de l'ann\u00e9e scolaire<br \/>\n\u2713 Pr\u00e9venir les pertes d'apprentissage en \u00e9t\u00e9<br \/>\n\u2713 Renforcer la confiance pour l'ann\u00e9e \u00e0 venir\n\tGardons nos \u00e9l\u00e8ves curieux, confiants et pr\u00eats \u00e0 s'\u00e9lever !<br \/>\n<strong>T\u00e9l\u00e9chargez votre dossier ci-dessous.<\/strong>\n\t\t\t<a href=\"https:\/\/risese.org\/wp-content\/uploads\/2025\/07\/Rising-Kindergarten-Summer-Packet.pdf\" download target=\"_blank\" rel=\"noopener\">\n\t\t\t\t\t\t\tJardin d'enfants\n\t\t\t\t\t<\/a>\n\t\t\t<a href=\"https:\/\/risese.org\/wp-content\/uploads\/2025\/07\/Rising-1st-Grade-Summer-Packet.pdf\" download target=\"_blank\" rel=\"noopener\">\n\t\t\t\t\t\t\t\u00c9l\u00e8ve de 1\u00e8re ann\u00e9e\n\t\t\t\t\t<\/a>\n\t\t\t<a href=\"https:\/\/risese.org\/wp-content\/uploads\/2025\/07\/Rising-2nd-Grade-Summer-Packet-1.pdf\" download target=\"_blank\" rel=\"noopener\">\n\t\t\t\t\t\t\t\u00c9l\u00e8ve de 2e ann\u00e9e\n\t\t\t\t\t<\/a>\n\t\t\t<a href=\"https:\/\/risese.org\/wp-content\/uploads\/2025\/07\/Rising-3rd-grade-packet_Summer.pdf\" download target=\"_blank\" rel=\"noopener\">\n\t\t\t\t\t\t\t\u00c9l\u00e8ve de 3e ann\u00e9e\n\t\t\t\t\t<\/a>\n\t\t\t<a href=\"https:\/\/risese.org\/wp-content\/uploads\/2025\/07\/Rising-4th-grade-packet_Summer.pdf\" download target=\"_blank\" rel=\"noopener\">\n\t\t\t\t\t\t\t\u00c9l\u00e8ve de 4e ann\u00e9e\n\t\t\t\t\t<\/a>\n\t\t\t<a href=\"https:\/\/risese.org\/wp-content\/uploads\/2025\/07\/Rising-5th-grade-packet_Summer.pdf\" download target=\"_blank\" rel=\"noopener\">\n\t\t\t\t\t\t\t\u00c9l\u00e8ve de 5e ann\u00e9e\n\t\t\t\t\t<\/a>\n\t\t\t<a href=\"https:\/\/risese.org\/wp-content\/uploads\/2025\/07\/Rising-6th-grade-packet_Summer.pdf\" download target=\"_blank\" rel=\"noopener\">\n\t\t\t\t\t\t\t\u00c9l\u00e8ve de 6e ann\u00e9e\n\t\t\t\t\t<\/a>\n<h2>\n\t\t\tUne approche holistique de l'apprentissage\t<\/h2>\n\t<p>Nous nous concentrons sur trois piliers cl\u00e9s pour veiller \u00e0 ce que chaque \u00e9l\u00e8ve soit pr\u00e9par\u00e9 \u00e0 r\u00e9ussir \u00e0 l'\u00e9cole et au-del\u00e0.<\/p>\n\t\t\t\t<img decoding=\"async\" src=\"https:\/\/risese.org\/wp-content\/uploads\/2025\/04\/Rectangle-53-1.png\" alt=\"Rectangle 53 (1)\" itemprop=\"image\" title=\"Rectangle 53 (1)\" onerror=\"this.style.display='none'\" loading='lazy' \/>\n\t\t\t\t<img decoding=\"async\" src=\"https:\/\/risese.org\/wp-content\/uploads\/2025\/02\/logic-icon.png\" alt=\"logic icon\" itemprop=\"image\" height=\"104\" width=\"93\" title=\"ic\u00f4ne de logique\" onerror=\"this.style.display='none'\" loading='lazy' \/>\n<h3>\n\t\t\tExcellence acad\u00e9mique\t<\/h3>\n\t<p>Un programme d'\u00e9tudes structur\u00e9, fond\u00e9 sur la recherche, qui incite les \u00e9l\u00e8ves \u00e0 faire preuve d'esprit critique et \u00e0 ma\u00eetriser des concepts complexes.<\/p>\n\t\t\t\t<img decoding=\"async\" src=\"https:\/\/risese.org\/wp-content\/uploads\/2025\/02\/handshake-icon.png\" alt=\"handshake icon\" itemprop=\"image\" height=\"101\" width=\"104\" title=\"ic\u00f4ne de la poign\u00e9e de main\" onerror=\"this.style.display='none'\" loading='lazy' \/>\n<h3>\n\t\t\tD\u00e9veloppement des personnages\t<\/h3>\n\t<p>Des valeurs fondamentales telles que la r\u00e9silience, l'int\u00e9grit\u00e9, l'\u00e9rudition et l'excellence sont int\u00e9gr\u00e9es dans l'apprentissage quotidien, aidant les \u00e9l\u00e8ves \u00e0 d\u00e9velopper des comp\u00e9tences solides en mati\u00e8re de leadership et de prise de d\u00e9cision.<\/p>\n\t\t\t\t<img decoding=\"async\" src=\"https:\/\/risese.org\/wp-content\/uploads\/2025\/02\/search-user-icon.png\" alt=\"search-user icon\" itemprop=\"image\" height=\"98\" width=\"98\" title=\"ic\u00f4ne recherche-utilisateur\" onerror=\"this.style.display='none'\" loading='lazy' \/>\n<h3>\n\t\t\tEngagement communautaire\t<\/h3>\n\t<p>Les boursiers appliquent leur apprentissage \u00e0 des exp\u00e9riences concr\u00e8tes par le biais de projets de service, de sorties sur le terrain et de programmes d'enrichissement.<\/p>\n<h2>\n\t\t\tCe \u00e0 quoi les parents peuvent s'attendre\t<\/h2>\n\t<p>Choisir la bonne \u00e9cole pour votre enfant est une d\u00e9cision importante.<\/p>\n<h3>\n\t\t\t\u00c9cole primaire (K-5)\t<\/h3>\n\t<p>Dans les premi\u00e8res ann\u00e9es, nous nous concentrons sur la construction de bases acad\u00e9miques solides tout en encourageant l'amour de l'apprentissage.<\/p>\n<strong> \u00a0 Enseignement structur\u00e9 de la lecture, de l'\u00e9criture et des math\u00e9matiques<\/strong><br \/>\nNous utilisons le programme OpenUp EL pour l'enseignement de l'anglais et Eureka Math Squared pour veiller \u00e0 ce que les \u00e9l\u00e8ves d\u00e9veloppent des comp\u00e9tences essentielles en mati\u00e8re de lecture, d'\u00e9criture et de r\u00e9solution de probl\u00e8mes.\n<strong> \u00a0 Enrichissement quotidien et cr\u00e9ativit\u00e9<\/strong><br \/>\nLes boursiers participent \u00e0 des activit\u00e9s artistiques, musicales et d'\u00e9ducation physique afin d'encourager l'expression personnelle et le bien-\u00eatre.\n<strong> \u00a0 \u00a0Croissance socio-\u00e9motionnelle<\/strong><br \/>\nLes r\u00e9unions du matin et les le\u00e7ons de caract\u00e8re aident \u00e0 d\u00e9velopper la confiance, l'empathie et la r\u00e9silience.\n<strong> \u00a0 Des routines d'apprentissage solides<\/strong><br \/>\nLes boursiers s'adonnent \u00e0 des lectures nocturnes et \u00e0 des devoirs \u00e0 la maison pour renforcer l'apprentissage en classe et d\u00e9velopper de solides habitudes d'\u00e9tude.\n<strong>\u00a0 Kit de pr\u00e9paration \u00e0 l'\u00e9cole maternelle<\/strong><br \/>\n<a href=\"https:\/\/risese.org\/wp-content\/uploads\/2025\/07\/RISE-Parent-Academy_-Kindergarten-Readiness.pdf\" target=\"_blank\" rel=\"noopener\">Ce paquet<\/a> propose des \u00e9tapes pour aider les enfants \u00e0 d\u00e9velopper des comp\u00e9tences scolaires, sociales et d'autonomie essentielles au cours de l'\u00e9t\u00e9. Il comprend des routines utiles, des activit\u00e9s de pr\u00e9paration et des d\u00e9tails sur le programme Early Start pour assurer un d\u00e9but confiant et joyeux \u00e0 l'\u00e9cole maternelle.\n<h3>\n\t\t\tColl\u00e8ge (6-8)\t<\/h3>\n\tAu fur et \u00e0 mesure que les \u00e9l\u00e8ves grandissent, nous les poussons \u00e0 plus d'ind\u00e9pendance, \u00e0 un apprentissage plus approfondi et \u00e0 des opportunit\u00e9s de leadership.<br \/>\n&nbsp;<br \/>\n<strong>\u00a0 Enseignement sup\u00e9rieur<\/strong><br \/>\nLes boursiers suivent un emploi du temps personnalis\u00e9 avec des cours ax\u00e9s sur des mati\u00e8res sp\u00e9cifiques pour se pr\u00e9parer \u00e0 l'\u00e9cole secondaire.<br \/>\n&nbsp;<br \/>\n<strong>\u00a0 Choix et exploration<\/strong><br \/>\nDes cours facultatifs, des groupes consultatifs et des possibilit\u00e9s d'exploration de carri\u00e8re permettent aux \u00e9tudiants de d\u00e9couvrir leurs passions.<br \/>\n&nbsp;<br \/>\n<strong>\u00a0 Leadership et service<\/strong><br \/>\nLes boursiers participent \u00e0 des assembl\u00e9es de caract\u00e8re, \u00e0 des projets de service et au gouvernement \u00e9tudiant afin de d\u00e9velopper des comp\u00e9tences de leadership dans le monde r\u00e9el.<br \/>\n&nbsp;<br \/>\n<strong>\u00a0 Responsabilit\u00e9 et habitudes d'\u00e9tude<\/strong><br \/>\nDes lectures nocturnes, des devoirs et un soutien structur\u00e9 permettent aux \u00e9l\u00e8ves de rester sur la bonne voie pour une r\u00e9ussite \u00e0 long terme.\n<h2>\n\t\t\tUn environnement d'apprentissage con\u00e7u pour la r\u00e9ussite\t<\/h2>\n\t<p>Nous savons que des enseignants de qualit\u00e9, des relations solides et des classes stimulantes font toute la diff\u00e9rence dans l'\u00e9ducation d'un enfant.<\/p>\n<h3>\n\t\t\tDES CLASSES DE PETITE TAILLE\t<\/h3>\n\t<p>Les boursiers b\u00e9n\u00e9ficient d'une attention personnalis\u00e9e, avec des classes de 16 \u00e0 24 \u00e9l\u00e8ves \u00e0 l'\u00e9cole \u00e9l\u00e9mentaire et de 20 \u00e0 26 \u00e9l\u00e8ves au coll\u00e8ge.<\/p>\n<h3>\n\t\t\tDES ENSEIGNANTS EXCEPTIONNELS\t<\/h3>\n\t<p>Nos \u00e9ducateurs \u00e9tablissent des relations solides avec les familles, communiquent r\u00e9guli\u00e8rement et encouragent l'amour de la lecture et de l'apprentissage chez chaque \u00e9l\u00e8ve.<\/p>\n<h3>\n\t\t\tLA TECHNOLOGIE COMME OUTIL\t<\/h3>\n\t<p>Les \u00e9l\u00e8ves ont acc\u00e8s \u00e0 Google Classroom et \u00e0 des appareils fournis par l'\u00e9cole, mais les t\u00e9l\u00e9phones portables sont interdits pendant les heures de cours afin de maintenir l'attention sur l'apprentissage.<\/p>\n<h3>\n\t\t\tHANDS-ON <br \/>UN APPRENTISSAGE ENGAGEANT\t<\/h3>\n\t<p>Les enseignants utilisent des stations, des projets collaboratifs et des discussions interactives pour donner vie \u00e0 l'apprentissage.<\/p>\n<h2>\n\t\t\tD\u00e9couvrez ce qui rend RISE unique\t<\/h2>\n\t<p>De l'\u00e9ducation fond\u00e9e sur des valeurs au soutien solide de la communaut\u00e9, nous veillons \u00e0 ce que chaque \u00e9l\u00e8ve soit pr\u00eat \u00e0 r\u00e9ussir. Vous souhaitez en savoir plus sur ce qui fait la sp\u00e9cificit\u00e9 de RISE ?<\/p>\n\t\t\t<a href=\"https:\/\/risese.org\/fr\/why-rise\/\" target=\"_self\">\n\t\t\t\t\t\t\tEn savoir plus\n\t\t\t\t\t<\/a>\n<h2>\n\t\t\tPr\u00e9parer les boursiers \u00e0 un avenir radieux\t<\/h2>\n\t<p>Des salles de classe portant le nom d'une universit\u00e9 \u00e0 l'\u00e9cole primaire \u00e0 l'exploration des carri\u00e8res au coll\u00e8ge, nous veillons \u00e0 ce que les \u00e9l\u00e8ves consid\u00e8rent l'\u00e9cole secondaire, l'universit\u00e9 et la r\u00e9ussite professionnelle comme des possibilit\u00e9s r\u00e9elles.<\/p>\n<p>Nous incitons les \u00e9l\u00e8ves \u00e0 se fixer des objectifs ambitieux, \u00e0 travailler dur et \u00e0 s'approprier leur apprentissage. Nous nous attachons \u00e0 d\u00e9velopper la confiance, les comp\u00e9tences et l'\u00e9tat d'esprit n\u00e9cessaires pour s'\u00e9panouir \u00e0 l'\u00e9cole, au sein de leur communaut\u00e9 et dans la vie.<\/p>","protected":false},"excerpt":{"rendered":"<p>L'enseignement : L\u00e0 o\u00f9 les \u00e9l\u00e8ves s'\u00e9panouissent Nous pensons que chaque enfant m\u00e9rite une \u00e9ducation rigoureuse et inspirante. Continuer \u00e0 progresser gr\u00e2ce aux kits d'apprentissage d'\u00e9t\u00e9 L'apprentissage ne s'arr\u00eate pas \u00e0 la fin de l'ann\u00e9e scolaire. Nos kits d'\u00e9t\u00e9 sont con\u00e7us pour aider les \u00e9l\u00e8ves \u00e0 continuer \u00e0 apprendre et \u00e0 se pr\u00e9parer \u00e0 se relever au cours de l'ann\u00e9e scolaire suivante. \u2713 Renforcer les comp\u00e9tences cl\u00e9s de l'\u00e9cole...<\/p>","protected":false},"author":3,"featured_media":0,"parent":0,"menu_order":0,"comment_status":"closed","ping_status":"closed","template":"","meta":{"footnotes":""},"class_list":["post-5864","page","type-page","status-publish","hentry"],"yoast_head":"<!-- This site is optimized with the Yoast SEO plugin v27.3 - https:\/\/yoast.com\/product\/yoast-seo-wordpress\/ -->\n<title>School Academics - RISE Charter School<\/title>\n<meta name=\"robots\" content=\"index, follow, max-snippet:-1, max-image-preview:large, max-video-preview:-1\" \/>\n<link rel=\"canonical\" href=\"https:\/\/risese.org\/fr\/academics\/\" \/>\n<meta property=\"og:locale\" content=\"fr_FR\" \/>\n<meta property=\"og:type\" content=\"article\" \/>\n<meta property=\"og:title\" content=\"School Academics - RISE Charter School\" \/>\n<meta property=\"og:description\" content=\"Academics: Where Scholars Thrive We believe every child deserves a rigorous and inspiring education. Keep Growing with Summer Learning Packets Learning doesn&#8217;t stop when the school year ends. Our summer packets are designed to help scholars continue to learn and prepare to RISE in the next school year. \u2713 Reinforce key skills from the school&hellip;\" \/>\n<meta property=\"og:url\" content=\"https:\/\/risese.org\/fr\/academics\/\" \/>\n<meta property=\"og:site_name\" content=\"RISE Charter School\" \/>\n<meta property=\"article:modified_time\" content=\"2025-07-24T20:50:32+00:00\" \/>\n<meta property=\"og:image\" content=\"http:\/\/risese.org\/wp-content\/uploads\/2025\/04\/Rectangle-53-1.png\" \/>\n<meta name=\"twitter:card\" content=\"summary_large_image\" \/>\n<meta name=\"twitter:label1\" content=\"Dur\u00e9e de lecture estim\u00e9e\" \/>\n\t<meta name=\"twitter:data1\" content=\"4 minutes\" \/>\n<script type=\"application\/ld+json\" class=\"yoast-schema-graph\">{\"@context\":\"https:\\\/\\\/schema.org\",\"@graph\":[{\"@type\":\"WebPage\",\"@id\":\"https:\\\/\\\/risese.org\\\/academics\\\/\",\"url\":\"https:\\\/\\\/risese.org\\\/academics\\\/\",\"name\":\"School Academics - RISE Charter School\",\"isPartOf\":{\"@id\":\"https:\\\/\\\/risese.org\\\/#website\"},\"primaryImageOfPage\":{\"@id\":\"https:\\\/\\\/risese.org\\\/academics\\\/#primaryimage\"},\"image\":{\"@id\":\"https:\\\/\\\/risese.org\\\/academics\\\/#primaryimage\"},\"thumbnailUrl\":\"https:\\\/\\\/risese.org\\\/wp-content\\\/uploads\\\/2025\\\/04\\\/Rectangle-53-1.png\",\"datePublished\":\"2025-04-26T01:27:11+00:00\",\"dateModified\":\"2025-07-24T20:50:32+00:00\",\"breadcrumb\":{\"@id\":\"https:\\\/\\\/risese.org\\\/academics\\\/#breadcrumb\"},\"inLanguage\":\"fr-FR\",\"potentialAction\":[{\"@type\":\"ReadAction\",\"target\":[\"https:\\\/\\\/risese.org\\\/academics\\\/\"]}]},{\"@type\":\"ImageObject\",\"inLanguage\":\"fr-FR\",\"@id\":\"https:\\\/\\\/risese.org\\\/academics\\\/#primaryimage\",\"url\":\"https:\\\/\\\/risese.org\\\/wp-content\\\/uploads\\\/2025\\\/04\\\/Rectangle-53-1.png\",\"contentUrl\":\"https:\\\/\\\/risese.org\\\/wp-content\\\/uploads\\\/2025\\\/04\\\/Rectangle-53-1.png\"},{\"@type\":\"BreadcrumbList\",\"@id\":\"https:\\\/\\\/risese.org\\\/academics\\\/#breadcrumb\",\"itemListElement\":[{\"@type\":\"ListItem\",\"position\":1,\"name\":\"Home\",\"item\":\"https:\\\/\\\/risese.org\\\/\"},{\"@type\":\"ListItem\",\"position\":2,\"name\":\"School Academics\"}]},{\"@type\":\"WebSite\",\"@id\":\"https:\\\/\\\/risese.org\\\/#website\",\"url\":\"https:\\\/\\\/risese.org\\\/\",\"name\":\"RISE Charter School\",\"description\":\"Free Charter School in SE Raleigh\",\"potentialAction\":[{\"@type\":\"SearchAction\",\"target\":{\"@type\":\"EntryPoint\",\"urlTemplate\":\"https:\\\/\\\/risese.org\\\/?s={search_term_string}\"},\"query-input\":{\"@type\":\"PropertyValueSpecification\",\"valueRequired\":true,\"valueName\":\"search_term_string\"}}],\"inLanguage\":\"fr-FR\"}]}<\/script>\n<!-- \/ Yoast SEO plugin. -->","yoast_head_json":{"title":"\u00c9cole acad\u00e9mique - RISE Charter School","robots":{"index":"index","follow":"follow","max-snippet":"max-snippet:-1","max-image-preview":"max-image-preview:large","max-video-preview":"max-video-preview:-1"},"canonical":"https:\/\/risese.org\/fr\/academics\/","og_locale":"fr_FR","og_type":"article","og_title":"School Academics - RISE Charter School","og_description":"Academics: Where Scholars Thrive We believe every child deserves a rigorous and inspiring education. Keep Growing with Summer Learning Packets Learning doesn&#8217;t stop when the school year ends. Our summer packets are designed to help scholars continue to learn and prepare to RISE in the next school year. \u2713 Reinforce key skills from the school&hellip;","og_url":"https:\/\/risese.org\/fr\/academics\/","og_site_name":"RISE Charter School","article_modified_time":"2025-07-24T20:50:32+00:00","og_image":[{"url":"http:\/\/risese.org\/wp-content\/uploads\/2025\/04\/Rectangle-53-1.png","type":"","width":"","height":""}],"twitter_card":"summary_large_image","twitter_misc":{"Dur\u00e9e de lecture estim\u00e9e":"4 minutes"},"schema":{"@context":"https:\/\/schema.org","@graph":[{"@type":"WebPage","@id":"https:\/\/risese.org\/academics\/","url":"https:\/\/risese.org\/academics\/","name":"\u00c9cole acad\u00e9mique - RISE Charter School","isPartOf":{"@id":"https:\/\/risese.org\/#website"},"primaryImageOfPage":{"@id":"https:\/\/risese.org\/academics\/#primaryimage"},"image":{"@id":"https:\/\/risese.org\/academics\/#primaryimage"},"thumbnailUrl":"https:\/\/risese.org\/wp-content\/uploads\/2025\/04\/Rectangle-53-1.png","datePublished":"2025-04-26T01:27:11+00:00","dateModified":"2025-07-24T20:50:32+00:00","breadcrumb":{"@id":"https:\/\/risese.org\/academics\/#breadcrumb"},"inLanguage":"fr-FR","potentialAction":[{"@type":"ReadAction","target":["https:\/\/risese.org\/academics\/"]}]},{"@type":"ImageObject","inLanguage":"fr-FR","@id":"https:\/\/risese.org\/academics\/#primaryimage","url":"https:\/\/risese.org\/wp-content\/uploads\/2025\/04\/Rectangle-53-1.png","contentUrl":"https:\/\/risese.org\/wp-content\/uploads\/2025\/04\/Rectangle-53-1.png"},{"@type":"BreadcrumbList","@id":"https:\/\/risese.org\/academics\/#breadcrumb","itemListElement":[{"@type":"ListItem","position":1,"name":"Home","item":"https:\/\/risese.org\/"},{"@type":"ListItem","position":2,"name":"School Academics"}]},{"@type":"WebSite","@id":"https:\/\/risese.org\/#website","url":"https:\/\/risese.org\/","name":"RISE Charter School","description":"\u00c9cole \u00e0 charte gratuite dans le sud-est de Raleigh","potentialAction":[{"@type":"SearchAction","target":{"@type":"EntryPoint","urlTemplate":"https:\/\/risese.org\/?s={search_term_string}"},"query-input":{"@type":"PropertyValueSpecification","valueRequired":true,"valueName":"search_term_string"}}],"inLanguage":"fr-FR"}]}},"_links":{"self":[{"href":"https:\/\/risese.org\/fr\/wp-json\/wp\/v2\/pages\/5864","targetHints":{"allow":["GET"]}}],"collection":[{"href":"https:\/\/risese.org\/fr\/wp-json\/wp\/v2\/pages"}],"about":[{"href":"https:\/\/risese.org\/fr\/wp-json\/wp\/v2\/types\/page"}],"author":[{"embeddable":true,"href":"https:\/\/risese.org\/fr\/wp-json\/wp\/v2\/users\/3"}],"replies":[{"embeddable":true,"href":"https:\/\/risese.org\/fr\/wp-json\/wp\/v2\/comments?post=5864"}],"version-history":[{"count":0,"href":"https:\/\/risese.org\/fr\/wp-json\/wp\/v2\/pages\/5864\/revisions"}],"wp:attachment":[{"href":"https:\/\/risese.org\/fr\/wp-json\/wp\/v2\/media?parent=5864"}],"curies":[{"name":"wp","href":"https:\/\/api.w.org\/{rel}","templated":true}]}}