{"id":5854,"date":"2025-04-24T23:48:06","date_gmt":"2025-04-24T23:48:06","guid":{"rendered":"https:\/\/risese1.wpenginepowered.com\/?page_id=5854"},"modified":"2025-05-05T18:39:20","modified_gmt":"2025-05-05T18:39:20","slug":"athletics","status":"publish","type":"page","link":"https:\/\/risese.org\/fr\/athletics\/","title":{"rendered":"Athl\u00e9tisme"},"content":{"rendered":"<h1>\n\t\tRISE Athletics : Construire le caract\u00e8re, l'engagement et les champions\n\t<\/h1>\n\t<p>Nos \u00e9l\u00e8ves-athl\u00e8tes d\u00e9veloppent des comp\u00e9tences en mati\u00e8re de r\u00e9silience, de travail d'\u00e9quipe et de leadership qui les pr\u00e9parent \u00e0 r\u00e9ussir \u00e0 l'\u00e9cole, dans le sport et dans la vie.<\/p>\n\t<p>Une tradition d'excellence<\/p>\n\t<p>La participation sportive \u00e0 RISE est un privil\u00e8ge, et nos \u00e9l\u00e8ves-athl\u00e8tes sont tenus de respecter les normes les plus \u00e9lev\u00e9es en mati\u00e8re d'esprit sportif, de r\u00e9sultats scolaires et d'int\u00e9grit\u00e9 personnelle. Que ce soit sur le court, le terrain ou l'athl\u00e9tisme, nos athl\u00e8tes repr\u00e9sentent leurs familles, leurs co\u00e9quipiers et leur \u00e9cole avec fiert\u00e9.<\/p>\n<h2>\n\t\t\u00c0 quoi s'attendre en tant qu'athl\u00e8te RISE ?\n\t<\/h2>\n<h3>\n\t\tAcad\u00e9mique <br \/>Le succ\u00e8s d'abord\n\t<\/h3>\n\t<p>Nos athl\u00e8tes sont d'abord des universitaires. Les entra\u00eeneurs travaillent en \u00e9troite collaboration avec les enseignants pour s'assurer que l'excellence acad\u00e9mique reste une priorit\u00e9.<\/p>\n<h3>\n\t\tTravail d'\u00e9quipe et leadership\n\t<\/h3>\n\t<p>Chaque sport favorise la discipline, le travail d'\u00e9quipe et les comp\u00e9tences de leadership qui vont au-del\u00e0 de l'athl\u00e9tisme.<\/p>\n<h3>\n\t\tEngagement et responsabilit\u00e9\n\t<\/h3>\n\t<p>Les \u00e9l\u00e8ves-athl\u00e8tes doivent r\u00e9pondre \u00e0 des attentes \u00e9lev\u00e9es en mati\u00e8re d'assiduit\u00e9, d'effort et d'esprit sportif.<\/p>\n<h3>\n\t\tUn environnement s\u00fbr et favorable\n\t<\/h3>\n\t<p>Nos entra\u00eeneurs et notre personnel sportif accordent la priorit\u00e9 au bien-\u00eatre physique et \u00e9motionnel de chaque athl\u00e8te.<\/p>\n<h2>\n\t\tNos programmes sportifs\n\t<\/h2>\n\t<p>Nous proposons des sports de comp\u00e9tition pour les gar\u00e7ons et les filles sur trois saisons<\/p>\n\t<p>Automne<\/p>\n\t<p>\u00c0 partir du 21 juillet<\/p>\nCheerleading<br \/>\nLe cross-country<br \/>\nSoccer des gar\u00e7ons<br \/>\nVolley-ball f\u00e9minin\n\t<p>L'hiver<\/p>\n\t<p>\u00c0 partir du 27 octobre<\/p>\nBasket-ball f\u00e9minin<br \/>\nBasket-ball masculin<br \/>\nCheerleading\n\t<p>Printemps<\/p>\n\t<p>\u00c0 partir de mars 2026<\/p>\nAthl\u00e9tisme<br \/>\nFootball f\u00e9minin\n\t<p>Restez \u00e0 l'\u00e9coute pour plus de d\u00e9tails sur les horaires, les lieux et les conditions des essais.<\/p>\n<h2>\n\t\tVous souhaitez rejoindre une \u00e9quipe ?\n\t<\/h2>\n<h3>\n\t\tSPORT PHYSIQUE\n\t<\/h3>\n\t<p>Tous les \u00e9tudiants-athl\u00e8tes doivent avoir un bilan de sant\u00e9 \u00e0 jour avant de participer \u00e0 des s\u00e9ances d'entra\u00eenement ou \u00e0 des essais. Si votre \u00e9l\u00e8ve poss\u00e8de d\u00e9j\u00e0 un bilan de sant\u00e9 valide datant de l'ann\u00e9e scolaire pr\u00e9c\u00e9dente, nous avons simplement besoin d'une copie pour nos dossiers. Si une nouvelle visite m\u00e9dicale est n\u00e9cessaire, nous recommandons de la programmer en juillet ou d\u00e9but ao\u00fbt afin de garantir l'\u00e9ligibilit\u00e9 de l'\u00e9l\u00e8ve.<\/p>\n\t\t\t<a href=\"https:\/\/risese.org\/wp-content\/uploads\/2023\/10\/Physical-form-23-24.pdf\" target=\"_blank\" rel=\"noopener\">\n\t\t\t\t\t\t\tForme physique du sport\n\t\t\t\t\t<\/a>\n<h3>\n\t\tFORMULAIRE DE COMMOTION C\u00c9R\u00c9BRALE\n\t<\/h3>\n\t<p>Remplir le formulaire de commotion c\u00e9r\u00e9brale requis via DragonFly<\/p>\n\t\t\t<a href=\"https:\/\/max.dragonflyathletics.com\/maxweb\/max-cover\/landing?orgId=65008b7fe3df0a0371000006\" target=\"_blank\" rel=\"noopener\">\n\t\t\t\t\t\t\tFormulaire de commotion c\u00e9r\u00e9brale\n\t\t\t\t\t<\/a>\n<h3>\n\t\tMANUEL SPORTIF\n\t<\/h3>\n\t<p>Consultez le manuel du sportif pour plus d'informations<\/p>\n\t\t\t<a href=\"https:\/\/docs.google.com\/document\/d\/19-rn_LWqNICDw-mdJ-qZOiAZFHvN3ia8tCwkXTecXwc\/edit?tab=t.0\" target=\"_blank\" rel=\"noopener\">\n\t\t\t\t\t\t\tManuel sportif\n\t\t\t\t\t<\/a>\n<h3>\n\t\tVous avez des questions ?\n\t<\/h3>\n\t<p>Prenez contact avec notre service des sports<\/p>\n\t\t\t<a href=\"mailto:athletics@risese.org\" target=\"_blank\" rel=\"noopener\">\n\t\t\t\t\t\t\tContact Athl\u00e9tisme\n\t\t\t\t\t<\/a>\n<h2>\n\t\tParent &amp; <br \/>Soutien communautaire\n\t<\/h2>\n\t<p>L'athl\u00e9tisme \u00e0 RISE prosp\u00e8re gr\u00e2ce au partenariat entre nos \u00e9l\u00e8ves-athl\u00e8tes, nos entra\u00eeneurs, nos familles et nos supporters. Les parents jouent un r\u00f4le essentiel en encourageant la r\u00e9ussite scolaire, en assistant aux matchs et en faisant preuve d'un bon esprit sportif.<\/p>\n<h2>\n\t\tL'excellence sur et en dehors du terrain\n\t<\/h2>\n\t<p>Chez RISE, l'athl\u00e9tisme et les \u00e9tudes vont de pair. Nos \u00e9l\u00e8ves-athl\u00e8tes r\u00e9pondent \u00e0 des normes acad\u00e9miques \u00e9lev\u00e9es et excellent \u00e0 la fois dans la salle de classe et dans la comp\u00e9tition. D\u00e9couvrez comment notre programme rigoureux et notre environnement favorable les pr\u00e9parent \u00e0 la r\u00e9ussite.<\/p>\n\t\t\t<a href=\"\" target=\"_blank\" rel=\"noopener\">\n\t\t\t\t\t\t\tD\u00e9couvrir les \u00e9tudes \u00e0 RISE\n\t\t\t\t\t<\/a>","protected":false},"excerpt":{"rendered":"<p>RISE Athletics : Construire le caract\u00e8re, l'engagement et les champions Nos \u00e9l\u00e8ves-athl\u00e8tes d\u00e9veloppent la r\u00e9silience, le travail d'\u00e9quipe et les comp\u00e9tences de leadership qui les pr\u00e9parent \u00e0 r\u00e9ussir \u00e0 l'\u00e9cole, dans le sport et dans la vie. Une tradition d'excellence La participation sportive \u00e0 RISE est un privil\u00e8ge, et nos \u00e9l\u00e8ves-athl\u00e8tes sont tenus de respecter les normes les plus \u00e9lev\u00e9es en mati\u00e8re d'esprit sportif, de r\u00e9sultats scolaires et d'int\u00e9grit\u00e9 personnelle. Que ce soit sur...<\/p>","protected":false},"author":3,"featured_media":0,"parent":0,"menu_order":0,"comment_status":"closed","ping_status":"closed","template":"","meta":{"footnotes":""},"class_list":["post-5854","page","type-page","status-publish","hentry"],"yoast_head":"<!-- This site is optimized with the Yoast SEO plugin v27.3 - https:\/\/yoast.com\/product\/yoast-seo-wordpress\/ -->\n<title>Athletics - RISE Charter School<\/title>\n<meta name=\"robots\" content=\"index, follow, max-snippet:-1, max-image-preview:large, max-video-preview:-1\" \/>\n<link rel=\"canonical\" href=\"https:\/\/risese.org\/fr\/athletics\/\" \/>\n<meta property=\"og:locale\" content=\"fr_FR\" \/>\n<meta property=\"og:type\" content=\"article\" \/>\n<meta property=\"og:title\" content=\"Athletics - RISE Charter School\" \/>\n<meta property=\"og:description\" content=\"RISE Athletics: Building Character, Commitment, and Champions Our scholar-athletes develop resilience, teamwork, and leadership skills that prepare them for success in school, sports, and life. A Tradition of Excellence Athletic participation at RISE is a privilege, and our scholar-athletes are expected to uphold the highest standards of sportsmanship, academic performance, and personal integrity. Whether on&hellip;\" \/>\n<meta property=\"og:url\" content=\"https:\/\/risese.org\/fr\/athletics\/\" \/>\n<meta property=\"og:site_name\" content=\"RISE Charter School\" \/>\n<meta property=\"article:modified_time\" content=\"2025-05-05T18:39:20+00:00\" \/>\n<meta name=\"twitter:card\" content=\"summary_large_image\" \/>\n<meta name=\"twitter:label1\" content=\"Dur\u00e9e de lecture estim\u00e9e\" \/>\n\t<meta name=\"twitter:data1\" content=\"2 minutes\" \/>\n<script type=\"application\/ld+json\" class=\"yoast-schema-graph\">{\"@context\":\"https:\\\/\\\/schema.org\",\"@graph\":[{\"@type\":\"WebPage\",\"@id\":\"https:\\\/\\\/risese.org\\\/athletics\\\/\",\"url\":\"https:\\\/\\\/risese.org\\\/athletics\\\/\",\"name\":\"Athletics - RISE Charter School\",\"isPartOf\":{\"@id\":\"https:\\\/\\\/risese.org\\\/#website\"},\"datePublished\":\"2025-04-24T23:48:06+00:00\",\"dateModified\":\"2025-05-05T18:39:20+00:00\",\"breadcrumb\":{\"@id\":\"https:\\\/\\\/risese.org\\\/athletics\\\/#breadcrumb\"},\"inLanguage\":\"fr-FR\",\"potentialAction\":[{\"@type\":\"ReadAction\",\"target\":[\"https:\\\/\\\/risese.org\\\/athletics\\\/\"]}]},{\"@type\":\"BreadcrumbList\",\"@id\":\"https:\\\/\\\/risese.org\\\/athletics\\\/#breadcrumb\",\"itemListElement\":[{\"@type\":\"ListItem\",\"position\":1,\"name\":\"Home\",\"item\":\"https:\\\/\\\/risese.org\\\/\"},{\"@type\":\"ListItem\",\"position\":2,\"name\":\"Athletics\"}]},{\"@type\":\"WebSite\",\"@id\":\"https:\\\/\\\/risese.org\\\/#website\",\"url\":\"https:\\\/\\\/risese.org\\\/\",\"name\":\"RISE Charter School\",\"description\":\"Free Charter School in SE Raleigh\",\"potentialAction\":[{\"@type\":\"SearchAction\",\"target\":{\"@type\":\"EntryPoint\",\"urlTemplate\":\"https:\\\/\\\/risese.org\\\/?s={search_term_string}\"},\"query-input\":{\"@type\":\"PropertyValueSpecification\",\"valueRequired\":true,\"valueName\":\"search_term_string\"}}],\"inLanguage\":\"fr-FR\"}]}<\/script>\n<!-- \/ Yoast SEO plugin. -->","yoast_head_json":{"title":"Athl\u00e9tisme - RISE Charter School","robots":{"index":"index","follow":"follow","max-snippet":"max-snippet:-1","max-image-preview":"max-image-preview:large","max-video-preview":"max-video-preview:-1"},"canonical":"https:\/\/risese.org\/fr\/athletics\/","og_locale":"fr_FR","og_type":"article","og_title":"Athletics - RISE Charter School","og_description":"RISE Athletics: Building Character, Commitment, and Champions Our scholar-athletes develop resilience, teamwork, and leadership skills that prepare them for success in school, sports, and life. A Tradition of Excellence Athletic participation at RISE is a privilege, and our scholar-athletes are expected to uphold the highest standards of sportsmanship, academic performance, and personal integrity. Whether on&hellip;","og_url":"https:\/\/risese.org\/fr\/athletics\/","og_site_name":"RISE Charter School","article_modified_time":"2025-05-05T18:39:20+00:00","twitter_card":"summary_large_image","twitter_misc":{"Dur\u00e9e de lecture estim\u00e9e":"2 minutes"},"schema":{"@context":"https:\/\/schema.org","@graph":[{"@type":"WebPage","@id":"https:\/\/risese.org\/athletics\/","url":"https:\/\/risese.org\/athletics\/","name":"Athl\u00e9tisme - RISE Charter School","isPartOf":{"@id":"https:\/\/risese.org\/#website"},"datePublished":"2025-04-24T23:48:06+00:00","dateModified":"2025-05-05T18:39:20+00:00","breadcrumb":{"@id":"https:\/\/risese.org\/athletics\/#breadcrumb"},"inLanguage":"fr-FR","potentialAction":[{"@type":"ReadAction","target":["https:\/\/risese.org\/athletics\/"]}]},{"@type":"BreadcrumbList","@id":"https:\/\/risese.org\/athletics\/#breadcrumb","itemListElement":[{"@type":"ListItem","position":1,"name":"Home","item":"https:\/\/risese.org\/"},{"@type":"ListItem","position":2,"name":"Athletics"}]},{"@type":"WebSite","@id":"https:\/\/risese.org\/#website","url":"https:\/\/risese.org\/","name":"RISE Charter School","description":"\u00c9cole \u00e0 charte gratuite dans le sud-est de Raleigh","potentialAction":[{"@type":"SearchAction","target":{"@type":"EntryPoint","urlTemplate":"https:\/\/risese.org\/?s={search_term_string}"},"query-input":{"@type":"PropertyValueSpecification","valueRequired":true,"valueName":"search_term_string"}}],"inLanguage":"fr-FR"}]}},"_links":{"self":[{"href":"https:\/\/risese.org\/fr\/wp-json\/wp\/v2\/pages\/5854","targetHints":{"allow":["GET"]}}],"collection":[{"href":"https:\/\/risese.org\/fr\/wp-json\/wp\/v2\/pages"}],"about":[{"href":"https:\/\/risese.org\/fr\/wp-json\/wp\/v2\/types\/page"}],"author":[{"embeddable":true,"href":"https:\/\/risese.org\/fr\/wp-json\/wp\/v2\/users\/3"}],"replies":[{"embeddable":true,"href":"https:\/\/risese.org\/fr\/wp-json\/wp\/v2\/comments?post=5854"}],"version-history":[{"count":0,"href":"https:\/\/risese.org\/fr\/wp-json\/wp\/v2\/pages\/5854\/revisions"}],"wp:attachment":[{"href":"https:\/\/risese.org\/fr\/wp-json\/wp\/v2\/media?parent=5854"}],"curies":[{"name":"wp","href":"https:\/\/api.w.org\/{rel}","templated":true}]}}