{"id":5845,"date":"2025-04-24T18:03:53","date_gmt":"2025-04-24T18:03:53","guid":{"rendered":"https:\/\/risese1.wpenginepowered.com\/?page_id=5845"},"modified":"2025-05-01T16:28:14","modified_gmt":"2025-05-01T16:28:14","slug":"what-is-a-charter-school","status":"publish","type":"page","link":"https:\/\/risese.org\/fr\/what-is-a-charter-school\/","title":{"rendered":"Qu'est-ce qu'une \u00e9cole \u00e0 charte ?"},"content":{"rendered":"<h1>\n\t\tQu'est-ce qu'une \u00e9cole \u00e0 charte ?\n\t<\/h1>\n\t<p>Les \u00e9coles \u00e0 charte sont des \u00e9coles publiques qui offrent aux familles un enseignement de haute qualit\u00e9, sans frais de scolarit\u00e9, avec une plus grande flexibilit\u00e9 pour innover tout en \u00e9tant tenues de respecter des normes strictes de l'\u00c9tat.<\/p>\n<h2>\n\t\tUne \u00e9cole publique diff\u00e9rente\n\t<\/h2>\n\t<p>Les \u00e9coles \u00e0 charte fonctionnent ind\u00e9pendamment des \u00e9coles de district, ce qui leur permet de cr\u00e9er des environnements d'apprentissage uniques qui favorisent le d\u00e9veloppement scolaire, le leadership et le d\u00e9veloppement du caract\u00e8re. Comme toutes les \u00e9coles publiques, elles :<\/p>\n<ul>\n<li>sont gratuits et ouverts \u00e0 tous les \u00e9tudiants de Caroline du Nord<\/li>\n<\/ul>\n<ul>\n<li>Respecter les normes acad\u00e9miques de l'\u00c9tat et administrer les tests prescrits par l'\u00c9tat<\/li>\n<\/ul>\n<ul>\n<li>Recevoir des fonds publics en fonction du nombre d'\u00e9tudiants inscrits<\/li>\n<\/ul>\n<ul>\n<li>Servir les \u00e9l\u00e8ves de toutes aptitudes, y compris ceux qui ont des besoins particuliers et ceux qui apprennent l'anglais.<\/li>\n<\/ul>\n\t\t\t\t<img decoding=\"async\" src=\"https:\/\/risese.org\/wp-content\/uploads\/2025\/04\/IMG_8603-2-3-1.png\" alt=\"IMG_8603 (2) 3 (1)\" itemprop=\"image\" title=\"IMG_8603 (2) 3 (1)\" onerror=\"this.style.display='none'\"  \/>\n<h2>\n\t\tNormes \u00e9lev\u00e9es et responsabilit\u00e9\n\t<\/h2>\n\t<p>Les \u00e9coles \u00e0 charte sont soumises aux m\u00eames normes acad\u00e9miques et financi\u00e8res que les \u00e9coles publiques traditionnelles, voire \u00e0 des normes plus \u00e9lev\u00e9es. Elles doivent<\/p>\n<ul>\n<li>R\u00e9pondre aux exigences de performance de l'\u00c9tat fix\u00e9es par le NC Department of Public Instruction (NCDPI).<\/li>\n<\/ul>\n<ul>\n<li>Soumettre des rapports annuels d\u00e9montrant la croissance acad\u00e9mique et la responsabilit\u00e9 financi\u00e8re.<\/li>\n<\/ul>\n<ul>\n<li>faire l'objet d'un examen r\u00e9gulier afin de s'assurer qu'ils dispensent un enseignement de haute qualit\u00e9<\/li>\n<\/ul>\n<h2>\n\t\tOuvert \u00e0 tous les \u00e9tudiants\n\t<\/h2>\n\t<p>Contrairement aux \u00e9coles priv\u00e9es ou s\u00e9lectives, les \u00e9coles \u00e0 charte ne peuvent pas choisir leurs \u00e9l\u00e8ves. L'admission est ouverte \u00e0 tous et, s'il y a plus de demandes que de places disponibles, les \u00e9coles organisent une loterie al\u00e9atoire pour garantir l'\u00e9quit\u00e9.<\/p>\n<h2>\n\t\tDes enseignants d\u00e9vou\u00e9s et qualifi\u00e9s\n\t<\/h2>\n\t<p>Au moins 50% des enseignants des mati\u00e8res principales d'une \u00e9cole \u00e0 charte doivent \u00eatre certifi\u00e9s par l'\u00c9tat, et tous doivent satisfaire aux exigences de l'\u00c9tat et du gouvernement f\u00e9d\u00e9ral afin de garantir un enseignement de qualit\u00e9.<\/p>\n<h2>\n\t\tDes attentes \u00e9lev\u00e9es pour chaque apprenant\n\t<\/h2>\n\t<p>Les \u00e9coles \u00e0 charte accueillent des \u00e9l\u00e8ves de toutes aptitudes, y compris ceux qui souffrent de handicaps et de difficult\u00e9s d'apprentissage.<\/p>\n<ul>\n<li>Programmes d'enseignement individualis\u00e9s (PEI) et plans 504 pour les \u00e9l\u00e8ves ayant des besoins particuliers<\/li>\n<\/ul>\n<ul>\n<li>Soutien aux apprenants de la langue anglaise pour assurer la r\u00e9ussite de tous les \u00e9l\u00e8ves<\/li>\n<\/ul>\n<ul>\n<li>Des approches flexibles et centr\u00e9es sur l'\u00e9tudiant qui s'adaptent aux diff\u00e9rents styles d'apprentissage<\/li>\n<\/ul>\n<h2>\n\t\tAcc\u00e8s aux transports et aux repas\n\t<\/h2>\n\t<p>Peu d'\u00e9coles \u00e0 charte proposent des programmes de transport et de repas gratuits afin de garantir \u00e0 chaque enfant l'acc\u00e8s \u00e0 une \u00e9ducation de qualit\u00e9. Bien que les \u00e9coles \u00e0 charte ne soient pas tenues de fournir ces services, RISE participe au National School Lunch Program et organise des options de transport pour les familles.<\/p>\n<h2>\n\t\tUn choix pour les familles\n\t<\/h2>\n\t<p>Le choix d'une \u00e9cole est une d\u00e9cision importante. Les \u00e9coles \u00e0 charte permettent aux familles de s'\u00e9manciper en offrant des alternatives de haute qualit\u00e9, centr\u00e9es sur l'\u00e9l\u00e8ve, aux \u00e9coles de district. Et comme il s'agit d'\u00e9coles publiques, les \u00e9l\u00e8ves peuvent \u00e0 tout moment retourner dans leur \u00e9cole locale s'ils estiment que l'\u00e9cole \u00e0 charte ne leur convient pas.<\/p>\n<h2>\n\t\tEn savoir plus sur les \u00e9coles \u00e0 charte en Caroline du Nord\n\t<\/h2>\n\t<p>Pour plus d'informations sur les \u00e9coles \u00e0 charte en Caroline du Nord, visitez la page des \u00e9coles \u00e0 charte du minist\u00e8re de l'instruction publique de Caroline du Nord.<\/p>\n\t\t\t<a href=\"https:\/\/www.dpi.nc.gov\/students-families\/alternative-choices\/charter-schools\" target=\"_blank\" rel=\"noopener\">\n\t\t\t\t\t\t\tEn savoir plus\n\t\t\t\t\t<\/a>","protected":false},"excerpt":{"rendered":"<p>Qu'est-ce qu'une \u00e9cole \u00e0 charte ? Les \u00e9coles \u00e0 charte sont des \u00e9coles publiques qui offrent aux familles une \u00e9ducation de haute qualit\u00e9, sans frais de scolarit\u00e9, avec une plus grande flexibilit\u00e9 pour innover tout en \u00e9tant tenues \u00e0 des normes strictes de l'\u00c9tat. Une \u00e9cole publique diff\u00e9rente Les \u00e9coles \u00e0 charte fonctionnent ind\u00e9pendamment des \u00e9coles de district, ce qui leur permet de cr\u00e9er des environnements d'apprentissage uniques qui favorisent la...<\/p>","protected":false},"author":3,"featured_media":0,"parent":0,"menu_order":0,"comment_status":"closed","ping_status":"closed","template":"","meta":{"footnotes":""},"class_list":["post-5845","page","type-page","status-publish","hentry"],"yoast_head":"<!-- This site is optimized with the Yoast SEO plugin v27.4 - https:\/\/yoast.com\/product\/yoast-seo-wordpress\/ -->\n<title>What is a Charter School - RISE Charter School<\/title>\n<meta name=\"robots\" content=\"index, follow, max-snippet:-1, max-image-preview:large, max-video-preview:-1\" \/>\n<link rel=\"canonical\" href=\"https:\/\/risese.org\/fr\/what-is-a-charter-school\/\" \/>\n<meta property=\"og:locale\" content=\"fr_FR\" \/>\n<meta property=\"og:type\" content=\"article\" \/>\n<meta property=\"og:title\" content=\"What is a Charter School - RISE Charter School\" \/>\n<meta property=\"og:description\" content=\"What is a Charter School? Charter schools are public schools that offer families a high-quality, tuition-free education with greater flexibility to innovate while being held to strict state standards. A Public School with a Difference Charter schools operate independently from district schools, allowing them to create unique learning environments that foster academic growth, leadership, and&hellip;\" \/>\n<meta property=\"og:url\" content=\"https:\/\/risese.org\/fr\/what-is-a-charter-school\/\" \/>\n<meta property=\"og:site_name\" content=\"RISE Charter School\" \/>\n<meta property=\"article:modified_time\" content=\"2025-05-01T16:28:14+00:00\" \/>\n<meta property=\"og:image\" content=\"http:\/\/risese.org\/wp-content\/uploads\/2025\/04\/IMG_8603-2-3-1.png\" \/>\n<meta name=\"twitter:card\" content=\"summary_large_image\" \/>\n<script type=\"application\/ld+json\" class=\"yoast-schema-graph\">{\"@context\":\"https:\\\/\\\/schema.org\",\"@graph\":[{\"@type\":\"WebPage\",\"@id\":\"https:\\\/\\\/risese.org\\\/what-is-a-charter-school\\\/\",\"url\":\"https:\\\/\\\/risese.org\\\/what-is-a-charter-school\\\/\",\"name\":\"What is a Charter School - RISE Charter School\",\"isPartOf\":{\"@id\":\"https:\\\/\\\/risese.org\\\/#website\"},\"primaryImageOfPage\":{\"@id\":\"https:\\\/\\\/risese.org\\\/what-is-a-charter-school\\\/#primaryimage\"},\"image\":{\"@id\":\"https:\\\/\\\/risese.org\\\/what-is-a-charter-school\\\/#primaryimage\"},\"thumbnailUrl\":\"https:\\\/\\\/risese.org\\\/wp-content\\\/uploads\\\/2025\\\/04\\\/IMG_8603-2-3-1.png\",\"datePublished\":\"2025-04-24T18:03:53+00:00\",\"dateModified\":\"2025-05-01T16:28:14+00:00\",\"breadcrumb\":{\"@id\":\"https:\\\/\\\/risese.org\\\/what-is-a-charter-school\\\/#breadcrumb\"},\"inLanguage\":\"fr-FR\",\"potentialAction\":[{\"@type\":\"ReadAction\",\"target\":[\"https:\\\/\\\/risese.org\\\/what-is-a-charter-school\\\/\"]}]},{\"@type\":\"ImageObject\",\"inLanguage\":\"fr-FR\",\"@id\":\"https:\\\/\\\/risese.org\\\/what-is-a-charter-school\\\/#primaryimage\",\"url\":\"https:\\\/\\\/risese.org\\\/wp-content\\\/uploads\\\/2025\\\/04\\\/IMG_8603-2-3-1.png\",\"contentUrl\":\"https:\\\/\\\/risese.org\\\/wp-content\\\/uploads\\\/2025\\\/04\\\/IMG_8603-2-3-1.png\"},{\"@type\":\"BreadcrumbList\",\"@id\":\"https:\\\/\\\/risese.org\\\/what-is-a-charter-school\\\/#breadcrumb\",\"itemListElement\":[{\"@type\":\"ListItem\",\"position\":1,\"name\":\"Home\",\"item\":\"https:\\\/\\\/risese.org\\\/\"},{\"@type\":\"ListItem\",\"position\":2,\"name\":\"What is a Charter School\"}]},{\"@type\":\"WebSite\",\"@id\":\"https:\\\/\\\/risese.org\\\/#website\",\"url\":\"https:\\\/\\\/risese.org\\\/\",\"name\":\"RISE Charter School\",\"description\":\"Free Charter School in SE Raleigh\",\"potentialAction\":[{\"@type\":\"SearchAction\",\"target\":{\"@type\":\"EntryPoint\",\"urlTemplate\":\"https:\\\/\\\/risese.org\\\/?s={search_term_string}\"},\"query-input\":{\"@type\":\"PropertyValueSpecification\",\"valueRequired\":true,\"valueName\":\"search_term_string\"}}],\"inLanguage\":\"fr-FR\"}]}<\/script>\n<!-- \/ Yoast SEO plugin. -->","yoast_head_json":{"title":"Qu'est-ce qu'une \u00e9cole \u00e0 charte - RISE Charter School","robots":{"index":"index","follow":"follow","max-snippet":"max-snippet:-1","max-image-preview":"max-image-preview:large","max-video-preview":"max-video-preview:-1"},"canonical":"https:\/\/risese.org\/fr\/what-is-a-charter-school\/","og_locale":"fr_FR","og_type":"article","og_title":"What is a Charter School - RISE Charter School","og_description":"What is a Charter School? Charter schools are public schools that offer families a high-quality, tuition-free education with greater flexibility to innovate while being held to strict state standards. A Public School with a Difference Charter schools operate independently from district schools, allowing them to create unique learning environments that foster academic growth, leadership, and&hellip;","og_url":"https:\/\/risese.org\/fr\/what-is-a-charter-school\/","og_site_name":"RISE Charter School","article_modified_time":"2025-05-01T16:28:14+00:00","og_image":[{"url":"http:\/\/risese.org\/wp-content\/uploads\/2025\/04\/IMG_8603-2-3-1.png","type":"","width":"","height":""}],"twitter_card":"summary_large_image","schema":{"@context":"https:\/\/schema.org","@graph":[{"@type":"WebPage","@id":"https:\/\/risese.org\/what-is-a-charter-school\/","url":"https:\/\/risese.org\/what-is-a-charter-school\/","name":"Qu'est-ce qu'une \u00e9cole \u00e0 charte - RISE Charter School","isPartOf":{"@id":"https:\/\/risese.org\/#website"},"primaryImageOfPage":{"@id":"https:\/\/risese.org\/what-is-a-charter-school\/#primaryimage"},"image":{"@id":"https:\/\/risese.org\/what-is-a-charter-school\/#primaryimage"},"thumbnailUrl":"https:\/\/risese.org\/wp-content\/uploads\/2025\/04\/IMG_8603-2-3-1.png","datePublished":"2025-04-24T18:03:53+00:00","dateModified":"2025-05-01T16:28:14+00:00","breadcrumb":{"@id":"https:\/\/risese.org\/what-is-a-charter-school\/#breadcrumb"},"inLanguage":"fr-FR","potentialAction":[{"@type":"ReadAction","target":["https:\/\/risese.org\/what-is-a-charter-school\/"]}]},{"@type":"ImageObject","inLanguage":"fr-FR","@id":"https:\/\/risese.org\/what-is-a-charter-school\/#primaryimage","url":"https:\/\/risese.org\/wp-content\/uploads\/2025\/04\/IMG_8603-2-3-1.png","contentUrl":"https:\/\/risese.org\/wp-content\/uploads\/2025\/04\/IMG_8603-2-3-1.png"},{"@type":"BreadcrumbList","@id":"https:\/\/risese.org\/what-is-a-charter-school\/#breadcrumb","itemListElement":[{"@type":"ListItem","position":1,"name":"Home","item":"https:\/\/risese.org\/"},{"@type":"ListItem","position":2,"name":"What is a Charter School"}]},{"@type":"WebSite","@id":"https:\/\/risese.org\/#website","url":"https:\/\/risese.org\/","name":"RISE Charter School","description":"\u00c9cole \u00e0 charte gratuite dans le sud-est de Raleigh","potentialAction":[{"@type":"SearchAction","target":{"@type":"EntryPoint","urlTemplate":"https:\/\/risese.org\/?s={search_term_string}"},"query-input":{"@type":"PropertyValueSpecification","valueRequired":true,"valueName":"search_term_string"}}],"inLanguage":"fr-FR"}]}},"_links":{"self":[{"href":"https:\/\/risese.org\/fr\/wp-json\/wp\/v2\/pages\/5845","targetHints":{"allow":["GET"]}}],"collection":[{"href":"https:\/\/risese.org\/fr\/wp-json\/wp\/v2\/pages"}],"about":[{"href":"https:\/\/risese.org\/fr\/wp-json\/wp\/v2\/types\/page"}],"author":[{"embeddable":true,"href":"https:\/\/risese.org\/fr\/wp-json\/wp\/v2\/users\/3"}],"replies":[{"embeddable":true,"href":"https:\/\/risese.org\/fr\/wp-json\/wp\/v2\/comments?post=5845"}],"version-history":[{"count":0,"href":"https:\/\/risese.org\/fr\/wp-json\/wp\/v2\/pages\/5845\/revisions"}],"wp:attachment":[{"href":"https:\/\/risese.org\/fr\/wp-json\/wp\/v2\/media?parent=5845"}],"curies":[{"name":"wp","href":"https:\/\/api.w.org\/{rel}","templated":true}]}}