{"id":5835,"date":"2025-04-23T01:42:03","date_gmt":"2025-04-23T01:42:03","guid":{"rendered":"https:\/\/risese1.wpenginepowered.com\/?page_id=5835"},"modified":"2025-04-30T20:09:54","modified_gmt":"2025-04-30T20:09:54","slug":"why-rise","status":"publish","type":"page","link":"https:\/\/risese.org\/fr\/why-rise\/","title":{"rendered":"Pourquoi s'\u00e9lever"},"content":{"rendered":"<h1>\n\t\tPOURQUOI SE LEVER ?\n\t<\/h1>\n\t<p>Chaque enfant m\u00e9rite une \u00e9ducation qui lib\u00e8re son potentiel.<\/p>\n\t\t\t<a href=\"\/fr\/our-team\/\" target=\"_self\">\n\t\t\t\t\t\t\tRencontrer notre \u00e9quipe\n\t\t\t\t\t<\/a>\n<h2>\n\t\tUn engagement pour l'excellence\n\t<\/h2>\n\t<p>Nous sommes class\u00e9s dans le top 1% de toutes les \u00e9coles publiques de Caroline du Nord pour la croissance acad\u00e9mique. Nous pla\u00e7ons la barre tr\u00e8s haut et proposons un programme rigoureux qui permet aux \u00e9l\u00e8ves d'atteindre les plus hauts niveaux.<\/p>\n\t\t\t\t<img loading=\"lazy\" decoding=\"async\" src=\"https:\/\/risese.org\/wp-content\/uploads\/2025\/04\/IMG_8603-2-2.png\" alt=\"IMG_8603 (2) 2\" itemprop=\"image\" height=\"470\" width=\"737\" title=\"IMG_8603 (2) 2\" onerror=\"this.style.display='none'\"  \/>\n<h2>\n\t\tApprentissage personnalis\u00e9 <br \/>&amp; Classes \u00e0 effectifs r\u00e9duits\n\t<\/h2>\n\t<p>Le parcours de chaque \u00e9l\u00e8ve est diff\u00e9rent et nous le rencontrons l\u00e0 o\u00f9 il se trouve. Avec des classes de petite taille (16-24 en maternelle et 5e et 20-28 en 6-8), nos enseignants fournissent un soutien individualis\u00e9 et des interventions cibl\u00e9es pour s'assurer que chaque \u00e9l\u00e8ve atteint son plein potentiel. Nous int\u00e9grons l'apprentissage pratique, des m\u00e9thodes d'enseignement innovantes et un \u00e9tat d'esprit ax\u00e9 sur la croissance qui renforce les connaissances et la confiance en soi.<\/p>\n\t\t\t\t<img loading=\"lazy\" decoding=\"async\" src=\"https:\/\/risese.org\/wp-content\/uploads\/2025\/04\/IMG_8603-2-3.png\" alt=\"IMG_8603 (2) 3\" itemprop=\"image\" height=\"601\" width=\"517\" title=\"IMG_8603 (2) 3\" onerror=\"this.style.display='none'\"  \/>\n<h2>\n\t\tUne communaut\u00e9 forte, guid\u00e9e par des valeurs\n\t<\/h2>\n\t<p>Nous mettons l'accent sur le d\u00e9veloppement du caract\u00e8re, le leadership et le service, afin de faire des \u00e9tudiants des citoyens responsables et engag\u00e9s. Nos valeurs fondamentales<strong>-La r\u00e9silience, l'int\u00e9grit\u00e9, l'\u00e9rudition et l'excellence<\/strong>sont pr\u00e9sents dans tout ce que nous faisons. Des r\u00e9unions matinales aux projets de service communautaire, nous favorisons une culture o\u00f9 les boursiers sont encourag\u00e9s \u00e0 relever les d\u00e9fis et \u00e0 avoir un impact significatif.<\/p>\n<h2>\n\t\tPr\u00e9paration au coll\u00e8ge et \u00e0 la carri\u00e8re d\u00e8s le premier jour\n\t<\/h2>\n\t<p>La pr\u00e9paration de l'avenir commence t\u00f4t chez RISE. Des salles de classe \u00e9l\u00e9mentaires portant le nom d'une universit\u00e9 \u00e0 l'exploration des carri\u00e8res au coll\u00e8ge, en passant par les laur\u00e9ats de prix prestigieux comme la bourse Victor E. Bell Jr., nous cr\u00e9ons un environnement dans lequel chaque \u00e9l\u00e8ve consid\u00e8re que l'enseignement sup\u00e9rieur et la r\u00e9ussite professionnelle sont \u00e0 sa port\u00e9e.<\/p>\n<h2>\n\t\tPlus qu'une \u00e9cole, nous sommes une communaut\u00e9\n\t<\/h2>\n\t<p>Nous sommes plus qu'un simple lieu d'apprentissage ; nous sommes une communaut\u00e9 soud\u00e9e d'\u00e9l\u00e8ves, d'\u00e9ducateurs et de familles qui travaillent ensemble pour cr\u00e9er des opportunit\u00e9s de r\u00e9ussite. Nos \u00e9l\u00e8ves ne se contentent pas d'apprendre, ils s'\u00e9panouissent, explorent, jouent et dirigent.<\/p>\n<h3>\n\t\tSupprimer les obstacles \u00e0 la r\u00e9ussite\n\t<\/h3>\n\t<p>Contrairement aux \u00e9coles publiques traditionnelles, RISE finance de mani\u00e8re ind\u00e9pendante des services essentiels tels que le transport, les repas et les programmes d'enrichissement, garantissant ainsi que chaque \u00e9l\u00e8ve dispose de ce dont il a besoin pour s'\u00e9panouir.<\/p>\n<h2>\n\t\tRISE est une \u00e9cole \u00e0 charte, mais qu'est-ce que cela signifie ?\n\t<\/h2>\n\t<p>Nous sommes une \u00e9cole publique \u00e0 charte gratuite, ce qui signifie que nous pouvons innover tout en \u00e9tant tenus \u00e0 des normes acad\u00e9miques \u00e9lev\u00e9es. Notre flexibilit\u00e9 nous permet de cr\u00e9er un environnement d'apprentissage qui donne la priorit\u00e9 aux \u00e9l\u00e8ves, en offrant des cours rigoureux, des liens solides avec la communaut\u00e9 et le soutien dont chaque enfant a besoin pour r\u00e9ussir.<\/p>\n\t\t\t<a href=\"https:\/\/risese.org\/fr\/what-is-a-charter-school\/\" target=\"_self\">\n\t\t\t\t\t\t\tEn savoir plus\n\t\t\t\t\t<\/a>","protected":false},"excerpt":{"rendered":"<p>POURQUOI RISE ? Chaque enfant m\u00e9rite une \u00e9ducation qui lib\u00e8re son potentiel. Notre \u00e9quipe Un engagement pour l'excellence Nous sommes class\u00e9s parmi les 1% meilleures \u00e9coles publiques de Caroline du Nord en termes de croissance scolaire. Nous pla\u00e7ons la barre tr\u00e8s haut et proposons un programme rigoureux qui permet aux \u00e9l\u00e8ves d'atteindre les plus hauts niveaux. Apprentissage personnalis\u00e9...<\/p>","protected":false},"author":3,"featured_media":0,"parent":0,"menu_order":0,"comment_status":"closed","ping_status":"closed","template":"","meta":{"footnotes":""},"class_list":["post-5835","page","type-page","status-publish","hentry"],"yoast_head":"<!-- This site is optimized with the Yoast SEO plugin v27.5 - https:\/\/yoast.com\/product\/yoast-seo-wordpress\/ -->\n<title>Why Rise - RISE Charter School<\/title>\n<meta name=\"robots\" content=\"index, follow, max-snippet:-1, max-image-preview:large, max-video-preview:-1\" \/>\n<link rel=\"canonical\" href=\"https:\/\/risese.org\/fr\/why-rise\/\" \/>\n<meta property=\"og:locale\" content=\"fr_FR\" \/>\n<meta property=\"og:type\" content=\"article\" \/>\n<meta property=\"og:title\" content=\"Why Rise - RISE Charter School\" \/>\n<meta property=\"og:description\" content=\"WHY RISE? Every child deserves an education that unlocks their potential. Meet Our Team A Commitment to Excellence We are ranked in the top 1% of all public schools in North Carolina for academic growth. We set high expectations and provide a rigorous curriculum that empowers scholars to achieve at the highest levels. Personalized Learning&hellip;\" \/>\n<meta property=\"og:url\" content=\"https:\/\/risese.org\/fr\/why-rise\/\" \/>\n<meta property=\"og:site_name\" content=\"RISE Charter School\" \/>\n<meta property=\"article:modified_time\" content=\"2025-04-30T20:09:54+00:00\" \/>\n<meta property=\"og:image\" content=\"https:\/\/risese.org\/wp-content\/uploads\/2025\/04\/IMG_8603-2-2.png\" \/>\n<meta name=\"twitter:card\" content=\"summary_large_image\" \/>\n<script type=\"application\/ld+json\" class=\"yoast-schema-graph\">{\"@context\":\"https:\\\/\\\/schema.org\",\"@graph\":[{\"@type\":\"WebPage\",\"@id\":\"https:\\\/\\\/risese.org\\\/why-rise\\\/\",\"url\":\"https:\\\/\\\/risese.org\\\/why-rise\\\/\",\"name\":\"Why Rise - RISE Charter School\",\"isPartOf\":{\"@id\":\"https:\\\/\\\/risese.org\\\/#website\"},\"primaryImageOfPage\":{\"@id\":\"https:\\\/\\\/risese.org\\\/why-rise\\\/#primaryimage\"},\"image\":{\"@id\":\"https:\\\/\\\/risese.org\\\/why-rise\\\/#primaryimage\"},\"thumbnailUrl\":\"https:\\\/\\\/risese.org\\\/wp-content\\\/uploads\\\/2025\\\/04\\\/IMG_8603-2-2.png\",\"datePublished\":\"2025-04-23T01:42:03+00:00\",\"dateModified\":\"2025-04-30T20:09:54+00:00\",\"breadcrumb\":{\"@id\":\"https:\\\/\\\/risese.org\\\/why-rise\\\/#breadcrumb\"},\"inLanguage\":\"fr-FR\",\"potentialAction\":[{\"@type\":\"ReadAction\",\"target\":[\"https:\\\/\\\/risese.org\\\/why-rise\\\/\"]}]},{\"@type\":\"ImageObject\",\"inLanguage\":\"fr-FR\",\"@id\":\"https:\\\/\\\/risese.org\\\/why-rise\\\/#primaryimage\",\"url\":\"https:\\\/\\\/risese.org\\\/wp-content\\\/uploads\\\/2025\\\/04\\\/IMG_8603-2-2.png\",\"contentUrl\":\"https:\\\/\\\/risese.org\\\/wp-content\\\/uploads\\\/2025\\\/04\\\/IMG_8603-2-2.png\"},{\"@type\":\"BreadcrumbList\",\"@id\":\"https:\\\/\\\/risese.org\\\/why-rise\\\/#breadcrumb\",\"itemListElement\":[{\"@type\":\"ListItem\",\"position\":1,\"name\":\"Home\",\"item\":\"https:\\\/\\\/risese.org\\\/\"},{\"@type\":\"ListItem\",\"position\":2,\"name\":\"Why Rise\"}]},{\"@type\":\"WebSite\",\"@id\":\"https:\\\/\\\/risese.org\\\/#website\",\"url\":\"https:\\\/\\\/risese.org\\\/\",\"name\":\"RISE Charter School\",\"description\":\"Free Charter School in SE Raleigh\",\"potentialAction\":[{\"@type\":\"SearchAction\",\"target\":{\"@type\":\"EntryPoint\",\"urlTemplate\":\"https:\\\/\\\/risese.org\\\/?s={search_term_string}\"},\"query-input\":{\"@type\":\"PropertyValueSpecification\",\"valueRequired\":true,\"valueName\":\"search_term_string\"}}],\"inLanguage\":\"fr-FR\"}]}<\/script>\n<!-- \/ Yoast SEO plugin. -->","yoast_head_json":{"title":"Pourquoi Rise - RISE Charter School","robots":{"index":"index","follow":"follow","max-snippet":"max-snippet:-1","max-image-preview":"max-image-preview:large","max-video-preview":"max-video-preview:-1"},"canonical":"https:\/\/risese.org\/fr\/why-rise\/","og_locale":"fr_FR","og_type":"article","og_title":"Why Rise - RISE Charter School","og_description":"WHY RISE? Every child deserves an education that unlocks their potential. Meet Our Team A Commitment to Excellence We are ranked in the top 1% of all public schools in North Carolina for academic growth. We set high expectations and provide a rigorous curriculum that empowers scholars to achieve at the highest levels. Personalized Learning&hellip;","og_url":"https:\/\/risese.org\/fr\/why-rise\/","og_site_name":"RISE Charter School","article_modified_time":"2025-04-30T20:09:54+00:00","og_image":[{"url":"https:\/\/risese.org\/wp-content\/uploads\/2025\/04\/IMG_8603-2-2.png","type":"","width":"","height":""}],"twitter_card":"summary_large_image","schema":{"@context":"https:\/\/schema.org","@graph":[{"@type":"WebPage","@id":"https:\/\/risese.org\/why-rise\/","url":"https:\/\/risese.org\/why-rise\/","name":"Pourquoi Rise - RISE Charter School","isPartOf":{"@id":"https:\/\/risese.org\/#website"},"primaryImageOfPage":{"@id":"https:\/\/risese.org\/why-rise\/#primaryimage"},"image":{"@id":"https:\/\/risese.org\/why-rise\/#primaryimage"},"thumbnailUrl":"https:\/\/risese.org\/wp-content\/uploads\/2025\/04\/IMG_8603-2-2.png","datePublished":"2025-04-23T01:42:03+00:00","dateModified":"2025-04-30T20:09:54+00:00","breadcrumb":{"@id":"https:\/\/risese.org\/why-rise\/#breadcrumb"},"inLanguage":"fr-FR","potentialAction":[{"@type":"ReadAction","target":["https:\/\/risese.org\/why-rise\/"]}]},{"@type":"ImageObject","inLanguage":"fr-FR","@id":"https:\/\/risese.org\/why-rise\/#primaryimage","url":"https:\/\/risese.org\/wp-content\/uploads\/2025\/04\/IMG_8603-2-2.png","contentUrl":"https:\/\/risese.org\/wp-content\/uploads\/2025\/04\/IMG_8603-2-2.png"},{"@type":"BreadcrumbList","@id":"https:\/\/risese.org\/why-rise\/#breadcrumb","itemListElement":[{"@type":"ListItem","position":1,"name":"Home","item":"https:\/\/risese.org\/"},{"@type":"ListItem","position":2,"name":"Why Rise"}]},{"@type":"WebSite","@id":"https:\/\/risese.org\/#website","url":"https:\/\/risese.org\/","name":"RISE Charter School","description":"\u00c9cole \u00e0 charte gratuite dans le sud-est de Raleigh","potentialAction":[{"@type":"SearchAction","target":{"@type":"EntryPoint","urlTemplate":"https:\/\/risese.org\/?s={search_term_string}"},"query-input":{"@type":"PropertyValueSpecification","valueRequired":true,"valueName":"search_term_string"}}],"inLanguage":"fr-FR"}]}},"_links":{"self":[{"href":"https:\/\/risese.org\/fr\/wp-json\/wp\/v2\/pages\/5835","targetHints":{"allow":["GET"]}}],"collection":[{"href":"https:\/\/risese.org\/fr\/wp-json\/wp\/v2\/pages"}],"about":[{"href":"https:\/\/risese.org\/fr\/wp-json\/wp\/v2\/types\/page"}],"author":[{"embeddable":true,"href":"https:\/\/risese.org\/fr\/wp-json\/wp\/v2\/users\/3"}],"replies":[{"embeddable":true,"href":"https:\/\/risese.org\/fr\/wp-json\/wp\/v2\/comments?post=5835"}],"version-history":[{"count":0,"href":"https:\/\/risese.org\/fr\/wp-json\/wp\/v2\/pages\/5835\/revisions"}],"wp:attachment":[{"href":"https:\/\/risese.org\/fr\/wp-json\/wp\/v2\/media?parent=5835"}],"curies":[{"name":"wp","href":"https:\/\/api.w.org\/{rel}","templated":true}]}}