{"id":5653,"date":"2025-02-19T06:36:32","date_gmt":"2025-02-19T06:36:32","guid":{"rendered":"https:\/\/risese1.wpenginepowered.com\/?page_id=5653"},"modified":"2025-07-08T19:03:19","modified_gmt":"2025-07-08T19:03:19","slug":"our-results","status":"publish","type":"page","link":"https:\/\/risese.org\/fr\/our-results\/","title":{"rendered":"Nos r\u00e9sultats"},"content":{"rendered":"<p>NOS R\u00c9SULTATS<\/p>\n<h1>\n\t\t\tRelever le niveau de l'\u00e9ducation\t<\/h1>\n\t<p>Nos \u00e9l\u00e8ves s'\u00e9panouissent sur le plan scolaire et d\u00e9veloppent un caract\u00e8re fort et un sens des responsabilit\u00e9s, ce qui les pr\u00e9pare \u00e0 r\u00e9ussir \u00e0 l'\u00e9cole et au-del\u00e0.<\/p>\n<h2>\n\t\t\tNous nous engageons \u00e0 fournir des r\u00e9sultats \u00e9ducatifs exceptionnels \u00e0 nos \u00e9l\u00e8ves.\t<\/h2>\n\t<p>Notre engagement en faveur de l'excellence acad\u00e9mique, du d\u00e9veloppement du caract\u00e8re et de l'apprentissage personnalis\u00e9 a donn\u00e9 des r\u00e9sultats impressionnants, refl\u00e9tant le travail acharn\u00e9 de nos \u00e9l\u00e8ves, de nos \u00e9ducateurs et de notre communaut\u00e9.<\/p>\n<h3>\n\t\t\tTop 1% dans la croissance des \u00e9coles \u00e0 charte\t<\/h3>\n\t<p>Nous nous classons parmi les 1% meilleures \u00e9coles \u00e0 charte de Caroline du Nord en termes de croissance scolaire, ce qui d\u00e9montre notre efficacit\u00e9 \u00e0 am\u00e9liorer les performances des \u00e9l\u00e8ves.<\/p>\n<h3>\n\t\t\t#2 Performing Charter School en Caroline du Nord\t<\/h3>\n\t<p>Nous prouvons que des attentes \u00e9lev\u00e9es et des \u00e9ducateurs d\u00e9vou\u00e9s m\u00e8nent \u00e0 la r\u00e9ussite scolaire.<\/p>\n<h3>\n\t\t\tDes boursiers qui excellent au lyc\u00e9e\t<\/h3>\n\t<p>Les dipl\u00f4m\u00e9s de RISE s'\u00e9panouissent dans les meilleurs lyc\u00e9es de Caroline du Nord, notamment Raleigh Charter High et Longleaf School of the Arts.<\/p>\n<h3>\n\t\t\tCroissance acad\u00e9mique acc\u00e9l\u00e9r\u00e9e\t<\/h3>\n\t<p>Nous apportons aux \u00e9l\u00e8ves le soutien, la rigueur et les attentes \u00e9lev\u00e9es n\u00e9cessaires pour combler les lacunes, d\u00e9passer les crit\u00e8res de r\u00e9f\u00e9rence et exceller \u00e0 un rythme exceptionnel.<\/p>\n<h2>\n\t\t\tD\u00e9veloppement du caract\u00e8re et du leadership\t<\/h2>\n\t<p>Les boursiers RISE participent activement \u00e0 des projets de service communautaire, d\u00e9veloppant des comp\u00e9tences de leadership et un sens de la responsabilit\u00e9 sociale.<\/p>\n<p>De l'athl\u00e9tisme aux arts, nos \u00e9l\u00e8ves excellent dans diverses activit\u00e9s extrascolaires, obtenant des r\u00e9compenses et d\u00e9veloppant des comp\u00e9tences bien \u00e9quilibr\u00e9es.<\/p>\n<h2>\n\t\t\tBulletins scolaires\t<\/h2>\n\t<p>Nos r\u00e9sultats t\u00e9moignent de l'effort collectif de notre personnel d\u00e9vou\u00e9, de nos \u00e9l\u00e8ves motiv\u00e9s, de nos familles solidaires et de nos partenaires communautaires engag\u00e9s. Ensemble, nous continuons \u00e0 viser l'excellence, en veillant \u00e0 ce que chaque \u00e9l\u00e8ve de RISE soit \u00e9quip\u00e9 pour r\u00e9ussir et diriger dans un monde en constante \u00e9volution.<\/p>\n    <label for=\"mobileDropdown\"><strong>Filtrer par ann\u00e9e acad\u00e9mique :<\/strong><\/label>\n    <select id=\"mobileDropdown\">\n        <option value=\"2023-2024\">2023-2024<\/option>\n        <option value=\"2022-2023\">2022-2023<\/option>\n        <option value=\"2021-2022\">2021-2022<\/option>\n        <option value=\"2020-2021\">2020-2021<\/option>\n        <option value=\"2019-2020\">2019-2020<\/option>\n        <option value=\"2018-2019\">2018-2019<\/option>\n        <option value=\"2017-2018\">2017-2018<\/option>\n        <option value=\"2016-2017\">2016-2017<\/option>\n    <\/select>\n<table>\n    <thead>\n        <tr>\n            <th>\n                Ann\u00e9e acad\u00e9mique\n                <!---->\n                <!--    -->\n                        <option value=\"2023-2024\">2023-2024<\/option>\n                        <option value=\"2022-2023\">2022-2023<\/option>\n                        <option value=\"2021-2022\">2021-2022<\/option>\n                        <option value=\"2020-2021\">2020-2021<\/option>\n                        <option value=\"2019-2020\">2019-2020<\/option>\n                        <option value=\"2018-2019\">2018-2019<\/option>\n                        <option value=\"2017-2018\">2017-2018<\/option>\n                        <option value=\"2016-2017\">2016-2017<\/option>\n                <!---->\n            <\/th>\n            <th>Bulletin scolaire de la NC<\/th>\n            <th>Note de la lettre<\/th>\n            <th>Score de performance<\/th>\n        <\/tr>\n    <\/thead>\n    <tbody>\n        <tr data-year=\"2023-2024\" onclick=\"window.open('https:\/\/ncreports.ondemand.sas.com\/src\/school?school=93J000&#038;year=2024&#038;residing_district=920LEA', '_blank')\">\n            <td data-label=\"Academic Year\">2023-2024<\/td>\n            <td data-label=\"NC School Report Card\">Bulletins scolaires de la NC<\/td>\n            <td data-label=\"Letter Grade\">C<\/td>\n            <td data-label=\"Performance Score\">60<\/td>\n        <\/tr>\n        <tr id=\"viewFutureYearRow\">\n            <td colspan=\"4\">\n        Voir les bulletins de l'ann\u00e9e pr\u00e9c\u00e9dente +\n            <\/td>\n        <\/tr>\n        <tr data-year=\"2022-2023\" onclick=\"window.open('https:\/\/ncreports.ondemand.sas.com\/src\/school?school=93J000&#038;year=2023&#038;residing_district=920LEA', '_blank')\">\n            <td data-label=\"Academic Year\">2022-2023<\/td>\n            <td data-label=\"NC School Report Card\">Bulletins scolaires de la NC<\/td>\n            <td data-label=\"Letter Grade\">F<\/td>\n            <td data-label=\"Performance Score\">39<\/td>\n        <\/tr>\n        <tr data-year=\"2021-2022\" onclick=\"window.open('https:\/\/ncreports.ondemand.sas.com\/src\/school?school=93J000&#038;year=2022&#038;residing_district=920LEA', '_blank')\">\n            <td data-label=\"Academic Year\">2021-2022<\/td>\n            <td data-label=\"NC School Report Card\">Bulletins scolaires de la NC<\/td>\n            <td data-label=\"Letter Grade\">F<\/td>\n            <td data-label=\"Performance Score\">39<\/td>\n        <\/tr>\n        <tr data-year=\"2020-2021\" onclick=\"window.open('https:\/\/ncreports.ondemand.sas.com\/src\/school?school=93J000&#038;year=2021&#038;lng=en&#038;residing_district=920LEA', '_blank')\">\n            <td data-label=\"Academic Year\">2020-2021<\/td>\n            <td data-label=\"NC School Report Card\">Bulletins scolaires de la NC<\/td>\n            <td data-label=\"Letter Grade\">Pas de grade<\/td>\n            <td data-label=\"Performance Score\">Pas de score<\/td>\n        <\/tr>\n        <tr data-year=\"2019-2020\" onclick=\"window.open('https:\/\/ncreports.ondemand.sas.com\/src\/school?school=93J000&#038;year=2020&#038;lng=en&#038;residing_district=920LEA', '_blank')\">\n            <td data-label=\"Academic Year\">2019-2020<\/td>\n            <td data-label=\"NC School Report Card\">Bulletins scolaires de la NC<\/td>\n            <td data-label=\"Letter Grade\">Pas de grade<\/td>\n            <td data-label=\"Performance Score\">Pas de score<\/td>\n        <\/tr>\n        <tr data-year=\"2018-2019\" onclick=\"window.open('https:\/\/ncreports.ondemand.sas.com\/src\/school?school=93J000&#038;year=2019&#038;lng=en&#038;residing_district=920LEA', '_blank')\">\n            <td data-label=\"Academic Year\">2018-2019<\/td>\n            <td data-label=\"NC School Report Card\">Bulletins scolaires de la NC<\/td>\n            <td data-label=\"Letter Grade\">D<\/td>\n            <td data-label=\"Performance Score\">49<\/td>\n        <\/tr>\n        <tr data-year=\"2017-2018\" onclick=\"window.open('https:\/\/ncreports.ondemand.sas.com\/src\/school?school=93J000&#038;year=2018&#038;lng=en&#038;residing_district=920LEA', '_blank')\">\n            <td data-label=\"Academic Year\">2017-2018<\/td>\n            <td data-label=\"NC School Report Card\">Bulletins scolaires de la NC<\/td>\n            <td data-label=\"Letter Grade\">D<\/td>\n            <td data-label=\"Performance Score\">52<\/td>\n        <\/tr>\n        <tr data-year=\"2016-2017\" onclick=\"window.open('https:\/\/ncreports.ondemand.sas.com\/src\/school?school=93J000&#038;year=2017&#038;lng=en&#038;residing_district=920LEA', '_blank')\">\n            <td data-label=\"Academic Year\">2016-2017<\/td>\n            <td data-label=\"NC School Report Card\">Bulletins scolaires de la NC<\/td>\n            <td data-label=\"Letter Grade\">Pas de grade<\/td>\n            <td data-label=\"Performance Score\">0<\/td>\n        <\/tr>\n        \n    <\/tbody>\n<\/table>\n\t<p>Les bulletins scolaires de Caroline du Nord constituent une ressource importante, car ils fournissent des informations sur les donn\u00e9es au niveau des \u00e9coles dans un certain nombre de domaines.<\/p>\n\t\t\t\t<img decoding=\"async\" src=\"https:\/\/risese.org\/wp-content\/uploads\/2025\/03\/Screenshot-2025-03-13-at-7.53.43\u202fAM-1.png\" alt=\"Screenshot 2025-03-13 at 7.53.43\u202fAM 1\" itemprop=\"image\" title=\"Capture d&#039;\u00e9cran 2025-03-13 \u00e0 7.53.43 AM 1\" onerror=\"this.style.display='none'\" loading='lazy' \/>\n<h2>\n\t\t\tLes aigles volent haut\t<\/h2>\n\t<p>Olivia Williams transforme ses grands r\u00eaves en r\u00e9alit\u00e9. Pendant son s\u00e9jour \u00e0 la RISE Charter School, elle s'est distingu\u00e9e par son excellence scolaire, son talent musical et son leadership. En septi\u00e8me ann\u00e9e, elle a obtenu l'une des meilleures bourses d'\u00e9tudes universitaires de Caroline du Nord, une r\u00e9ussite remarquable \u00e0 un si jeune \u00e2ge. Aujourd'hui fi\u00e8re dipl\u00f4m\u00e9e de RISE, le parcours d'Olivia t\u00e9moigne d'une ambition pr\u00e9coce et du pouvoir d'une \u00e9cole qui fixe des attentes \u00e9lev\u00e9es.<\/p>\n\t\t\t<a href=\"\/fr\/olivia-williams-a-scholars-journey-to-success\/%20\/\" target=\"_self\">\n\t\t\t\t\t\t\tEn savoir plus\n\t\t\t\t\t<\/a>","protected":false},"excerpt":{"rendered":"<p>NOS R\u00c9SULTATS Mettre la barre plus haut en mati\u00e8re d'\u00e9ducation Nos boursiers s'\u00e9panouissent sur le plan scolaire et d\u00e9veloppent un caract\u00e8re fort et un sens des responsabilit\u00e9s, ce qui les pr\u00e9pare \u00e0 r\u00e9ussir \u00e0 l'\u00e9cole et au-del\u00e0. Nous nous engageons \u00e0 fournir des r\u00e9sultats \u00e9ducatifs exceptionnels \u00e0 nos \u00e9l\u00e8ves. Notre engagement en faveur de l'excellence acad\u00e9mique, du d\u00e9veloppement du caract\u00e8re et de l'apprentissage personnalis\u00e9 a donn\u00e9 des r\u00e9sultats impressionnants, refl\u00e9tant...<\/p>","protected":false},"author":3,"featured_media":0,"parent":0,"menu_order":0,"comment_status":"closed","ping_status":"closed","template":"","meta":{"footnotes":""},"class_list":["post-5653","page","type-page","status-publish","hentry"],"yoast_head":"<!-- This site is optimized with the Yoast SEO plugin v27.4 - https:\/\/yoast.com\/product\/yoast-seo-wordpress\/ -->\n<title>Our Results - RISE Charter School<\/title>\n<meta name=\"robots\" content=\"index, follow, max-snippet:-1, max-image-preview:large, max-video-preview:-1\" \/>\n<link rel=\"canonical\" href=\"https:\/\/risese.org\/fr\/our-results\/\" \/>\n<meta property=\"og:locale\" content=\"fr_FR\" \/>\n<meta property=\"og:type\" content=\"article\" \/>\n<meta property=\"og:title\" content=\"Our Results - RISE Charter School\" \/>\n<meta property=\"og:description\" content=\"OUR RESULTS Raising the Bar\u2028in Education Our scholars thrive academically and develop strong character and a sense of responsibility, preparing them to succeed in school and beyond. We are committed to delivering exceptional educational outcomes for our scholars. Our dedication to academic excellence, character development, and personalized learning has yielded impressive results, reflecting the hard&hellip;\" \/>\n<meta property=\"og:url\" content=\"https:\/\/risese.org\/fr\/our-results\/\" \/>\n<meta property=\"og:site_name\" content=\"RISE Charter School\" \/>\n<meta property=\"article:modified_time\" content=\"2025-07-08T19:03:19+00:00\" \/>\n<meta name=\"twitter:card\" content=\"summary_large_image\" \/>\n<script type=\"application\/ld+json\" class=\"yoast-schema-graph\">{\"@context\":\"https:\\\/\\\/schema.org\",\"@graph\":[{\"@type\":\"WebPage\",\"@id\":\"https:\\\/\\\/risese.org\\\/our-results\\\/\",\"url\":\"https:\\\/\\\/risese.org\\\/our-results\\\/\",\"name\":\"Our Results - RISE Charter School\",\"isPartOf\":{\"@id\":\"https:\\\/\\\/risese.org\\\/#website\"},\"datePublished\":\"2025-02-19T06:36:32+00:00\",\"dateModified\":\"2025-07-08T19:03:19+00:00\",\"breadcrumb\":{\"@id\":\"https:\\\/\\\/risese.org\\\/our-results\\\/#breadcrumb\"},\"inLanguage\":\"fr-FR\",\"potentialAction\":[{\"@type\":\"ReadAction\",\"target\":[\"https:\\\/\\\/risese.org\\\/our-results\\\/\"]}]},{\"@type\":\"BreadcrumbList\",\"@id\":\"https:\\\/\\\/risese.org\\\/our-results\\\/#breadcrumb\",\"itemListElement\":[{\"@type\":\"ListItem\",\"position\":1,\"name\":\"Home\",\"item\":\"https:\\\/\\\/risese.org\\\/\"},{\"@type\":\"ListItem\",\"position\":2,\"name\":\"Our Results\"}]},{\"@type\":\"WebSite\",\"@id\":\"https:\\\/\\\/risese.org\\\/#website\",\"url\":\"https:\\\/\\\/risese.org\\\/\",\"name\":\"RISE Charter School\",\"description\":\"Free Charter School in SE Raleigh\",\"potentialAction\":[{\"@type\":\"SearchAction\",\"target\":{\"@type\":\"EntryPoint\",\"urlTemplate\":\"https:\\\/\\\/risese.org\\\/?s={search_term_string}\"},\"query-input\":{\"@type\":\"PropertyValueSpecification\",\"valueRequired\":true,\"valueName\":\"search_term_string\"}}],\"inLanguage\":\"fr-FR\"}]}<\/script>\n<!-- \/ Yoast SEO plugin. -->","yoast_head_json":{"title":"Nos r\u00e9sultats - RISE Charter School","robots":{"index":"index","follow":"follow","max-snippet":"max-snippet:-1","max-image-preview":"max-image-preview:large","max-video-preview":"max-video-preview:-1"},"canonical":"https:\/\/risese.org\/fr\/our-results\/","og_locale":"fr_FR","og_type":"article","og_title":"Our Results - RISE Charter School","og_description":"OUR RESULTS Raising the Bar\u2028in Education Our scholars thrive academically and develop strong character and a sense of responsibility, preparing them to succeed in school and beyond. We are committed to delivering exceptional educational outcomes for our scholars. Our dedication to academic excellence, character development, and personalized learning has yielded impressive results, reflecting the hard&hellip;","og_url":"https:\/\/risese.org\/fr\/our-results\/","og_site_name":"RISE Charter School","article_modified_time":"2025-07-08T19:03:19+00:00","twitter_card":"summary_large_image","schema":{"@context":"https:\/\/schema.org","@graph":[{"@type":"WebPage","@id":"https:\/\/risese.org\/our-results\/","url":"https:\/\/risese.org\/our-results\/","name":"Nos r\u00e9sultats - RISE Charter School","isPartOf":{"@id":"https:\/\/risese.org\/#website"},"datePublished":"2025-02-19T06:36:32+00:00","dateModified":"2025-07-08T19:03:19+00:00","breadcrumb":{"@id":"https:\/\/risese.org\/our-results\/#breadcrumb"},"inLanguage":"fr-FR","potentialAction":[{"@type":"ReadAction","target":["https:\/\/risese.org\/our-results\/"]}]},{"@type":"BreadcrumbList","@id":"https:\/\/risese.org\/our-results\/#breadcrumb","itemListElement":[{"@type":"ListItem","position":1,"name":"Home","item":"https:\/\/risese.org\/"},{"@type":"ListItem","position":2,"name":"Our Results"}]},{"@type":"WebSite","@id":"https:\/\/risese.org\/#website","url":"https:\/\/risese.org\/","name":"RISE Charter School","description":"\u00c9cole \u00e0 charte gratuite dans le sud-est de Raleigh","potentialAction":[{"@type":"SearchAction","target":{"@type":"EntryPoint","urlTemplate":"https:\/\/risese.org\/?s={search_term_string}"},"query-input":{"@type":"PropertyValueSpecification","valueRequired":true,"valueName":"search_term_string"}}],"inLanguage":"fr-FR"}]}},"_links":{"self":[{"href":"https:\/\/risese.org\/fr\/wp-json\/wp\/v2\/pages\/5653","targetHints":{"allow":["GET"]}}],"collection":[{"href":"https:\/\/risese.org\/fr\/wp-json\/wp\/v2\/pages"}],"about":[{"href":"https:\/\/risese.org\/fr\/wp-json\/wp\/v2\/types\/page"}],"author":[{"embeddable":true,"href":"https:\/\/risese.org\/fr\/wp-json\/wp\/v2\/users\/3"}],"replies":[{"embeddable":true,"href":"https:\/\/risese.org\/fr\/wp-json\/wp\/v2\/comments?post=5653"}],"version-history":[{"count":0,"href":"https:\/\/risese.org\/fr\/wp-json\/wp\/v2\/pages\/5653\/revisions"}],"wp:attachment":[{"href":"https:\/\/risese.org\/fr\/wp-json\/wp\/v2\/media?parent=5653"}],"curies":[{"name":"wp","href":"https:\/\/api.w.org\/{rel}","templated":true}]}}