{"id":5401,"date":"2024-11-08T15:24:50","date_gmt":"2024-11-08T20:24:50","guid":{"rendered":"https:\/\/risese1.wpenginepowered.com\/?page_id=5401"},"modified":"2026-04-02T14:48:15","modified_gmt":"2026-04-02T14:48:15","slug":"admissions","status":"publish","type":"page","link":"https:\/\/risese.org\/fr\/admissions\/","title":{"rendered":"Admissions"},"content":{"rendered":"<h1>\n\t\t\t\u00c9lever chaque universitaire\t<\/h1>\n\t<p>RISE Charter School est une \u00e9cole publique gratuite ouverte \u00e0 tous les enfants.<\/p>\n<h2>\n\t\t\tInscrivez-vous \u00e0 la loterie de la liste d'attente pour l'ann\u00e9e scolaire 2026-2027 !\t<\/h2>\n\t\t\t<a href=\"https:\/\/risesencc.scriborder.com\/\"  target=\"_blank\" rel=\"noopener\">\n\t\t\t\t\t\t\tRejoindre la liste d'attente de la loterie\n\t\t\t\t\t<\/a>\n\t<p>Si vous souhaitez participer \u00e0 une prochaine tourn\u00e9e avant de vous inscrire \u00e0 la loterie d'attente, veuillez visiter notre <strong><a href=\"https:\/\/risese.org\/fr\/school-tours\/\">page des visites d'\u00e9coles<\/a><\/strong>. Nous vous remercions de l'int\u00e9r\u00eat que vous portez \u00e0 notre communaut\u00e9 scolaire.<\/p>\n<h2>\n\t\t\tResponsabiliser les boursiers\t<\/h2>\n\t<p>Situ\u00e9e au c\u0153ur du sud-est de Raleigh, cette \u00e9cole \u00e0 charte a pour vocation de permettre aux \u00e9l\u00e8ves d'exceller sur le plan scolaire, de renforcer leur communaut\u00e9 et de s'exprimer par le biais d'un enseignement rigoureux, d'une orientation bienveillante, du d\u00e9veloppement de l'esprit d'initiative et d'une exploration inspir\u00e9e.<\/p>\n\t<iframe allowfullscreen allow=\"autoplay\" data-src=\"https:\/\/www.youtube.com\/embed\/8tEjUs6bKbk?feature=oembed&amp;start&amp;end&amp;wmode=opaque&amp;loop=0&amp;controls=1&amp;mute=0&amp;rel=0&amp;modestbranding=0\"><\/iframe>\t\t\n\t\t\t\t\tLire la vid\u00e9o\n<figure itemscope itemtype=\"https:\/\/schema.org\/ImageObject\">\n\t\t\t\t<img decoding=\"async\" src=\"https:\/\/risese.org\/wp-content\/uploads\/2024\/11\/IMG_8603-2-1-1.png\" alt=\"IMG_8603 (2) 1 (1)\" height=\"263\" width=\"529\" title=\"IMG_8603 (2) 1 (1)\" onerror=\"this.style.display='none'\" loading=\"lazy\" \/>\n\t<\/figure>\n<h2>\n\t\t\tL'\u00e9cole RISE Charter School enregistre une croissance record !\t<\/h2>\n\t<p>Nous sommes fiers d'annoncer que nous avons obtenu notre place parmi les \u00e9coles les plus performantes de Caroline du Nord en termes de croissance acad\u00e9mique, gr\u00e2ce au travail acharn\u00e9 de nos \u00e9l\u00e8ves, de notre corps enseignant et de notre personnel.<\/p>\n<h2>\n\t\t\tPrincipales r\u00e9alisations\t<\/h2>\n\t<p>#2<\/p>\n\t<p>parmi 207 \u00e9coles \u00e0 charte dans l'\u00c9tat<\/p>\n\t<p>#2<\/p>\n\t<p>parmi les 48 \u00e9coles publiques du comt\u00e9 de Johnston<\/p>\n\t<p>#10<\/p>\n\t<p>sur 196 \u00e9coles publiques du comt\u00e9 de Wake<\/p>\n\t<p>#36<\/p>\n\t<p>sur 2 593 \u00e9coles en Caroline du Nord<\/p>\n\t<p>Ces r\u00e9sultats exceptionnels montrent que RISE surpasse de nombreuses \u00e9coles \u00e0 charte locales et plus anciennes, et nous ne faisons que commencer ! Nous nous appuyons sur cette base solide pour garantir une r\u00e9ussite encore plus grande \u00e0 chaque \u00e9l\u00e8ve.<\/p>\n<h2>\n\t\t\tInt\u00e9ress\u00e9(e) ? Faites une visite guid\u00e9e !\t<\/h2>\n\t<p>Nous serions ravis de vous rencontrer et d'avoir l'opportunit\u00e9 de vous pr\u00e9senter notre \u00e9cole plus en d\u00e9tail. Compl\u00e9tez la <em><strong><a href=\"https:\/\/docs.google.com\/forms\/d\/e\/1FAIpQLSfaaU6lbrEPFhYDf-R2u_hMWaYqKCYJCMtYFws6XDP3BOIWsg\/viewform\" target=\"_blank\" rel=\"noopener\">formulaire pour les visites scolaires<\/a><\/strong><\/em> ou en savoir plus <em><a href=\"https:\/\/risese.org\/fr\/school-tours\/\"><strong>ici<\/strong><\/a><\/em>.<\/p>\n<p>&nbsp;<\/p>\n<p><strong>\u00c0 quoi s'attendre ?<\/strong><\/p>\n<p>&gt; Une visite guid\u00e9e de notre campus<\/p>\n<p>&gt; La possibilit\u00e9 de poser des questions sur nos programmes d'enseignement<\/p>\n<p>&gt; Un aper\u00e7u de nos salles de classe et de notre personnel en action !<\/p>\n<h2>\n\t\t\tD\u00e9couvrez le voyage \u00e0 RISE !\t<\/h2>\n<figure itemscope itemtype=\"https:\/\/schema.org\/ImageObject\">\n\t\t\t\t<img decoding=\"async\" src=\"https:\/\/risese.org\/wp-content\/uploads\/2024\/11\/Layer_1-27.svg\" alt=\"Layer_1 (27)\" title=\"Couche_1 (27)\" onerror=\"this.style.display='none'\" loading=\"lazy\" \/>\n\t<\/figure>\n<h3>\n\t\t\tACADEMIQUE\t<\/h3>\n\t<p>Des programmes rigoureux, associ\u00e9s \u00e0 l'expertise des enseignants, permettent aux \u00e9l\u00e8ves de vivre une exp\u00e9rience scolaire de grande qualit\u00e9. Les enseignants travaillent en \u00e9troite collaboration les uns avec les autres et avec des accompagnateurs p\u00e9dagogiques pour s'assurer que tous les \u00e9l\u00e8ves r\u00e9pondent \u00e0 des attentes \u00e9lev\u00e9es.<\/p>\n<figure itemscope itemtype=\"https:\/\/schema.org\/ImageObject\">\n\t\t\t\t<img decoding=\"async\" src=\"https:\/\/risese.org\/wp-content\/uploads\/2024\/11\/Layer_1-2.png\" alt=\"Layer_1 (2)\" height=\"103\" width=\"140\" title=\"Couche_1 (2)\" onerror=\"this.style.display='none'\" loading=\"lazy\" \/>\n\t<\/figure>\n<h3>\n\t\t\tENRICHISSEMENT\t<\/h3>\n\t<p>Les mati\u00e8res principales ne repr\u00e9sentent qu'une partie du d\u00e9veloppement d'un \u00e9l\u00e8ve.  Des cours tels que la danse, l'art, la musique, l'orchestre, l'\u00e9ducation physique, l'espagnol et la culture num\u00e9rique \u00e9largissent \u00e9galement leurs comp\u00e9tences.  En plus de ces cours d'enrichissement, nous proposons divers clubs extrascolaires et des sports interscolaires.<\/p>\n<figure itemscope itemtype=\"https:\/\/schema.org\/ImageObject\">\n\t\t\t\t<img decoding=\"async\" src=\"https:\/\/risese.org\/wp-content\/uploads\/2024\/11\/Layer_1-3.png\" alt=\"Layer_1 (3)\" height=\"87\" width=\"88\" title=\"Couche_1 (3)\" onerror=\"this.style.display='none'\" loading=\"lazy\" \/>\n\t<\/figure>\n<h3>\n\t\t\tL'ENGAGEMENT DES FAMILLES\t<\/h3>\n\t<p>Nous voulons que vous fassiez partie de notre communaut\u00e9 scolaire ! Rejoignez-nous en faisant du b\u00e9n\u00e9volat, en acc\u00e9dant aux notes de votre \u00e9l\u00e8ve via le portail des parents, en communiquant avec les enseignants via TalkingPoints, en participant \u00e0 une visite, et bien plus encore. \u00c0 RISE, nous pensons que les partenariats avec les familles sont essentiels.<\/p>\n<figure itemscope itemtype=\"https:\/\/schema.org\/ImageObject\">\n\t\t\t\t<img decoding=\"async\" src=\"https:\/\/risese.org\/wp-content\/uploads\/2024\/11\/Layer_1-4.png\" alt=\"Layer_1 (4)\" height=\"109\" width=\"105\" title=\"Couche_1 (4)\" onerror=\"this.style.display='none'\" loading=\"lazy\" \/>\n\t<\/figure>\n<h3>\n\t\t\tOP\u00c9RATIONS\t<\/h3>\n\t<p>Outre les cours, nous savons qu'une logistique efficace est importante pour votre famille.  Renseignez-vous sur les itin\u00e9raires de bus, notre programme de petit-d\u00e9jeuner et de d\u00e9jeuner gratuits, les exigences en mati\u00e8re d'uniformes, les services de garde avant et apr\u00e8s l'\u00e9cole, et bien d'autres choses encore.<\/p>\n<h2>\n\t\t\tNous aimerions avoir de vos nouvelles !\t<\/h2>\n\t<p>N'h\u00e9sitez pas \u00e0 nous contacter et \u00e0 nous faire part de vos questions.<\/p>\n\t\t\t<a href=\"https:\/\/risese.org\/fr\/contact\/\"  target=\"_self\">\n\t\t\t\t\t\t\tNous contacter\n\t\t\t\t\t<\/a>","protected":false},"excerpt":{"rendered":"<p>\u00c9lever chaque \u00e9rudit\nRISE Charter School est une \u00e9cole publique gratuite, ouverte \u00e0 tous les enfants. Inscrivez-vous \u00e0 la loterie de la liste d'attente pour l'ann\u00e9e scolaire 2026-2027 !\nInscrivez-vous \u00e0 la loterie de la liste d'attente\nSi vous souhaitez participer \u00e0 une visite prochaine avant de vous inscrire \u00e0 la loterie de la liste d'attente, veuillez visiter notre page de visites scolaires. Merci de votre int\u00e9r\u00eat\u2026<\/p>","protected":false},"author":1,"featured_media":0,"parent":0,"menu_order":0,"comment_status":"closed","ping_status":"closed","template":"","meta":{"footnotes":""},"class_list":["post-5401","page","type-page","status-publish","hentry"],"yoast_head":"<!-- This site is optimized with the Yoast SEO plugin v27.4 - https:\/\/yoast.com\/product\/yoast-seo-wordpress\/ -->\n<title>Admissions - RISE Charter School<\/title>\n<meta name=\"robots\" content=\"index, follow, max-snippet:-1, max-image-preview:large, max-video-preview:-1\" \/>\n<link rel=\"canonical\" href=\"https:\/\/risese.org\/fr\/admissions\/\" \/>\n<meta property=\"og:locale\" content=\"fr_FR\" \/>\n<meta property=\"og:type\" content=\"article\" \/>\n<meta property=\"og:title\" content=\"Admissions - RISE Charter School\" \/>\n<meta property=\"og:description\" content=\"Elevating Every Scholar RISE Charter School is a tuition-free, public school that is open to all children. Join the waitlist lottery for the 2026-2027 school year! Join Waitlist Lottery If you would like to participate in an upcoming tour before entering the waitlist lottery, please visit our school tours page. Thank you for your interest&hellip;\" \/>\n<meta property=\"og:url\" content=\"https:\/\/risese.org\/fr\/admissions\/\" \/>\n<meta property=\"og:site_name\" content=\"RISE Charter School\" \/>\n<meta property=\"article:modified_time\" content=\"2026-04-02T14:48:15+00:00\" \/>\n<meta property=\"og:image\" content=\"https:\/\/risese.org\/wp-content\/uploads\/2024\/11\/IMG_8603-2-1-1.png\" \/>\n<meta name=\"twitter:card\" content=\"summary_large_image\" \/>\n<meta name=\"twitter:label1\" content=\"Dur\u00e9e de lecture estim\u00e9e\" \/>\n\t<meta name=\"twitter:data1\" content=\"4 minutes\" \/>\n<script type=\"application\/ld+json\" class=\"yoast-schema-graph\">{\"@context\":\"https:\\\/\\\/schema.org\",\"@graph\":[{\"@type\":\"WebPage\",\"@id\":\"https:\\\/\\\/risese.org\\\/admissions\\\/\",\"url\":\"https:\\\/\\\/risese.org\\\/admissions\\\/\",\"name\":\"Admissions - RISE Charter School\",\"isPartOf\":{\"@id\":\"https:\\\/\\\/risese.org\\\/#website\"},\"primaryImageOfPage\":{\"@id\":\"https:\\\/\\\/risese.org\\\/admissions\\\/#primaryimage\"},\"image\":{\"@id\":\"https:\\\/\\\/risese.org\\\/admissions\\\/#primaryimage\"},\"thumbnailUrl\":\"https:\\\/\\\/risese.org\\\/wp-content\\\/uploads\\\/2024\\\/11\\\/IMG_8603-2-1-1.png\",\"datePublished\":\"2024-11-08T20:24:50+00:00\",\"dateModified\":\"2026-04-02T14:48:15+00:00\",\"breadcrumb\":{\"@id\":\"https:\\\/\\\/risese.org\\\/admissions\\\/#breadcrumb\"},\"inLanguage\":\"fr-FR\",\"potentialAction\":[{\"@type\":\"ReadAction\",\"target\":[\"https:\\\/\\\/risese.org\\\/admissions\\\/\"]}]},{\"@type\":\"ImageObject\",\"inLanguage\":\"fr-FR\",\"@id\":\"https:\\\/\\\/risese.org\\\/admissions\\\/#primaryimage\",\"url\":\"https:\\\/\\\/risese.org\\\/wp-content\\\/uploads\\\/2024\\\/11\\\/IMG_8603-2-1-1.png\",\"contentUrl\":\"https:\\\/\\\/risese.org\\\/wp-content\\\/uploads\\\/2024\\\/11\\\/IMG_8603-2-1-1.png\"},{\"@type\":\"BreadcrumbList\",\"@id\":\"https:\\\/\\\/risese.org\\\/admissions\\\/#breadcrumb\",\"itemListElement\":[{\"@type\":\"ListItem\",\"position\":1,\"name\":\"Home\",\"item\":\"https:\\\/\\\/risese.org\\\/\"},{\"@type\":\"ListItem\",\"position\":2,\"name\":\"Admissions\"}]},{\"@type\":\"WebSite\",\"@id\":\"https:\\\/\\\/risese.org\\\/#website\",\"url\":\"https:\\\/\\\/risese.org\\\/\",\"name\":\"RISE Charter School\",\"description\":\"Free Charter School in SE Raleigh\",\"potentialAction\":[{\"@type\":\"SearchAction\",\"target\":{\"@type\":\"EntryPoint\",\"urlTemplate\":\"https:\\\/\\\/risese.org\\\/?s={search_term_string}\"},\"query-input\":{\"@type\":\"PropertyValueSpecification\",\"valueRequired\":true,\"valueName\":\"search_term_string\"}}],\"inLanguage\":\"fr-FR\"}]}<\/script>\n<!-- \/ Yoast SEO plugin. -->","yoast_head_json":{"title":"Admissions - \u00c9cole Charter RISE","robots":{"index":"index","follow":"follow","max-snippet":"max-snippet:-1","max-image-preview":"max-image-preview:large","max-video-preview":"max-video-preview:-1"},"canonical":"https:\/\/risese.org\/fr\/admissions\/","og_locale":"fr_FR","og_type":"article","og_title":"Admissions - RISE Charter School","og_description":"Elevating Every Scholar RISE Charter School is a tuition-free, public school that is open to all children. Join the waitlist lottery for the 2026-2027 school year! Join Waitlist Lottery If you would like to participate in an upcoming tour before entering the waitlist lottery, please visit our school tours page. Thank you for your interest&hellip;","og_url":"https:\/\/risese.org\/fr\/admissions\/","og_site_name":"RISE Charter School","article_modified_time":"2026-04-02T14:48:15+00:00","og_image":[{"url":"https:\/\/risese.org\/wp-content\/uploads\/2024\/11\/IMG_8603-2-1-1.png","type":"","width":"","height":""}],"twitter_card":"summary_large_image","twitter_misc":{"Dur\u00e9e de lecture estim\u00e9e":"4 minutes"},"schema":{"@context":"https:\/\/schema.org","@graph":[{"@type":"WebPage","@id":"https:\/\/risese.org\/admissions\/","url":"https:\/\/risese.org\/admissions\/","name":"Admissions - \u00c9cole Charter RISE","isPartOf":{"@id":"https:\/\/risese.org\/#website"},"primaryImageOfPage":{"@id":"https:\/\/risese.org\/admissions\/#primaryimage"},"image":{"@id":"https:\/\/risese.org\/admissions\/#primaryimage"},"thumbnailUrl":"https:\/\/risese.org\/wp-content\/uploads\/2024\/11\/IMG_8603-2-1-1.png","datePublished":"2024-11-08T20:24:50+00:00","dateModified":"2026-04-02T14:48:15+00:00","breadcrumb":{"@id":"https:\/\/risese.org\/admissions\/#breadcrumb"},"inLanguage":"fr-FR","potentialAction":[{"@type":"ReadAction","target":["https:\/\/risese.org\/admissions\/"]}]},{"@type":"ImageObject","inLanguage":"fr-FR","@id":"https:\/\/risese.org\/admissions\/#primaryimage","url":"https:\/\/risese.org\/wp-content\/uploads\/2024\/11\/IMG_8603-2-1-1.png","contentUrl":"https:\/\/risese.org\/wp-content\/uploads\/2024\/11\/IMG_8603-2-1-1.png"},{"@type":"BreadcrumbList","@id":"https:\/\/risese.org\/admissions\/#breadcrumb","itemListElement":[{"@type":"ListItem","position":1,"name":"Home","item":"https:\/\/risese.org\/"},{"@type":"ListItem","position":2,"name":"Admissions"}]},{"@type":"WebSite","@id":"https:\/\/risese.org\/#website","url":"https:\/\/risese.org\/","name":"RISE Charter School","description":"\u00c9cole \u00e0 charte gratuite dans le sud-est de Raleigh","potentialAction":[{"@type":"SearchAction","target":{"@type":"EntryPoint","urlTemplate":"https:\/\/risese.org\/?s={search_term_string}"},"query-input":{"@type":"PropertyValueSpecification","valueRequired":true,"valueName":"search_term_string"}}],"inLanguage":"fr-FR"}]}},"_links":{"self":[{"href":"https:\/\/risese.org\/fr\/wp-json\/wp\/v2\/pages\/5401","targetHints":{"allow":["GET"]}}],"collection":[{"href":"https:\/\/risese.org\/fr\/wp-json\/wp\/v2\/pages"}],"about":[{"href":"https:\/\/risese.org\/fr\/wp-json\/wp\/v2\/types\/page"}],"author":[{"embeddable":true,"href":"https:\/\/risese.org\/fr\/wp-json\/wp\/v2\/users\/1"}],"replies":[{"embeddable":true,"href":"https:\/\/risese.org\/fr\/wp-json\/wp\/v2\/comments?post=5401"}],"version-history":[{"count":0,"href":"https:\/\/risese.org\/fr\/wp-json\/wp\/v2\/pages\/5401\/revisions"}],"wp:attachment":[{"href":"https:\/\/risese.org\/fr\/wp-json\/wp\/v2\/media?parent=5401"}],"curies":[{"name":"wp","href":"https:\/\/api.w.org\/{rel}","templated":true}]}}