{"id":4958,"date":"2024-02-28T19:47:22","date_gmt":"2024-02-28T19:47:22","guid":{"rendered":"http:\/\/rise-charter-school.local\/?page_id=4958"},"modified":"2025-12-10T22:41:12","modified_gmt":"2025-12-10T22:41:12","slug":"home-page","status":"publish","type":"page","link":"https:\/\/risese.org\/fr\/","title":{"rendered":"Page d'accueil"},"content":{"rendered":"<h1>\n\t\t\tL'essor de l'enseignement\t<\/h1>\n\t<p>Une \u00e9cole publique gratuite de la maternelle \u00e0 la 8e ann\u00e9e, situ\u00e9e au sud-est de Raleigh, o\u00f9 l'apprentissage est dynamique, engageant et significatif.<\/p>\n\t\t\t<a href=\"https:\/\/risese.org\/fr\/who-we-are\/\" target=\"_self\">\n\t\t\t\t\t\t\tEn savoir plus\n\t\t\t\t\t<\/a>\n<h2>\n\t\t\tNous donnons aux \u00e9tudiants les moyens de r\u00e9aliser leur plein potentiel.\t<\/h2>\n\t\t\t\t<img decoding=\"async\" src=\"https:\/\/risese.org\/wp-content\/uploads\/2025\/03\/Rectangle-53.png\" alt=\"Rectangle 53\" itemprop=\"image\" height=\"474\" width=\"744\" title=\"Rectangle 53\" onerror=\"this.style.display='none'\" loading=\"lazy\" \/>\n\t\t\t\t<img decoding=\"async\" src=\"https:\/\/risese.org\/wp-content\/uploads\/2025\/03\/Rectangle-54.png\" alt=\"Rectangle 54\" itemprop=\"image\" height=\"385\" width=\"362\" title=\"Rectangle 54\" onerror=\"this.style.display='none'\" loading=\"lazy\" \/>\n\t<p class=\"translation-block\">Nous croyons en la valeur, les capacit\u00e9s et le potentiel de chaque \u00e9l\u00e8ve, et nous encourageons la croissance par l'effort et la participation.<\/p>\n\t\t\t\t<img decoding=\"async\" src=\"https:\/\/risese.org\/wp-content\/uploads\/2025\/02\/logic-icon.png\" alt=\"logic icon\" itemprop=\"image\" height=\"104\" width=\"93\" title=\"ic\u00f4ne de logique\" onerror=\"this.style.display='none'\" loading=\"lazy\" \/>\n<h3>\n\t\t\tExcellence acad\u00e9mique\t<\/h3>\n\t<p>Donner aux \u00e9l\u00e8ves les comp\u00e9tences et les connaissances n\u00e9cessaires pour r\u00e9ussir sur le plan scolaire et jeter les bases d'une r\u00e9ussite tout au long de la vie.<\/p>\n\t\t\t\t<img decoding=\"async\" src=\"https:\/\/risese.org\/wp-content\/uploads\/2025\/02\/handshake-icon.png\" alt=\"handshake icon\" itemprop=\"image\" height=\"101\" width=\"104\" title=\"ic\u00f4ne de la poign\u00e9e de main\" onerror=\"this.style.display='none'\" loading=\"lazy\" \/>\n<h3>\n\t\t\tD\u00e9veloppement des personnages\t<\/h3>\n\t<p>Encourager des valeurs telles que la r\u00e9silience, le respect et le leadership afin d'inciter les \u00e9l\u00e8ves \u00e0 avoir un impact significatif sur leur communaut\u00e9.<\/p>\n\t\t\t\t<img decoding=\"async\" src=\"https:\/\/risese.org\/wp-content\/uploads\/2025\/02\/search-user-icon.png\" alt=\"search-user icon\" itemprop=\"image\" height=\"98\" width=\"98\" title=\"ic\u00f4ne recherche-utilisateur\" onerror=\"this.style.display='none'\" loading=\"lazy\" \/>\n<h3 class=\"translation-block\"><span class=\"fl-heading-text\">D\u00e9couverte de soi<br><\/span><\/h3>\n\t<p>Permettre aux \u00e9l\u00e8ves de d\u00e9couvrir leurs talents uniques, leurs passions et leur personnalit\u00e9 authentique, ouvrant ainsi la voie \u00e0 un avenir audacieux et confiant.<\/p>\n<h2>\n\t\t\tL'\u00e9cole RISE Charter School enregistre une croissance record !\t<\/h2>\n\t<p>Gr\u00e2ce au travail acharn\u00e9 de nos \u00e9l\u00e8ves, de notre corps enseignant et de notre personnel, nous nous sommes hiss\u00e9s parmi les \u00e9coles les plus performantes de Caroline du Nord en termes de croissance scolaire.<\/p>\n<h2>\n\t\t\t#2\t<\/h2>\n\t<p>parmi 207 \u00e9coles \u00e0 charte dans l'\u00c9tat<\/p>\n<h2>\n\t\t\t#2\t<\/h2>\n\t<p>parmi les 48 \u00e9coles publiques du comt\u00e9 de Johnston<\/p>\n<h2>\n\t\t\t#10\t<\/h2>\n\t<p>sur 196 \u00e9coles publiques du comt\u00e9 de Wake<\/p>\n<h2>\n\t\t\t#36\t<\/h2>\n\t<p>sur 2 593 \u00e9coles en Caroline du Nord<\/p>\n\t\t\t\t<img decoding=\"async\" src=\"https:\/\/risese.org\/wp-content\/uploads\/2025\/03\/Screenshot-2025-03-13-at-7.53.43\u202fAM-1.png\" alt=\"Screenshot 2025-03-13 at 7.53.43\u202fAM 1\" itemprop=\"image\" height=\"116\" width=\"117\" title=\"Capture d&#039;\u00e9cran 2025-03-13 \u00e0 7.53.43 AM 1\" onerror=\"this.style.display='none'\" loading=\"lazy\" \/>\n<h2>\n\t\t\tLes aigles volent haut\t<\/h2>\n\t<p>Olivia Williams transforme ses grands r\u00eaves en r\u00e9alit\u00e9. Pendant son s\u00e9jour \u00e0 la RISE Charter School, elle s'est distingu\u00e9e par son excellence scolaire, son talent musical et son leadership. En septi\u00e8me ann\u00e9e, elle a obtenu l'une des meilleures bourses d'\u00e9tudes universitaires de Caroline du Nord, une r\u00e9ussite remarquable \u00e0 un si jeune \u00e2ge. Aujourd'hui fi\u00e8re dipl\u00f4m\u00e9e de RISE, le parcours d'Olivia t\u00e9moigne d'une ambition pr\u00e9coce et du pouvoir d'une \u00e9cole qui fixe des attentes \u00e9lev\u00e9es.<\/p>\n\t\t\t<a href=\"\/fr\/olivia-williams-a-scholars-journey-to-success\/%20\/\" target=\"_self\">\n\t\t\t\t\t\t\tEn savoir plus\n\t\t\t\t\t<\/a>","protected":false},"excerpt":{"rendered":"<p>Where Scholars Soar Une \u00e9cole publique \u00e0 charte gratuite, de la maternelle \u00e0 la 8e ann\u00e9e, situ\u00e9e au sud-est de Raleigh, o\u00f9 l'apprentissage est dynamique, engageant et significatif. En savoir plus Nous donnons aux \u00e9l\u00e8ves les moyens de r\u00e9aliser leur plein potentiel. Nous croyons en la valeur, les capacit\u00e9s et le potentiel de chaque \u00e9l\u00e8ve et nous encourageons la croissance par l'effort et la participation. Excellence acad\u00e9mique Doter les \u00e9l\u00e8ves des comp\u00e9tences et...<\/p>","protected":false},"author":1,"featured_media":0,"parent":0,"menu_order":0,"comment_status":"closed","ping_status":"closed","template":"","meta":{"footnotes":""},"class_list":["post-4958","page","type-page","status-publish","hentry"],"yoast_head":"<!-- This site is optimized with the Yoast SEO plugin v27.3 - https:\/\/yoast.com\/product\/yoast-seo-wordpress\/ -->\n<title>Home Page - RISE Charter School<\/title>\n<meta name=\"robots\" content=\"index, follow, max-snippet:-1, max-image-preview:large, max-video-preview:-1\" \/>\n<link rel=\"canonical\" href=\"https:\/\/risese.org\/fr\/\" \/>\n<meta property=\"og:locale\" content=\"fr_FR\" \/>\n<meta property=\"og:type\" content=\"article\" \/>\n<meta property=\"og:title\" content=\"Home Page - RISE Charter School\" \/>\n<meta property=\"og:description\" content=\"Where Scholars Soar A tuition-free K-8 public charter school in SE Raleigh where learning is dynamic, engaging, and meaningful. Learn More We empower scholars to rise to their full potential. We believe in every student&#8217;s value, ability, and potential, and we foster growth through effort and participation. Academic Excellence Equipping scholars with the skills and&hellip;\" \/>\n<meta property=\"og:url\" content=\"https:\/\/risese.org\/fr\/\" \/>\n<meta property=\"og:site_name\" content=\"RISE Charter School\" \/>\n<meta property=\"article:modified_time\" content=\"2025-12-10T22:41:12+00:00\" \/>\n<meta property=\"og:image\" content=\"https:\/\/risese.org\/wp-content\/uploads\/2025\/03\/Rectangle-53.png\" \/>\n<meta name=\"twitter:card\" content=\"summary_large_image\" \/>\n<script type=\"application\/ld+json\" class=\"yoast-schema-graph\">{\"@context\":\"https:\\\/\\\/schema.org\",\"@graph\":[{\"@type\":\"WebPage\",\"@id\":\"https:\\\/\\\/risese.org\\\/\",\"url\":\"https:\\\/\\\/risese.org\\\/\",\"name\":\"Home Page - RISE Charter School\",\"isPartOf\":{\"@id\":\"https:\\\/\\\/risese.org\\\/#website\"},\"primaryImageOfPage\":{\"@id\":\"https:\\\/\\\/risese.org\\\/#primaryimage\"},\"image\":{\"@id\":\"https:\\\/\\\/risese.org\\\/#primaryimage\"},\"thumbnailUrl\":\"https:\\\/\\\/risese.org\\\/wp-content\\\/uploads\\\/2025\\\/03\\\/Rectangle-53.png\",\"datePublished\":\"2024-02-28T19:47:22+00:00\",\"dateModified\":\"2025-12-10T22:41:12+00:00\",\"breadcrumb\":{\"@id\":\"https:\\\/\\\/risese.org\\\/#breadcrumb\"},\"inLanguage\":\"fr-FR\",\"potentialAction\":[{\"@type\":\"ReadAction\",\"target\":[\"https:\\\/\\\/risese.org\\\/\"]}]},{\"@type\":\"ImageObject\",\"inLanguage\":\"fr-FR\",\"@id\":\"https:\\\/\\\/risese.org\\\/#primaryimage\",\"url\":\"https:\\\/\\\/risese.org\\\/wp-content\\\/uploads\\\/2025\\\/03\\\/Rectangle-53.png\",\"contentUrl\":\"https:\\\/\\\/risese.org\\\/wp-content\\\/uploads\\\/2025\\\/03\\\/Rectangle-53.png\"},{\"@type\":\"BreadcrumbList\",\"@id\":\"https:\\\/\\\/risese.org\\\/#breadcrumb\",\"itemListElement\":[{\"@type\":\"ListItem\",\"position\":1,\"name\":\"Home\",\"item\":\"https:\\\/\\\/risese.org\\\/\"},{\"@type\":\"ListItem\",\"position\":2,\"name\":\"Home Page\"}]},{\"@type\":\"WebSite\",\"@id\":\"https:\\\/\\\/risese.org\\\/#website\",\"url\":\"https:\\\/\\\/risese.org\\\/\",\"name\":\"RISE Charter School\",\"description\":\"Free Charter School in SE Raleigh\",\"potentialAction\":[{\"@type\":\"SearchAction\",\"target\":{\"@type\":\"EntryPoint\",\"urlTemplate\":\"https:\\\/\\\/risese.org\\\/?s={search_term_string}\"},\"query-input\":{\"@type\":\"PropertyValueSpecification\",\"valueRequired\":true,\"valueName\":\"search_term_string\"}}],\"inLanguage\":\"fr-FR\"}]}<\/script>\n<!-- \/ Yoast SEO plugin. -->","yoast_head_json":{"title":"Page d'accueil - RISE Charter School","robots":{"index":"index","follow":"follow","max-snippet":"max-snippet:-1","max-image-preview":"max-image-preview:large","max-video-preview":"max-video-preview:-1"},"canonical":"https:\/\/risese.org\/fr\/","og_locale":"fr_FR","og_type":"article","og_title":"Home Page - RISE Charter School","og_description":"Where Scholars Soar A tuition-free K-8 public charter school in SE Raleigh where learning is dynamic, engaging, and meaningful. Learn More We empower scholars to rise to their full potential. We believe in every student&#8217;s value, ability, and potential, and we foster growth through effort and participation. Academic Excellence Equipping scholars with the skills and&hellip;","og_url":"https:\/\/risese.org\/fr\/","og_site_name":"RISE Charter School","article_modified_time":"2025-12-10T22:41:12+00:00","og_image":[{"url":"https:\/\/risese.org\/wp-content\/uploads\/2025\/03\/Rectangle-53.png","type":"","width":"","height":""}],"twitter_card":"summary_large_image","schema":{"@context":"https:\/\/schema.org","@graph":[{"@type":"WebPage","@id":"https:\/\/risese.org\/","url":"https:\/\/risese.org\/","name":"Page d'accueil - RISE Charter School","isPartOf":{"@id":"https:\/\/risese.org\/#website"},"primaryImageOfPage":{"@id":"https:\/\/risese.org\/#primaryimage"},"image":{"@id":"https:\/\/risese.org\/#primaryimage"},"thumbnailUrl":"https:\/\/risese.org\/wp-content\/uploads\/2025\/03\/Rectangle-53.png","datePublished":"2024-02-28T19:47:22+00:00","dateModified":"2025-12-10T22:41:12+00:00","breadcrumb":{"@id":"https:\/\/risese.org\/#breadcrumb"},"inLanguage":"fr-FR","potentialAction":[{"@type":"ReadAction","target":["https:\/\/risese.org\/"]}]},{"@type":"ImageObject","inLanguage":"fr-FR","@id":"https:\/\/risese.org\/#primaryimage","url":"https:\/\/risese.org\/wp-content\/uploads\/2025\/03\/Rectangle-53.png","contentUrl":"https:\/\/risese.org\/wp-content\/uploads\/2025\/03\/Rectangle-53.png"},{"@type":"BreadcrumbList","@id":"https:\/\/risese.org\/#breadcrumb","itemListElement":[{"@type":"ListItem","position":1,"name":"Home","item":"https:\/\/risese.org\/"},{"@type":"ListItem","position":2,"name":"Home Page"}]},{"@type":"WebSite","@id":"https:\/\/risese.org\/#website","url":"https:\/\/risese.org\/","name":"RISE Charter School","description":"\u00c9cole \u00e0 charte gratuite dans le sud-est de Raleigh","potentialAction":[{"@type":"SearchAction","target":{"@type":"EntryPoint","urlTemplate":"https:\/\/risese.org\/?s={search_term_string}"},"query-input":{"@type":"PropertyValueSpecification","valueRequired":true,"valueName":"search_term_string"}}],"inLanguage":"fr-FR"}]}},"_links":{"self":[{"href":"https:\/\/risese.org\/fr\/wp-json\/wp\/v2\/pages\/4958","targetHints":{"allow":["GET"]}}],"collection":[{"href":"https:\/\/risese.org\/fr\/wp-json\/wp\/v2\/pages"}],"about":[{"href":"https:\/\/risese.org\/fr\/wp-json\/wp\/v2\/types\/page"}],"author":[{"embeddable":true,"href":"https:\/\/risese.org\/fr\/wp-json\/wp\/v2\/users\/1"}],"replies":[{"embeddable":true,"href":"https:\/\/risese.org\/fr\/wp-json\/wp\/v2\/comments?post=4958"}],"version-history":[{"count":0,"href":"https:\/\/risese.org\/fr\/wp-json\/wp\/v2\/pages\/4958\/revisions"}],"wp:attachment":[{"href":"https:\/\/risese.org\/fr\/wp-json\/wp\/v2\/media?parent=4958"}],"curies":[{"name":"wp","href":"https:\/\/api.w.org\/{rel}","templated":true}]}}