{"id":3040,"date":"2020-06-08T10:46:21","date_gmt":"2020-06-08T14:46:21","guid":{"rendered":"http:\/\/beta.angeloakcreative.com\/pave\/?page_id=3040"},"modified":"2025-08-21T01:14:11","modified_gmt":"2025-08-21T01:14:11","slug":"board","status":"publish","type":"page","link":"https:\/\/risese.org\/fr\/board\/","title":{"rendered":"Conseil d'administration"},"content":{"rendered":"<h1>\n\t\t\tNotre conseil d'administration\t<\/h1>\n\t<p>Chez RISE, nous avons la chance et la gratitude de pouvoir compter sur un noyau de membres du conseil d'administration engag\u00e9s et d\u00e9vou\u00e9s.<\/p>\n<h2>\n\t\t\tRencontrez notre conseil d'administration\t<\/h2>\n\t<strong>Kwan Graham, pr\u00e9sident<\/strong><br \/>\n<em>Directeur de l'engagement communautaire<\/em><br \/>\nParents pour la libert\u00e9 d'enseignement en Caroline du Nord\n\t<strong>Crawford Crenshaw, vice-pr\u00e9sident<\/strong><br \/>\n<em>Membre du conseil d'administration<\/em><br \/>\nFondation Tom Russell\n\t<strong>Annette Corona, Secr\u00e9taire<\/strong><br \/>\n<em>Sp\u00e9cialiste du marketing et du d\u00e9veloppement des affaires<\/em><br \/>\nSmith Anderson<br \/>\nRISE Southeast Raleigh Parent\n\t<strong>Lynette Aytch<\/strong><br \/>\n<em>Directeur, Institut de d\u00e9veloppement du leadership<\/em><br \/>\nZERO \u00c0 TROIS\n\t<strong>Lauren Vance<\/strong><br \/>\n<em>Directeur g\u00e9n\u00e9ral, acquisition de talents<\/em><br \/>\nR\u00e9seau Achievement\n\t<strong>Taylor Dewberry<\/strong><br \/>\n<em>Avocat, responsable de la diversit\u00e9<\/em><br \/>\nSmith Anderson\n\t<strong>Dexter Hebert<\/strong><br \/>\n<em>Directeur de la branche ex\u00e9cutive<\/em><br \/>\nSE Raleigh, YMCA\n\t<strong>Spencer Robertson<\/strong><br \/>\n<em>PDG\/Fondateur<\/em><br \/>\nPAVE Schools, Inc.\n\t<strong>Andrew Lakis<\/strong><br \/>\n<em>Directeur ex\u00e9cutif<\/em><br \/>\nProgramme de leadership des Robertson Scholars\n\t<strong>Willette Morman<\/strong><br \/>\n<em>Directeur g\u00e9n\u00e9ral (retrait\u00e9) R\u00e9gions Caroline du Nord et du Sud<\/em><br \/>\nDuke Energy Corporation\n\t<strong>Craig Herb<\/strong><br \/>\n<em>Directeur des ventes et du marketing - District sud-est (retrait\u00e9)<br \/>\nMicrosoft Corporation<\/em>\n<h2>\n\t\t\tProchaines r\u00e9unions du conseil d'administration et proc\u00e8s-verbaux des r\u00e9unions pr\u00e9c\u00e9dentes\t<\/h2>\n\t<p><strong>Les prochaines dates sont les suivantes :<\/strong><\/p>\nLundi 25 ao\u00fbt 2025<br \/>\n13:00 - 14:30\n\t<p><strong>Les temps pass\u00e9s sont les suivants :<\/strong><\/p>\n20 mai - 13h00 - 14h00<br \/>\n22 avril - 13h00 - 14h00<br \/>\n26 f\u00e9vrier - 17h00 - 18h00<br \/>\n22 janvier - 13h00 - 14h00<br \/>\n11 d\u00e9cembre - 17h00 - 18h00<br \/>\n26 octobre - 13h00 - 14h00<br \/>\n25 septembre - 17h00 - 18h00\n\t<p>Les commentaires du public peuvent \u00eatre envoy\u00e9s par courrier \u00e9lectronique :\u00a0<a href=\"mailto:boardchair@risese.org\">boardchair@risese.org<\/a>.<\/p>\n\t\t\t\t\t\t\t\t\t\t<a href=\"#\" id=\"fl-accordion--icon-0\"  tabindex=\"0\"><i>\u00c9largir<\/i><\/a>\n\t\t\t\t\t<a href=\"#\"  id=\"fl-accordion--label-0\" tabindex=\"0\" aria-controls=\"fl-accordion--panel-0\">Notes de la r\u00e9union 2024<\/a>\n\t\t\t\t\t<ul>\n<li><a href=\"https:\/\/risese.org\/wp-content\/uploads\/2024\/11\/RISE-Minutes-10.21.24-FINAL.pdf\" target=\"_blank\" rel=\"noopener\">Proc\u00e8s-verbal de la r\u00e9union du RISE du 21 octobre 2024<\/a><\/li>\n<li><a href=\"https:\/\/risese.org\/wp-content\/uploads\/2024\/11\/RISE-Minutes-9.23.24-FINAL.pdf\" target=\"_blank\" rel=\"noopener\">Proc\u00e8s-verbal de la r\u00e9union du RISE du 23 septembre 2024<\/a><\/li>\n<li><a href=\"https:\/\/risese.org\/wp-content\/uploads\/2024\/11\/RISE-Minutes-8.26.24-FINAL.pdf\" target=\"_blank\" rel=\"noopener\">Proc\u00e8s-verbal de la r\u00e9union du RISE du 26 ao\u00fbt 2024<\/a><\/li>\n<li><a href=\"https:\/\/risese.org\/wp-content\/uploads\/2024\/08\/6.27.24-Board-Meeting-Minutes.pdf\" target=\"_blank\" rel=\"noopener\">Proc\u00e8s-verbal de la r\u00e9union du RISE du 27 juin 2024<\/a><\/li>\n<li><a href=\"https:\/\/risese.org\/wp-content\/uploads\/2024\/08\/5.20.24-Board-Meeting-Minutes.pdf\" target=\"_blank\" rel=\"noopener\">Proc\u00e8s-verbal de la r\u00e9union du RISE du 20 mai 2024<\/a><\/li>\n<li><a href=\"https:\/\/risese.org\/wp-content\/uploads\/2024\/08\/4.22.24-Board-Meeting-Minutes.pdf\" target=\"_blank\" rel=\"noopener\">Proc\u00e8s-verbal de la r\u00e9union du RISE du 22 avril 2024<\/a><\/li>\n<li><a href=\"https:\/\/risese.org\/wp-content\/uploads\/2024\/08\/2.26.24-Board-Meeting-Minutes.pdf\" target=\"_blank\" rel=\"noopener\">Proc\u00e8s-verbal de la r\u00e9union du RISE du 26 f\u00e9vrier 2024<\/a><\/li>\n<li><a href=\"https:\/\/risese.org\/wp-content\/uploads\/2024\/03\/RISE-Minutes-1.22.24-Final.pdf\" target=\"_blank\" rel=\"noopener\">Proc\u00e8s-verbal de la r\u00e9union du RISE du 22 janvier 2024<\/a><\/li>\n<\/ul>\n\t\t\t\t\t\t\t\t\t\t<a href=\"#\" id=\"fl-accordion--icon-1\"  tabindex=\"0\"><i>\u00c9largir<\/i><\/a>\n\t\t\t\t\t<a href=\"#\"  id=\"fl-accordion--label-1\" tabindex=\"0\" aria-controls=\"fl-accordion--panel-1\">Notes de la r\u00e9union de 2023<\/a>\n\t\t\t\t\t<ul>\n<li><a href=\"https:\/\/risese.org\/wp-content\/uploads\/2024\/03\/RISE-Minutes-12.11.23-final.pdf\" target=\"_blank\" rel=\"noopener\">Proc\u00e8s-verbal de la r\u00e9union du RISE du 11 d\u00e9cembre 2023<\/a><\/li>\n<li><a href=\"https:\/\/risese.org\/wp-content\/uploads\/2024\/02\/RISE-Minutes-10.26.23-DRAFT.pdf\" target=\"_blank\" rel=\"noopener\">Proc\u00e8s-verbal de la r\u00e9union du RISE du 26 octobre 2023<\/a><\/li>\n<li><a href=\"https:\/\/risese.org\/wp-content\/uploads\/2024\/02\/RISE-Minutes-9.25.23-DRAFT.pdf\" target=\"_blank\" rel=\"noopener\">Proc\u00e8s-verbal de la r\u00e9union du RISE du 25 septembre 2023<\/a><\/li>\n<li><a href=\"https:\/\/risese.org\/wp-content\/uploads\/2024\/02\/RISE-Minutes-6.26.23-Approved.pdf\" target=\"_blank\" rel=\"noopener\">Proc\u00e8s-verbal de la r\u00e9union du RISE du 26 juin 2023<\/a><\/li>\n<li><a href=\"https:\/\/risese.org\/wp-content\/uploads\/2024\/02\/RISE-Minutes-5.15.23-APPROVED-1.pdf\" target=\"_blank\" rel=\"noopener\">Proc\u00e8s-verbal de la r\u00e9union du RISE du 15 mai 2023<\/a><\/li>\n<li><a href=\"https:\/\/risese.org\/wp-content\/uploads\/2024\/02\/RISE-Minutes-3.20.23-APPROVED-1.pdf\" target=\"_blank\" rel=\"noopener\">Proc\u00e8s-verbal de la r\u00e9union du RISE du 20 mars 2023<\/a><\/li>\n<li><a href=\"https:\/\/risesoutheastr.wpengine.com\/wp-content\/uploads\/2023\/05\/RISE-Minutes-2.27.23-Approved.pdf\" target=\"_blank\" rel=\"noopener\">Proc\u00e8s-verbal de la r\u00e9union du RISE du 27 f\u00e9vrier 2023<\/a><\/li>\n<li><a href=\"https:\/\/risesoutheastr.wpengine.com\/wp-content\/uploads\/2023\/05\/RISE-Minutes-1.23.23-Approved.pdf\" target=\"_blank\" rel=\"noopener\">Proc\u00e8s-verbal de la r\u00e9union du RISE du 23 janvier 2023<\/a><\/li>\n<\/ul>\n<h2>\n\t\t\tCommentaires du public\t<\/h2>\n\t<p>Souhaitez-vous faire un commentaire public lors de la r\u00e9union du conseil d'administration ? Si oui, veuillez remplir ce formulaire.<\/p>\n<h2>\n\t\t\tRencontrer notre \u00e9quipe\t<\/h2>\n\t<p>Rencontrez nos enseignants et notre personnel<\/p>\n\t\t\t<a href=\"https:\/\/risese.org\/fr\/our-team\/\" target=\"_self\">\n\t\t\t\t\t\t\tEn savoir plus\n\t\t\t\t\t<\/a>","protected":false},"excerpt":{"rendered":"<p>Notre conseil d'administration Chez RISE, nous avons la chance et la gratitude de pouvoir compter sur un noyau de membres du conseil d'administration engag\u00e9s et d\u00e9vou\u00e9s. Voici notre conseil d'administration Kwan Graham, pr\u00e9sident Directeur de l'engagement communautaire Parents for Educational Freedom in NC Crawford Crenshaw, vice-pr\u00e9sident Membre du conseil d'administration Tom Russell Foundation Annette Corona, secr\u00e9taire Sp\u00e9cialiste du marketing et du d\u00e9veloppement commercial Smith Anderson RISE...<\/p>","protected":false},"author":1,"featured_media":0,"parent":0,"menu_order":3,"comment_status":"closed","ping_status":"closed","template":"","meta":{"footnotes":""},"class_list":["post-3040","page","type-page","status-publish","hentry"],"yoast_head":"<!-- This site is optimized with the Yoast SEO plugin v27.3 - https:\/\/yoast.com\/product\/yoast-seo-wordpress\/ -->\n<title>Board - RISE Charter School<\/title>\n<meta name=\"robots\" content=\"index, follow, max-snippet:-1, max-image-preview:large, max-video-preview:-1\" \/>\n<link rel=\"canonical\" href=\"https:\/\/risese.org\/fr\/board\/\" \/>\n<meta property=\"og:locale\" content=\"fr_FR\" \/>\n<meta property=\"og:type\" content=\"article\" \/>\n<meta property=\"og:title\" content=\"Board - RISE Charter School\" \/>\n<meta property=\"og:description\" content=\"Our Board At RISE, we are fortunate and grateful to have an engaged and dedicated core of board members. Meet Our Board Kwan Graham, Chair Director of Community Engagement Parents for Educational Freedom in NC Crawford Crenshaw, Vice Chair Board Member Tom Russell Foundation Annette Corona, Secretary Marketing and Business Development Specialist Smith Anderson RISE&hellip;\" \/>\n<meta property=\"og:url\" content=\"https:\/\/risese.org\/fr\/board\/\" \/>\n<meta property=\"og:site_name\" content=\"RISE Charter School\" \/>\n<meta property=\"article:modified_time\" content=\"2025-08-21T01:14:11+00:00\" \/>\n<meta name=\"twitter:card\" content=\"summary_large_image\" \/>\n<meta name=\"twitter:label1\" content=\"Dur\u00e9e de lecture estim\u00e9e\" \/>\n\t<meta name=\"twitter:data1\" content=\"3 minutes\" \/>\n<script type=\"application\/ld+json\" class=\"yoast-schema-graph\">{\"@context\":\"https:\\\/\\\/schema.org\",\"@graph\":[{\"@type\":\"WebPage\",\"@id\":\"https:\\\/\\\/risese.org\\\/board\\\/\",\"url\":\"https:\\\/\\\/risese.org\\\/board\\\/\",\"name\":\"Board - RISE Charter School\",\"isPartOf\":{\"@id\":\"https:\\\/\\\/risese.org\\\/#website\"},\"datePublished\":\"2020-06-08T14:46:21+00:00\",\"dateModified\":\"2025-08-21T01:14:11+00:00\",\"breadcrumb\":{\"@id\":\"https:\\\/\\\/risese.org\\\/board\\\/#breadcrumb\"},\"inLanguage\":\"fr-FR\",\"potentialAction\":[{\"@type\":\"ReadAction\",\"target\":[\"https:\\\/\\\/risese.org\\\/board\\\/\"]}]},{\"@type\":\"BreadcrumbList\",\"@id\":\"https:\\\/\\\/risese.org\\\/board\\\/#breadcrumb\",\"itemListElement\":[{\"@type\":\"ListItem\",\"position\":1,\"name\":\"Home\",\"item\":\"https:\\\/\\\/risese.org\\\/\"},{\"@type\":\"ListItem\",\"position\":2,\"name\":\"Board\"}]},{\"@type\":\"WebSite\",\"@id\":\"https:\\\/\\\/risese.org\\\/#website\",\"url\":\"https:\\\/\\\/risese.org\\\/\",\"name\":\"RISE Charter School\",\"description\":\"Free Charter School in SE Raleigh\",\"potentialAction\":[{\"@type\":\"SearchAction\",\"target\":{\"@type\":\"EntryPoint\",\"urlTemplate\":\"https:\\\/\\\/risese.org\\\/?s={search_term_string}\"},\"query-input\":{\"@type\":\"PropertyValueSpecification\",\"valueRequired\":true,\"valueName\":\"search_term_string\"}}],\"inLanguage\":\"fr-FR\"}]}<\/script>\n<!-- \/ Yoast SEO plugin. -->","yoast_head_json":{"title":"Conseil d'administration - RISE Charter School","robots":{"index":"index","follow":"follow","max-snippet":"max-snippet:-1","max-image-preview":"max-image-preview:large","max-video-preview":"max-video-preview:-1"},"canonical":"https:\/\/risese.org\/fr\/board\/","og_locale":"fr_FR","og_type":"article","og_title":"Board - RISE Charter School","og_description":"Our Board At RISE, we are fortunate and grateful to have an engaged and dedicated core of board members. Meet Our Board Kwan Graham, Chair Director of Community Engagement Parents for Educational Freedom in NC Crawford Crenshaw, Vice Chair Board Member Tom Russell Foundation Annette Corona, Secretary Marketing and Business Development Specialist Smith Anderson RISE&hellip;","og_url":"https:\/\/risese.org\/fr\/board\/","og_site_name":"RISE Charter School","article_modified_time":"2025-08-21T01:14:11+00:00","twitter_card":"summary_large_image","twitter_misc":{"Dur\u00e9e de lecture estim\u00e9e":"3 minutes"},"schema":{"@context":"https:\/\/schema.org","@graph":[{"@type":"WebPage","@id":"https:\/\/risese.org\/board\/","url":"https:\/\/risese.org\/board\/","name":"Conseil d'administration - RISE Charter School","isPartOf":{"@id":"https:\/\/risese.org\/#website"},"datePublished":"2020-06-08T14:46:21+00:00","dateModified":"2025-08-21T01:14:11+00:00","breadcrumb":{"@id":"https:\/\/risese.org\/board\/#breadcrumb"},"inLanguage":"fr-FR","potentialAction":[{"@type":"ReadAction","target":["https:\/\/risese.org\/board\/"]}]},{"@type":"BreadcrumbList","@id":"https:\/\/risese.org\/board\/#breadcrumb","itemListElement":[{"@type":"ListItem","position":1,"name":"Home","item":"https:\/\/risese.org\/"},{"@type":"ListItem","position":2,"name":"Board"}]},{"@type":"WebSite","@id":"https:\/\/risese.org\/#website","url":"https:\/\/risese.org\/","name":"RISE Charter School","description":"\u00c9cole \u00e0 charte gratuite dans le sud-est de Raleigh","potentialAction":[{"@type":"SearchAction","target":{"@type":"EntryPoint","urlTemplate":"https:\/\/risese.org\/?s={search_term_string}"},"query-input":{"@type":"PropertyValueSpecification","valueRequired":true,"valueName":"search_term_string"}}],"inLanguage":"fr-FR"}]}},"_links":{"self":[{"href":"https:\/\/risese.org\/fr\/wp-json\/wp\/v2\/pages\/3040","targetHints":{"allow":["GET"]}}],"collection":[{"href":"https:\/\/risese.org\/fr\/wp-json\/wp\/v2\/pages"}],"about":[{"href":"https:\/\/risese.org\/fr\/wp-json\/wp\/v2\/types\/page"}],"author":[{"embeddable":true,"href":"https:\/\/risese.org\/fr\/wp-json\/wp\/v2\/users\/1"}],"replies":[{"embeddable":true,"href":"https:\/\/risese.org\/fr\/wp-json\/wp\/v2\/comments?post=3040"}],"version-history":[{"count":0,"href":"https:\/\/risese.org\/fr\/wp-json\/wp\/v2\/pages\/3040\/revisions"}],"wp:attachment":[{"href":"https:\/\/risese.org\/fr\/wp-json\/wp\/v2\/media?parent=3040"}],"curies":[{"name":"wp","href":"https:\/\/api.w.org\/{rel}","templated":true}]}}