{"id":6153,"date":"2025-09-04T18:41:34","date_gmt":"2025-09-04T18:41:34","guid":{"rendered":"https:\/\/risese1.wpenginepowered.com\/?page_id=6153"},"modified":"2026-01-27T01:44:40","modified_gmt":"2026-01-27T01:44:40","slug":"donate","status":"publish","type":"page","link":"https:\/\/risese.org\/es\/donate\/","title":{"rendered":"Donar"},"content":{"rendered":"<h1>\n\t\t\tAs\u00f3ciese con nosotros\t<\/h1>\n\t<p>Usted puede ayudar a proporcionar una educaci\u00f3n de primera a los estudiantes m\u00e1s alejados de las oportunidades.<\/p>\n<h2>\n\t\t\tTodos los becarios merecen la oportunidad de volar. Tu donaci\u00f3n ayuda a hacerlo posible.\t<\/h2>\n\t<p>Como escuela p\u00fablica concertada gratuita, proporcionamos educaci\u00f3n y apoyo esencial para que los alumnos m\u00e1s alejados de las oportunidades puedan prosperar. Tu apoyo nos ayuda a hacerlo posible.<\/p>\n\t\t\t<a href=\"https:\/\/secure.qgiv.com\/for\/risesoutheastraleighcharterschool\"  target=\"_blank\" rel=\"noopener\">\n\t\t\t\t\t\t\tDonar ahora\n\t\t\t\t\t<\/a>\n<h3>\n\t\t\tDonaci\u00f3n \u00fanica o mensual\t<\/h3>\n\t<p>Su donaci\u00f3n, ya sea \u00fanica o mensual, apoya directamente el aprendizaje diario, el crecimiento y el \u00e9xito de los alumnos de RISE.<\/p>\n\t\t\t<a href=\"https:\/\/secure.qgiv.com\/for\/risesoutheastraleighcharterschool\"  target=\"_blank\" rel=\"noopener\">\n\t\t\t\t\t\t\tDonar ahora\n\t\t\t\t\t<\/a>\n<h3>\n\t\t\tApoyar excursiones, actividades art\u00edsticas o deportivas\t<\/h3>\n\t<p>Ay\u00fadenos a ampliar el mundo de nuestros becarios financiando experiencias pr\u00e1cticas, expresi\u00f3n creativa y oportunidades de trabajo en equipo m\u00e1s all\u00e1 de las aulas.<\/p>\n\t\t\t<a href=\"https:\/\/secure.qgiv.com\/for\/risesoutheastraleighcharterschool\"  target=\"_blank\" rel=\"noopener\">\n\t\t\t\t\t\t\tDonar ahora\n\t\t\t\t\t<\/a>\n<h3>\n\t\t\tAyudas y patrocinios de empresas\t<\/h3>\n\t<p>Duplique su impacto o eleve su marca asoci\u00e1ndose con RISE para invertir en la equidad educativa y el rendimiento de los estudiantes.<\/p>\n\t\t\t<a href=\"https:\/\/risese.org\/es\/contact\/\"  target=\"_blank\" rel=\"noopener\">\n\t\t\t\t\t\t\tContacte con nosotros\n\t\t\t\t\t<\/a>","protected":false},"excerpt":{"rendered":"<p>As\u00f3ciese con nosotros Usted puede ayudar a proporcionar una educaci\u00f3n de primer nivel a los estudiantes m\u00e1s alejados de las oportunidades. Todos los alumnos merecen la oportunidad de volar. Su donaci\u00f3n ayuda a hacerlo posible. Como escuela p\u00fablica concertada gratuita, proporcionamos educaci\u00f3n y apoyo esencial para que los alumnos m\u00e1s alejados de las oportunidades puedan prosperar. Su apoyo ayuda a hacerlo posible....<\/p>","protected":false},"author":3,"featured_media":0,"parent":0,"menu_order":0,"comment_status":"closed","ping_status":"closed","template":"","meta":{"footnotes":""},"class_list":["post-6153","page","type-page","status-publish","hentry"],"yoast_head":"<!-- This site is optimized with the Yoast SEO plugin v27.5 - https:\/\/yoast.com\/product\/yoast-seo-wordpress\/ -->\n<title>Donate - RISE Charter School<\/title>\n<meta name=\"robots\" content=\"index, follow, max-snippet:-1, max-image-preview:large, max-video-preview:-1\" \/>\n<link rel=\"canonical\" href=\"https:\/\/risese.org\/es\/donate\/\" \/>\n<meta property=\"og:locale\" content=\"es_ES\" \/>\n<meta property=\"og:type\" content=\"article\" \/>\n<meta property=\"og:title\" content=\"Donate - RISE Charter School\" \/>\n<meta property=\"og:description\" content=\"Partner With Us You can help provide a premier education to students who are furthest from opportunity. Every scholar deserves a chance to soar. Your gift helps make that possible. As a tuition-free public charter school, we provide education and essential support so scholars furthest from opportunity can thrive. Your support helps make that possible.&hellip;\" \/>\n<meta property=\"og:url\" content=\"https:\/\/risese.org\/es\/donate\/\" \/>\n<meta property=\"og:site_name\" content=\"RISE Charter School\" \/>\n<meta property=\"article:modified_time\" content=\"2026-01-27T01:44:40+00:00\" \/>\n<meta name=\"twitter:card\" content=\"summary_large_image\" \/>\n<meta name=\"twitter:label1\" content=\"Tiempo de lectura\" \/>\n\t<meta name=\"twitter:data1\" content=\"1 minuto\" \/>\n<script type=\"application\/ld+json\" class=\"yoast-schema-graph\">{\"@context\":\"https:\\\/\\\/schema.org\",\"@graph\":[{\"@type\":\"WebPage\",\"@id\":\"https:\\\/\\\/risese.org\\\/donate\\\/\",\"url\":\"https:\\\/\\\/risese.org\\\/donate\\\/\",\"name\":\"Donate - RISE Charter School\",\"isPartOf\":{\"@id\":\"https:\\\/\\\/risese.org\\\/#website\"},\"datePublished\":\"2025-09-04T18:41:34+00:00\",\"dateModified\":\"2026-01-27T01:44:40+00:00\",\"breadcrumb\":{\"@id\":\"https:\\\/\\\/risese.org\\\/donate\\\/#breadcrumb\"},\"inLanguage\":\"es\",\"potentialAction\":[{\"@type\":\"ReadAction\",\"target\":[\"https:\\\/\\\/risese.org\\\/donate\\\/\"]}]},{\"@type\":\"BreadcrumbList\",\"@id\":\"https:\\\/\\\/risese.org\\\/donate\\\/#breadcrumb\",\"itemListElement\":[{\"@type\":\"ListItem\",\"position\":1,\"name\":\"Home\",\"item\":\"https:\\\/\\\/risese.org\\\/\"},{\"@type\":\"ListItem\",\"position\":2,\"name\":\"Donate\"}]},{\"@type\":\"WebSite\",\"@id\":\"https:\\\/\\\/risese.org\\\/#website\",\"url\":\"https:\\\/\\\/risese.org\\\/\",\"name\":\"RISE Charter School\",\"description\":\"Free Charter School in SE Raleigh\",\"potentialAction\":[{\"@type\":\"SearchAction\",\"target\":{\"@type\":\"EntryPoint\",\"urlTemplate\":\"https:\\\/\\\/risese.org\\\/?s={search_term_string}\"},\"query-input\":{\"@type\":\"PropertyValueSpecification\",\"valueRequired\":true,\"valueName\":\"search_term_string\"}}],\"inLanguage\":\"es\"}]}<\/script>\n<!-- \/ Yoast SEO plugin. -->","yoast_head_json":{"title":"Donaciones - RISE Charter School","robots":{"index":"index","follow":"follow","max-snippet":"max-snippet:-1","max-image-preview":"max-image-preview:large","max-video-preview":"max-video-preview:-1"},"canonical":"https:\/\/risese.org\/es\/donate\/","og_locale":"es_ES","og_type":"article","og_title":"Donate - RISE Charter School","og_description":"Partner With Us You can help provide a premier education to students who are furthest from opportunity. Every scholar deserves a chance to soar. Your gift helps make that possible. As a tuition-free public charter school, we provide education and essential support so scholars furthest from opportunity can thrive. Your support helps make that possible.&hellip;","og_url":"https:\/\/risese.org\/es\/donate\/","og_site_name":"RISE Charter School","article_modified_time":"2026-01-27T01:44:40+00:00","twitter_card":"summary_large_image","twitter_misc":{"Tiempo de lectura":"1 minuto"},"schema":{"@context":"https:\/\/schema.org","@graph":[{"@type":"WebPage","@id":"https:\/\/risese.org\/donate\/","url":"https:\/\/risese.org\/donate\/","name":"Donaciones - RISE Charter School","isPartOf":{"@id":"https:\/\/risese.org\/#website"},"datePublished":"2025-09-04T18:41:34+00:00","dateModified":"2026-01-27T01:44:40+00:00","breadcrumb":{"@id":"https:\/\/risese.org\/donate\/#breadcrumb"},"inLanguage":"es","potentialAction":[{"@type":"ReadAction","target":["https:\/\/risese.org\/donate\/"]}]},{"@type":"BreadcrumbList","@id":"https:\/\/risese.org\/donate\/#breadcrumb","itemListElement":[{"@type":"ListItem","position":1,"name":"Home","item":"https:\/\/risese.org\/"},{"@type":"ListItem","position":2,"name":"Donate"}]},{"@type":"WebSite","@id":"https:\/\/risese.org\/#website","url":"https:\/\/risese.org\/","name":"Escuela concertada RISE","description":"Escuela concertada gratuita en el SE de Raleigh","potentialAction":[{"@type":"SearchAction","target":{"@type":"EntryPoint","urlTemplate":"https:\/\/risese.org\/?s={search_term_string}"},"query-input":{"@type":"PropertyValueSpecification","valueRequired":true,"valueName":"search_term_string"}}],"inLanguage":"es"}]}},"_links":{"self":[{"href":"https:\/\/risese.org\/es\/wp-json\/wp\/v2\/pages\/6153","targetHints":{"allow":["GET"]}}],"collection":[{"href":"https:\/\/risese.org\/es\/wp-json\/wp\/v2\/pages"}],"about":[{"href":"https:\/\/risese.org\/es\/wp-json\/wp\/v2\/types\/page"}],"author":[{"embeddable":true,"href":"https:\/\/risese.org\/es\/wp-json\/wp\/v2\/users\/3"}],"replies":[{"embeddable":true,"href":"https:\/\/risese.org\/es\/wp-json\/wp\/v2\/comments?post=6153"}],"version-history":[{"count":0,"href":"https:\/\/risese.org\/es\/wp-json\/wp\/v2\/pages\/6153\/revisions"}],"wp:attachment":[{"href":"https:\/\/risese.org\/es\/wp-json\/wp\/v2\/media?parent=6153"}],"curies":[{"name":"wp","href":"https:\/\/api.w.org\/{rel}","templated":true}]}}