{"id":6120,"date":"2025-08-08T22:20:38","date_gmt":"2025-08-08T22:20:38","guid":{"rendered":"https:\/\/risese1.wpenginepowered.com\/?page_id=6120"},"modified":"2026-04-02T14:46:49","modified_gmt":"2026-04-02T14:46:49","slug":"school-tours","status":"publish","type":"page","link":"https:\/\/risese.org\/es\/school-tours\/","title":{"rendered":"Visitas escolares"},"content":{"rendered":"<h1>\n\t\t\tVisitas escolares\t<\/h1>\n<h2>\n\t\t\tVisite RISE Charter School para ver el aprendizaje en acci\u00f3n\t<\/h2>\n\t<p>Si usted es un futuro padre, un miembro de la comunidad, o simplemente curioso acerca de nuestro modelo educativo \u00fanico, visitar nuestro campus es la mejor manera de ver lo que hace RISE excepcional.<\/p>\n<figure itemscope itemtype=\"https:\/\/schema.org\/ImageObject\">\n\t\t\t\t<img decoding=\"async\" src=\"https:\/\/risese.org\/wp-content\/uploads\/2025\/08\/Rectangle-59.png\" alt=\"Rectangle 59\" height=\"274\" width=\"579\" title=\"Rect\u00e1ngulo 59\" onerror=\"this.style.display='none'\" loading=\"lazy\" \/>\n\t<\/figure>\n<h2>\n\t\t\tQu\u00e9 esperar de una visita guiada\t<\/h2>\n<h2>\n\t\t\tDurante su visita:\t<\/h2>\n\t<p>Recorra nuestras aulas y espacios de aprendizaje<\/p>\n\t<p>Observe a nuestros profesores y alumnos participando en el aprendizaje pr\u00e1ctico basado en proyectos.<\/p>\n\t<p>Inf\u00f3rmate sobre nuestros programas acad\u00e9micos, educaci\u00f3n del car\u00e1cter y oportunidades de enriquecimiento.<\/p>\n\t<p>Descubra c\u00f3mo el reducido n\u00famero de alumnos por clase y la ense\u00f1anza personalizada contribuyen al \u00e9xito de los estudiantes.<\/p>\n\t<p>Conozca a un personal apasionado y comprometido con la educaci\u00f3n integral del ni\u00f1o.<\/p>\n\tLas visitas suelen durar entre 30 y 45 minutos y est\u00e1n dirigidas por l\u00edderes escolares que estar\u00e1n encantados de responder<br \/>\ntodas sus preguntas.\n<h2>\n\t\t\t\u00bfPor qu\u00e9 visitar RISE?\t<\/h2>\n\tRISE es m\u00e1s que un lugar de aprendizaje: es una comunidad en la que se anima a los alumnos a pensar de forma cr\u00edtica, a colaborar y a convertirse en estudiantes compasivos y seguros de s\u00ed mismos. Visitar nuestra escuela es la mejor manera de:<br \/>\n\n<ul>\n<li>Descubra la diferencia que marca un enfoque centrado en el alumno<\/li>\n<li>Descubra c\u00f3mo adaptamos la educaci\u00f3n a las necesidades de cada becario<\/li>\n<li>Vea en acci\u00f3n la cultura escolar positiva y solidaria<\/li>\n<\/ul>\n<h2>\n\t\t\tPrograme su visita\t<\/h2>\n\t<p>Ofrecemos visitas guiadas durante todo el a\u00f1o escolar. Para participar en una pr\u00f3xima visita, por favor rellene nuestro <strong><a href=\"https:\/\/docs.google.com\/forms\/d\/e\/1FAIpQLSfaaU6lbrEPFhYDf-R2u_hMWaYqKCYJCMtYFws6XDP3BOIWsg\/viewform\" target=\"_blank\" rel=\"noopener\">Formulario de solicitud de visita<\/a>. <\/strong>Si tiene alguna pregunta, env\u00ede un correo electr\u00f3nico a info@risese.<\/p>\n<p><strong>Pr\u00f3ximas fechas de la gira:<\/strong><\/p>\n8 de abril \u2013 9:30 am<br \/>\n22 de abril \u2013 9:30 a. m.<br \/>\n13 de mayo \u2013 9:30 am<br \/>\n24 de junio \u2013 10:00 a. m.\n<p>Estamos deseando darle la bienvenida a RISE Charter School y mostrarle por qu\u00e9 las familias nos eligen para recibir una educaci\u00f3n inspirada y enriquecedora.<\/p>\n\t\t\t<a href=\"https:\/\/docs.google.com\/forms\/d\/e\/1FAIpQLSfaaU6lbrEPFhYDf-R2u_hMWaYqKCYJCMtYFws6XDP3BOIWsg\/viewform\"  target=\"_blank\" rel=\"noopener\">\n\t\t\t\t\t\t\tFormulario de solicitud de visita\n\t\t\t\t\t<\/a>","protected":false},"excerpt":{"rendered":"<p>Visitas Escolares Visita RISE Charter School para Ver el Aprendizaje en Acci\u00f3n Ya seas un padre potencial, un miembro de la comunidad o simplemente tengas curiosidad sobre nuestro modelo educativo \u00fanico, recorrer nuestro campus es la mejor manera de ver lo que hace a RISE excepcional. Qu\u00e9 esperar en una visita Durante tu visita, podr\u00e1s: Caminar por nuestras aulas y espacios de aprendizaje\u2026<\/p>","protected":false},"author":3,"featured_media":0,"parent":0,"menu_order":0,"comment_status":"closed","ping_status":"closed","template":"","meta":{"footnotes":""},"class_list":["post-6120","page","type-page","status-publish","hentry"],"yoast_head":"<!-- This site is optimized with the Yoast SEO plugin v27.5 - https:\/\/yoast.com\/product\/yoast-seo-wordpress\/ -->\n<title>School Tours - RISE Charter School<\/title>\n<meta name=\"robots\" content=\"index, follow, max-snippet:-1, max-image-preview:large, max-video-preview:-1\" \/>\n<link rel=\"canonical\" href=\"https:\/\/risese.org\/es\/school-tours\/\" \/>\n<meta property=\"og:locale\" content=\"es_ES\" \/>\n<meta property=\"og:type\" content=\"article\" \/>\n<meta property=\"og:title\" content=\"School Tours - RISE Charter School\" \/>\n<meta property=\"og:description\" content=\"School Tours Visit RISE Charter School\u2028to See Learning in Action Whether you&#8217;re a prospective parent, a community member, or simply curious about our unique educational model, touring our campus is the best way to see what makes RISE exceptional. What to Expect on a Tour During your visit, you&#8217;ll: Walk through our classrooms and learning&hellip;\" \/>\n<meta property=\"og:url\" content=\"https:\/\/risese.org\/es\/school-tours\/\" \/>\n<meta property=\"og:site_name\" content=\"RISE Charter School\" \/>\n<meta property=\"article:modified_time\" content=\"2026-04-02T14:46:49+00:00\" \/>\n<meta property=\"og:image\" content=\"https:\/\/risese.org\/wp-content\/uploads\/2025\/08\/Rectangle-59.png\" \/>\n<meta name=\"twitter:card\" content=\"summary_large_image\" \/>\n<meta name=\"twitter:label1\" content=\"Tiempo de lectura\" \/>\n\t<meta name=\"twitter:data1\" content=\"2 minutos\" \/>\n<script type=\"application\/ld+json\" class=\"yoast-schema-graph\">{\"@context\":\"https:\\\/\\\/schema.org\",\"@graph\":[{\"@type\":\"WebPage\",\"@id\":\"https:\\\/\\\/risese.org\\\/school-tours\\\/\",\"url\":\"https:\\\/\\\/risese.org\\\/school-tours\\\/\",\"name\":\"School Tours - RISE Charter School\",\"isPartOf\":{\"@id\":\"https:\\\/\\\/risese.org\\\/#website\"},\"primaryImageOfPage\":{\"@id\":\"https:\\\/\\\/risese.org\\\/school-tours\\\/#primaryimage\"},\"image\":{\"@id\":\"https:\\\/\\\/risese.org\\\/school-tours\\\/#primaryimage\"},\"thumbnailUrl\":\"https:\\\/\\\/risese.org\\\/wp-content\\\/uploads\\\/2025\\\/08\\\/Rectangle-59.png\",\"datePublished\":\"2025-08-08T22:20:38+00:00\",\"dateModified\":\"2026-04-02T14:46:49+00:00\",\"breadcrumb\":{\"@id\":\"https:\\\/\\\/risese.org\\\/school-tours\\\/#breadcrumb\"},\"inLanguage\":\"es\",\"potentialAction\":[{\"@type\":\"ReadAction\",\"target\":[\"https:\\\/\\\/risese.org\\\/school-tours\\\/\"]}]},{\"@type\":\"ImageObject\",\"inLanguage\":\"es\",\"@id\":\"https:\\\/\\\/risese.org\\\/school-tours\\\/#primaryimage\",\"url\":\"https:\\\/\\\/risese.org\\\/wp-content\\\/uploads\\\/2025\\\/08\\\/Rectangle-59.png\",\"contentUrl\":\"https:\\\/\\\/risese.org\\\/wp-content\\\/uploads\\\/2025\\\/08\\\/Rectangle-59.png\"},{\"@type\":\"BreadcrumbList\",\"@id\":\"https:\\\/\\\/risese.org\\\/school-tours\\\/#breadcrumb\",\"itemListElement\":[{\"@type\":\"ListItem\",\"position\":1,\"name\":\"Home\",\"item\":\"https:\\\/\\\/risese.org\\\/\"},{\"@type\":\"ListItem\",\"position\":2,\"name\":\"School Tours\"}]},{\"@type\":\"WebSite\",\"@id\":\"https:\\\/\\\/risese.org\\\/#website\",\"url\":\"https:\\\/\\\/risese.org\\\/\",\"name\":\"RISE Charter School\",\"description\":\"Free Charter School in SE Raleigh\",\"potentialAction\":[{\"@type\":\"SearchAction\",\"target\":{\"@type\":\"EntryPoint\",\"urlTemplate\":\"https:\\\/\\\/risese.org\\\/?s={search_term_string}\"},\"query-input\":{\"@type\":\"PropertyValueSpecification\",\"valueRequired\":true,\"valueName\":\"search_term_string\"}}],\"inLanguage\":\"es\"}]}<\/script>\n<!-- \/ Yoast SEO plugin. -->","yoast_head_json":{"title":"Visitas escolares - RISE Charter School","robots":{"index":"index","follow":"follow","max-snippet":"max-snippet:-1","max-image-preview":"max-image-preview:large","max-video-preview":"max-video-preview:-1"},"canonical":"https:\/\/risese.org\/es\/school-tours\/","og_locale":"es_ES","og_type":"article","og_title":"School Tours - RISE Charter School","og_description":"School Tours Visit RISE Charter School\u2028to See Learning in Action Whether you&#8217;re a prospective parent, a community member, or simply curious about our unique educational model, touring our campus is the best way to see what makes RISE exceptional. What to Expect on a Tour During your visit, you&#8217;ll: Walk through our classrooms and learning&hellip;","og_url":"https:\/\/risese.org\/es\/school-tours\/","og_site_name":"RISE Charter School","article_modified_time":"2026-04-02T14:46:49+00:00","og_image":[{"url":"https:\/\/risese.org\/wp-content\/uploads\/2025\/08\/Rectangle-59.png","type":"","width":"","height":""}],"twitter_card":"summary_large_image","twitter_misc":{"Tiempo de lectura":"2 minutos"},"schema":{"@context":"https:\/\/schema.org","@graph":[{"@type":"WebPage","@id":"https:\/\/risese.org\/school-tours\/","url":"https:\/\/risese.org\/school-tours\/","name":"Visitas escolares - RISE Charter School","isPartOf":{"@id":"https:\/\/risese.org\/#website"},"primaryImageOfPage":{"@id":"https:\/\/risese.org\/school-tours\/#primaryimage"},"image":{"@id":"https:\/\/risese.org\/school-tours\/#primaryimage"},"thumbnailUrl":"https:\/\/risese.org\/wp-content\/uploads\/2025\/08\/Rectangle-59.png","datePublished":"2025-08-08T22:20:38+00:00","dateModified":"2026-04-02T14:46:49+00:00","breadcrumb":{"@id":"https:\/\/risese.org\/school-tours\/#breadcrumb"},"inLanguage":"es","potentialAction":[{"@type":"ReadAction","target":["https:\/\/risese.org\/school-tours\/"]}]},{"@type":"ImageObject","inLanguage":"es","@id":"https:\/\/risese.org\/school-tours\/#primaryimage","url":"https:\/\/risese.org\/wp-content\/uploads\/2025\/08\/Rectangle-59.png","contentUrl":"https:\/\/risese.org\/wp-content\/uploads\/2025\/08\/Rectangle-59.png"},{"@type":"BreadcrumbList","@id":"https:\/\/risese.org\/school-tours\/#breadcrumb","itemListElement":[{"@type":"ListItem","position":1,"name":"Home","item":"https:\/\/risese.org\/"},{"@type":"ListItem","position":2,"name":"School Tours"}]},{"@type":"WebSite","@id":"https:\/\/risese.org\/#website","url":"https:\/\/risese.org\/","name":"Escuela concertada RISE","description":"Escuela concertada gratuita en el SE de Raleigh","potentialAction":[{"@type":"SearchAction","target":{"@type":"EntryPoint","urlTemplate":"https:\/\/risese.org\/?s={search_term_string}"},"query-input":{"@type":"PropertyValueSpecification","valueRequired":true,"valueName":"search_term_string"}}],"inLanguage":"es"}]}},"_links":{"self":[{"href":"https:\/\/risese.org\/es\/wp-json\/wp\/v2\/pages\/6120","targetHints":{"allow":["GET"]}}],"collection":[{"href":"https:\/\/risese.org\/es\/wp-json\/wp\/v2\/pages"}],"about":[{"href":"https:\/\/risese.org\/es\/wp-json\/wp\/v2\/types\/page"}],"author":[{"embeddable":true,"href":"https:\/\/risese.org\/es\/wp-json\/wp\/v2\/users\/3"}],"replies":[{"embeddable":true,"href":"https:\/\/risese.org\/es\/wp-json\/wp\/v2\/comments?post=6120"}],"version-history":[{"count":0,"href":"https:\/\/risese.org\/es\/wp-json\/wp\/v2\/pages\/6120\/revisions"}],"wp:attachment":[{"href":"https:\/\/risese.org\/es\/wp-json\/wp\/v2\/media?parent=6120"}],"curies":[{"name":"wp","href":"https:\/\/api.w.org\/{rel}","templated":true}]}}