{"id":6100,"date":"2025-08-07T04:00:05","date_gmt":"2025-08-07T04:00:05","guid":{"rendered":"https:\/\/risese1.wpenginepowered.com\/?page_id=6100"},"modified":"2025-12-02T14:12:06","modified_gmt":"2025-12-02T14:12:06","slug":"board-of-directors","status":"publish","type":"page","link":"https:\/\/risese.org\/es\/board-of-directors\/","title":{"rendered":"Consejo de Administraci\u00f3n"},"content":{"rendered":"<h1>\n\t\t\tConsejo de Administraci\u00f3n\t<\/h1>\n\t<p>Estamos agradecidos de contar con un grupo de miembros de la Junta comprometidos y dedicados.<\/p>\n<h2>\n\t\t\tConozca a nuestro Consejo\t<\/h2>\n\t\t\t\t<img decoding=\"async\" src=\"https:\/\/risese.org\/wp-content\/uploads\/2025\/09\/K.Graham-e1758687630922.jpg\" alt=\"K.Graham\" itemprop=\"image\" height=\"1483\" width=\"1788\" title=\"K.Graham\" onerror=\"this.style.display='none'\" loading=\"lazy\" \/>\n\tKwan Graham<br \/>\nPresidente\n\tDirector de Compromiso con la Comunidad<br \/>\nPadres por la Libertad Educativa en Carolina del Norte\n\t\t\t\t<img decoding=\"async\" src=\"https:\/\/risese.org\/wp-content\/uploads\/2025\/09\/C.Crawford-scaled-e1758687475439.jpg\" alt=\"C.Crawford\" itemprop=\"image\" height=\"1590\" width=\"1920\" title=\"C.Crawford\" onerror=\"this.style.display='none'\" loading=\"lazy\" \/>\n\tCrawford Crenshaw<br \/>\nVicepresidente\n\tMiembro del Consejo<br \/>\nFundaci\u00f3n Tom Russell\n\t\t\t\t<img decoding=\"async\" src=\"https:\/\/risese.org\/wp-content\/uploads\/2025\/09\/A.Corona-e1758687263988.png\" alt=\"A.Corona\" itemprop=\"image\" height=\"262\" width=\"316\" title=\"A.Corona\" onerror=\"this.style.display='none'\" loading=\"lazy\" \/>\n\tAnnette Corona<br \/>\nSecretary\n\tMarketing and Business Development Specialist<br \/>\nSmith Anderson\n\t\t\t\t<img decoding=\"async\" src=\"https:\/\/risese.org\/wp-content\/uploads\/2025\/09\/Aytch_Headshot-e1758687365597.jpg\" alt=\"Aytch_Headshot\" itemprop=\"image\" height=\"1996\" width=\"2404\" title=\"Aytch_Headshot\" onerror=\"this.style.display='none'\" loading=\"lazy\" \/>\n\t<p>Lynette Aytch<\/p>\n\tDirector, Instituto de Desarrollo del Liderazgo<br \/>\nCERO A TRES\n\t\t\t\t<img decoding=\"async\" src=\"https:\/\/risese.org\/wp-content\/uploads\/2025\/09\/Lauren-Vance-e1758687725402.jpg\" alt=\"Lauren Vance\" itemprop=\"image\" height=\"968\" width=\"1170\" title=\"Lauren Vance\" onerror=\"this.style.display='none'\" loading=\"lazy\" \/>\n\t<p>Lauren Vance<\/p>\n\tDirector de Estrategia de Talento<br \/>\nEscuelas poco comunes\n\t\t\t\t<img decoding=\"async\" src=\"https:\/\/risese.org\/wp-content\/uploads\/2025\/08\/Group-1321314676.svg\" alt=\"Group 1321314676\" itemprop=\"image\" title=\"Grupo 1321314676\" onerror=\"this.style.display='none'\" loading=\"lazy\" \/>\n\t<p>Taylor Dewberry<\/p>\n\tAbogado<br \/>\nSmith Anderson\n\t\t\t\t<img decoding=\"async\" src=\"https:\/\/risese.org\/wp-content\/uploads\/2025\/08\/Group-1321314676.svg\" alt=\"Group 1321314676\" itemprop=\"image\" title=\"Grupo 1321314676\" onerror=\"this.style.display='none'\" loading=\"lazy\" \/>\n\t<p>Dexter Hebert<\/p>\n\tDirector Ejecutivo<br \/>\nSE Raleigh, YMCA\n\t\t\t\t<img decoding=\"async\" src=\"https:\/\/risese.org\/wp-content\/uploads\/2025\/08\/Group-1321314676.svg\" alt=\"Group 1321314676\" itemprop=\"image\" title=\"Grupo 1321314676\" onerror=\"this.style.display='none'\" loading=\"lazy\" \/>\n\t<p>Spencer Robertson<\/p>\n\tCEO\/Fundador<br \/>\nEscuelas PAVE, Inc.\n\t\t\t\t<img decoding=\"async\" src=\"https:\/\/risese.org\/wp-content\/uploads\/2025\/08\/fc7eeb960d91c70dfa60b128a492a34e48b7c377-e1755803821966.jpg\" alt=\"fc7eeb960d91c70dfa60b128a492a34e48b7c377\" itemprop=\"image\" height=\"1144\" width=\"1376\" title=\"fc7eeb960d91c70dfa60b128a492a34e48b7c377\" onerror=\"this.style.display='none'\" loading=\"lazy\" \/>\n\t<p>Andrew Lakis<\/p>\n\tDirector Ejecutivo<br \/>\nBecarios Robertson<br \/>\nPrograma de Liderazgo\n\t\t\t\t<img decoding=\"async\" src=\"https:\/\/risese.org\/wp-content\/uploads\/2025\/11\/W.Mormon.jpg\" alt=\"W.Mormon\" itemprop=\"image\" height=\"249\" width=\"300\" title=\"W.Mormon\" onerror=\"this.style.display='none'\" loading=\"lazy\" \/>\n\t<p>Willette Morman<\/p>\n\tDirector General<br \/>\nRegiones de Carolina del Norte y del Sur (jubilado)<br \/>\nDuke Energy Corporation\n\t\t\t\t<img decoding=\"async\" src=\"https:\/\/risese.org\/wp-content\/uploads\/2025\/08\/f3ea0335dd94661f68137cc2b0f2d8256d9d8e6b-e1755803902878.jpg\" alt=\"f3ea0335dd94661f68137cc2b0f2d8256d9d8e6b\" itemprop=\"image\" height=\"361\" width=\"434\" title=\"f3ea0335dd94661f68137cc2b0f2d8256d9d8e6b\" onerror=\"this.style.display='none'\" loading=\"lazy\" \/>\n\t<p>Craig Herb<\/p>\n\tVentas y marketing en el sureste<br \/>\nDirector (jubilado)<br \/>\nMicrosoft\n<h2>\n\t\t\tPr\u00f3xima reuni\u00f3n del Consejo\t<\/h2>\n\tLunes, 26 de enero de 2026<br \/>\n1:00 &#8211; 2:30pm EST\n<strong><br \/>\nInformaci\u00f3n para participar en Google Meet<\/strong><em><strong><br \/>\n<\/strong>Enlace de videollamada:<\/em> https:\/\/meet.google.com\/irm-ryww-dfy<br \/>\n<em>O marca:<\/em> (EE.UU.) +1 240-903-1949 PIN: 770 915 738#<br \/>\n<em>M\u00e1s n\u00fameros de tel\u00e9fono:<\/em> https:\/\/tel.meet\/irm-ryww-dfy?pin=7585280506004\n<h3>\n\t\t\tActas de reuniones anteriores\t<\/h3>\n\t\t\t\t\t<h3 id=\"fl-accordion--label-0\" tabindex=\"0\" aria-controls=\"fl-accordion--panel-0\">2025<\/h3>\n\t\t\t\t\t\t\t\t\t\t\t<a href=\"#\" id=\"fl-accordion--icon-0\"  tabindex=\"0\"><i title=\"Ampliar\">Ampliar<\/i><\/a>\n\t\t\t\t\t<ul>\n<li><a href=\"https:\/\/risese.org\/wp-content\/uploads\/2025\/12\/RISE-Minutes-9.22.25-FINAL.pdf\" target=\"_blank\" rel=\"noopener\">22 de septiembre de 2025<\/a><\/li>\n<li><a href=\"https:\/\/risese.org\/wp-content\/uploads\/2025\/10\/RISE-Minutes-8.25.25-FINAL.pdf\" target=\"_blank\" rel=\"noopener\">25 de agosto de 2025<\/a><\/li>\n<li><a href=\"https:\/\/risese.org\/wp-content\/uploads\/2025\/10\/RISE-Minutes-6.23.25-FINAL.pdf\" target=\"_blank\" rel=\"noopener\">23 de junio de 2025<\/a><\/li>\n<li><a href=\"https:\/\/risese.org\/wp-content\/uploads\/2025\/10\/RISE-Minutes-4.28.25-FINAL.pdf\" target=\"_blank\" rel=\"noopener\">28 de abril de 2025<\/a><\/li>\n<li><a href=\"https:\/\/risese.org\/wp-content\/uploads\/2025\/10\/RISE-Minutes-3.17.25-FINAL.pdf\" target=\"_blank\" rel=\"noopener\">17 de marzo de 2025<\/a><\/li>\n<li><a href=\"https:\/\/risese.org\/wp-content\/uploads\/2025\/10\/RISE-Minutes-2.24.25-FINAL.pdf\" target=\"_blank\" rel=\"noopener\">24 de febrero de 2025<\/a><\/li>\n<li><a href=\"https:\/\/risese.org\/wp-content\/uploads\/2025\/10\/RISE-Minutes-1.27.25-FINAL.pdf\" target=\"_blank\" rel=\"noopener\">27 de enero de 2025<\/a><\/li>\n<\/ul>\n\t\t\t\t\t<h3 id=\"fl-accordion--label-1\" tabindex=\"0\" aria-controls=\"fl-accordion--panel-1\">2024<\/h3>\n\t\t\t\t\t\t\t\t\t\t\t<a href=\"#\" id=\"fl-accordion--icon-1\"  tabindex=\"0\"><i title=\"Ampliar\">Ampliar<\/i><\/a>\n\t\t\t\t\t<ul>\n<li><a href=\"https:\/\/risese.org\/wp-content\/uploads\/2025\/10\/RISE-Minutes-12.16.24-FINAL.pdf\" target=\"_blank\" rel=\"noopener\">16 de diciembre de 2024<\/a><\/li>\n<li><a href=\"https:\/\/risese.org\/wp-content\/uploads\/2025\/10\/RISE-Minutes-11.18.24-Final.pdf\" target=\"_blank\" rel=\"noopener\">18 de noviembre de 2024<\/a><\/li>\n<li><a href=\"https:\/\/risese.org\/wp-content\/uploads\/2024\/11\/RISE-Minutes-10.21.24-FINAL.pdf\" target=\"_blank\" rel=\"noopener\">21 de octubre de 2024<\/a><\/li>\n<li><a href=\"https:\/\/risese.org\/wp-content\/uploads\/2024\/11\/RISE-Minutes-9.23.24-FINAL.pdf\" target=\"_blank\" rel=\"noopener\">23 de septiembre de 2024<\/a><\/li>\n<li><a href=\"https:\/\/risese.org\/wp-content\/uploads\/2024\/11\/RISE-Minutes-8.26.24-FINAL.pdf\" target=\"_blank\" rel=\"noopener\">26 de agosto de 2024<\/a><\/li>\n<li><a href=\"https:\/\/risese.org\/wp-content\/uploads\/2024\/08\/6.27.24-Board-Meeting-Minutes.pdf\" target=\"_blank\" rel=\"noopener\">27 de junio de 2024<\/a><\/li>\n<li><a href=\"https:\/\/risese.org\/wp-content\/uploads\/2024\/08\/5.20.24-Board-Meeting-Minutes.pdf\" target=\"_blank\" rel=\"noopener\">20 de mayo de 2024<\/a><\/li>\n<li><a href=\"https:\/\/risese.org\/wp-content\/uploads\/2024\/08\/4.22.24-Board-Meeting-Minutes.pdf\" target=\"_blank\" rel=\"noopener\">22 de abril de 2024<\/a><\/li>\n<li><a href=\"https:\/\/risese.org\/wp-content\/uploads\/2024\/08\/2.26.24-Board-Meeting-Minutes.pdf\" target=\"_blank\" rel=\"noopener\">26 de febrero de 2024<\/a><\/li>\n<li><a href=\"https:\/\/risese.org\/wp-content\/uploads\/2024\/03\/RISE-Minutes-1.22.24-Final.pdf\" target=\"_blank\" rel=\"noopener\">22 de enero de 2024<\/a><\/li>\n<\/ul>\n\t\t\t\t\t<h3 id=\"fl-accordion--label-2\" tabindex=\"0\" aria-controls=\"fl-accordion--panel-2\">2023<\/h3>\n\t\t\t\t\t\t\t\t\t\t\t<a href=\"#\" id=\"fl-accordion--icon-2\"  tabindex=\"0\"><i title=\"Ampliar\">Ampliar<\/i><\/a>\n\t\t\t\t\t<ul>\n<li><a href=\"https:\/\/risese.org\/wp-content\/uploads\/2024\/03\/RISE-Minutes-12.11.23-final.pdf\" target=\"_blank\" rel=\"noopener\">11 de diciembre de 2023<\/a><\/li>\n<li><a href=\"https:\/\/risese.org\/wp-content\/uploads\/2024\/02\/RISE-Minutes-10.26.23-DRAFT.pdf\" target=\"_blank\" rel=\"noopener\">26 de octubre de 2023<\/a><\/li>\n<li><a href=\"https:\/\/risese.org\/wp-content\/uploads\/2024\/02\/RISE-Minutes-9.25.23-DRAFT.pdf\" target=\"_blank\" rel=\"noopener\">25 de septiembre de 2023<\/a><\/li>\n<li><a href=\"https:\/\/risese.org\/wp-content\/uploads\/2024\/02\/RISE-Minutes-6.26.23-Approved.pdf\" target=\"_blank\" rel=\"noopener\">26 de junio de 2023<\/a><\/li>\n<li><a href=\"https:\/\/risese.org\/wp-content\/uploads\/2024\/02\/RISE-Minutes-5.15.23-APPROVED-1.pdf\" target=\"_blank\" rel=\"noopener\">15 de mayo de 2023<\/a><\/li>\n<li><a href=\"https:\/\/risese.org\/wp-content\/uploads\/2024\/02\/RISE-Minutes-3.20.23-APPROVED-1.pdf\" target=\"_blank\" rel=\"noopener\">20 de marzo de 2023<\/a><\/li>\n<li><a href=\"https:\/\/risesoutheastr.wpengine.com\/wp-content\/uploads\/2023\/05\/RISE-Minutes-2.27.23-Approved.pdf\" target=\"_blank\" rel=\"noopener\">27 de febrero de 2023<\/a><\/li>\n<li><a href=\"https:\/\/risesoutheastr.wpengine.com\/wp-content\/uploads\/2023\/05\/RISE-Minutes-1.23.23-Approved.pdf\" target=\"_blank\" rel=\"noopener\">23 de enero de 2023<\/a><\/li>\n<\/ul>\n<h2>\n\t\t\tComentarios del p\u00fablico\t<\/h2>\n\t\u00bfQuieres hacer un comentario p\u00fablico en la reuni\u00f3n de la junta?<br \/>\nSi es as\u00ed, rellene este formulario o env\u00ede su comentario p\u00fablico por correo electr\u00f3nico a <a href=\"mailto:boardchair@risese.org\" target=\"_blank\" rel=\"noopener\">boardchair@risese.org<\/a>.","protected":false},"excerpt":{"rendered":"<p>Board of Directors We are grateful to have an engaged and dedicated group of board members. Meet Our Board Kwan Graham Chair Director of Community Engagement\u2028 Parents for Educational Freedom in NC Crawford Crenshaw Vice Chair Board Member Tom Russell Foundation Annette Corona Secretary Marketing and Business Development Specialist Smith Anderson Lynette Aytch Director, Leadership&hellip;<\/p>","protected":false},"author":3,"featured_media":0,"parent":0,"menu_order":0,"comment_status":"closed","ping_status":"closed","template":"","meta":{"footnotes":""},"class_list":["post-6100","page","type-page","status-publish","hentry"],"yoast_head":"<!-- This site is optimized with the Yoast SEO plugin v27.3 - https:\/\/yoast.com\/product\/yoast-seo-wordpress\/ -->\n<title>Board of Directors - RISE Charter School<\/title>\n<meta name=\"robots\" content=\"index, follow, max-snippet:-1, max-image-preview:large, max-video-preview:-1\" \/>\n<link rel=\"canonical\" href=\"https:\/\/risese.org\/es\/board-of-directors\/\" \/>\n<meta property=\"og:locale\" content=\"es_ES\" \/>\n<meta property=\"og:type\" content=\"article\" \/>\n<meta property=\"og:title\" content=\"Board of Directors - RISE Charter School\" \/>\n<meta property=\"og:description\" content=\"Board of Directors We are grateful to have an engaged and dedicated group of board members. Meet Our Board Kwan Graham Chair Director of Community Engagement\u2028 Parents for Educational Freedom in NC Crawford Crenshaw Vice Chair Board Member Tom Russell Foundation Annette Corona Secretary Marketing and Business Development Specialist Smith Anderson Lynette Aytch Director, Leadership&hellip;\" \/>\n<meta property=\"og:url\" content=\"https:\/\/risese.org\/es\/board-of-directors\/\" \/>\n<meta property=\"og:site_name\" content=\"RISE Charter School\" \/>\n<meta property=\"article:modified_time\" content=\"2025-12-02T14:12:06+00:00\" \/>\n<meta property=\"og:image\" content=\"https:\/\/risese.org\/wp-content\/uploads\/2025\/09\/K.Graham-e1758687630922.jpg\" \/>\n<meta name=\"twitter:card\" content=\"summary_large_image\" \/>\n<script type=\"application\/ld+json\" class=\"yoast-schema-graph\">{\"@context\":\"https:\\\/\\\/schema.org\",\"@graph\":[{\"@type\":\"WebPage\",\"@id\":\"https:\\\/\\\/risese.org\\\/board-of-directors\\\/\",\"url\":\"https:\\\/\\\/risese.org\\\/board-of-directors\\\/\",\"name\":\"Board of Directors - RISE Charter School\",\"isPartOf\":{\"@id\":\"https:\\\/\\\/risese.org\\\/#website\"},\"primaryImageOfPage\":{\"@id\":\"https:\\\/\\\/risese.org\\\/board-of-directors\\\/#primaryimage\"},\"image\":{\"@id\":\"https:\\\/\\\/risese.org\\\/board-of-directors\\\/#primaryimage\"},\"thumbnailUrl\":\"https:\\\/\\\/risese.org\\\/wp-content\\\/uploads\\\/2025\\\/09\\\/K.Graham-e1758687630922.jpg\",\"datePublished\":\"2025-08-07T04:00:05+00:00\",\"dateModified\":\"2025-12-02T14:12:06+00:00\",\"breadcrumb\":{\"@id\":\"https:\\\/\\\/risese.org\\\/board-of-directors\\\/#breadcrumb\"},\"inLanguage\":\"es\",\"potentialAction\":[{\"@type\":\"ReadAction\",\"target\":[\"https:\\\/\\\/risese.org\\\/board-of-directors\\\/\"]}]},{\"@type\":\"ImageObject\",\"inLanguage\":\"es\",\"@id\":\"https:\\\/\\\/risese.org\\\/board-of-directors\\\/#primaryimage\",\"url\":\"https:\\\/\\\/risese.org\\\/wp-content\\\/uploads\\\/2025\\\/09\\\/K.Graham-e1758687630922.jpg\",\"contentUrl\":\"https:\\\/\\\/risese.org\\\/wp-content\\\/uploads\\\/2025\\\/09\\\/K.Graham-e1758687630922.jpg\"},{\"@type\":\"BreadcrumbList\",\"@id\":\"https:\\\/\\\/risese.org\\\/board-of-directors\\\/#breadcrumb\",\"itemListElement\":[{\"@type\":\"ListItem\",\"position\":1,\"name\":\"Home\",\"item\":\"https:\\\/\\\/risese.org\\\/\"},{\"@type\":\"ListItem\",\"position\":2,\"name\":\"Board of Directors\"}]},{\"@type\":\"WebSite\",\"@id\":\"https:\\\/\\\/risese.org\\\/#website\",\"url\":\"https:\\\/\\\/risese.org\\\/\",\"name\":\"RISE Charter School\",\"description\":\"Free Charter School in SE Raleigh\",\"potentialAction\":[{\"@type\":\"SearchAction\",\"target\":{\"@type\":\"EntryPoint\",\"urlTemplate\":\"https:\\\/\\\/risese.org\\\/?s={search_term_string}\"},\"query-input\":{\"@type\":\"PropertyValueSpecification\",\"valueRequired\":true,\"valueName\":\"search_term_string\"}}],\"inLanguage\":\"es\"}]}<\/script>\n<!-- \/ Yoast SEO plugin. -->","yoast_head_json":{"title":"Consejo de Administraci\u00f3n - RISE Charter School","robots":{"index":"index","follow":"follow","max-snippet":"max-snippet:-1","max-image-preview":"max-image-preview:large","max-video-preview":"max-video-preview:-1"},"canonical":"https:\/\/risese.org\/es\/board-of-directors\/","og_locale":"es_ES","og_type":"article","og_title":"Board of Directors - RISE Charter School","og_description":"Board of Directors We are grateful to have an engaged and dedicated group of board members. Meet Our Board Kwan Graham Chair Director of Community Engagement\u2028 Parents for Educational Freedom in NC Crawford Crenshaw Vice Chair Board Member Tom Russell Foundation Annette Corona Secretary Marketing and Business Development Specialist Smith Anderson Lynette Aytch Director, Leadership&hellip;","og_url":"https:\/\/risese.org\/es\/board-of-directors\/","og_site_name":"RISE Charter School","article_modified_time":"2025-12-02T14:12:06+00:00","og_image":[{"url":"https:\/\/risese.org\/wp-content\/uploads\/2025\/09\/K.Graham-e1758687630922.jpg","type":"","width":"","height":""}],"twitter_card":"summary_large_image","schema":{"@context":"https:\/\/schema.org","@graph":[{"@type":"WebPage","@id":"https:\/\/risese.org\/board-of-directors\/","url":"https:\/\/risese.org\/board-of-directors\/","name":"Consejo de Administraci\u00f3n - RISE Charter School","isPartOf":{"@id":"https:\/\/risese.org\/#website"},"primaryImageOfPage":{"@id":"https:\/\/risese.org\/board-of-directors\/#primaryimage"},"image":{"@id":"https:\/\/risese.org\/board-of-directors\/#primaryimage"},"thumbnailUrl":"https:\/\/risese.org\/wp-content\/uploads\/2025\/09\/K.Graham-e1758687630922.jpg","datePublished":"2025-08-07T04:00:05+00:00","dateModified":"2025-12-02T14:12:06+00:00","breadcrumb":{"@id":"https:\/\/risese.org\/board-of-directors\/#breadcrumb"},"inLanguage":"es","potentialAction":[{"@type":"ReadAction","target":["https:\/\/risese.org\/board-of-directors\/"]}]},{"@type":"ImageObject","inLanguage":"es","@id":"https:\/\/risese.org\/board-of-directors\/#primaryimage","url":"https:\/\/risese.org\/wp-content\/uploads\/2025\/09\/K.Graham-e1758687630922.jpg","contentUrl":"https:\/\/risese.org\/wp-content\/uploads\/2025\/09\/K.Graham-e1758687630922.jpg"},{"@type":"BreadcrumbList","@id":"https:\/\/risese.org\/board-of-directors\/#breadcrumb","itemListElement":[{"@type":"ListItem","position":1,"name":"Home","item":"https:\/\/risese.org\/"},{"@type":"ListItem","position":2,"name":"Board of Directors"}]},{"@type":"WebSite","@id":"https:\/\/risese.org\/#website","url":"https:\/\/risese.org\/","name":"Escuela concertada RISE","description":"Escuela concertada gratuita en el SE de Raleigh","potentialAction":[{"@type":"SearchAction","target":{"@type":"EntryPoint","urlTemplate":"https:\/\/risese.org\/?s={search_term_string}"},"query-input":{"@type":"PropertyValueSpecification","valueRequired":true,"valueName":"search_term_string"}}],"inLanguage":"es"}]}},"_links":{"self":[{"href":"https:\/\/risese.org\/es\/wp-json\/wp\/v2\/pages\/6100","targetHints":{"allow":["GET"]}}],"collection":[{"href":"https:\/\/risese.org\/es\/wp-json\/wp\/v2\/pages"}],"about":[{"href":"https:\/\/risese.org\/es\/wp-json\/wp\/v2\/types\/page"}],"author":[{"embeddable":true,"href":"https:\/\/risese.org\/es\/wp-json\/wp\/v2\/users\/3"}],"replies":[{"embeddable":true,"href":"https:\/\/risese.org\/es\/wp-json\/wp\/v2\/comments?post=6100"}],"version-history":[{"count":0,"href":"https:\/\/risese.org\/es\/wp-json\/wp\/v2\/pages\/6100\/revisions"}],"wp:attachment":[{"href":"https:\/\/risese.org\/es\/wp-json\/wp\/v2\/media?parent=6100"}],"curies":[{"name":"wp","href":"https:\/\/api.w.org\/{rel}","templated":true}]}}