{"id":6064,"date":"2025-07-18T08:44:20","date_gmt":"2025-07-18T08:44:20","guid":{"rendered":"https:\/\/risese1.wpenginepowered.com\/?page_id=6064"},"modified":"2025-07-22T07:18:47","modified_gmt":"2025-07-22T07:18:47","slug":"scholar-supply-lists","status":"publish","type":"page","link":"https:\/\/risese.org\/es\/scholar-supply-lists\/","title":{"rendered":"Listas de material escolar"},"content":{"rendered":"<h1>\n\t\t\tListas de material escolar\t<\/h1>\n<h2>\n\t\t\tPrep\u00e1rese para un gran comienzo\t<\/h2>\n\t<p>Consulta la lista de suministros de tu escolar y empieza el a\u00f1o con fuerza.<\/p>\n\t2025-2026<br \/>\nGrados K-2<br \/>\nMaterial escolar\n\t\t\t<a href=\"https:\/\/risese.org\/wp-content\/uploads\/2025\/07\/RISE-Supply-List-K-2_Final-1.pdf\" download target=\"_blank\" rel=\"noopener\">\n\t\t\t\t\t\t\tDescargar PDF\n\t\t\t<\/a>\n\t2025-2026<br \/>\nGrados 3-8<br \/>\nMaterial escolar\n\t\t\t<a href=\"https:\/\/risese.org\/wp-content\/uploads\/2025\/07\/RISE-Supply-List-3-8_Final-1.pdf\" download target=\"_blank\" rel=\"noopener\">\n\t\t\t\t\t\t\tDescargar PDF\n\t\t\t<\/a>","protected":false},"excerpt":{"rendered":"<p>Listas de \u00fatiles escolares Prep\u00e1rese para un gran comienzo Vea la lista de \u00fatiles de su escolar y comience el a\u00f1o con fuerza. 2025-2026 Grados K-2 \u00datiles Escolares Descargar PDF 2025-2026 Grados 3-8 \u00datiles Escolares Descargar PDF<\/p>","protected":false},"author":3,"featured_media":0,"parent":0,"menu_order":0,"comment_status":"closed","ping_status":"closed","template":"","meta":{"footnotes":""},"class_list":["post-6064","page","type-page","status-publish","hentry"],"yoast_head":"<!-- This site is optimized with the Yoast SEO plugin v27.3 - https:\/\/yoast.com\/product\/yoast-seo-wordpress\/ -->\n<title>Scholar Supply Lists - RISE Charter School<\/title>\n<meta name=\"robots\" content=\"index, follow, max-snippet:-1, max-image-preview:large, max-video-preview:-1\" \/>\n<link rel=\"canonical\" href=\"https:\/\/risese.org\/es\/scholar-supply-lists\/\" \/>\n<meta property=\"og:locale\" content=\"es_ES\" \/>\n<meta property=\"og:type\" content=\"article\" \/>\n<meta property=\"og:title\" content=\"Scholar Supply Lists - RISE Charter School\" \/>\n<meta property=\"og:description\" content=\"Scholar Supply Lists Get Ready for a Great Start View your scholar&#8217;s supply list and start the year strong. 2025-2026 Grades K-2 School Supplies Download PDF 2025-2026 Grades 3-8 School Supplies Download PDF\" \/>\n<meta property=\"og:url\" content=\"https:\/\/risese.org\/es\/scholar-supply-lists\/\" \/>\n<meta property=\"og:site_name\" content=\"RISE Charter School\" \/>\n<meta property=\"article:modified_time\" content=\"2025-07-22T07:18:47+00:00\" \/>\n<meta name=\"twitter:card\" content=\"summary_large_image\" \/>\n<script type=\"application\/ld+json\" class=\"yoast-schema-graph\">{\"@context\":\"https:\\\/\\\/schema.org\",\"@graph\":[{\"@type\":\"WebPage\",\"@id\":\"https:\\\/\\\/risese.org\\\/scholar-supply-lists\\\/\",\"url\":\"https:\\\/\\\/risese.org\\\/scholar-supply-lists\\\/\",\"name\":\"Scholar Supply Lists - RISE Charter School\",\"isPartOf\":{\"@id\":\"https:\\\/\\\/risese.org\\\/#website\"},\"datePublished\":\"2025-07-18T08:44:20+00:00\",\"dateModified\":\"2025-07-22T07:18:47+00:00\",\"breadcrumb\":{\"@id\":\"https:\\\/\\\/risese.org\\\/scholar-supply-lists\\\/#breadcrumb\"},\"inLanguage\":\"es\",\"potentialAction\":[{\"@type\":\"ReadAction\",\"target\":[\"https:\\\/\\\/risese.org\\\/scholar-supply-lists\\\/\"]}]},{\"@type\":\"BreadcrumbList\",\"@id\":\"https:\\\/\\\/risese.org\\\/scholar-supply-lists\\\/#breadcrumb\",\"itemListElement\":[{\"@type\":\"ListItem\",\"position\":1,\"name\":\"Home\",\"item\":\"https:\\\/\\\/risese.org\\\/\"},{\"@type\":\"ListItem\",\"position\":2,\"name\":\"Scholar Supply Lists\"}]},{\"@type\":\"WebSite\",\"@id\":\"https:\\\/\\\/risese.org\\\/#website\",\"url\":\"https:\\\/\\\/risese.org\\\/\",\"name\":\"RISE Charter School\",\"description\":\"Free Charter School in SE Raleigh\",\"potentialAction\":[{\"@type\":\"SearchAction\",\"target\":{\"@type\":\"EntryPoint\",\"urlTemplate\":\"https:\\\/\\\/risese.org\\\/?s={search_term_string}\"},\"query-input\":{\"@type\":\"PropertyValueSpecification\",\"valueRequired\":true,\"valueName\":\"search_term_string\"}}],\"inLanguage\":\"es\"}]}<\/script>\n<!-- \/ Yoast SEO plugin. -->","yoast_head_json":{"title":"Listas de \u00fatiles escolares - RISE Charter School","robots":{"index":"index","follow":"follow","max-snippet":"max-snippet:-1","max-image-preview":"max-image-preview:large","max-video-preview":"max-video-preview:-1"},"canonical":"https:\/\/risese.org\/es\/scholar-supply-lists\/","og_locale":"es_ES","og_type":"article","og_title":"Scholar Supply Lists - RISE Charter School","og_description":"Scholar Supply Lists Get Ready for a Great Start View your scholar&#8217;s supply list and start the year strong. 2025-2026 Grades K-2 School Supplies Download PDF 2025-2026 Grades 3-8 School Supplies Download PDF","og_url":"https:\/\/risese.org\/es\/scholar-supply-lists\/","og_site_name":"RISE Charter School","article_modified_time":"2025-07-22T07:18:47+00:00","twitter_card":"summary_large_image","schema":{"@context":"https:\/\/schema.org","@graph":[{"@type":"WebPage","@id":"https:\/\/risese.org\/scholar-supply-lists\/","url":"https:\/\/risese.org\/scholar-supply-lists\/","name":"Listas de \u00fatiles escolares - RISE Charter School","isPartOf":{"@id":"https:\/\/risese.org\/#website"},"datePublished":"2025-07-18T08:44:20+00:00","dateModified":"2025-07-22T07:18:47+00:00","breadcrumb":{"@id":"https:\/\/risese.org\/scholar-supply-lists\/#breadcrumb"},"inLanguage":"es","potentialAction":[{"@type":"ReadAction","target":["https:\/\/risese.org\/scholar-supply-lists\/"]}]},{"@type":"BreadcrumbList","@id":"https:\/\/risese.org\/scholar-supply-lists\/#breadcrumb","itemListElement":[{"@type":"ListItem","position":1,"name":"Home","item":"https:\/\/risese.org\/"},{"@type":"ListItem","position":2,"name":"Scholar Supply Lists"}]},{"@type":"WebSite","@id":"https:\/\/risese.org\/#website","url":"https:\/\/risese.org\/","name":"Escuela concertada RISE","description":"Escuela concertada gratuita en el SE de Raleigh","potentialAction":[{"@type":"SearchAction","target":{"@type":"EntryPoint","urlTemplate":"https:\/\/risese.org\/?s={search_term_string}"},"query-input":{"@type":"PropertyValueSpecification","valueRequired":true,"valueName":"search_term_string"}}],"inLanguage":"es"}]}},"_links":{"self":[{"href":"https:\/\/risese.org\/es\/wp-json\/wp\/v2\/pages\/6064","targetHints":{"allow":["GET"]}}],"collection":[{"href":"https:\/\/risese.org\/es\/wp-json\/wp\/v2\/pages"}],"about":[{"href":"https:\/\/risese.org\/es\/wp-json\/wp\/v2\/types\/page"}],"author":[{"embeddable":true,"href":"https:\/\/risese.org\/es\/wp-json\/wp\/v2\/users\/3"}],"replies":[{"embeddable":true,"href":"https:\/\/risese.org\/es\/wp-json\/wp\/v2\/comments?post=6064"}],"version-history":[{"count":0,"href":"https:\/\/risese.org\/es\/wp-json\/wp\/v2\/pages\/6064\/revisions"}],"wp:attachment":[{"href":"https:\/\/risese.org\/es\/wp-json\/wp\/v2\/media?parent=6064"}],"curies":[{"name":"wp","href":"https:\/\/api.w.org\/{rel}","templated":true}]}}