{"id":6042,"date":"2025-07-04T03:03:50","date_gmt":"2025-07-04T03:03:50","guid":{"rendered":"https:\/\/risese1.wpenginepowered.com\/?page_id=6042"},"modified":"2025-08-02T15:37:13","modified_gmt":"2025-08-02T15:37:13","slug":"compliance","status":"publish","type":"page","link":"https:\/\/risese.org\/es\/compliance\/","title":{"rendered":"Cumplimiento"},"content":{"rendered":"<h1>\n\t\t\tCumplimiento\t<\/h1>\n\t<p>A continuaci\u00f3n puede acceder a los documentos de cumplimiento de RISE Charter School, as\u00ed como a documentos estatales y federales.<\/p>\n<h2>\n\t\t\tPlan de acciones\t<\/h2>\n\t<p>Estamos comprometidos con una educaci\u00f3n equitativa para todos sus alumnos.<\/p>\n\t<p><a href=\"https:\/\/risese.org\/wp-content\/uploads\/2022\/11\/Equity-Plan-Narrative-Component-2022-23.pdf\" target=\"_blank\" rel=\"noopener\">Plan de Igualdad del NCDPI<\/a><\/p>\n<h2>\n\t\t\tLeer para lograr\t<\/h2>\n\t<p>Los documentos relacionados con el programa Read to Achieve pueden consultarse aqu\u00ed.<\/p>\n\t<p><a href=\"https:\/\/risese.org\/wp-content\/uploads\/2025\/08\/Read_to_Achieve_2025_93J000.pdf\" target=\"_blank\" rel=\"noopener\">2024-2025<\/a><\/p>\n\t<p><a href=\"https:\/\/risese.org\/wp-content\/uploads\/2024\/08\/RISE-Charter_2023-24-Read-to-Achieve-EOY-Results.pdf\" target=\"_blank\" rel=\"noopener\">2023-2024<\/a><\/p>\n\t<p><a href=\"https:\/\/risese.org\/wp-content\/uploads\/2023\/08\/Read-to-Achieve-2023-93J000-Annual-Report.pdf\" target=\"_blank\" rel=\"noopener\">2022-2023<\/a><\/p>\n\t<p><a href=\"https:\/\/risese.org\/wp-content\/uploads\/2022\/08\/RTA-21-22.pdf\" target=\"_blank\" rel=\"noopener\">2021-2022<\/a><\/p>\n\t<p><a href=\"https:\/\/risese.org\/wp-content\/uploads\/2021\/08\/2020-2021_PAVE_Read-to-Achieve.pdf\" target=\"_blank\" rel=\"noopener\">2021-2020<\/a><\/p>\n<h2>\n\t\t\tBoletas de calificaciones escolares\t<\/h2>\n\t<p>Los boletines de notas escolares de Carolina del Norte son un recurso importante, ya que proporcionan informaci\u00f3n sobre datos a nivel escolar en una serie de \u00e1reas.<\/p>\n\t<p><a href=\"https:\/\/ncreports.ondemand.sas.com\/src\/school?school=93J000&amp;year=2024&amp;residing_district=920LEA\" target=\"_blank\" rel=\"noopener\">2023-2024 Grado C, 60 Puntuaci\u00f3n de rendimiento<\/a><\/p>\n\t<p><a href=\"https:\/\/ncreports.ondemand.sas.com\/src\/school?school=93J000&amp;year=2022&amp;residing_district=920LEA\" target=\"_blank\" rel=\"noopener\">2021-2022 Calificaci\u00f3n F, 39 Puntuaci\u00f3n de rendimiento<\/a><\/p>\n\t<p><a href=\"https:\/\/ncreports.ondemand.sas.com\/src\/school?school=93J000&amp;year=2023&amp;residing_district=920LEA\" target=\"_blank\" rel=\"noopener\">2022-2023 Calificaci\u00f3n F, 39 Puntuaci\u00f3n de rendimiento<\/a><\/p>\n\t<p><a href=\"https:\/\/ncreports.ondemand.sas.com\/src\/school?school=93J000&amp;year=2021&amp;lng=en&amp;residing_district=920LEA\" target=\"_blank\" rel=\"noopener\">2020-2021 Sin puntuaci\u00f3n ni calificaci\u00f3n<\/a><\/p>\n\t<p><a href=\"https:\/\/ncreports.ondemand.sas.com\/src\/school?school=93J000&amp;year=2020&amp;lng=en&amp;residing_district=920LEA\" target=\"_blank\" rel=\"noopener\">2019-2020 Sin puntuaci\u00f3n ni calificaci\u00f3n en letras<\/a><\/p>\n\t<p><a href=\"https:\/\/ncreports.ondemand.sas.com\/src\/school?school=93J000&amp;year=2019&amp;lng=en&amp;residing_district=920LEA\" target=\"_blank\" rel=\"noopener\">2018-2019 Grado D, 49 Puntuaci\u00f3n de rendimiento<\/a><\/p>\n\t<p><a href=\"https:\/\/ncreports.ondemand.sas.com\/src\/school?school=93J000&amp;year=2018&amp;lng=en&amp;residing_district=920LEA\" target=\"_blank\" rel=\"noopener\">2017-2018 Grado D, 52 Puntuaci\u00f3n de rendimiento<\/a><\/p>\n\t<p><a href=\"https:\/\/ncreports.ondemand.sas.com\/src\/school?school=93J000&amp;year=2017&amp;lng=en&amp;residing_district=920LEA\" target=\"_blank\" rel=\"noopener\">2016-2017 Sin calificaci\u00f3n, 0 puntuaci\u00f3n de rendimiento<\/a><\/p>\n<h2>\n\t\t\tPol\u00edticas de participaci\u00f3n familiar\t<\/h2>\n\t<p>Entendemos y apreciamos la importancia del compromiso familiar para el \u00e9xito de los alumnos. Nos esforzamos por apoyar a las familias ofreci\u00e9ndoles oportunidades de participar en la escuela.<\/p>\n\t<p><a href=\"https:\/\/docs.google.com\/document\/d\/1AiccKJTwgdA_f9xgwvEXqTlpAVK32wIbmFgXMVWwjkc\/edit#heading=h.hvrqz7ouuid7\" target=\"_blank\" rel=\"noopener\">2024-2025<\/a><\/p>\n<h2>\n\t\t\tInformaci\u00f3n sobre la mejora escolar\t<\/h2>\n\t<p>Siempre nos esforzamos por crecer. Vea a continuaci\u00f3n nuestro plan de \u00e9xito.<\/p>\n\t<strong><a href=\"https:\/\/www.indistar.org\/\" target=\"_blank\" rel=\"noopener\">Sitio web del equipo de mejora escolar<\/a><\/strong><br \/>\nIniciar sesi\u00f3n:  InvitadoS17770<br \/>\nContrase\u00f1a: GuestS17770)\n<h2>\n\t\t\tDeclaraci\u00f3n de derechos de los padres\t<\/h2>\n\t<p>Todos los padres tienen derecho a participar y dirigir la educaci\u00f3n de sus hijos. Consulte nuestra pol\u00edtica m\u00e1s abajo.<\/p>\n\t<p><a href=\"https:\/\/risese.org\/wp-content\/uploads\/2024\/09\/NC-CCS-Model-Policies-Parents-Bill-of-Rights.pdf\" target=\"_blank\" rel=\"noopener\">2024-2025 Declaraci\u00f3n de derechos de los padres<\/a><\/p>\n\t<p><a href=\"https:\/\/docs.google.com\/document\/d\/1-3Aov3sv0HuXBI2oYDqR5ePiy0CuN61WPWsJY6iVDD8\/edit?tab=t.0\" target=\"_blank\" rel=\"noopener\">2024-2025 Gu\u00eda para el rendimiento de los alumnos<\/a><\/p>\n<h2>\n\t\t\tEstados financieros\t<\/h2>\n\t<p>Declaraciones fiscales<\/p>\n\t<p><a href=\"https:\/\/risese.org\/wp-content\/uploads\/2023\/12\/2022-Tax-Return.pdf\" target=\"_blank\" rel=\"noopener\">2022<\/a><\/p>\n\t<p><a href=\"https:\/\/risese.org\/wp-content\/uploads\/2023\/12\/2021-Tax-Return.pdf\" target=\"_blank\" rel=\"noopener\">2021<\/a><\/p>\n\t<p><a href=\"https:\/\/risese.org\/wp-content\/uploads\/2024\/02\/Return-990-2019-20.pdf\" target=\"_blank\" rel=\"noopener\">2020<\/a><\/p>\n\t<p><a href=\"https:\/\/risese.org\/wp-content\/uploads\/2024\/02\/Return-990-2018-19.pdf\" target=\"_blank\" rel=\"noopener\">2019<\/a><\/p>\n\t<p>Auditor\u00edas<\/p>\n\t<p><a href=\"https:\/\/risese.org\/wp-content\/uploads\/2024\/11\/RISE-FYE2024-AUDIT.pdf\" target=\"_blank\" rel=\"noopener\">2024<\/a><\/p>\n\t<p><a href=\"https:\/\/risese.org\/wp-content\/uploads\/2024\/10\/RISE-SE-Charter-School-Audit-FYE2023.pdf\" target=\"_blank\" rel=\"noopener\">2023<\/a><\/p>\n\t<p><a href=\"https:\/\/risese.org\/wp-content\/uploads\/2023\/04\/RISE-Audit-2022-Final.pdf\" target=\"_blank\" rel=\"noopener\">2022<\/a><\/p>\n\t<p><a href=\"https:\/\/risese.org\/wp-content\/uploads\/2023\/04\/RISE-Final-Audit-2021.pdf\" target=\"_blank\" rel=\"noopener\">2021<\/a><\/p>\n\t<p><a href=\"https:\/\/risese.org\/wp-content\/uploads\/2023\/04\/RISE-Audit-2020.pdf\" target=\"_blank\" rel=\"noopener\">2020<\/a><\/p>\n\t<p><a href=\"https:\/\/risese.org\/wp-content\/uploads\/2022\/11\/Financial-Statements-2018.pdf\" target=\"_blank\" rel=\"noopener\">2018<\/a><\/p>\n\t<p><a href=\"https:\/\/risese.org\/wp-content\/uploads\/2022\/11\/Financial-Statements-2017.pdf\" target=\"_blank\" rel=\"noopener\">2017<\/a><\/p>\n\t<p><a href=\"https:\/\/risese.org\/wp-content\/uploads\/2022\/11\/Financial-Statements-2019.pdf\" target=\"_blank\" rel=\"noopener\">2019<\/a><\/p>\n\t<p><a href=\"https:\/\/risese.org\/wp-content\/uploads\/2022\/11\/Financial-Statements-2016.pdf\" target=\"_blank\" rel=\"noopener\">2016<\/a><\/p>\n<h2>\n\t\t\tMcKinney-Vento\t<\/h2>\n\t<p>Apoyamos a nuestros alumnos que experimentan dificultades relacionadas con la falta de hogar para que puedan acceder de forma equitativa a la educaci\u00f3n.<\/p>\n\t<p>Gu\u00eda de informaci\u00f3n (<a href=\"https:\/\/docs.google.com\/document\/d\/e\/2PACX-1vSllN1DTou_mgqLbhHLwOs2jJ6fTX8N3PBdLn7Nx-uSsY65UmzFqXo_1kVQmw_exEHbSOKJ2TcrdfOg\/pub?urp=gmail_link\" target=\"_blank\" rel=\"noopener\">Ingl\u00e9s<\/a>\u00a0\/\u00a0<a href=\"https:\/\/docs.google.com\/document\/d\/e\/2PACX-1vTa8NKHpAZHa5GYX9s7eehWVtnn_Tm1igpbvilceTgAhD1Pna-dSleVGS7Zqh3ftAxyORTbTJWZlmZ7\/pub?urp=gmail_link\" target=\"_blank\" rel=\"noopener\">Espa\u00f1ol<\/a>)<\/p>\n\t<p><a href=\"https:\/\/docs.google.com\/document\/d\/e\/2PACX-1vSwEvE--m5LGM4UmwEsKGLyqGS_NXvbfUNzVKUpzrwuRmavT5bVHL_iH5mNdqUwxb-sjSeiIELWQJqo\/pub\" target=\"_blank\" rel=\"noopener\">Verano 2025 Sun Bucks - DHHS<\/a><\/p>\n\t<p><a href=\"https:\/\/docs.google.com\/document\/d\/e\/2PACX-1vRz1zOfnDPrhK8qH1QlUUQ-VJcQ7Y8L2za7JdwU-eBkqbzdO8HNARMqWdaQ-0Lbqem72u9mbZZrint3\/pub\" target=\"_blank\" rel=\"noopener\">Recursos comunitarios\/de emergencia en materia de vivienda<\/a><\/p>\n\t<p><a href=\"https:\/\/docs.google.com\/document\/d\/e\/2PACX-1vShbcRuRZhVyv86RRR2harQH-TFbf7wen9Bz3AblkiOVAvkwIksXwEen2LG7NsDhlThO3bjZM9zJfdc\/pub\" target=\"_blank\" rel=\"noopener\">Recursos alimentarios comunitarios\/de emergencia<\/a><\/p>","protected":false},"excerpt":{"rendered":"<p>Cumplimiento A continuaci\u00f3n puede acceder a los documentos de cumplimiento de RISE Charter School, as\u00ed como a documentos estatales y federales. Plan de Equidad Estamos comprometidos con una educaci\u00f3n equitativa para todos sus estudiantes. NCDPI Equity Plan Read to Achieve Los documentos relacionados con el programa Read to Achieve se pueden encontrar aqu\u00ed. 2024-2025 2023-2024 2022-2023 2021-2022 2021-2020 Escuela...<\/p>","protected":false},"author":3,"featured_media":0,"parent":0,"menu_order":0,"comment_status":"closed","ping_status":"closed","template":"","meta":{"footnotes":""},"class_list":["post-6042","page","type-page","status-publish","hentry"],"yoast_head":"<!-- This site is optimized with the Yoast SEO plugin v27.3 - https:\/\/yoast.com\/product\/yoast-seo-wordpress\/ -->\n<title>Compliance - RISE Charter School<\/title>\n<meta name=\"robots\" content=\"index, follow, max-snippet:-1, max-image-preview:large, max-video-preview:-1\" \/>\n<link rel=\"canonical\" href=\"https:\/\/risese.org\/es\/compliance\/\" \/>\n<meta property=\"og:locale\" content=\"es_ES\" \/>\n<meta property=\"og:type\" content=\"article\" \/>\n<meta property=\"og:title\" content=\"Compliance - RISE Charter School\" \/>\n<meta property=\"og:description\" content=\"Compliance Below you can access compliance documents for RISE Charter School as well as state and federal documents. Equity Plan We are committed to equitable education for all of its students. NCDPI Equity Plan Read to Achieve Documents related to the Read to Achieve program can be found here. 2024-2025 2023-2024 2022-2023 2021-2022 2021-2020 School&hellip;\" \/>\n<meta property=\"og:url\" content=\"https:\/\/risese.org\/es\/compliance\/\" \/>\n<meta property=\"og:site_name\" content=\"RISE Charter School\" \/>\n<meta property=\"article:modified_time\" content=\"2025-08-02T15:37:13+00:00\" \/>\n<meta name=\"twitter:card\" content=\"summary_large_image\" \/>\n<meta name=\"twitter:label1\" content=\"Tiempo de lectura\" \/>\n\t<meta name=\"twitter:data1\" content=\"2 minutos\" \/>\n<script type=\"application\/ld+json\" class=\"yoast-schema-graph\">{\"@context\":\"https:\\\/\\\/schema.org\",\"@graph\":[{\"@type\":\"WebPage\",\"@id\":\"https:\\\/\\\/risese.org\\\/compliance\\\/\",\"url\":\"https:\\\/\\\/risese.org\\\/compliance\\\/\",\"name\":\"Compliance - RISE Charter School\",\"isPartOf\":{\"@id\":\"https:\\\/\\\/risese.org\\\/#website\"},\"datePublished\":\"2025-07-04T03:03:50+00:00\",\"dateModified\":\"2025-08-02T15:37:13+00:00\",\"breadcrumb\":{\"@id\":\"https:\\\/\\\/risese.org\\\/compliance\\\/#breadcrumb\"},\"inLanguage\":\"es\",\"potentialAction\":[{\"@type\":\"ReadAction\",\"target\":[\"https:\\\/\\\/risese.org\\\/compliance\\\/\"]}]},{\"@type\":\"BreadcrumbList\",\"@id\":\"https:\\\/\\\/risese.org\\\/compliance\\\/#breadcrumb\",\"itemListElement\":[{\"@type\":\"ListItem\",\"position\":1,\"name\":\"Home\",\"item\":\"https:\\\/\\\/risese.org\\\/\"},{\"@type\":\"ListItem\",\"position\":2,\"name\":\"Compliance\"}]},{\"@type\":\"WebSite\",\"@id\":\"https:\\\/\\\/risese.org\\\/#website\",\"url\":\"https:\\\/\\\/risese.org\\\/\",\"name\":\"RISE Charter School\",\"description\":\"Free Charter School in SE Raleigh\",\"potentialAction\":[{\"@type\":\"SearchAction\",\"target\":{\"@type\":\"EntryPoint\",\"urlTemplate\":\"https:\\\/\\\/risese.org\\\/?s={search_term_string}\"},\"query-input\":{\"@type\":\"PropertyValueSpecification\",\"valueRequired\":true,\"valueName\":\"search_term_string\"}}],\"inLanguage\":\"es\"}]}<\/script>\n<!-- \/ Yoast SEO plugin. -->","yoast_head_json":{"title":"Cumplimiento - RISE Charter School","robots":{"index":"index","follow":"follow","max-snippet":"max-snippet:-1","max-image-preview":"max-image-preview:large","max-video-preview":"max-video-preview:-1"},"canonical":"https:\/\/risese.org\/es\/compliance\/","og_locale":"es_ES","og_type":"article","og_title":"Compliance - RISE Charter School","og_description":"Compliance Below you can access compliance documents for RISE Charter School as well as state and federal documents. Equity Plan We are committed to equitable education for all of its students. NCDPI Equity Plan Read to Achieve Documents related to the Read to Achieve program can be found here. 2024-2025 2023-2024 2022-2023 2021-2022 2021-2020 School&hellip;","og_url":"https:\/\/risese.org\/es\/compliance\/","og_site_name":"RISE Charter School","article_modified_time":"2025-08-02T15:37:13+00:00","twitter_card":"summary_large_image","twitter_misc":{"Tiempo de lectura":"2 minutos"},"schema":{"@context":"https:\/\/schema.org","@graph":[{"@type":"WebPage","@id":"https:\/\/risese.org\/compliance\/","url":"https:\/\/risese.org\/compliance\/","name":"Cumplimiento - RISE Charter School","isPartOf":{"@id":"https:\/\/risese.org\/#website"},"datePublished":"2025-07-04T03:03:50+00:00","dateModified":"2025-08-02T15:37:13+00:00","breadcrumb":{"@id":"https:\/\/risese.org\/compliance\/#breadcrumb"},"inLanguage":"es","potentialAction":[{"@type":"ReadAction","target":["https:\/\/risese.org\/compliance\/"]}]},{"@type":"BreadcrumbList","@id":"https:\/\/risese.org\/compliance\/#breadcrumb","itemListElement":[{"@type":"ListItem","position":1,"name":"Home","item":"https:\/\/risese.org\/"},{"@type":"ListItem","position":2,"name":"Compliance"}]},{"@type":"WebSite","@id":"https:\/\/risese.org\/#website","url":"https:\/\/risese.org\/","name":"Escuela concertada RISE","description":"Escuela concertada gratuita en el SE de Raleigh","potentialAction":[{"@type":"SearchAction","target":{"@type":"EntryPoint","urlTemplate":"https:\/\/risese.org\/?s={search_term_string}"},"query-input":{"@type":"PropertyValueSpecification","valueRequired":true,"valueName":"search_term_string"}}],"inLanguage":"es"}]}},"_links":{"self":[{"href":"https:\/\/risese.org\/es\/wp-json\/wp\/v2\/pages\/6042","targetHints":{"allow":["GET"]}}],"collection":[{"href":"https:\/\/risese.org\/es\/wp-json\/wp\/v2\/pages"}],"about":[{"href":"https:\/\/risese.org\/es\/wp-json\/wp\/v2\/types\/page"}],"author":[{"embeddable":true,"href":"https:\/\/risese.org\/es\/wp-json\/wp\/v2\/users\/3"}],"replies":[{"embeddable":true,"href":"https:\/\/risese.org\/es\/wp-json\/wp\/v2\/comments?post=6042"}],"version-history":[{"count":0,"href":"https:\/\/risese.org\/es\/wp-json\/wp\/v2\/pages\/6042\/revisions"}],"wp:attachment":[{"href":"https:\/\/risese.org\/es\/wp-json\/wp\/v2\/media?parent=6042"}],"curies":[{"name":"wp","href":"https:\/\/api.w.org\/{rel}","templated":true}]}}