{"id":6027,"date":"2025-06-27T00:10:16","date_gmt":"2025-06-27T00:10:16","guid":{"rendered":"https:\/\/risese1.wpenginepowered.com\/?page_id=6027"},"modified":"2026-03-27T13:03:58","modified_gmt":"2026-03-27T13:03:58","slug":"nutrition","status":"publish","type":"page","link":"https:\/\/risese.org\/es\/nutrition\/","title":{"rendered":"Nutrici\u00f3n"},"content":{"rendered":"<h1>\n\t\t\tNutrici\u00f3n\t<\/h1>\n\t<p>Obtenga m\u00e1s informaci\u00f3n sobre las opciones de desayuno y almuerzo para su hijo.<\/p>\n<figure itemscope itemtype=\"https:\/\/schema.org\/ImageObject\">\n\t\t\t\t<img decoding=\"async\" src=\"https:\/\/risese.org\/wp-content\/uploads\/2025\/06\/Rectangle-53-15.jpg\" alt=\"Rectangle 53 (15)\" height=\"599\" width=\"637\" title=\"Rect\u00e1ngulo 53 (15)\" onerror=\"this.style.display='none'\" loading=\"lazy\" \/>\n\t<\/figure>\n<h3>\n\t\t\tCreemos que los alumnos bien alimentados est\u00e1n mejor preparados para concentrarse, aprender y crecer.\t<\/h3>\n\t<p>Nuestro programa de nutrici\u00f3n escolar se compromete a proporcionar una comida sana y equilibrada que contribuya al \u00e9xito escolar durante todo el d\u00eda.<\/p>\n<p>Estamos orgullosos de servir comidas que cumplen o superan las normas nutricionales federales y estatales. Nuestros men\u00fas est\u00e1n dise\u00f1ados para ofrecer una variedad de frutas frescas, verduras, granos enteros y prote\u00ednas magras, asegurando que nuestros estudiantes reciban la nutrici\u00f3n que necesitan para prosperar acad\u00e9micamente y f\u00edsicamente.<\/p>\n<h2>\n\t\t\tAbril<br \/>Men\u00fa\t<\/h2>\n\t\t\t<a href=\"https:\/\/docs.google.com\/document\/d\/1VnwA5qinlg-SfePKRrfgkQU_g3DkmWm3PUhthQCV3CQ\/edit?usp=sharing\"  target=\"_blank\" rel=\"noopener\">\n\t\t\t\t\t\t\tDescargar\n\t\t\t\t\t<\/a>\n<h2>\n\t\t\tPol\u00edtica de bienestar escolar\t<\/h2>\n\t\t\t<a href=\"https:\/\/risese.org\/wp-content\/uploads\/2025\/06\/RISE-2025-2026-Wellness-Policy.pdf\"  target=\"_blank\" rel=\"noopener\">\n\t\t\t\t\t\t\tDescargar\n\t\t\t\t\t<\/a>\n<h2>\n\t\t\tEvaluaci\u00f3n trienal\t<\/h2>\n\t\t\t<a href=\"#\"  target=\"_self\">\n\t\t\t\t\t\t\tPr\u00f3ximamente\n\t\t\t\t\t<\/a>\n<h3>\n\t\t\tDeclaraci\u00f3n de no discriminaci\u00f3n del USDA\t<\/h3>\n\t<p>De acuerdo con la ley federal de derechos civiles y las normativas y pol\u00edticas de derechos civiles del Departamento de Agricultura de EE.UU. (USDA), esta instituci\u00f3n tiene prohibido discriminar por motivos de raza, color, origen nacional, sexo (incluidas la identidad de g\u00e9nero y la orientaci\u00f3n sexual), discapacidad, edad o represalias por actividades previas relacionadas con los derechos civiles.<\/p>\n\t\t\t\tLeer m\u00e1s \u2193\n\t\t\t\t<p>La informaci\u00f3n del programa puede estar disponible en otros idiomas adem\u00e1s del ingl\u00e9s. Las personas con discapacidad que necesiten medios de comunicaci\u00f3n alternativos para obtener informaci\u00f3n sobre el programa (por ejemplo, Braille, letra grande, cinta de audio, lenguaje de signos americano), deben ponerse en contacto con la agencia estatal o local responsable que administra el programa o con el Centro TARGET del USDA en el (202) 720-2600 (voz y TTY) o ponerse en contacto con el USDA a trav\u00e9s del Servicio Federal de Retransmisi\u00f3n en el (800) 877-8339.<\/p>\n<p>Para presentar una denuncia por discriminaci\u00f3n en un programa, el denunciante debe rellenar el formulario AD-3027, USDA Program Discrimination Complaint Form, que puede obtenerse en l\u00ednea en: https:\/\/www.usda.gov\/sites\/default\/files\/documents\/ad-3027.pdf, en cualquier oficina del USDA, llamando al (866) 632-9992, o escribiendo una carta dirigida al USDA. La carta debe contener el nombre, la direcci\u00f3n y el n\u00famero de tel\u00e9fono del denunciante, as\u00ed como una descripci\u00f3n escrita de la supuesta acci\u00f3n discriminatoria lo suficientemente detallada como para informar al Subsecretario de Derechos Civiles (ASCR) sobre la naturaleza y la fecha de una supuesta violaci\u00f3n de los derechos civiles. El formulario AD-3027 cumplimentado o la carta deben enviarse al USDA antes del:<\/p>\n<p>mail:U.S. Department of Agriculture Office of the Assistant Secretary for Civil Rights 1400 Independence Avenue, SW Washington, D.C. 20250-9410; o bien<br \/>fax: (833) 256-1665 o (202) 690-7442; o bien<br \/>correo electr\u00f3nico: <a href=\"mailto:Program.Intake@usda.gov\" target=\"_blank\" rel=\"noopener\">Program.Intake@usda.gov<\/a><\/p>\n<p>Esta instituci\u00f3n ofrece igualdad de oportunidades.<\/p>","protected":false},"excerpt":{"rendered":"<p>Nutrici\u00f3n Obtenga m\u00e1s informaci\u00f3n sobre las opciones de desayuno y almuerzo para su hijo. Creemos que los alumnos bien alimentados est\u00e1n mejor preparados para concentrarse, aprender y crecer. Nuestro programa de nutrici\u00f3n escolar se ha comprometido a proporcionar una comida sana y equilibrada que alimenta el \u00e9xito escolar durante todo el d\u00eda. Estamos orgullosos de servir comidas que cumplen o exceden los...<\/p>","protected":false},"author":3,"featured_media":0,"parent":0,"menu_order":0,"comment_status":"closed","ping_status":"closed","template":"","meta":{"footnotes":""},"class_list":["post-6027","page","type-page","status-publish","hentry"],"yoast_head":"<!-- This site is optimized with the Yoast SEO plugin v27.3 - https:\/\/yoast.com\/product\/yoast-seo-wordpress\/ -->\n<title>Nutrition - RISE Charter School<\/title>\n<meta name=\"robots\" content=\"index, follow, max-snippet:-1, max-image-preview:large, max-video-preview:-1\" \/>\n<link rel=\"canonical\" href=\"https:\/\/risese.org\/es\/nutrition\/\" \/>\n<meta property=\"og:locale\" content=\"es_ES\" \/>\n<meta property=\"og:type\" content=\"article\" \/>\n<meta property=\"og:title\" content=\"Nutrition - RISE Charter School\" \/>\n<meta property=\"og:description\" content=\"Nutrition Learn more about breakfast and lunch options for your child. We believe that well-nourished scholars are better equipped to focus, learn, and grow. Our school nutrition program is committed to providing a healthy, balanced meal that fuels scholar success throughout the day. We are proud to serve meals that meet or exceed federal and&hellip;\" \/>\n<meta property=\"og:url\" content=\"https:\/\/risese.org\/es\/nutrition\/\" \/>\n<meta property=\"og:site_name\" content=\"RISE Charter School\" \/>\n<meta property=\"article:modified_time\" content=\"2026-03-27T13:03:58+00:00\" \/>\n<meta property=\"og:image\" content=\"https:\/\/risese.org\/wp-content\/uploads\/2025\/06\/Rectangle-53-15.jpg\" \/>\n<meta name=\"twitter:card\" content=\"summary_large_image\" \/>\n<meta name=\"twitter:label1\" content=\"Tiempo de lectura\" \/>\n\t<meta name=\"twitter:data1\" content=\"2 minutos\" \/>\n<script type=\"application\/ld+json\" class=\"yoast-schema-graph\">{\"@context\":\"https:\\\/\\\/schema.org\",\"@graph\":[{\"@type\":\"WebPage\",\"@id\":\"https:\\\/\\\/risese.org\\\/nutrition\\\/\",\"url\":\"https:\\\/\\\/risese.org\\\/nutrition\\\/\",\"name\":\"Nutrition - RISE Charter School\",\"isPartOf\":{\"@id\":\"https:\\\/\\\/risese.org\\\/#website\"},\"primaryImageOfPage\":{\"@id\":\"https:\\\/\\\/risese.org\\\/nutrition\\\/#primaryimage\"},\"image\":{\"@id\":\"https:\\\/\\\/risese.org\\\/nutrition\\\/#primaryimage\"},\"thumbnailUrl\":\"https:\\\/\\\/risese.org\\\/wp-content\\\/uploads\\\/2025\\\/06\\\/Rectangle-53-15.jpg\",\"datePublished\":\"2025-06-27T00:10:16+00:00\",\"dateModified\":\"2026-03-27T13:03:58+00:00\",\"breadcrumb\":{\"@id\":\"https:\\\/\\\/risese.org\\\/nutrition\\\/#breadcrumb\"},\"inLanguage\":\"es\",\"potentialAction\":[{\"@type\":\"ReadAction\",\"target\":[\"https:\\\/\\\/risese.org\\\/nutrition\\\/\"]}]},{\"@type\":\"ImageObject\",\"inLanguage\":\"es\",\"@id\":\"https:\\\/\\\/risese.org\\\/nutrition\\\/#primaryimage\",\"url\":\"https:\\\/\\\/risese.org\\\/wp-content\\\/uploads\\\/2025\\\/06\\\/Rectangle-53-15.jpg\",\"contentUrl\":\"https:\\\/\\\/risese.org\\\/wp-content\\\/uploads\\\/2025\\\/06\\\/Rectangle-53-15.jpg\"},{\"@type\":\"BreadcrumbList\",\"@id\":\"https:\\\/\\\/risese.org\\\/nutrition\\\/#breadcrumb\",\"itemListElement\":[{\"@type\":\"ListItem\",\"position\":1,\"name\":\"Home\",\"item\":\"https:\\\/\\\/risese.org\\\/\"},{\"@type\":\"ListItem\",\"position\":2,\"name\":\"Nutrition\"}]},{\"@type\":\"WebSite\",\"@id\":\"https:\\\/\\\/risese.org\\\/#website\",\"url\":\"https:\\\/\\\/risese.org\\\/\",\"name\":\"RISE Charter School\",\"description\":\"Free Charter School in SE Raleigh\",\"potentialAction\":[{\"@type\":\"SearchAction\",\"target\":{\"@type\":\"EntryPoint\",\"urlTemplate\":\"https:\\\/\\\/risese.org\\\/?s={search_term_string}\"},\"query-input\":{\"@type\":\"PropertyValueSpecification\",\"valueRequired\":true,\"valueName\":\"search_term_string\"}}],\"inLanguage\":\"es\"}]}<\/script>\n<!-- \/ Yoast SEO plugin. -->","yoast_head_json":{"title":"Nutrici\u00f3n - RISE Charter School","robots":{"index":"index","follow":"follow","max-snippet":"max-snippet:-1","max-image-preview":"max-image-preview:large","max-video-preview":"max-video-preview:-1"},"canonical":"https:\/\/risese.org\/es\/nutrition\/","og_locale":"es_ES","og_type":"article","og_title":"Nutrition - RISE Charter School","og_description":"Nutrition Learn more about breakfast and lunch options for your child. We believe that well-nourished scholars are better equipped to focus, learn, and grow. Our school nutrition program is committed to providing a healthy, balanced meal that fuels scholar success throughout the day. We are proud to serve meals that meet or exceed federal and&hellip;","og_url":"https:\/\/risese.org\/es\/nutrition\/","og_site_name":"RISE Charter School","article_modified_time":"2026-03-27T13:03:58+00:00","og_image":[{"url":"https:\/\/risese.org\/wp-content\/uploads\/2025\/06\/Rectangle-53-15.jpg","type":"","width":"","height":""}],"twitter_card":"summary_large_image","twitter_misc":{"Tiempo de lectura":"2 minutos"},"schema":{"@context":"https:\/\/schema.org","@graph":[{"@type":"WebPage","@id":"https:\/\/risese.org\/nutrition\/","url":"https:\/\/risese.org\/nutrition\/","name":"Nutrici\u00f3n - RISE Charter School","isPartOf":{"@id":"https:\/\/risese.org\/#website"},"primaryImageOfPage":{"@id":"https:\/\/risese.org\/nutrition\/#primaryimage"},"image":{"@id":"https:\/\/risese.org\/nutrition\/#primaryimage"},"thumbnailUrl":"https:\/\/risese.org\/wp-content\/uploads\/2025\/06\/Rectangle-53-15.jpg","datePublished":"2025-06-27T00:10:16+00:00","dateModified":"2026-03-27T13:03:58+00:00","breadcrumb":{"@id":"https:\/\/risese.org\/nutrition\/#breadcrumb"},"inLanguage":"es","potentialAction":[{"@type":"ReadAction","target":["https:\/\/risese.org\/nutrition\/"]}]},{"@type":"ImageObject","inLanguage":"es","@id":"https:\/\/risese.org\/nutrition\/#primaryimage","url":"https:\/\/risese.org\/wp-content\/uploads\/2025\/06\/Rectangle-53-15.jpg","contentUrl":"https:\/\/risese.org\/wp-content\/uploads\/2025\/06\/Rectangle-53-15.jpg"},{"@type":"BreadcrumbList","@id":"https:\/\/risese.org\/nutrition\/#breadcrumb","itemListElement":[{"@type":"ListItem","position":1,"name":"Home","item":"https:\/\/risese.org\/"},{"@type":"ListItem","position":2,"name":"Nutrition"}]},{"@type":"WebSite","@id":"https:\/\/risese.org\/#website","url":"https:\/\/risese.org\/","name":"Escuela concertada RISE","description":"Escuela concertada gratuita en el SE de Raleigh","potentialAction":[{"@type":"SearchAction","target":{"@type":"EntryPoint","urlTemplate":"https:\/\/risese.org\/?s={search_term_string}"},"query-input":{"@type":"PropertyValueSpecification","valueRequired":true,"valueName":"search_term_string"}}],"inLanguage":"es"}]}},"_links":{"self":[{"href":"https:\/\/risese.org\/es\/wp-json\/wp\/v2\/pages\/6027","targetHints":{"allow":["GET"]}}],"collection":[{"href":"https:\/\/risese.org\/es\/wp-json\/wp\/v2\/pages"}],"about":[{"href":"https:\/\/risese.org\/es\/wp-json\/wp\/v2\/types\/page"}],"author":[{"embeddable":true,"href":"https:\/\/risese.org\/es\/wp-json\/wp\/v2\/users\/3"}],"replies":[{"embeddable":true,"href":"https:\/\/risese.org\/es\/wp-json\/wp\/v2\/comments?post=6027"}],"version-history":[{"count":0,"href":"https:\/\/risese.org\/es\/wp-json\/wp\/v2\/pages\/6027\/revisions"}],"wp:attachment":[{"href":"https:\/\/risese.org\/es\/wp-json\/wp\/v2\/media?parent=6027"}],"curies":[{"name":"wp","href":"https:\/\/api.w.org\/{rel}","templated":true}]}}