{"id":6017,"date":"2025-06-22T20:20:35","date_gmt":"2025-06-22T20:20:35","guid":{"rendered":"https:\/\/risese1.wpenginepowered.com\/?page_id=6017"},"modified":"2026-04-03T07:00:39","modified_gmt":"2026-04-03T07:00:39","slug":"careers","status":"publish","type":"page","link":"https:\/\/risese.org\/es\/careers\/","title":{"rendered":"Carreras profesionales"},"content":{"rendered":"<h1>\n\t\t\t\u00danete al <br \/>Familia RISE\t<\/h1>\n\t<p>Somos una comunidad muy unida de personas entregadas y apasionadas que trabajan sin descanso para que nuestros becarios prosperen.<\/p>\n<h2>\n\t\t\tOportunidades actuales\t<\/h2>\n\t<p>Profesor de ni\u00f1os excepcionales<\/p>\n\tCurso escolar 2026-2027<br \/>\nA tiempo completo\n\t<p>Env\u00ede su curr\u00edculum y carta de presentaci\u00f3n por correo electr\u00f3nico a\u00a0<a href=\"mailto:jjowers@risese.org\" target=\"_blank\" rel=\"noopener\">jjowers@risese.org<\/a><\/p>\n\t\t\t<a href=\"https:\/\/risese.org\/wp-content\/uploads\/2025\/12\/RISE-Exceptional-Children-Teacher-1.pdf\"  target=\"_blank\" rel=\"noopener\">\n\t\t\t\t\t\t\tM\u00e1s informaci\u00f3n\n\t\t\t\t\t<\/a>\n\t<p>Subdirector<\/p>\n\tGrados K-3<br \/>\nCurso escolar 2026-2027<br \/>\nA tiempo completo\n\t<p>Env\u00ede su curr\u00edculum y carta de presentaci\u00f3n por correo electr\u00f3nico a <a href=\"mailto:apply@risese.org\">apply@risese.org<\/a><\/p>\n\t\t\t<a href=\"https:\/\/risese.org\/wp-content\/uploads\/2026\/04\/RISE-Assistant-Principal-K-3.pdf\"  target=\"_blank\" rel=\"noopener\">\n\t\t\t\t\t\t\tM\u00e1s informaci\u00f3n\n\t\t\t\t\t<\/a>\n\t<p>Subdirector<\/p>\n\tGrados 4\u00ba a 8\u00ba<br \/>\nCurso escolar 2026-2027<br \/>\nA tiempo completo\n\t<p>Env\u00ede su curr\u00edculum y carta de presentaci\u00f3n por correo electr\u00f3nico a <a href=\"mailto:apply@risese.org\">apply@risese.org<\/a><\/p>\n\t\t\t<a href=\"https:\/\/risese.org\/wp-content\/uploads\/2026\/04\/RISE-Assistant-Principal-4-8.pdf\"  target=\"_blank\" rel=\"noopener\">\n\t\t\t\t\t\t\tM\u00e1s informaci\u00f3n\n\t\t\t\t\t<\/a>\n\t<p>Subdirector<\/p>\n\tSoporte instruccional<br \/>\nCurso escolar 2026-2027<br \/>\nA tiempo completo\n\t<p>Env\u00ede su curr\u00edculum y carta de presentaci\u00f3n por correo electr\u00f3nico a <a href=\"mailto:apply@risese.org\">apply@risese.org<\/a><\/p>\n\t\t\t<a href=\"https:\/\/risese.org\/wp-content\/uploads\/2026\/04\/RISE-Assistant-Principal-Instructional-Support-1.pdf\"  target=\"_blank\" rel=\"noopener\">\n\t\t\t\t\t\t\tM\u00e1s informaci\u00f3n\n\t\t\t\t\t<\/a>\n\t<p>Conductor de autob\u00fas<\/p>\n\tCurso escolar 2026-2027<br \/>\nA tiempo parcial\n\t<p>Env\u00ede su curr\u00edculum y carta de presentaci\u00f3n por correo electr\u00f3nico a\u00a0<a href=\"mailto:jjowers@risese.org\" target=\"_blank\" rel=\"noopener\">jjowers@risese.org<\/a><\/p>\n\t\t\t<a href=\"https:\/\/risese.org\/wp-content\/uploads\/2025\/03\/RISE-Bus-Driver-Part-Time.pdf\"  target=\"_blank\" rel=\"noopener\">\n\t\t\t\t\t\t\tM\u00e1s informaci\u00f3n\n\t\t\t\t\t<\/a>\n\t<p>Profesor de primaria<\/p>\n\tCurso escolar 2026-2027<br \/>\nA tiempo completo\n\t<p>Env\u00ede su curr\u00edculum y carta de presentaci\u00f3n por correo electr\u00f3nico a\u00a0<a href=\"mailto:jjowers@risese.org\" target=\"_blank\" rel=\"noopener\">jjowers@risese.org<\/a><\/p>\n\t\t\t<a href=\"https:\/\/risese.org\/wp-content\/uploads\/2025\/06\/RISE-Elementary-School-Teacher.pdf\"  target=\"_blank\" rel=\"noopener\">\n\t\t\t\t\t\t\tM\u00e1s informaci\u00f3n\n\t\t\t\t\t<\/a>\n\t<p>Profesor de primaria<\/p>\n\tGrado: Jard\u00edn de infantes, 1.\u00ba, 2.\u00ba<br \/>\nCurso escolar 2026-2027<br \/>\nA tiempo completo\n\t<p>Env\u00ede su curr\u00edculum y carta de presentaci\u00f3n por correo electr\u00f3nico a <a href=\"mailto:apply@risese.org\">apply@risese.org<\/a><\/p>\n\t\t\t<a href=\"https:\/\/risese.org\/wp-content\/uploads\/2026\/04\/RISE-Teacher-Grades-K-2.pdf\"  target=\"_blank\" rel=\"noopener\">\n\t\t\t\t\t\t\tM\u00e1s informaci\u00f3n\n\t\t\t\t\t<\/a>\n\t<p>Profesor de primaria<\/p>\n\tGrado: 3\u00ba, 4\u00ba, 5\u00ba<br \/>\nCurso escolar 2026-2027<br \/>\nA tiempo completo\n\t<p>Env\u00ede su curr\u00edculum y carta de presentaci\u00f3n por correo electr\u00f3nico a <a href=\"mailto:apply@risese.org\">apply@risese.org<\/a><\/p>\n\t\t\t<a href=\"https:\/\/risese.org\/wp-content\/uploads\/2026\/04\/RISE-Teacher-Grades-3-5.pdf\"  target=\"_blank\" rel=\"noopener\">\n\t\t\t\t\t\t\tM\u00e1s informaci\u00f3n\n\t\t\t\t\t<\/a>\n\t<p>Profesor de enriquecimiento<\/p>\n\tCurso escolar 2026-2027<br \/>\nA tiempo completo\n\t<p>Env\u00ede su curr\u00edculum y carta de presentaci\u00f3n por correo electr\u00f3nico a\u00a0<a href=\"mailto:jjowers@risese.org\" target=\"_blank\" rel=\"noopener\">jjowers@risese.org<\/a><\/p>\n\t\t\t<a href=\"https:\/\/risese.org\/wp-content\/uploads\/2026\/01\/RISE-Enrichment-Teacher.pdf\"  target=\"_blank\" rel=\"noopener\">\n\t\t\t\t\t\t\tM\u00e1s informaci\u00f3n\n\t\t\t\t\t<\/a>\n\t<p>Profesor de secundaria<\/p>\n\tCurso escolar 2026-2027<br \/>\nA tiempo completo\n\t<p>Env\u00ede su curr\u00edculum y carta de presentaci\u00f3n por correo electr\u00f3nico a\u00a0<a href=\"mailto:jjowers@risese.org\" target=\"_blank\" rel=\"noopener\">jjowers@risese.org<\/a><\/p>\n\t\t\t<a href=\"https:\/\/risese.org\/wp-content\/uploads\/2025\/06\/RISE-Middle-School-Teacher.pdf\"  target=\"_blank\" rel=\"noopener\">\n\t\t\t\t\t\t\tM\u00e1s informaci\u00f3n\n\t\t\t\t\t<\/a>\n\t<p>Profesor de secundaria<\/p>\n\t6-8\u00ba<br \/>\nCurso escolar 2026-2027<br \/>\nA tiempo completo\n\t<p>Env\u00ede su curr\u00edculum y carta de presentaci\u00f3n por correo electr\u00f3nico a <a href=\"mailto:apply@risese.org\">apply@risese.org<\/a><\/p>\n\t\t\t<a href=\"https:\/\/risese.org\/wp-content\/uploads\/2026\/04\/RISE-Teacher-Grades-6-8.pdf\"  target=\"_blank\" rel=\"noopener\">\n\t\t\t\t\t\t\tM\u00e1s informaci\u00f3n\n\t\t\t\t\t<\/a>\n\t<p>\u00a1Gracias por su inter\u00e9s en unirse a nuestro equipo! Para postularse, haga clic en el correo electr\u00f3nico indicado para cada puesto. Aseg\u00farese de incluir el puesto al que se postula en el asunto de su correo electr\u00f3nico.<\/p>\n<h2>\n\t\t\tNo discriminaci\u00f3n\t<\/h2>\n\t<p>RISE no discrimina por motivos de raza, color, religi\u00f3n (credo), g\u00e9nero, expresi\u00f3n de g\u00e9nero, edad, origen nacional (ascendencia), discapacidad, estado civil, orientaci\u00f3n sexual o condici\u00f3n militar, en ninguna de sus actividades u operaciones. Estas actividades incluyen, entre otras, la contrataci\u00f3n y el despido de personal, la selecci\u00f3n de voluntarios y proveedores, y la prestaci\u00f3n de servicios. Nos comprometemos a ofrecer un entorno integrador y acogedor a todos los miembros de nuestro personal, voluntarios, subcontratistas, proveedores y clientes.<\/p>","protected":false},"excerpt":{"rendered":"<p>Join the RISE Family! We are a tight-knit community of dedicated, passionate individuals working relentlessly to ensure our scholars thrive. Current Opportunities Exceptional Children Teacher 2026-2027 School Year Full-Time Send your resume and cover letter via email to:\u00a0jjowers@risese.org Learn More Assistant Principal Grades K-3rd 2026-2027 School Year Full-Time Send your resume and cover letter via&hellip;<\/p>","protected":false},"author":3,"featured_media":0,"parent":0,"menu_order":0,"comment_status":"closed","ping_status":"closed","template":"","meta":{"footnotes":""},"class_list":["post-6017","page","type-page","status-publish","hentry"],"yoast_head":"<!-- This site is optimized with the Yoast SEO plugin v27.3 - https:\/\/yoast.com\/product\/yoast-seo-wordpress\/ -->\n<title>Careers - RISE Charter School<\/title>\n<meta name=\"robots\" content=\"index, follow, max-snippet:-1, max-image-preview:large, max-video-preview:-1\" \/>\n<link rel=\"canonical\" href=\"https:\/\/risese.org\/es\/careers\/\" \/>\n<meta property=\"og:locale\" content=\"es_ES\" \/>\n<meta property=\"og:type\" content=\"article\" \/>\n<meta property=\"og:title\" content=\"Careers - RISE Charter School\" \/>\n<meta property=\"og:description\" content=\"Join the RISE Family! We are a tight-knit community of dedicated, passionate individuals working relentlessly to ensure our scholars thrive. Current Opportunities Exceptional Children Teacher 2026-2027 School Year Full-Time Send your resume and cover letter via email to:\u00a0jjowers@risese.org Learn More Assistant Principal Grades K-3rd 2026-2027 School Year Full-Time Send your resume and cover letter via&hellip;\" \/>\n<meta property=\"og:url\" content=\"https:\/\/risese.org\/es\/careers\/\" \/>\n<meta property=\"og:site_name\" content=\"RISE Charter School\" \/>\n<meta property=\"article:modified_time\" content=\"2026-04-03T07:00:39+00:00\" \/>\n<meta name=\"twitter:card\" content=\"summary_large_image\" \/>\n<meta name=\"twitter:label1\" content=\"Tiempo de lectura\" \/>\n\t<meta name=\"twitter:data1\" content=\"1 minuto\" \/>\n<script type=\"application\/ld+json\" class=\"yoast-schema-graph\">{\"@context\":\"https:\\\/\\\/schema.org\",\"@graph\":[{\"@type\":\"WebPage\",\"@id\":\"https:\\\/\\\/risese.org\\\/careers\\\/\",\"url\":\"https:\\\/\\\/risese.org\\\/careers\\\/\",\"name\":\"Careers - RISE Charter School\",\"isPartOf\":{\"@id\":\"https:\\\/\\\/risese.org\\\/#website\"},\"datePublished\":\"2025-06-22T20:20:35+00:00\",\"dateModified\":\"2026-04-03T07:00:39+00:00\",\"breadcrumb\":{\"@id\":\"https:\\\/\\\/risese.org\\\/careers\\\/#breadcrumb\"},\"inLanguage\":\"es\",\"potentialAction\":[{\"@type\":\"ReadAction\",\"target\":[\"https:\\\/\\\/risese.org\\\/careers\\\/\"]}]},{\"@type\":\"BreadcrumbList\",\"@id\":\"https:\\\/\\\/risese.org\\\/careers\\\/#breadcrumb\",\"itemListElement\":[{\"@type\":\"ListItem\",\"position\":1,\"name\":\"Home\",\"item\":\"https:\\\/\\\/risese.org\\\/\"},{\"@type\":\"ListItem\",\"position\":2,\"name\":\"Careers\"}]},{\"@type\":\"WebSite\",\"@id\":\"https:\\\/\\\/risese.org\\\/#website\",\"url\":\"https:\\\/\\\/risese.org\\\/\",\"name\":\"RISE Charter School\",\"description\":\"Free Charter School in SE Raleigh\",\"potentialAction\":[{\"@type\":\"SearchAction\",\"target\":{\"@type\":\"EntryPoint\",\"urlTemplate\":\"https:\\\/\\\/risese.org\\\/?s={search_term_string}\"},\"query-input\":{\"@type\":\"PropertyValueSpecification\",\"valueRequired\":true,\"valueName\":\"search_term_string\"}}],\"inLanguage\":\"es\"}]}<\/script>\n<!-- \/ Yoast SEO plugin. -->","yoast_head_json":{"title":"Carreras profesionales - RISE Charter School","robots":{"index":"index","follow":"follow","max-snippet":"max-snippet:-1","max-image-preview":"max-image-preview:large","max-video-preview":"max-video-preview:-1"},"canonical":"https:\/\/risese.org\/es\/careers\/","og_locale":"es_ES","og_type":"article","og_title":"Careers - RISE Charter School","og_description":"Join the RISE Family! We are a tight-knit community of dedicated, passionate individuals working relentlessly to ensure our scholars thrive. Current Opportunities Exceptional Children Teacher 2026-2027 School Year Full-Time Send your resume and cover letter via email to:\u00a0jjowers@risese.org Learn More Assistant Principal Grades K-3rd 2026-2027 School Year Full-Time Send your resume and cover letter via&hellip;","og_url":"https:\/\/risese.org\/es\/careers\/","og_site_name":"RISE Charter School","article_modified_time":"2026-04-03T07:00:39+00:00","twitter_card":"summary_large_image","twitter_misc":{"Tiempo de lectura":"1 minuto"},"schema":{"@context":"https:\/\/schema.org","@graph":[{"@type":"WebPage","@id":"https:\/\/risese.org\/careers\/","url":"https:\/\/risese.org\/careers\/","name":"Carreras profesionales - RISE Charter School","isPartOf":{"@id":"https:\/\/risese.org\/#website"},"datePublished":"2025-06-22T20:20:35+00:00","dateModified":"2026-04-03T07:00:39+00:00","breadcrumb":{"@id":"https:\/\/risese.org\/careers\/#breadcrumb"},"inLanguage":"es","potentialAction":[{"@type":"ReadAction","target":["https:\/\/risese.org\/careers\/"]}]},{"@type":"BreadcrumbList","@id":"https:\/\/risese.org\/careers\/#breadcrumb","itemListElement":[{"@type":"ListItem","position":1,"name":"Home","item":"https:\/\/risese.org\/"},{"@type":"ListItem","position":2,"name":"Careers"}]},{"@type":"WebSite","@id":"https:\/\/risese.org\/#website","url":"https:\/\/risese.org\/","name":"Escuela concertada RISE","description":"Escuela concertada gratuita en el SE de Raleigh","potentialAction":[{"@type":"SearchAction","target":{"@type":"EntryPoint","urlTemplate":"https:\/\/risese.org\/?s={search_term_string}"},"query-input":{"@type":"PropertyValueSpecification","valueRequired":true,"valueName":"search_term_string"}}],"inLanguage":"es"}]}},"_links":{"self":[{"href":"https:\/\/risese.org\/es\/wp-json\/wp\/v2\/pages\/6017","targetHints":{"allow":["GET"]}}],"collection":[{"href":"https:\/\/risese.org\/es\/wp-json\/wp\/v2\/pages"}],"about":[{"href":"https:\/\/risese.org\/es\/wp-json\/wp\/v2\/types\/page"}],"author":[{"embeddable":true,"href":"https:\/\/risese.org\/es\/wp-json\/wp\/v2\/users\/3"}],"replies":[{"embeddable":true,"href":"https:\/\/risese.org\/es\/wp-json\/wp\/v2\/comments?post=6017"}],"version-history":[{"count":0,"href":"https:\/\/risese.org\/es\/wp-json\/wp\/v2\/pages\/6017\/revisions"}],"wp:attachment":[{"href":"https:\/\/risese.org\/es\/wp-json\/wp\/v2\/media?parent=6017"}],"curies":[{"name":"wp","href":"https:\/\/api.w.org\/{rel}","templated":true}]}}