{"id":5913,"date":"2025-05-17T03:08:38","date_gmt":"2025-05-17T03:08:38","guid":{"rendered":"https:\/\/risese1.wpenginepowered.com\/?page_id=5913"},"modified":"2025-06-25T15:13:01","modified_gmt":"2025-06-25T15:13:01","slug":"transportation","status":"publish","type":"page","link":"https:\/\/risese.org\/es\/transportation\/","title":{"rendered":"Transporte"},"content":{"rendered":"<h1>\n\t\t\tTransporte\t<\/h1>\n\t<p>Obtenga m\u00e1s informaci\u00f3n sobre las opciones de transporte disponibles para su hijo.<\/p>\n<h3>\n\t\t\tQu\u00e9 ofrecemos\t<\/h3>\n\t<p>Proporcionamos autobuses a las paradas de la comunidad que rodean la comunidad de Southeast Raleigh. Las paradas de autob\u00fas que ofrecemos para el a\u00f1o escolar 2025-2026 se pueden encontrar <a href=\"https:\/\/docs.google.com\/spreadsheets\/d\/e\/2PACX-1vSmgnOBoNITfUNiTXy3mBo4eH2slgeaJMnnagBqQ6Qn4BDqjbAgx7aAfRVKb_B9DoXcz6eASWAaLdKP\/pubhtml?gid=0&amp;single=true&amp;urp=gmail_link\" target=\"_blank\" rel=\"noopener\">aqu\u00ed<\/a>. Tenga en cuenta que las rutas y los horarios de los autobuses est\u00e1n sujetos a cambios. Puede consultar nuestra pol\u00edtica de transporte completa <a href=\"https:\/\/docs.google.com\/document\/d\/14RJxZet1MptI3HjIV5a5HisU_4Dnq3qI1oG8R6GUe-s\/view?tab=t.0\" target=\"_blank\" rel=\"noopener\">aqu\u00ed<\/a>.<\/p>\n<p>Tambi\u00e9n encontrar\u00e1 nuestro Memor\u00e1ndum de acuerdo de los padres para el transporte en autob\u00fas escolar\u00a0<a href=\"https:\/\/docs.google.com\/document\/d\/1g49jJKhduquSL_doVcHuagpSmfZP7I0IhwiYKdBGYxE\/edit?tab=t.0\" target=\"_blank\" rel=\"noopener\">aqu\u00ed<\/a>.<\/p>\n<p>Env\u00ede un correo electr\u00f3nico\u00a0<a href=\"mailto:transportation@risese.org\" target=\"_blank\" rel=\"noopener\">transportation@risese.org<\/a>\u00a0con preguntas sobre el transporte de estudiantes.<\/p>\n\t\t\t<a href=\"mailto:transportation@risese.org\" target=\"_blank\" rel=\"noopener\">\n\t\t\t\t\t\t\tContacte con nosotros\n\t\t\t\t\t<\/a>\n\t\t\t\t<img decoding=\"async\" src=\"https:\/\/risese.org\/wp-content\/uploads\/2025\/05\/Rectangle-53-12.jpg\" alt=\"Rectangle 53 (12)\" itemprop=\"image\" height=\"487\" width=\"564\" title=\"Rect\u00e1ngulo 53 (12)\" onerror=\"this.style.display='none'\" loading='lazy' \/>\n<h3>\n\t\t\tDirector de salidas escolares\t<\/h3>\n\t<p>Aseg\u00farese de que la baja de su alumno est\u00e9 siempre actualizada en School Dismissal Manager.  Usted puede configurar cambios individuales o recurrentes a la salida de su becario en la aplicaci\u00f3n, que se puede encontrar en la tienda de aplicaciones para dispositivos Android y Apple.  Usted puede ver las direcciones para School Dismissal Manager\u00a0<a href=\"https:\/\/docs.google.com\/document\/d\/1lQ8quDrML33Zt3kowIQwEX8wN4IucDHkX9PiSc-__4Y\/edit?tab=t.0\" target=\"_blank\" rel=\"noopener\">aqu\u00ed<\/a>.<\/p>\n\t\t\t<a href=\"https:\/\/docs.google.com\/document\/d\/1lQ8quDrML33Zt3kowIQwEX8wN4IucDHkX9PiSc-__4Y\/edit?tab=t.0\" target=\"_blank\" rel=\"noopener\">\n\t\t\t\t\t\t\tM\u00e1s informaci\u00f3n\n\t\t\t\t\t<\/a>\n\t\t\t\t<img decoding=\"async\" src=\"https:\/\/risese.org\/wp-content\/uploads\/2025\/05\/Rectangle-53-13.jpg\" alt=\"Rectangle 53 (13)\" itemprop=\"image\" title=\"Rect\u00e1ngulo 53 (13)\" onerror=\"this.style.display='none'\" loading='lazy' \/>","protected":false},"excerpt":{"rendered":"<p>Transporte Obtenga m\u00e1s informaci\u00f3n sobre las opciones de transporte disponibles para su hijo. Que Proveemos Proveemos autobuses a las paradas que rodean la comunidad de Southeast Raleigh. Las paradas de autob\u00fas que ofrecemos para el a\u00f1o escolar 2025-2026 se pueden encontrar aqu\u00ed. Tenga en cuenta que las rutas y los horarios de los autobuses est\u00e1n sujetos a cambios. Usted puede ver nuestro...<\/p>","protected":false},"author":3,"featured_media":0,"parent":0,"menu_order":0,"comment_status":"closed","ping_status":"closed","template":"","meta":{"footnotes":""},"class_list":["post-5913","page","type-page","status-publish","hentry"],"yoast_head":"<!-- This site is optimized with the Yoast SEO plugin v27.4 - https:\/\/yoast.com\/product\/yoast-seo-wordpress\/ -->\n<title>Transportation - RISE Charter School<\/title>\n<meta name=\"robots\" content=\"index, follow, max-snippet:-1, max-image-preview:large, max-video-preview:-1\" \/>\n<link rel=\"canonical\" href=\"https:\/\/risese.org\/es\/transportation\/\" \/>\n<meta property=\"og:locale\" content=\"es_ES\" \/>\n<meta property=\"og:type\" content=\"article\" \/>\n<meta property=\"og:title\" content=\"Transportation - RISE Charter School\" \/>\n<meta property=\"og:description\" content=\"Transportation Learn more about what transportation options are available to your child. What We Provide We provide buses to community stops surrounding the Southeast Raleigh community. The bus stops we offer for the 2025-2026 school year can be found here. Please note that bus routes and times are subject to change. You can view our&hellip;\" \/>\n<meta property=\"og:url\" content=\"https:\/\/risese.org\/es\/transportation\/\" \/>\n<meta property=\"og:site_name\" content=\"RISE Charter School\" \/>\n<meta property=\"article:modified_time\" content=\"2025-06-25T15:13:01+00:00\" \/>\n<meta property=\"og:image\" content=\"https:\/\/risese.org\/wp-content\/uploads\/2025\/05\/Rectangle-53-12.jpg\" \/>\n<meta name=\"twitter:card\" content=\"summary_large_image\" \/>\n<meta name=\"twitter:label1\" content=\"Tiempo de lectura\" \/>\n\t<meta name=\"twitter:data1\" content=\"2 minutos\" \/>\n<script type=\"application\/ld+json\" class=\"yoast-schema-graph\">{\"@context\":\"https:\\\/\\\/schema.org\",\"@graph\":[{\"@type\":\"WebPage\",\"@id\":\"https:\\\/\\\/risese.org\\\/transportation\\\/\",\"url\":\"https:\\\/\\\/risese.org\\\/transportation\\\/\",\"name\":\"Transportation - RISE Charter School\",\"isPartOf\":{\"@id\":\"https:\\\/\\\/risese.org\\\/#website\"},\"primaryImageOfPage\":{\"@id\":\"https:\\\/\\\/risese.org\\\/transportation\\\/#primaryimage\"},\"image\":{\"@id\":\"https:\\\/\\\/risese.org\\\/transportation\\\/#primaryimage\"},\"thumbnailUrl\":\"https:\\\/\\\/risese.org\\\/wp-content\\\/uploads\\\/2025\\\/05\\\/Rectangle-53-12.jpg\",\"datePublished\":\"2025-05-17T03:08:38+00:00\",\"dateModified\":\"2025-06-25T15:13:01+00:00\",\"breadcrumb\":{\"@id\":\"https:\\\/\\\/risese.org\\\/transportation\\\/#breadcrumb\"},\"inLanguage\":\"es\",\"potentialAction\":[{\"@type\":\"ReadAction\",\"target\":[\"https:\\\/\\\/risese.org\\\/transportation\\\/\"]}]},{\"@type\":\"ImageObject\",\"inLanguage\":\"es\",\"@id\":\"https:\\\/\\\/risese.org\\\/transportation\\\/#primaryimage\",\"url\":\"https:\\\/\\\/risese.org\\\/wp-content\\\/uploads\\\/2025\\\/05\\\/Rectangle-53-12.jpg\",\"contentUrl\":\"https:\\\/\\\/risese.org\\\/wp-content\\\/uploads\\\/2025\\\/05\\\/Rectangle-53-12.jpg\"},{\"@type\":\"BreadcrumbList\",\"@id\":\"https:\\\/\\\/risese.org\\\/transportation\\\/#breadcrumb\",\"itemListElement\":[{\"@type\":\"ListItem\",\"position\":1,\"name\":\"Home\",\"item\":\"https:\\\/\\\/risese.org\\\/\"},{\"@type\":\"ListItem\",\"position\":2,\"name\":\"Transportation\"}]},{\"@type\":\"WebSite\",\"@id\":\"https:\\\/\\\/risese.org\\\/#website\",\"url\":\"https:\\\/\\\/risese.org\\\/\",\"name\":\"RISE Charter School\",\"description\":\"Free Charter School in SE Raleigh\",\"potentialAction\":[{\"@type\":\"SearchAction\",\"target\":{\"@type\":\"EntryPoint\",\"urlTemplate\":\"https:\\\/\\\/risese.org\\\/?s={search_term_string}\"},\"query-input\":{\"@type\":\"PropertyValueSpecification\",\"valueRequired\":true,\"valueName\":\"search_term_string\"}}],\"inLanguage\":\"es\"}]}<\/script>\n<!-- \/ Yoast SEO plugin. -->","yoast_head_json":{"title":"Transporte - RISE Charter School","robots":{"index":"index","follow":"follow","max-snippet":"max-snippet:-1","max-image-preview":"max-image-preview:large","max-video-preview":"max-video-preview:-1"},"canonical":"https:\/\/risese.org\/es\/transportation\/","og_locale":"es_ES","og_type":"article","og_title":"Transportation - RISE Charter School","og_description":"Transportation Learn more about what transportation options are available to your child. What We Provide We provide buses to community stops surrounding the Southeast Raleigh community. The bus stops we offer for the 2025-2026 school year can be found here. Please note that bus routes and times are subject to change. You can view our&hellip;","og_url":"https:\/\/risese.org\/es\/transportation\/","og_site_name":"RISE Charter School","article_modified_time":"2025-06-25T15:13:01+00:00","og_image":[{"url":"https:\/\/risese.org\/wp-content\/uploads\/2025\/05\/Rectangle-53-12.jpg","type":"","width":"","height":""}],"twitter_card":"summary_large_image","twitter_misc":{"Tiempo de lectura":"2 minutos"},"schema":{"@context":"https:\/\/schema.org","@graph":[{"@type":"WebPage","@id":"https:\/\/risese.org\/transportation\/","url":"https:\/\/risese.org\/transportation\/","name":"Transporte - RISE Charter School","isPartOf":{"@id":"https:\/\/risese.org\/#website"},"primaryImageOfPage":{"@id":"https:\/\/risese.org\/transportation\/#primaryimage"},"image":{"@id":"https:\/\/risese.org\/transportation\/#primaryimage"},"thumbnailUrl":"https:\/\/risese.org\/wp-content\/uploads\/2025\/05\/Rectangle-53-12.jpg","datePublished":"2025-05-17T03:08:38+00:00","dateModified":"2025-06-25T15:13:01+00:00","breadcrumb":{"@id":"https:\/\/risese.org\/transportation\/#breadcrumb"},"inLanguage":"es","potentialAction":[{"@type":"ReadAction","target":["https:\/\/risese.org\/transportation\/"]}]},{"@type":"ImageObject","inLanguage":"es","@id":"https:\/\/risese.org\/transportation\/#primaryimage","url":"https:\/\/risese.org\/wp-content\/uploads\/2025\/05\/Rectangle-53-12.jpg","contentUrl":"https:\/\/risese.org\/wp-content\/uploads\/2025\/05\/Rectangle-53-12.jpg"},{"@type":"BreadcrumbList","@id":"https:\/\/risese.org\/transportation\/#breadcrumb","itemListElement":[{"@type":"ListItem","position":1,"name":"Home","item":"https:\/\/risese.org\/"},{"@type":"ListItem","position":2,"name":"Transportation"}]},{"@type":"WebSite","@id":"https:\/\/risese.org\/#website","url":"https:\/\/risese.org\/","name":"Escuela concertada RISE","description":"Escuela concertada gratuita en el SE de Raleigh","potentialAction":[{"@type":"SearchAction","target":{"@type":"EntryPoint","urlTemplate":"https:\/\/risese.org\/?s={search_term_string}"},"query-input":{"@type":"PropertyValueSpecification","valueRequired":true,"valueName":"search_term_string"}}],"inLanguage":"es"}]}},"_links":{"self":[{"href":"https:\/\/risese.org\/es\/wp-json\/wp\/v2\/pages\/5913","targetHints":{"allow":["GET"]}}],"collection":[{"href":"https:\/\/risese.org\/es\/wp-json\/wp\/v2\/pages"}],"about":[{"href":"https:\/\/risese.org\/es\/wp-json\/wp\/v2\/types\/page"}],"author":[{"embeddable":true,"href":"https:\/\/risese.org\/es\/wp-json\/wp\/v2\/users\/3"}],"replies":[{"embeddable":true,"href":"https:\/\/risese.org\/es\/wp-json\/wp\/v2\/comments?post=5913"}],"version-history":[{"count":0,"href":"https:\/\/risese.org\/es\/wp-json\/wp\/v2\/pages\/5913\/revisions"}],"wp:attachment":[{"href":"https:\/\/risese.org\/es\/wp-json\/wp\/v2\/media?parent=5913"}],"curies":[{"name":"wp","href":"https:\/\/api.w.org\/{rel}","templated":true}]}}