{"id":5896,"date":"2025-05-13T04:09:09","date_gmt":"2025-05-13T04:09:09","guid":{"rendered":"https:\/\/risese1.wpenginepowered.com\/?page_id=5896"},"modified":"2026-05-05T13:33:42","modified_gmt":"2026-05-05T13:33:42","slug":"uniforms","status":"publish","type":"page","link":"https:\/\/risese.org\/es\/uniforms\/","title":{"rendered":"Uniformes"},"content":{"rendered":"<p>Obtenga m\u00e1s informaci\u00f3n sobre las opciones de uniforme que tiene su hijo en RISE.<\/p>\n<h2>\n\t\t\tNos vestimos para dar lo mejor de nosotros cada d\u00eda.\t<\/h2>\n\tTodos los alumnos deben acudir a la escuela con el uniforme completo. <a href=\"https:\/\/docs.google.com\/document\/d\/1wIHKE6wYzYCB5O9mrb2-Y_m4F-tTFYpxHpXkxe_bwUw\/edit\" target=\"_blank\" rel=\"noopener\">Uniforme RISE<\/a>. Creemos que los uniformes fomentan la pertenencia y eliminan las distracciones. Vestir con elegancia nos ayuda a dar lo mejor de nosotros mismos.<br \/>\n\u00a1Noticias emocionantes! Ahora tendremos un inventario limitado de camisas de uniforme en el lugar para las familias. Esto proporcionar\u00e1 una opci\u00f3n conveniente para la compra de uniformes directamente de la escuela.\n<p>El inventario estar\u00e1 disponible para las familias en d\u00edas espec\u00edficos, y esas fechas se comunicar\u00e1n con antelaci\u00f3n. Esperamos que esto facilite el proceso a nuestra comunidad RISE.<\/p>\n<ul>\n<li>RISE Charter regala una camiseta de uniforme a los nuevos alumnos que se matriculen en su totalidad.<\/li>\n\n<li>Visite <a href=\"https:\/\/bsnteamsports.com\/shop\/KsB3WbKKtv\" target=\"_blank\" rel=\"noopener\">BSN Deportes de Equipo<\/a> para encargar los uniformes de la Carta RISE.<\/li>\n\n<li>Este a\u00f1o escolar, todos los alumnos de Kindergarten a 5to grado deber\u00e1n usar camisas de uniforme naranja o gris, mientras que nuestros alumnos de escuela intermedia usar\u00e1n camisas de uniforme verde azulado o azul marino. Estos colores permanecer\u00e1n separados por nivel de grado para mantener un aspecto cohesivo y distinguido para cada divisi\u00f3n.<\/li>\n<\/ul>","protected":false},"excerpt":{"rendered":"<p>Obtenga m\u00e1s informaci\u00f3n sobre las opciones de uniforme que tiene su hijo en RISE. Nos vestimos para dar lo mejor de nosotros cada d\u00eda. Todos los alumnos deben acudir diariamente al colegio con el uniforme completo de RISE. Creemos que los uniformes fomentan el sentido de pertenencia y eliminan las distracciones. Vestirse con elegancia nos ayuda a dar lo mejor de nosotros mismos. \u00a1Noticias emocionantes! A partir de ahora...<\/p>","protected":false},"author":3,"featured_media":0,"parent":0,"menu_order":6,"comment_status":"closed","ping_status":"closed","template":"","meta":{"footnotes":""},"class_list":["post-5896","page","type-page","status-publish","hentry"],"yoast_head":"<!-- This site is optimized with the Yoast SEO plugin v27.5 - https:\/\/yoast.com\/product\/yoast-seo-wordpress\/ -->\n<title>Uniforms - RISE Charter School<\/title>\n<meta name=\"robots\" content=\"index, follow, max-snippet:-1, max-image-preview:large, max-video-preview:-1\" \/>\n<link rel=\"canonical\" href=\"https:\/\/risese.org\/es\/uniforms\/\" \/>\n<meta property=\"og:locale\" content=\"es_ES\" \/>\n<meta property=\"og:type\" content=\"article\" \/>\n<meta property=\"og:title\" content=\"Uniforms - RISE Charter School\" \/>\n<meta property=\"og:description\" content=\"Learn more about what uniform options your child has at RISE. We dress to be our best every day! All scholars must come to school daily in the complete RISE uniform. We believe uniforms foster belonging and eliminate distractions. Dressing sharply helps us put our best foot forward. Exciting News! We will now host a&hellip;\" \/>\n<meta property=\"og:url\" content=\"https:\/\/risese.org\/es\/uniforms\/\" \/>\n<meta property=\"og:site_name\" content=\"RISE Charter School\" \/>\n<meta property=\"article:modified_time\" content=\"2026-05-05T13:33:42+00:00\" \/>\n<meta name=\"twitter:card\" content=\"summary_large_image\" \/>\n<meta name=\"twitter:label1\" content=\"Tiempo de lectura\" \/>\n\t<meta name=\"twitter:data1\" content=\"1 minuto\" \/>\n<script type=\"application\/ld+json\" class=\"yoast-schema-graph\">{\"@context\":\"https:\\\/\\\/schema.org\",\"@graph\":[{\"@type\":\"WebPage\",\"@id\":\"https:\\\/\\\/risese.org\\\/uniforms\\\/\",\"url\":\"https:\\\/\\\/risese.org\\\/uniforms\\\/\",\"name\":\"Uniforms - RISE Charter School\",\"isPartOf\":{\"@id\":\"https:\\\/\\\/risese.org\\\/#website\"},\"datePublished\":\"2025-05-13T04:09:09+00:00\",\"dateModified\":\"2026-05-05T13:33:42+00:00\",\"breadcrumb\":{\"@id\":\"https:\\\/\\\/risese.org\\\/uniforms\\\/#breadcrumb\"},\"inLanguage\":\"es\",\"potentialAction\":[{\"@type\":\"ReadAction\",\"target\":[\"https:\\\/\\\/risese.org\\\/uniforms\\\/\"]}]},{\"@type\":\"BreadcrumbList\",\"@id\":\"https:\\\/\\\/risese.org\\\/uniforms\\\/#breadcrumb\",\"itemListElement\":[{\"@type\":\"ListItem\",\"position\":1,\"name\":\"Home\",\"item\":\"https:\\\/\\\/risese.org\\\/\"},{\"@type\":\"ListItem\",\"position\":2,\"name\":\"Uniforms\"}]},{\"@type\":\"WebSite\",\"@id\":\"https:\\\/\\\/risese.org\\\/#website\",\"url\":\"https:\\\/\\\/risese.org\\\/\",\"name\":\"RISE Charter School\",\"description\":\"Free Charter School in SE Raleigh\",\"potentialAction\":[{\"@type\":\"SearchAction\",\"target\":{\"@type\":\"EntryPoint\",\"urlTemplate\":\"https:\\\/\\\/risese.org\\\/?s={search_term_string}\"},\"query-input\":{\"@type\":\"PropertyValueSpecification\",\"valueRequired\":true,\"valueName\":\"search_term_string\"}}],\"inLanguage\":\"es\"}]}<\/script>\n<!-- \/ Yoast SEO plugin. -->","yoast_head_json":{"title":"Uniformes - RISE Charter School","robots":{"index":"index","follow":"follow","max-snippet":"max-snippet:-1","max-image-preview":"max-image-preview:large","max-video-preview":"max-video-preview:-1"},"canonical":"https:\/\/risese.org\/es\/uniforms\/","og_locale":"es_ES","og_type":"article","og_title":"Uniforms - RISE Charter School","og_description":"Learn more about what uniform options your child has at RISE. We dress to be our best every day! All scholars must come to school daily in the complete RISE uniform. We believe uniforms foster belonging and eliminate distractions. Dressing sharply helps us put our best foot forward. Exciting News! We will now host a&hellip;","og_url":"https:\/\/risese.org\/es\/uniforms\/","og_site_name":"RISE Charter School","article_modified_time":"2026-05-05T13:33:42+00:00","twitter_card":"summary_large_image","twitter_misc":{"Tiempo de lectura":"1 minuto"},"schema":{"@context":"https:\/\/schema.org","@graph":[{"@type":"WebPage","@id":"https:\/\/risese.org\/uniforms\/","url":"https:\/\/risese.org\/uniforms\/","name":"Uniformes - RISE Charter School","isPartOf":{"@id":"https:\/\/risese.org\/#website"},"datePublished":"2025-05-13T04:09:09+00:00","dateModified":"2026-05-05T13:33:42+00:00","breadcrumb":{"@id":"https:\/\/risese.org\/uniforms\/#breadcrumb"},"inLanguage":"es","potentialAction":[{"@type":"ReadAction","target":["https:\/\/risese.org\/uniforms\/"]}]},{"@type":"BreadcrumbList","@id":"https:\/\/risese.org\/uniforms\/#breadcrumb","itemListElement":[{"@type":"ListItem","position":1,"name":"Home","item":"https:\/\/risese.org\/"},{"@type":"ListItem","position":2,"name":"Uniforms"}]},{"@type":"WebSite","@id":"https:\/\/risese.org\/#website","url":"https:\/\/risese.org\/","name":"Escuela concertada RISE","description":"Escuela concertada gratuita en el SE de Raleigh","potentialAction":[{"@type":"SearchAction","target":{"@type":"EntryPoint","urlTemplate":"https:\/\/risese.org\/?s={search_term_string}"},"query-input":{"@type":"PropertyValueSpecification","valueRequired":true,"valueName":"search_term_string"}}],"inLanguage":"es"}]}},"_links":{"self":[{"href":"https:\/\/risese.org\/es\/wp-json\/wp\/v2\/pages\/5896","targetHints":{"allow":["GET"]}}],"collection":[{"href":"https:\/\/risese.org\/es\/wp-json\/wp\/v2\/pages"}],"about":[{"href":"https:\/\/risese.org\/es\/wp-json\/wp\/v2\/types\/page"}],"author":[{"embeddable":true,"href":"https:\/\/risese.org\/es\/wp-json\/wp\/v2\/users\/3"}],"replies":[{"embeddable":true,"href":"https:\/\/risese.org\/es\/wp-json\/wp\/v2\/comments?post=5896"}],"version-history":[{"count":0,"href":"https:\/\/risese.org\/es\/wp-json\/wp\/v2\/pages\/5896\/revisions"}],"wp:attachment":[{"href":"https:\/\/risese.org\/es\/wp-json\/wp\/v2\/media?parent=5896"}],"curies":[{"name":"wp","href":"https:\/\/api.w.org\/{rel}","templated":true}]}}