{"id":5892,"date":"2025-05-13T04:01:12","date_gmt":"2025-05-13T04:01:12","guid":{"rendered":"https:\/\/risese1.wpenginepowered.com\/?page_id=5892"},"modified":"2025-05-29T00:57:33","modified_gmt":"2025-05-29T00:57:33","slug":"care","status":"publish","type":"page","link":"https:\/\/risese.org\/es\/care\/","title":{"rendered":"Cuidado antes y despu\u00e9s del colegio"},"content":{"rendered":"<h1>\n\t\t\tCuidado antes y despu\u00e9s del colegio\t<\/h1>\n\t<p>Obtenga m\u00e1s informaci\u00f3n sobre los programas para antes y despu\u00e9s de la escuela para su hijo.<\/p>\n<h2>\n\t\t\tYMCA\t<\/h2>\n\t<p>RISE ofrece programas antes y despu\u00e9s de la escuela a trav\u00e9s de la YMCA. Para obtener m\u00e1s informaci\u00f3n, visite el sitio web de YMCA o p\u00f3ngase en contacto con Kristin Estes, Directora de Juventud de YMCA Triangle. Tambi\u00e9n puede consultar\u00a0<a href=\"https:\/\/risese.org\/wp-content\/uploads\/2023\/08\/RISE-BFS_AFS-FAQ-2023-2024.pdf\" target=\"_blank\" rel=\"noopener\">este folleto<\/a>\u00a0para m\u00e1s informaci\u00f3n.<\/p>\n\t\t\t<a href=\"https:\/\/www.ymcatriangle.org\/schools\/rise-southeast-raleigh-charter-after-school\" target=\"_blank\" rel=\"noopener\">\n\t\t\t\t\t\t\tVisitar el sitio web\n\t\t\t\t\t<\/a>\n\t\t\t<a href=\"mailto:kristin.estes@ymcatriangle.org\" target=\"_blank\" rel=\"noopener\">\n\t\t\t\t\t\t\tContacto Kristin\n\t\t\t\t\t<\/a>\n<h2>\n\t\t\tClub de Ni\u00f1os y Ni\u00f1as\t<\/h2>\n\t<p>Muchos de nuestros becarios de RISE aprovechan los programas del Boys &amp; Girls Club una vez terminadas las clases.  RISE ofrece un autob\u00fas que transporta a los becarios a sus instalaciones. Visite los sitios web de Boys Club y Girls Club para obtener m\u00e1s informaci\u00f3n.<\/p>\n\t\t\t<a href=\"https:\/\/wakebgc.org\/raleigh-boys-club\/\" target=\"_blank\" rel=\"noopener\">\n\t\t\t\t\t\t\tClub de ni\u00f1os\n\t\t\t\t\t<\/a>\n\t\t\t<a href=\"https:\/\/wakebgc.org\/raleigh-girls-club\/\" target=\"_blank\" rel=\"noopener\">\n\t\t\t\t\t\t\tClub de Chicas\n\t\t\t\t\t<\/a>\n<h2>\n\t\t\tAcademia de Fundamentos\t<\/h2>\n\t<p>Algunos alumnos asisten a Foundations Academy antes y despu\u00e9s de clase. RISE no ofrece transporte, pero Foundations Academy env\u00eda una furgoneta desde su ubicaci\u00f3n a RISE para dejar y recoger a los alumnos. Visite su sitio web para obtener m\u00e1s informaci\u00f3n.<\/p>\n\t\t\t<a href=\"https:\/\/www.foundationsacademyraleigh.com\/\" target=\"_blank\" rel=\"noopener\">\n\t\t\t\t\t\t\tM\u00e1s informaci\u00f3n\n\t\t\t\t\t<\/a>\n<h2>\n\t\t\tRising Stars Jr. Varsity\t<\/h2>\n\t<p>Algunos alumnos asisten a Rising Stars Jr. Varsity antes y despu\u00e9s de la escuela.  RISE no ofrece transporte, pero Rising Stars Jr. Varsity env\u00eda una camioneta desde su ubicaci\u00f3n a RISE para dejar y recoger a los alumnos. Visite su sitio web para obtener m\u00e1s informaci\u00f3n.<\/p>\n\t\t\t<a href=\"https:\/\/www.rsjcdc.com\/home\" target=\"_blank\" rel=\"noopener\">\n\t\t\t\t\t\t\tVisitar el sitio web\n\t\t\t\t\t<\/a>\n<h2>\n\t\t\tCentro Comunitario de Aprendizaje del Sureste de Raleigh\t<\/h2>\n\t<p>Algunos alumnos aprovechan el programa extraescolar gratuito del Southeast Raleigh Community Learning Center. Esta organizaci\u00f3n env\u00eda un veh\u00edculo para recoger a los estudiantes despu\u00e9s de la escuela si hay suficiente inter\u00e9s de los estudiantes en nuestra escuela. Puede visitar su sitio web para obtener m\u00e1s informaci\u00f3n.<\/p>\n\t\t\t<a href=\"https:\/\/www.serclc.org\/\" target=\"_blank\" rel=\"noopener\">\n\t\t\t\t\t\t\tVisitar el sitio web\n\t\t\t\t\t<\/a>","protected":false},"excerpt":{"rendered":"<p>Cuidado antes y despu\u00e9s de la escuela Obtenga m\u00e1s informaci\u00f3n sobre los programas antes y despu\u00e9s de la escuela para su hijo. YMCA RISE ofrece programas antes y despu\u00e9s de la escuela a trav\u00e9s de la YMCA. Para obtener m\u00e1s informaci\u00f3n, visite el sitio web de YMCA o p\u00f3ngase en contacto con Kristin Estes, YMCA Triangle Youth Director. Tambi\u00e9n puede ver este folleto para obtener m\u00e1s informaci\u00f3n. Visite el sitio web P\u00f3ngase en contacto con Kristin Estes...<\/p>","protected":false},"author":3,"featured_media":0,"parent":0,"menu_order":0,"comment_status":"closed","ping_status":"closed","template":"","meta":{"footnotes":""},"class_list":["post-5892","page","type-page","status-publish","hentry"],"yoast_head":"<!-- This site is optimized with the Yoast SEO plugin v27.4 - https:\/\/yoast.com\/product\/yoast-seo-wordpress\/ -->\n<title>Before &amp; After School Care - RISE Charter School<\/title>\n<meta name=\"robots\" content=\"index, follow, max-snippet:-1, max-image-preview:large, max-video-preview:-1\" \/>\n<link rel=\"canonical\" href=\"https:\/\/risese.org\/es\/care\/\" \/>\n<meta property=\"og:locale\" content=\"es_ES\" \/>\n<meta property=\"og:type\" content=\"article\" \/>\n<meta property=\"og:title\" content=\"Before &amp; After School Care - RISE Charter School\" \/>\n<meta property=\"og:description\" content=\"Before &#038; After School Care Learn more about before and after school programs for your child. YMCA RISE provides on-site before and after school programming through the YMCA. For more information, please visit the YMCA website or contact Kristin Estes, YMCA Triangle Youth Director.\u00a0You can also view\u00a0this flyer\u00a0for more information. Visit Website Contact Kristin Boys&hellip;\" \/>\n<meta property=\"og:url\" content=\"https:\/\/risese.org\/es\/care\/\" \/>\n<meta property=\"og:site_name\" content=\"RISE Charter School\" \/>\n<meta property=\"article:modified_time\" content=\"2025-05-29T00:57:33+00:00\" \/>\n<meta name=\"twitter:card\" content=\"summary_large_image\" \/>\n<meta name=\"twitter:label1\" content=\"Tiempo de lectura\" \/>\n\t<meta name=\"twitter:data1\" content=\"2 minutos\" \/>\n<script type=\"application\/ld+json\" class=\"yoast-schema-graph\">{\"@context\":\"https:\\\/\\\/schema.org\",\"@graph\":[{\"@type\":\"WebPage\",\"@id\":\"https:\\\/\\\/risese.org\\\/care\\\/\",\"url\":\"https:\\\/\\\/risese.org\\\/care\\\/\",\"name\":\"Before & After School Care - RISE Charter School\",\"isPartOf\":{\"@id\":\"https:\\\/\\\/risese.org\\\/#website\"},\"datePublished\":\"2025-05-13T04:01:12+00:00\",\"dateModified\":\"2025-05-29T00:57:33+00:00\",\"breadcrumb\":{\"@id\":\"https:\\\/\\\/risese.org\\\/care\\\/#breadcrumb\"},\"inLanguage\":\"es\",\"potentialAction\":[{\"@type\":\"ReadAction\",\"target\":[\"https:\\\/\\\/risese.org\\\/care\\\/\"]}]},{\"@type\":\"BreadcrumbList\",\"@id\":\"https:\\\/\\\/risese.org\\\/care\\\/#breadcrumb\",\"itemListElement\":[{\"@type\":\"ListItem\",\"position\":1,\"name\":\"Home\",\"item\":\"https:\\\/\\\/risese.org\\\/\"},{\"@type\":\"ListItem\",\"position\":2,\"name\":\"Before &#038; After School Care\"}]},{\"@type\":\"WebSite\",\"@id\":\"https:\\\/\\\/risese.org\\\/#website\",\"url\":\"https:\\\/\\\/risese.org\\\/\",\"name\":\"RISE Charter School\",\"description\":\"Free Charter School in SE Raleigh\",\"potentialAction\":[{\"@type\":\"SearchAction\",\"target\":{\"@type\":\"EntryPoint\",\"urlTemplate\":\"https:\\\/\\\/risese.org\\\/?s={search_term_string}\"},\"query-input\":{\"@type\":\"PropertyValueSpecification\",\"valueRequired\":true,\"valueName\":\"search_term_string\"}}],\"inLanguage\":\"es\"}]}<\/script>\n<!-- \/ Yoast SEO plugin. -->","yoast_head_json":{"title":"Cuidado antes y despu\u00e9s de clase - RISE Charter School","robots":{"index":"index","follow":"follow","max-snippet":"max-snippet:-1","max-image-preview":"max-image-preview:large","max-video-preview":"max-video-preview:-1"},"canonical":"https:\/\/risese.org\/es\/care\/","og_locale":"es_ES","og_type":"article","og_title":"Before & After School Care - RISE Charter School","og_description":"Before &#038; After School Care Learn more about before and after school programs for your child. YMCA RISE provides on-site before and after school programming through the YMCA. For more information, please visit the YMCA website or contact Kristin Estes, YMCA Triangle Youth Director.\u00a0You can also view\u00a0this flyer\u00a0for more information. Visit Website Contact Kristin Boys&hellip;","og_url":"https:\/\/risese.org\/es\/care\/","og_site_name":"RISE Charter School","article_modified_time":"2025-05-29T00:57:33+00:00","twitter_card":"summary_large_image","twitter_misc":{"Tiempo de lectura":"2 minutos"},"schema":{"@context":"https:\/\/schema.org","@graph":[{"@type":"WebPage","@id":"https:\/\/risese.org\/care\/","url":"https:\/\/risese.org\/care\/","name":"Cuidado antes y despu\u00e9s de clase - RISE Charter School","isPartOf":{"@id":"https:\/\/risese.org\/#website"},"datePublished":"2025-05-13T04:01:12+00:00","dateModified":"2025-05-29T00:57:33+00:00","breadcrumb":{"@id":"https:\/\/risese.org\/care\/#breadcrumb"},"inLanguage":"es","potentialAction":[{"@type":"ReadAction","target":["https:\/\/risese.org\/care\/"]}]},{"@type":"BreadcrumbList","@id":"https:\/\/risese.org\/care\/#breadcrumb","itemListElement":[{"@type":"ListItem","position":1,"name":"Home","item":"https:\/\/risese.org\/"},{"@type":"ListItem","position":2,"name":"Before &#038; After School Care"}]},{"@type":"WebSite","@id":"https:\/\/risese.org\/#website","url":"https:\/\/risese.org\/","name":"Escuela concertada RISE","description":"Escuela concertada gratuita en el SE de Raleigh","potentialAction":[{"@type":"SearchAction","target":{"@type":"EntryPoint","urlTemplate":"https:\/\/risese.org\/?s={search_term_string}"},"query-input":{"@type":"PropertyValueSpecification","valueRequired":true,"valueName":"search_term_string"}}],"inLanguage":"es"}]}},"_links":{"self":[{"href":"https:\/\/risese.org\/es\/wp-json\/wp\/v2\/pages\/5892","targetHints":{"allow":["GET"]}}],"collection":[{"href":"https:\/\/risese.org\/es\/wp-json\/wp\/v2\/pages"}],"about":[{"href":"https:\/\/risese.org\/es\/wp-json\/wp\/v2\/types\/page"}],"author":[{"embeddable":true,"href":"https:\/\/risese.org\/es\/wp-json\/wp\/v2\/users\/3"}],"replies":[{"embeddable":true,"href":"https:\/\/risese.org\/es\/wp-json\/wp\/v2\/comments?post=5892"}],"version-history":[{"count":0,"href":"https:\/\/risese.org\/es\/wp-json\/wp\/v2\/pages\/5892\/revisions"}],"wp:attachment":[{"href":"https:\/\/risese.org\/es\/wp-json\/wp\/v2\/media?parent=5892"}],"curies":[{"name":"wp","href":"https:\/\/api.w.org\/{rel}","templated":true}]}}