{"id":5881,"date":"2025-05-02T16:32:15","date_gmt":"2025-05-02T16:32:15","guid":{"rendered":"https:\/\/risese1.wpenginepowered.com\/?page_id=5881"},"modified":"2025-05-02T20:13:20","modified_gmt":"2025-05-02T20:13:20","slug":"our-mission","status":"publish","type":"page","link":"https:\/\/risese.org\/es\/our-mission\/","title":{"rendered":"Nuestra misi\u00f3n"},"content":{"rendered":"<h1>\n\t\tNuestra misi\u00f3n\n\t<\/h1>\n\t<p>Capacitamos a todos nuestros alumnos para que prosperen acad\u00e9micamente, fortalezcan su comunidad y descubran su propia voz.<\/p>\n<h2>\n\t\tQui\u00e9nes somos\n\t<\/h2>\n\t<p>En RISE Charter School, somos una comunidad unida por la creencia en el potencial ilimitado de cada ni\u00f1o. Desde el momento en que un alumno entra por nuestras puertas, se le ofrecen grandes expectativas, un apoyo inquebrantable y las herramientas que necesita para superarse acad\u00e9mica y personalmente, y como futuro l\u00edder.<\/p>\n<p>Fundada en 2015, nuestra misi\u00f3n era clara: ofrecer a los alumnos del sureste de Raleigh acceso a una educaci\u00f3n que no solo cumpla las expectativas, sino que las supere con creces. En 2020, nos convertimos en RISE, una escuela concertada independiente y sin \u00e1nimo de lucro, que profundiza nuestro compromiso con la excelencia y refuerza nuestro impacto en la comunidad a la que servimos.<\/p>\n<p>Hoy somos un faro de posibilidades. Para los grados K-8, combinamos el rigor acad\u00e9mico con el desarrollo intencional del car\u00e1cter, formando alumnos que est\u00e1n preparados para liderar en el aula y m\u00e1s all\u00e1. Nuestro enfoque combina herramientas de aprendizaje de vanguardia, un enfoque en las artes y el atletismo, y experiencias de liderazgo del mundo real para cultivar pensadores, creadores y agentes de cambio.<\/p>\n\t<p>Lo que distingue a RISE es nuestro compromiso con la excelencia personalizada: nos adaptamos a cada alumno donde se encuentre y lo impulsamos hacia adelante. Cerramos las brechas para aquellos que necesitan apoyo, al tiempo que garantizamos que nuestros alumnos con mejores resultados alcancen cotas a\u00fan mayores. Nuestros resultados hablan por s\u00ed solos, situ\u00e1ndonos entre las escuelas concertadas con mejor rendimiento acad\u00e9mico de Carolina del Norte. Pero los n\u00fameros s\u00f3lo cuentan una parte de la historia. La verdadera medida de nuestro \u00e9xito se encuentra en la confianza, la resistencia y los logros de nuestros alumnos.<\/p>\n<p>La nuestra es una historia de perseverancia y progreso. La historia de una escuela que se niega a aceptar la mediocridad y exige excelencia para todos. No nos limitamos a preparar a los alumnos para el siguiente curso, sino que los preparamos para liderar, so\u00f1ar con audacia y forjar su futuro con convicci\u00f3n.<\/p>\n<p>Esto es RISE Charter School, donde los alumnos no s\u00f3lo aprenden, sino que se elevan.<\/p>\n\t\t\t\t<img loading=\"lazy\" decoding=\"async\" src=\"https:\/\/risese.org\/wp-content\/uploads\/2025\/05\/Rectangle-53-3.jpg\" alt=\"Rectangle 53 (3)\" itemprop=\"image\" height=\"384\" width=\"992\" title=\"Rect\u00e1ngulo 53 (3)\" onerror=\"this.style.display='none'\"  \/>\n<h2>\n\t\tVALORES FUNDAMENTALES\n\t<\/h2>\n<h3>\n\t\tResiliencia\n\t<\/h3>\n<h4>\n\t\tNo nos rendimos, crecemos.\n\t<\/h4>\n\t<p>Resiliencia significa aceptar los retos, aprender de los errores y seguir adelante con determinaci\u00f3n. Afrontamos los obst\u00e1culos con valent\u00eda, sabiendo que el esfuerzo y la perseverancia conducen al \u00e9xito. Pase lo que pase, nos levantamos m\u00e1s fuertes, m\u00e1s listos y m\u00e1s preparados para el futuro.<\/p>\n<h3>\n\t\tIntegridad\n\t<\/h3>\n<h4>\n\t\tHacemos lo correcto, incluso cuando nadie nos ve.\n\t<\/h4>\n\t<p>Integridad significa ser honesto, responsable y respetuoso en cualquier situaci\u00f3n. En RISE, nos enorgullecemos de nuestras palabras y acciones, sabiendo que un car\u00e1cter fuerte genera confianza, respeto y \u00e9xito duradero.<\/p>\n<h3>\n\t\tBeca\n\t<\/h3>\n<h4>\n\t\tNos encanta aprender y tratamos de crecer cada d\u00eda.\n\t<\/h4>\n\t<p>La erudici\u00f3n significa abrazar la curiosidad, hacer preguntas y desafiarnos a nosotros mismos para entender m\u00e1s. En RISE estamos convencidos de que el aprendizaje es una aventura que dura toda la vida, y nos entusiasma explorar, crecer y descubrir juntos.<\/p>\n<h3>\n\t\tExcelencia\n\t<\/h3>\n<h4>\n\t\tApuntamos alto y damos lo mejor de nosotros cada d\u00eda.\n\t<\/h4>\n\t<p>La excelencia significa esforzarse al m\u00e1ximo en todo lo que hacemos, luchar por crecer y no conformarse nunca con menos. En RISE, nos desafiamos a nosotros mismos para mejorar continuamente y alcanzar nuevas cotas, como alumnos y como personas.<\/p>\n<h2>\n\t\t\u00bfPor qu\u00e9 RISE?\n\t<\/h2>\n\t<p>Descubra por qu\u00e9 las familias eligen RISE, un colegio p\u00fablico concertado 1% que combina la excelencia acad\u00e9mica, el aprendizaje personalizado y una comunidad basada en valores para ayudar a cada alumno a prosperar.<\/p>\n\t\t\t<a href=\"https:\/\/risese.org\/es\/why-rise\/\" target=\"_self\">\n\t\t\t\t\t\t\tM\u00e1s informaci\u00f3n\n\t\t\t\t\t<\/a>","protected":false},"excerpt":{"rendered":"<p>Nuestra misi\u00f3n Capacitamos a todos nuestros alumnos para que prosperen acad\u00e9micamente, fortalezcan su comunidad y descubran su voz. Acerca de nosotros En RISE Charter School, somos una comunidad unida por la creencia en el potencial ilimitado de cada ni\u00f1o. Desde el momento en que un alumno atraviesa nuestras puertas, se le...<\/p>","protected":false},"author":3,"featured_media":0,"parent":0,"menu_order":0,"comment_status":"closed","ping_status":"closed","template":"","meta":{"footnotes":""},"class_list":["post-5881","page","type-page","status-publish","hentry"],"yoast_head":"<!-- This site is optimized with the Yoast SEO plugin v27.3 - https:\/\/yoast.com\/product\/yoast-seo-wordpress\/ -->\n<title>Our Mission - RISE Charter School<\/title>\n<meta name=\"robots\" content=\"index, follow, max-snippet:-1, max-image-preview:large, max-video-preview:-1\" \/>\n<link rel=\"canonical\" href=\"https:\/\/risese.org\/es\/our-mission\/\" \/>\n<meta property=\"og:locale\" content=\"es_ES\" \/>\n<meta property=\"og:type\" content=\"article\" \/>\n<meta property=\"og:title\" content=\"Our Mission - RISE Charter School\" \/>\n<meta property=\"og:description\" content=\"Our Mission We empower all of our scholars to thrive academically, strengthen their community, and discover their voice. About Us At RISE Charter School, we are a community bound by the belief in the limitless potential of every child. From the moment a scholar walks through our doors, they are met with high expectations, unwavering&hellip;\" \/>\n<meta property=\"og:url\" content=\"https:\/\/risese.org\/es\/our-mission\/\" \/>\n<meta property=\"og:site_name\" content=\"RISE Charter School\" \/>\n<meta property=\"article:modified_time\" content=\"2025-05-02T20:13:20+00:00\" \/>\n<meta property=\"og:image\" content=\"https:\/\/risese.org\/wp-content\/uploads\/2025\/05\/Rectangle-53-3.jpg\" \/>\n<meta name=\"twitter:card\" content=\"summary_large_image\" \/>\n<script type=\"application\/ld+json\" class=\"yoast-schema-graph\">{\"@context\":\"https:\\\/\\\/schema.org\",\"@graph\":[{\"@type\":\"WebPage\",\"@id\":\"https:\\\/\\\/risese.org\\\/our-mission\\\/\",\"url\":\"https:\\\/\\\/risese.org\\\/our-mission\\\/\",\"name\":\"Our Mission - RISE Charter School\",\"isPartOf\":{\"@id\":\"https:\\\/\\\/risese.org\\\/#website\"},\"primaryImageOfPage\":{\"@id\":\"https:\\\/\\\/risese.org\\\/our-mission\\\/#primaryimage\"},\"image\":{\"@id\":\"https:\\\/\\\/risese.org\\\/our-mission\\\/#primaryimage\"},\"thumbnailUrl\":\"https:\\\/\\\/risese.org\\\/wp-content\\\/uploads\\\/2025\\\/05\\\/Rectangle-53-3.jpg\",\"datePublished\":\"2025-05-02T16:32:15+00:00\",\"dateModified\":\"2025-05-02T20:13:20+00:00\",\"breadcrumb\":{\"@id\":\"https:\\\/\\\/risese.org\\\/our-mission\\\/#breadcrumb\"},\"inLanguage\":\"es\",\"potentialAction\":[{\"@type\":\"ReadAction\",\"target\":[\"https:\\\/\\\/risese.org\\\/our-mission\\\/\"]}]},{\"@type\":\"ImageObject\",\"inLanguage\":\"es\",\"@id\":\"https:\\\/\\\/risese.org\\\/our-mission\\\/#primaryimage\",\"url\":\"https:\\\/\\\/risese.org\\\/wp-content\\\/uploads\\\/2025\\\/05\\\/Rectangle-53-3.jpg\",\"contentUrl\":\"https:\\\/\\\/risese.org\\\/wp-content\\\/uploads\\\/2025\\\/05\\\/Rectangle-53-3.jpg\"},{\"@type\":\"BreadcrumbList\",\"@id\":\"https:\\\/\\\/risese.org\\\/our-mission\\\/#breadcrumb\",\"itemListElement\":[{\"@type\":\"ListItem\",\"position\":1,\"name\":\"Home\",\"item\":\"https:\\\/\\\/risese.org\\\/\"},{\"@type\":\"ListItem\",\"position\":2,\"name\":\"Our Mission\"}]},{\"@type\":\"WebSite\",\"@id\":\"https:\\\/\\\/risese.org\\\/#website\",\"url\":\"https:\\\/\\\/risese.org\\\/\",\"name\":\"RISE Charter School\",\"description\":\"Free Charter School in SE Raleigh\",\"potentialAction\":[{\"@type\":\"SearchAction\",\"target\":{\"@type\":\"EntryPoint\",\"urlTemplate\":\"https:\\\/\\\/risese.org\\\/?s={search_term_string}\"},\"query-input\":{\"@type\":\"PropertyValueSpecification\",\"valueRequired\":true,\"valueName\":\"search_term_string\"}}],\"inLanguage\":\"es\"}]}<\/script>\n<!-- \/ Yoast SEO plugin. -->","yoast_head_json":{"title":"Nuestra misi\u00f3n - RISE Charter School","robots":{"index":"index","follow":"follow","max-snippet":"max-snippet:-1","max-image-preview":"max-image-preview:large","max-video-preview":"max-video-preview:-1"},"canonical":"https:\/\/risese.org\/es\/our-mission\/","og_locale":"es_ES","og_type":"article","og_title":"Our Mission - RISE Charter School","og_description":"Our Mission We empower all of our scholars to thrive academically, strengthen their community, and discover their voice. About Us At RISE Charter School, we are a community bound by the belief in the limitless potential of every child. From the moment a scholar walks through our doors, they are met with high expectations, unwavering&hellip;","og_url":"https:\/\/risese.org\/es\/our-mission\/","og_site_name":"RISE Charter School","article_modified_time":"2025-05-02T20:13:20+00:00","og_image":[{"url":"https:\/\/risese.org\/wp-content\/uploads\/2025\/05\/Rectangle-53-3.jpg","type":"","width":"","height":""}],"twitter_card":"summary_large_image","schema":{"@context":"https:\/\/schema.org","@graph":[{"@type":"WebPage","@id":"https:\/\/risese.org\/our-mission\/","url":"https:\/\/risese.org\/our-mission\/","name":"Nuestra misi\u00f3n - RISE Charter School","isPartOf":{"@id":"https:\/\/risese.org\/#website"},"primaryImageOfPage":{"@id":"https:\/\/risese.org\/our-mission\/#primaryimage"},"image":{"@id":"https:\/\/risese.org\/our-mission\/#primaryimage"},"thumbnailUrl":"https:\/\/risese.org\/wp-content\/uploads\/2025\/05\/Rectangle-53-3.jpg","datePublished":"2025-05-02T16:32:15+00:00","dateModified":"2025-05-02T20:13:20+00:00","breadcrumb":{"@id":"https:\/\/risese.org\/our-mission\/#breadcrumb"},"inLanguage":"es","potentialAction":[{"@type":"ReadAction","target":["https:\/\/risese.org\/our-mission\/"]}]},{"@type":"ImageObject","inLanguage":"es","@id":"https:\/\/risese.org\/our-mission\/#primaryimage","url":"https:\/\/risese.org\/wp-content\/uploads\/2025\/05\/Rectangle-53-3.jpg","contentUrl":"https:\/\/risese.org\/wp-content\/uploads\/2025\/05\/Rectangle-53-3.jpg"},{"@type":"BreadcrumbList","@id":"https:\/\/risese.org\/our-mission\/#breadcrumb","itemListElement":[{"@type":"ListItem","position":1,"name":"Home","item":"https:\/\/risese.org\/"},{"@type":"ListItem","position":2,"name":"Our Mission"}]},{"@type":"WebSite","@id":"https:\/\/risese.org\/#website","url":"https:\/\/risese.org\/","name":"Escuela concertada RISE","description":"Escuela concertada gratuita en el SE de Raleigh","potentialAction":[{"@type":"SearchAction","target":{"@type":"EntryPoint","urlTemplate":"https:\/\/risese.org\/?s={search_term_string}"},"query-input":{"@type":"PropertyValueSpecification","valueRequired":true,"valueName":"search_term_string"}}],"inLanguage":"es"}]}},"_links":{"self":[{"href":"https:\/\/risese.org\/es\/wp-json\/wp\/v2\/pages\/5881","targetHints":{"allow":["GET"]}}],"collection":[{"href":"https:\/\/risese.org\/es\/wp-json\/wp\/v2\/pages"}],"about":[{"href":"https:\/\/risese.org\/es\/wp-json\/wp\/v2\/types\/page"}],"author":[{"embeddable":true,"href":"https:\/\/risese.org\/es\/wp-json\/wp\/v2\/users\/3"}],"replies":[{"embeddable":true,"href":"https:\/\/risese.org\/es\/wp-json\/wp\/v2\/comments?post=5881"}],"version-history":[{"count":0,"href":"https:\/\/risese.org\/es\/wp-json\/wp\/v2\/pages\/5881\/revisions"}],"wp:attachment":[{"href":"https:\/\/risese.org\/es\/wp-json\/wp\/v2\/media?parent=5881"}],"curies":[{"name":"wp","href":"https:\/\/api.w.org\/{rel}","templated":true}]}}