{"id":5864,"date":"2025-04-26T01:27:11","date_gmt":"2025-04-26T01:27:11","guid":{"rendered":"https:\/\/risese1.wpenginepowered.com\/?page_id=5864"},"modified":"2025-07-24T20:50:32","modified_gmt":"2025-07-24T20:50:32","slug":"academics","status":"publish","type":"page","link":"https:\/\/risese.org\/es\/academics\/","title":{"rendered":"Formaci\u00f3n acad\u00e9mica"},"content":{"rendered":"<h1>\n\t\t\tEl mundo acad\u00e9mico: Donde prosperan los estudiantes\t<\/h1>\n\t<p>Creemos que todos los ni\u00f1os merecen una educaci\u00f3n rigurosa e inspiradora.<\/p>\n<h2>\n\t\t\tSigue creciendo con los paquetes did\u00e1cticos de verano\t<\/h2>\n\t<p>El aprendizaje no se detiene cuando termina el a\u00f1o escolar. Nuestros paquetes de verano est\u00e1n dise\u00f1ados para ayudar a los estudiantes a seguir aprendiendo y prepararse para el pr\u00f3ximo a\u00f1o escolar.<\/p>\n\t\u2713 Reforzar las habilidades clave del curso escolar.<br \/>\n\u2713 Prevenir la p\u00e9rdida de aprendizaje en verano<br \/>\nConstruir confianza para el a\u00f1o que viene\n\tMantengamos a nuestros alumnos curiosos, seguros de s\u00ed mismos y listos para ELEVARSE.<br \/>\n<strong>Descargue su paquete a continuaci\u00f3n.<\/strong>\n\t\t\t<a href=\"https:\/\/risese.org\/wp-content\/uploads\/2025\/07\/Rising-Kindergarten-Summer-Packet.pdf\" download target=\"_blank\" rel=\"noopener\">\n\t\t\t\t\t\t\tJard\u00edn de infancia\n\t\t\t\t\t<\/a>\n\t\t\t<a href=\"https:\/\/risese.org\/wp-content\/uploads\/2025\/07\/Rising-1st-Grade-Summer-Packet.pdf\" download target=\"_blank\" rel=\"noopener\">\n\t\t\t\t\t\t\tAlumno de primer curso\n\t\t\t\t\t<\/a>\n\t\t\t<a href=\"https:\/\/risese.org\/wp-content\/uploads\/2025\/07\/Rising-2nd-Grade-Summer-Packet-1.pdf\" download target=\"_blank\" rel=\"noopener\">\n\t\t\t\t\t\t\tAlumno de 2\u00ba curso\n\t\t\t\t\t<\/a>\n\t\t\t<a href=\"https:\/\/risese.org\/wp-content\/uploads\/2025\/07\/Rising-3rd-grade-packet_Summer.pdf\" download target=\"_blank\" rel=\"noopener\">\n\t\t\t\t\t\t\tAlumno de tercer curso\n\t\t\t\t\t<\/a>\n\t\t\t<a href=\"https:\/\/risese.org\/wp-content\/uploads\/2025\/07\/Rising-4th-grade-packet_Summer.pdf\" download target=\"_blank\" rel=\"noopener\">\n\t\t\t\t\t\t\tAlumno de 4\u00ba curso\n\t\t\t\t\t<\/a>\n\t\t\t<a href=\"https:\/\/risese.org\/wp-content\/uploads\/2025\/07\/Rising-5th-grade-packet_Summer.pdf\" download target=\"_blank\" rel=\"noopener\">\n\t\t\t\t\t\t\tAlumno de 5\u00ba curso\n\t\t\t\t\t<\/a>\n\t\t\t<a href=\"https:\/\/risese.org\/wp-content\/uploads\/2025\/07\/Rising-6th-grade-packet_Summer.pdf\" download target=\"_blank\" rel=\"noopener\">\n\t\t\t\t\t\t\tAlumno de 6\u00ba curso\n\t\t\t\t\t<\/a>\n<h2>\n\t\t\tUn enfoque hol\u00edstico del aprendizaje\t<\/h2>\n\t<p>Nos centramos en tres pilares fundamentales para garantizar que cada alumno est\u00e9 preparado para el \u00e9xito en la escuela y m\u00e1s all\u00e1.<\/p>\n\t\t\t\t<img decoding=\"async\" src=\"https:\/\/risese.org\/wp-content\/uploads\/2025\/04\/Rectangle-53-1.png\" alt=\"Rectangle 53 (1)\" itemprop=\"image\" title=\"Rect\u00e1ngulo 53 (1)\" onerror=\"this.style.display='none'\" loading='lazy' \/>\n\t\t\t\t<img decoding=\"async\" src=\"https:\/\/risese.org\/wp-content\/uploads\/2025\/02\/logic-icon.png\" alt=\"logic icon\" itemprop=\"image\" height=\"104\" width=\"93\" title=\"icono l\u00f3gico\" onerror=\"this.style.display='none'\" loading='lazy' \/>\n<h3>\n\t\t\tExcelencia Acad\u00e9mica\t<\/h3>\n\t<p>Un plan de estudios estructurado y respaldado por la investigaci\u00f3n que reta a los alumnos a pensar de forma cr\u00edtica y a dominar conceptos complejos.<\/p>\n\t\t\t\t<img decoding=\"async\" src=\"https:\/\/risese.org\/wp-content\/uploads\/2025\/02\/handshake-icon.png\" alt=\"handshake icon\" itemprop=\"image\" height=\"101\" width=\"104\" title=\"icono de apret\u00f3n de manos\" onerror=\"this.style.display='none'\" loading='lazy' \/>\n<h3>\n\t\t\tDesarrollo del personaje\t<\/h3>\n\t<p>Valores fundamentales como la resiliencia, la integridad, la erudici\u00f3n y la excelencia se integran en el aprendizaje diario, ayudando a los alumnos a desarrollar s\u00f3lidas aptitudes de liderazgo y toma de decisiones.<\/p>\n\t\t\t\t<img decoding=\"async\" src=\"https:\/\/risese.org\/wp-content\/uploads\/2025\/02\/search-user-icon.png\" alt=\"search-user icon\" itemprop=\"image\" height=\"98\" width=\"98\" title=\"icono de b\u00fasqueda de usuario\" onerror=\"this.style.display='none'\" loading='lazy' \/>\n<h3>\n\t\t\tParticipaci\u00f3n comunitaria\t<\/h3>\n\t<p>Los becarios aplican su aprendizaje a experiencias del mundo real a trav\u00e9s de proyectos de servicio, excursiones y programas de enriquecimiento.<\/p>\n<h2>\n\t\t\tQu\u00e9 pueden esperar los padres\t<\/h2>\n\t<p>Elegir el colegio adecuado para su hijo es una decisi\u00f3n importante.<\/p>\n<h3>\n\t\t\tEscuela primaria (K-5)\t<\/h3>\n\t<p>En los primeros a\u00f1os, nos centramos en sentar unas bases acad\u00e9micas s\u00f3lidas a la vez que fomentamos el amor por el aprendizaje.<\/p>\n<strong> \u00a0 Ense\u00f1anza estructurada de lectoescritura y matem\u00e1ticas<\/strong><br \/>\nUtilizamos el plan de estudios OpenUp EL para lengua y literatura inglesas y Eureka Math Squared para garantizar que los alumnos desarrollen habilidades cr\u00edticas de lectura, escritura y resoluci\u00f3n de problemas.\n<strong> \u00a0 Enriquecimiento diario y creatividad<\/strong><br \/>\nLos becarios participan en actividades art\u00edsticas, musicales y de educaci\u00f3n f\u00edsica para fomentar la autoexpresi\u00f3n y el bienestar.\n<strong> \u00a0 \u00a0Crecimiento socioemocional<\/strong><br \/>\nLas reuniones matinales y las lecciones de car\u00e1cter ayudan a fomentar la confianza, la empat\u00eda y la resiliencia.\n<strong> \u00a0 Rutinas de aprendizaje s\u00f3lidas<\/strong><br \/>\nLos becarios realizan lecturas y deberes nocturnos para reforzar lo aprendido en clase y desarrollar h\u00e1bitos de estudio s\u00f3lidos.\n<strong>\u00a0 Paquete de preparaci\u00f3n para el jard\u00edn de infancia<\/strong><br \/>\n<a href=\"https:\/\/risese.org\/wp-content\/uploads\/2025\/07\/RISE-Parent-Academy_-Kindergarten-Readiness.pdf\" target=\"_blank\" rel=\"noopener\">Este paquete<\/a> proporciona pasos para ayudar a los ni\u00f1os a desarrollar habilidades acad\u00e9micas, sociales y de autocuidado esenciales durante el verano. Incluye rutinas \u00fatiles, actividades de preparaci\u00f3n y detalles sobre el programa Early Start para garantizar un comienzo seguro y alegre en el jard\u00edn de infancia.\n<h3>\n\t\t\tSecundaria (6-8)\t<\/h3>\n\tA medida que los alumnos crecen, les desafiamos con m\u00e1s independencia, un aprendizaje m\u00e1s profundo y oportunidades de liderazgo.<br \/>\n&nbsp;<br \/>\n<strong>\u00a0 Estudios avanzados<\/strong><br \/>\nLos becarios siguen un horario departamental con clases centradas en asignaturas para prepararse para la escuela secundaria.<br \/>\n&nbsp;<br \/>\n<strong>\u00a0 Elecci\u00f3n y exploraci\u00f3n<\/strong><br \/>\nLas asignaturas optativas, los grupos de asesoramiento y las oportunidades de exploraci\u00f3n profesional permiten a los alumnos descubrir sus pasiones.<br \/>\n&nbsp;<br \/>\n<strong>\u00a0 Liderazgo y servicio<\/strong><br \/>\nLos becarios participan en asambleas de car\u00e1cter, proyectos de servicio y gobierno estudiantil para desarrollar habilidades de liderazgo en el mundo real.<br \/>\n&nbsp;<br \/>\n<strong>\u00a0 Responsabilidad y h\u00e1bitos de estudio<\/strong><br \/>\nLa lectura nocturna, los deberes y el apoyo estructurado garantizan que los alumnos se mantengan en la senda del \u00e9xito a largo plazo.\n<h2>\n\t\t\tUn entorno de aprendizaje creado para el \u00e9xito\t<\/h2>\n\t<p>Sabemos que unos profesores excelentes, unas relaciones s\u00f3lidas y unas aulas atractivas marcan la diferencia en la educaci\u00f3n de un ni\u00f1o.<\/p>\n<h3>\n\t\t\tCLASES DE TAMA\u00d1O REDUCIDO\t<\/h3>\n\t<p>Los becarios reciben atenci\u00f3n individualizada, con clases de 16 a 24 alumnos en primaria y de 20 a 26 alumnos en secundaria.<\/p>\n<h3>\n\t\t\tPROFESORES EXCEPCIONALES\t<\/h3>\n\t<p>Nuestros educadores establecen s\u00f3lidas relaciones con las familias, se comunican regularmente y fomentan el amor por la lectura y el aprendizaje en cada alumno.<\/p>\n<h3>\n\t\t\tLA TECNOLOG\u00cdA COMO HERRAMIENTA\t<\/h3>\n\t<p>Los alumnos tienen acceso a Google Classroom y a dispositivos proporcionados por la escuela, pero los tel\u00e9fonos m\u00f3viles est\u00e1n restringidos durante el horario escolar para mantener la atenci\u00f3n en el aprendizaje.<\/p>\n<h3>\n\t\t\tMANOS A LA OBRA <br \/>APRENDIZAJE ATRACTIVO\t<\/h3>\n\t<p>Los profesores utilizan estaciones, proyectos colaborativos y debates interactivos para dar vida al aprendizaje.<\/p>\n<h2>\n\t\t\tDescubra qu\u00e9 hace \u00fanico a RISE\t<\/h2>\n\t<p>Desde nuestra educaci\u00f3n basada en valores hasta el s\u00f3lido apoyo de la comunidad, nos aseguramos de que cada alumno est\u00e9 preparado para el \u00e9xito. Quieres saber m\u00e1s sobre lo que hace especial a RISE?<\/p>\n\t\t\t<a href=\"https:\/\/risese.org\/es\/why-rise\/\" target=\"_self\">\n\t\t\t\t\t\t\tM\u00e1s informaci\u00f3n\n\t\t\t\t\t<\/a>\n<h2>\n\t\t\tPreparar a los becarios para un futuro brillante\t<\/h2>\n\t<p>Desde las aulas con nombre de universidad en la escuela primaria hasta la exploraci\u00f3n de carreras en la escuela secundaria, nos aseguramos de que los alumnos vean el \u00e9xito en la escuela secundaria, la universidad y la carrera profesional como posibilidades reales.<\/p>\n<p>Retamos a los alumnos a que se fijen grandes objetivos, trabajen duro y se responsabilicen de su aprendizaje. Nos centramos en fomentar la confianza, las habilidades y la mentalidad necesarias para prosperar en la escuela, en sus comunidades y en la vida.<\/p>","protected":false},"excerpt":{"rendered":"<p>Estudios: Creemos que todos los ni\u00f1os merecen una educaci\u00f3n rigurosa e inspiradora. El aprendizaje no se detiene cuando termina el a\u00f1o escolar. Nuestros paquetes de verano est\u00e1n dise\u00f1ados para ayudar a los alumnos a seguir aprendiendo y prepararse para el pr\u00f3ximo a\u00f1o escolar. Refuerza las habilidades clave del...<\/p>","protected":false},"author":3,"featured_media":0,"parent":0,"menu_order":0,"comment_status":"closed","ping_status":"closed","template":"","meta":{"footnotes":""},"class_list":["post-5864","page","type-page","status-publish","hentry"],"yoast_head":"<!-- This site is optimized with the Yoast SEO plugin v27.4 - https:\/\/yoast.com\/product\/yoast-seo-wordpress\/ -->\n<title>School Academics - RISE Charter School<\/title>\n<meta name=\"robots\" content=\"index, follow, max-snippet:-1, max-image-preview:large, max-video-preview:-1\" \/>\n<link rel=\"canonical\" href=\"https:\/\/risese.org\/es\/academics\/\" \/>\n<meta property=\"og:locale\" content=\"es_ES\" \/>\n<meta property=\"og:type\" content=\"article\" \/>\n<meta property=\"og:title\" content=\"School Academics - RISE Charter School\" \/>\n<meta property=\"og:description\" content=\"Academics: Where Scholars Thrive We believe every child deserves a rigorous and inspiring education. Keep Growing with Summer Learning Packets Learning doesn&#8217;t stop when the school year ends. Our summer packets are designed to help scholars continue to learn and prepare to RISE in the next school year. \u2713 Reinforce key skills from the school&hellip;\" \/>\n<meta property=\"og:url\" content=\"https:\/\/risese.org\/es\/academics\/\" \/>\n<meta property=\"og:site_name\" content=\"RISE Charter School\" \/>\n<meta property=\"article:modified_time\" content=\"2025-07-24T20:50:32+00:00\" \/>\n<meta property=\"og:image\" content=\"http:\/\/risese.org\/wp-content\/uploads\/2025\/04\/Rectangle-53-1.png\" \/>\n<meta name=\"twitter:card\" content=\"summary_large_image\" \/>\n<meta name=\"twitter:label1\" content=\"Tiempo de lectura\" \/>\n\t<meta name=\"twitter:data1\" content=\"4 minutos\" \/>\n<script type=\"application\/ld+json\" class=\"yoast-schema-graph\">{\"@context\":\"https:\\\/\\\/schema.org\",\"@graph\":[{\"@type\":\"WebPage\",\"@id\":\"https:\\\/\\\/risese.org\\\/academics\\\/\",\"url\":\"https:\\\/\\\/risese.org\\\/academics\\\/\",\"name\":\"School Academics - RISE Charter School\",\"isPartOf\":{\"@id\":\"https:\\\/\\\/risese.org\\\/#website\"},\"primaryImageOfPage\":{\"@id\":\"https:\\\/\\\/risese.org\\\/academics\\\/#primaryimage\"},\"image\":{\"@id\":\"https:\\\/\\\/risese.org\\\/academics\\\/#primaryimage\"},\"thumbnailUrl\":\"https:\\\/\\\/risese.org\\\/wp-content\\\/uploads\\\/2025\\\/04\\\/Rectangle-53-1.png\",\"datePublished\":\"2025-04-26T01:27:11+00:00\",\"dateModified\":\"2025-07-24T20:50:32+00:00\",\"breadcrumb\":{\"@id\":\"https:\\\/\\\/risese.org\\\/academics\\\/#breadcrumb\"},\"inLanguage\":\"es\",\"potentialAction\":[{\"@type\":\"ReadAction\",\"target\":[\"https:\\\/\\\/risese.org\\\/academics\\\/\"]}]},{\"@type\":\"ImageObject\",\"inLanguage\":\"es\",\"@id\":\"https:\\\/\\\/risese.org\\\/academics\\\/#primaryimage\",\"url\":\"https:\\\/\\\/risese.org\\\/wp-content\\\/uploads\\\/2025\\\/04\\\/Rectangle-53-1.png\",\"contentUrl\":\"https:\\\/\\\/risese.org\\\/wp-content\\\/uploads\\\/2025\\\/04\\\/Rectangle-53-1.png\"},{\"@type\":\"BreadcrumbList\",\"@id\":\"https:\\\/\\\/risese.org\\\/academics\\\/#breadcrumb\",\"itemListElement\":[{\"@type\":\"ListItem\",\"position\":1,\"name\":\"Home\",\"item\":\"https:\\\/\\\/risese.org\\\/\"},{\"@type\":\"ListItem\",\"position\":2,\"name\":\"School Academics\"}]},{\"@type\":\"WebSite\",\"@id\":\"https:\\\/\\\/risese.org\\\/#website\",\"url\":\"https:\\\/\\\/risese.org\\\/\",\"name\":\"RISE Charter School\",\"description\":\"Free Charter School in SE Raleigh\",\"potentialAction\":[{\"@type\":\"SearchAction\",\"target\":{\"@type\":\"EntryPoint\",\"urlTemplate\":\"https:\\\/\\\/risese.org\\\/?s={search_term_string}\"},\"query-input\":{\"@type\":\"PropertyValueSpecification\",\"valueRequired\":true,\"valueName\":\"search_term_string\"}}],\"inLanguage\":\"es\"}]}<\/script>\n<!-- \/ Yoast SEO plugin. -->","yoast_head_json":{"title":"Formaci\u00f3n acad\u00e9mica - RISE Charter School","robots":{"index":"index","follow":"follow","max-snippet":"max-snippet:-1","max-image-preview":"max-image-preview:large","max-video-preview":"max-video-preview:-1"},"canonical":"https:\/\/risese.org\/es\/academics\/","og_locale":"es_ES","og_type":"article","og_title":"School Academics - RISE Charter School","og_description":"Academics: Where Scholars Thrive We believe every child deserves a rigorous and inspiring education. Keep Growing with Summer Learning Packets Learning doesn&#8217;t stop when the school year ends. Our summer packets are designed to help scholars continue to learn and prepare to RISE in the next school year. \u2713 Reinforce key skills from the school&hellip;","og_url":"https:\/\/risese.org\/es\/academics\/","og_site_name":"RISE Charter School","article_modified_time":"2025-07-24T20:50:32+00:00","og_image":[{"url":"http:\/\/risese.org\/wp-content\/uploads\/2025\/04\/Rectangle-53-1.png","type":"","width":"","height":""}],"twitter_card":"summary_large_image","twitter_misc":{"Tiempo de lectura":"4 minutos"},"schema":{"@context":"https:\/\/schema.org","@graph":[{"@type":"WebPage","@id":"https:\/\/risese.org\/academics\/","url":"https:\/\/risese.org\/academics\/","name":"Formaci\u00f3n acad\u00e9mica - RISE Charter School","isPartOf":{"@id":"https:\/\/risese.org\/#website"},"primaryImageOfPage":{"@id":"https:\/\/risese.org\/academics\/#primaryimage"},"image":{"@id":"https:\/\/risese.org\/academics\/#primaryimage"},"thumbnailUrl":"https:\/\/risese.org\/wp-content\/uploads\/2025\/04\/Rectangle-53-1.png","datePublished":"2025-04-26T01:27:11+00:00","dateModified":"2025-07-24T20:50:32+00:00","breadcrumb":{"@id":"https:\/\/risese.org\/academics\/#breadcrumb"},"inLanguage":"es","potentialAction":[{"@type":"ReadAction","target":["https:\/\/risese.org\/academics\/"]}]},{"@type":"ImageObject","inLanguage":"es","@id":"https:\/\/risese.org\/academics\/#primaryimage","url":"https:\/\/risese.org\/wp-content\/uploads\/2025\/04\/Rectangle-53-1.png","contentUrl":"https:\/\/risese.org\/wp-content\/uploads\/2025\/04\/Rectangle-53-1.png"},{"@type":"BreadcrumbList","@id":"https:\/\/risese.org\/academics\/#breadcrumb","itemListElement":[{"@type":"ListItem","position":1,"name":"Home","item":"https:\/\/risese.org\/"},{"@type":"ListItem","position":2,"name":"School Academics"}]},{"@type":"WebSite","@id":"https:\/\/risese.org\/#website","url":"https:\/\/risese.org\/","name":"Escuela concertada RISE","description":"Escuela concertada gratuita en el SE de Raleigh","potentialAction":[{"@type":"SearchAction","target":{"@type":"EntryPoint","urlTemplate":"https:\/\/risese.org\/?s={search_term_string}"},"query-input":{"@type":"PropertyValueSpecification","valueRequired":true,"valueName":"search_term_string"}}],"inLanguage":"es"}]}},"_links":{"self":[{"href":"https:\/\/risese.org\/es\/wp-json\/wp\/v2\/pages\/5864","targetHints":{"allow":["GET"]}}],"collection":[{"href":"https:\/\/risese.org\/es\/wp-json\/wp\/v2\/pages"}],"about":[{"href":"https:\/\/risese.org\/es\/wp-json\/wp\/v2\/types\/page"}],"author":[{"embeddable":true,"href":"https:\/\/risese.org\/es\/wp-json\/wp\/v2\/users\/3"}],"replies":[{"embeddable":true,"href":"https:\/\/risese.org\/es\/wp-json\/wp\/v2\/comments?post=5864"}],"version-history":[{"count":0,"href":"https:\/\/risese.org\/es\/wp-json\/wp\/v2\/pages\/5864\/revisions"}],"wp:attachment":[{"href":"https:\/\/risese.org\/es\/wp-json\/wp\/v2\/media?parent=5864"}],"curies":[{"name":"wp","href":"https:\/\/api.w.org\/{rel}","templated":true}]}}