{"id":5854,"date":"2025-04-24T23:48:06","date_gmt":"2025-04-24T23:48:06","guid":{"rendered":"https:\/\/risese1.wpenginepowered.com\/?page_id=5854"},"modified":"2025-05-05T18:39:20","modified_gmt":"2025-05-05T18:39:20","slug":"athletics","status":"publish","type":"page","link":"https:\/\/risese.org\/es\/athletics\/","title":{"rendered":"Atletismo"},"content":{"rendered":"<h1>\n\t\tAtletismo RISE: Fomento del car\u00e1cter, el compromiso y los campeones\n\t<\/h1>\n\t<p>Nuestros alumnos-atletas desarrollan habilidades de resistencia, trabajo en equipo y liderazgo que les preparan para el \u00e9xito en la escuela, el deporte y la vida.<\/p>\n\t<p>Una tradici\u00f3n de excelencia<\/p>\n\t<p>La participaci\u00f3n deportiva en RISE es un privilegio, y se espera que nuestros atletas escolares mantengan los m\u00e1s altos est\u00e1ndares de deportividad, rendimiento acad\u00e9mico e integridad personal. Ya sea en la cancha, el campo o la pista, nuestros atletas representan a sus familias, compa\u00f1eros de equipo y escuela con orgullo.<\/p>\n<h2>\n\t\tQu\u00e9 esperar como atleta RISE\n\t<\/h2>\n<h3>\n\t\tAcad\u00e9mico <br \/>El \u00e9xito es lo primero\n\t<\/h3>\n\t<p>Nuestros atletas son ante todo estudiantes. Los entrenadores colaboran estrechamente con los profesores para garantizar que la excelencia acad\u00e9mica siga siendo una prioridad.<\/p>\n<h3>\n\t\tTrabajo en equipo y liderazgo\n\t<\/h3>\n\t<p>Todos los deportes fomentan la disciplina, el trabajo en equipo y las dotes de liderazgo que van m\u00e1s all\u00e1 del atletismo.<\/p>\n<h3>\n\t\tCompromiso y responsabilidad\n\t<\/h3>\n\t<p>A los atletas escolares se les exigen altas expectativas en cuanto a asistencia, esfuerzo y deportividad.<\/p>\n<h3>\n\t\tUn entorno seguro y propicio\n\t<\/h3>\n\t<p>Nuestros entrenadores y personal deportivo dan prioridad al bienestar f\u00edsico y emocional de cada atleta.<\/p>\n<h2>\n\t\tNuestros programas deportivos\n\t<\/h2>\n\t<p>Ofrecemos deportes de competici\u00f3n para chicos y chicas en tres temporadas<\/p>\n\t<p>Oto\u00f1o<\/p>\n\t<p>A partir del 21 de julio<\/p>\nAnimadoras<br \/>\nCampo a trav\u00e9s<br \/>\nF\u00fatbol masculino<br \/>\nVoleibol femenino\n\t<p>Invierno<\/p>\n\t<p>A partir del 27 de octubre<\/p>\nBaloncesto femenino<br \/>\nBaloncesto masculino<br \/>\nAnimadoras\n\t<p>Primavera<\/p>\n\t<p>A partir de marzo de 2026<\/p>\nAtletismo<br \/>\nF\u00fatbol femenino\n\t<p>Est\u00e9 atento para obtener m\u00e1s informaci\u00f3n sobre los horarios, lugares y requisitos de las pruebas.<\/p>\n<h2>\n\t\t\u00bfLe interesa formar parte de un equipo?\n\t<\/h2>\n<h3>\n\t\tDEPORTE F\u00cdSICO\n\t<\/h3>\n\t<p>Todos los estudiantes-atletas deben tener un examen f\u00edsico actualizado antes de asistir a cualquier entrenamiento o prueba. Si su estudiante ya tiene un examen f\u00edsico v\u00e1lido del a\u00f1o escolar anterior, s\u00f3lo necesitamos una copia para nuestros archivos. Si se requiere uno nuevo, recomendamos programarlo en julio o principios de agosto para asegurar la elegibilidad.<\/p>\n\t\t\t<a href=\"https:\/\/risese.org\/wp-content\/uploads\/2023\/10\/Physical-form-23-24.pdf\" target=\"_blank\" rel=\"noopener\">\n\t\t\t\t\t\t\tForma f\u00edsica deportiva\n\t\t\t\t\t<\/a>\n<h3>\n\t\tFORMULARIO DE CONMOCI\u00d3N CEREBRAL\n\t<\/h3>\n\t<p>Rellenar el formulario de conmoci\u00f3n cerebral a trav\u00e9s de DragonFly<\/p>\n\t\t\t<a href=\"https:\/\/max.dragonflyathletics.com\/maxweb\/max-cover\/landing?orgId=65008b7fe3df0a0371000006\" target=\"_blank\" rel=\"noopener\">\n\t\t\t\t\t\t\tFormulario de conmoci\u00f3n cerebral\n\t\t\t\t\t<\/a>\n<h3>\n\t\tMANUAL DEPORTIVO\n\t<\/h3>\n\t<p>Para m\u00e1s informaci\u00f3n, consulte el manual deportivo<\/p>\n\t\t\t<a href=\"https:\/\/docs.google.com\/document\/d\/19-rn_LWqNICDw-mdJ-qZOiAZFHvN3ia8tCwkXTecXwc\/edit?tab=t.0\" target=\"_blank\" rel=\"noopener\">\n\t\t\t\t\t\t\tManual de Atletismo\n\t\t\t\t\t<\/a>\n<h3>\n\t\t\u00bfTiene alguna pregunta?\n\t<\/h3>\n\t<p>P\u00f3ngase en contacto con nuestro departamento de atletismo<\/p>\n\t\t\t<a href=\"mailto:athletics@risese.org\" target=\"_blank\" rel=\"noopener\">\n\t\t\t\t\t\t\tContacto Atletismo\n\t\t\t\t\t<\/a>\n<h2>\n\t\tPadres &amp; <br \/>Apoyo comunitario\n\t<\/h2>\n\t<p>El atletismo en RISE prospera gracias a la colaboraci\u00f3n entre nuestros atletas escolares, entrenadores, familias y simpatizantes. Los padres desempe\u00f1an un papel vital fomentando el \u00e9xito acad\u00e9mico, asistiendo a los partidos y dando ejemplo de deportividad.<\/p>\n<h2>\n\t\tExcelencia dentro y fuera del campo\n\t<\/h2>\n\t<p>En RISE, el deporte y los estudios van de la mano. Nuestros atletas becados cumplen altos est\u00e1ndares acad\u00e9micos y destacan tanto en las aulas como en la competici\u00f3n. Descubre c\u00f3mo nuestro riguroso plan de estudios y nuestro entorno de apoyo les preparan para el \u00e9xito.<\/p>\n\t\t\t<a href=\"\" target=\"_blank\" rel=\"noopener\">\n\t\t\t\t\t\t\tExplora el mundo acad\u00e9mico en RISE\n\t\t\t\t\t<\/a>","protected":false},"excerpt":{"rendered":"<p>Atletismo RISE: Fomentando el car\u00e1cter, el compromiso y los campeones Nuestros atletas desarrollan habilidades de resiliencia, trabajo en equipo y liderazgo que los preparan para el \u00e9xito en la escuela, el deporte y la vida. Una tradici\u00f3n de excelencia La participaci\u00f3n deportiva en RISE es un privilegio, y se espera que nuestros atletas escolares mantengan los m\u00e1s altos est\u00e1ndares de deportividad, rendimiento acad\u00e9mico e integridad personal. Ya sea en...<\/p>","protected":false},"author":3,"featured_media":0,"parent":0,"menu_order":0,"comment_status":"closed","ping_status":"closed","template":"","meta":{"footnotes":""},"class_list":["post-5854","page","type-page","status-publish","hentry"],"yoast_head":"<!-- This site is optimized with the Yoast SEO plugin v27.4 - https:\/\/yoast.com\/product\/yoast-seo-wordpress\/ -->\n<title>Athletics - RISE Charter School<\/title>\n<meta name=\"robots\" content=\"index, follow, max-snippet:-1, max-image-preview:large, max-video-preview:-1\" \/>\n<link rel=\"canonical\" href=\"https:\/\/risese.org\/es\/athletics\/\" \/>\n<meta property=\"og:locale\" content=\"es_ES\" \/>\n<meta property=\"og:type\" content=\"article\" \/>\n<meta property=\"og:title\" content=\"Athletics - RISE Charter School\" \/>\n<meta property=\"og:description\" content=\"RISE Athletics: Building Character, Commitment, and Champions Our scholar-athletes develop resilience, teamwork, and leadership skills that prepare them for success in school, sports, and life. A Tradition of Excellence Athletic participation at RISE is a privilege, and our scholar-athletes are expected to uphold the highest standards of sportsmanship, academic performance, and personal integrity. Whether on&hellip;\" \/>\n<meta property=\"og:url\" content=\"https:\/\/risese.org\/es\/athletics\/\" \/>\n<meta property=\"og:site_name\" content=\"RISE Charter School\" \/>\n<meta property=\"article:modified_time\" content=\"2025-05-05T18:39:20+00:00\" \/>\n<meta name=\"twitter:card\" content=\"summary_large_image\" \/>\n<meta name=\"twitter:label1\" content=\"Tiempo de lectura\" \/>\n\t<meta name=\"twitter:data1\" content=\"2 minutos\" \/>\n<script type=\"application\/ld+json\" class=\"yoast-schema-graph\">{\"@context\":\"https:\\\/\\\/schema.org\",\"@graph\":[{\"@type\":\"WebPage\",\"@id\":\"https:\\\/\\\/risese.org\\\/athletics\\\/\",\"url\":\"https:\\\/\\\/risese.org\\\/athletics\\\/\",\"name\":\"Athletics - RISE Charter School\",\"isPartOf\":{\"@id\":\"https:\\\/\\\/risese.org\\\/#website\"},\"datePublished\":\"2025-04-24T23:48:06+00:00\",\"dateModified\":\"2025-05-05T18:39:20+00:00\",\"breadcrumb\":{\"@id\":\"https:\\\/\\\/risese.org\\\/athletics\\\/#breadcrumb\"},\"inLanguage\":\"es\",\"potentialAction\":[{\"@type\":\"ReadAction\",\"target\":[\"https:\\\/\\\/risese.org\\\/athletics\\\/\"]}]},{\"@type\":\"BreadcrumbList\",\"@id\":\"https:\\\/\\\/risese.org\\\/athletics\\\/#breadcrumb\",\"itemListElement\":[{\"@type\":\"ListItem\",\"position\":1,\"name\":\"Home\",\"item\":\"https:\\\/\\\/risese.org\\\/\"},{\"@type\":\"ListItem\",\"position\":2,\"name\":\"Athletics\"}]},{\"@type\":\"WebSite\",\"@id\":\"https:\\\/\\\/risese.org\\\/#website\",\"url\":\"https:\\\/\\\/risese.org\\\/\",\"name\":\"RISE Charter School\",\"description\":\"Free Charter School in SE Raleigh\",\"potentialAction\":[{\"@type\":\"SearchAction\",\"target\":{\"@type\":\"EntryPoint\",\"urlTemplate\":\"https:\\\/\\\/risese.org\\\/?s={search_term_string}\"},\"query-input\":{\"@type\":\"PropertyValueSpecification\",\"valueRequired\":true,\"valueName\":\"search_term_string\"}}],\"inLanguage\":\"es\"}]}<\/script>\n<!-- \/ Yoast SEO plugin. -->","yoast_head_json":{"title":"Atletismo - RISE Charter School","robots":{"index":"index","follow":"follow","max-snippet":"max-snippet:-1","max-image-preview":"max-image-preview:large","max-video-preview":"max-video-preview:-1"},"canonical":"https:\/\/risese.org\/es\/athletics\/","og_locale":"es_ES","og_type":"article","og_title":"Athletics - RISE Charter School","og_description":"RISE Athletics: Building Character, Commitment, and Champions Our scholar-athletes develop resilience, teamwork, and leadership skills that prepare them for success in school, sports, and life. A Tradition of Excellence Athletic participation at RISE is a privilege, and our scholar-athletes are expected to uphold the highest standards of sportsmanship, academic performance, and personal integrity. Whether on&hellip;","og_url":"https:\/\/risese.org\/es\/athletics\/","og_site_name":"RISE Charter School","article_modified_time":"2025-05-05T18:39:20+00:00","twitter_card":"summary_large_image","twitter_misc":{"Tiempo de lectura":"2 minutos"},"schema":{"@context":"https:\/\/schema.org","@graph":[{"@type":"WebPage","@id":"https:\/\/risese.org\/athletics\/","url":"https:\/\/risese.org\/athletics\/","name":"Atletismo - RISE Charter School","isPartOf":{"@id":"https:\/\/risese.org\/#website"},"datePublished":"2025-04-24T23:48:06+00:00","dateModified":"2025-05-05T18:39:20+00:00","breadcrumb":{"@id":"https:\/\/risese.org\/athletics\/#breadcrumb"},"inLanguage":"es","potentialAction":[{"@type":"ReadAction","target":["https:\/\/risese.org\/athletics\/"]}]},{"@type":"BreadcrumbList","@id":"https:\/\/risese.org\/athletics\/#breadcrumb","itemListElement":[{"@type":"ListItem","position":1,"name":"Home","item":"https:\/\/risese.org\/"},{"@type":"ListItem","position":2,"name":"Athletics"}]},{"@type":"WebSite","@id":"https:\/\/risese.org\/#website","url":"https:\/\/risese.org\/","name":"Escuela concertada RISE","description":"Escuela concertada gratuita en el SE de Raleigh","potentialAction":[{"@type":"SearchAction","target":{"@type":"EntryPoint","urlTemplate":"https:\/\/risese.org\/?s={search_term_string}"},"query-input":{"@type":"PropertyValueSpecification","valueRequired":true,"valueName":"search_term_string"}}],"inLanguage":"es"}]}},"_links":{"self":[{"href":"https:\/\/risese.org\/es\/wp-json\/wp\/v2\/pages\/5854","targetHints":{"allow":["GET"]}}],"collection":[{"href":"https:\/\/risese.org\/es\/wp-json\/wp\/v2\/pages"}],"about":[{"href":"https:\/\/risese.org\/es\/wp-json\/wp\/v2\/types\/page"}],"author":[{"embeddable":true,"href":"https:\/\/risese.org\/es\/wp-json\/wp\/v2\/users\/3"}],"replies":[{"embeddable":true,"href":"https:\/\/risese.org\/es\/wp-json\/wp\/v2\/comments?post=5854"}],"version-history":[{"count":0,"href":"https:\/\/risese.org\/es\/wp-json\/wp\/v2\/pages\/5854\/revisions"}],"wp:attachment":[{"href":"https:\/\/risese.org\/es\/wp-json\/wp\/v2\/media?parent=5854"}],"curies":[{"name":"wp","href":"https:\/\/api.w.org\/{rel}","templated":true}]}}