{"id":5835,"date":"2025-04-23T01:42:03","date_gmt":"2025-04-23T01:42:03","guid":{"rendered":"https:\/\/risese1.wpenginepowered.com\/?page_id=5835"},"modified":"2025-04-30T20:09:54","modified_gmt":"2025-04-30T20:09:54","slug":"why-rise","status":"publish","type":"page","link":"https:\/\/risese.org\/es\/why-rise\/","title":{"rendered":"Por qu\u00e9 subir"},"content":{"rendered":"<h1>\n\t\t\u00bfPOR QU\u00c9 LEVANTARSE?\n\t<\/h1>\n\t<p>Todos los ni\u00f1os merecen una educaci\u00f3n que libere su potencial.<\/p>\n\t\t\t<a href=\"\/es\/our-team\/\" target=\"_self\">\n\t\t\t\t\t\t\tConozca a nuestro equipo\n\t\t\t\t\t<\/a>\n<h2>\n\t\tUn compromiso con la excelencia\n\t<\/h2>\n\t<p>Estamos clasificados en el 1% superior de todas las escuelas p\u00fablicas en Carolina del Norte para el crecimiento acad\u00e9mico. Establecemos altas expectativas y proporcionamos un plan de estudios riguroso que permite a los estudiantes alcanzar los niveles m\u00e1s altos.<\/p>\n\t\t\t\t<img loading=\"lazy\" decoding=\"async\" src=\"https:\/\/risese.org\/wp-content\/uploads\/2025\/04\/IMG_8603-2-2.png\" alt=\"IMG_8603 (2) 2\" itemprop=\"image\" height=\"470\" width=\"737\" title=\"IMG_8603 (2) 2\" onerror=\"this.style.display='none'\"  \/>\n<h2>\n\t\tAprendizaje personalizado <br \/>Clases reducidas\n\t<\/h2>\n\t<p>El viaje de cada alumno es diferente, y nos encontramos con ellos donde est\u00e1n. Con clases peque\u00f1as (16-24 en K-5 y 20-28 en 6-8), nuestros profesores proporcionan apoyo individualizado e intervenciones espec\u00edficas para asegurar que cada alumno alcance su m\u00e1ximo potencial. Integramos el aprendizaje pr\u00e1ctico, m\u00e9todos de ense\u00f1anza innovadores y una mentalidad orientada al crecimiento que fomenta el conocimiento y la confianza.<\/p>\n\t\t\t\t<img loading=\"lazy\" decoding=\"async\" src=\"https:\/\/risese.org\/wp-content\/uploads\/2025\/04\/IMG_8603-2-3.png\" alt=\"IMG_8603 (2) 3\" itemprop=\"image\" height=\"601\" width=\"517\" title=\"IMG_8603 (2) 3\" onerror=\"this.style.display='none'\"  \/>\n<h2>\n\t\tUna comunidad fuerte y basada en valores\n\t<\/h2>\n\t<p>Hacemos hincapi\u00e9 en el desarrollo del car\u00e1cter, el liderazgo y el servicio, formando a los alumnos como ciudadanos responsables y comprometidos. Nuestros valores fundamentales<strong>-Resiliencia, Integridad, Erudici\u00f3n y Excelencia-.<\/strong>se entretejen en todo lo que hacemos. Desde las reuniones matinales hasta los proyectos de servicio a la comunidad, fomentamos una cultura en la que se anima a los becarios a superar los retos y tener un impacto significativo.<\/p>\n<h2>\n\t\tPreparaci\u00f3n para la universidad y la carrera profesional desde el primer d\u00eda\n\t<\/h2>\n\t<p>La preparaci\u00f3n para el futuro comienza temprano en RISE. Desde las aulas de primaria con nombre de universidad hasta la exploraci\u00f3n de carreras en la escuela media y los alumnos que obtienen prestigiosos premios como la beca Victor E. Bell Jr. creamos un entorno en el que cada alumno concibe la educaci\u00f3n superior y el \u00e9xito profesional como algo a su alcance.<\/p>\n<h2>\n\t\tM\u00e1s que una escuela: somos una comunidad\n\t<\/h2>\n\t<p>Somos m\u00e1s que un lugar de aprendizaje; somos una comunidad muy unida de alumnos, educadores y familias que trabajan juntos para crear oportunidades de \u00e9xito. Nuestros alumnos no solo aprenden, sino que prosperan, exploran, act\u00faan y lideran.<\/p>\n<h3>\n\t\tEliminar barreras para el \u00e9xito\n\t<\/h3>\n\t<p>A diferencia de las escuelas p\u00fablicas tradicionales, RISE financia de forma independiente servicios esenciales como el transporte, las comidas y los programas de enriquecimiento, garantizando que cada alumno tenga lo que necesita para prosperar.<\/p>\n<h2>\n\t\tRISE es una escuela concertada, pero \u00bfqu\u00e9 significa eso?\n\t<\/h2>\n\t<p>Somos una escuela p\u00fablica concertada gratuita, lo que significa que podemos innovar sin renunciar a un alto nivel acad\u00e9mico. Nuestra flexibilidad nos permite crear un entorno de aprendizaje que pone a los alumnos en primer lugar, ofreciendo un riguroso programa acad\u00e9mico, fuertes conexiones con la comunidad y el apoyo que cada ni\u00f1o necesita para tener \u00e9xito.<\/p>\n\t\t\t<a href=\"https:\/\/risese.org\/es\/what-is-a-charter-school\/\" target=\"_self\">\n\t\t\t\t\t\t\tM\u00e1s informaci\u00f3n\n\t\t\t\t\t<\/a>","protected":false},"excerpt":{"rendered":"<p>\u00bfPOR QU\u00c9 RISE? Cada ni\u00f1o merece una educaci\u00f3n que libere su potencial. Conozca a Nuestro Equipo Un Compromiso con la Excelencia Estamos clasificados en el 1% superior de todas las escuelas p\u00fablicas en Carolina del Norte para el crecimiento acad\u00e9mico. Establecemos altas expectativas y proporcionamos un plan de estudios riguroso que permite a los estudiantes alcanzar los niveles m\u00e1s altos. Aprendizaje personalizado...<\/p>","protected":false},"author":3,"featured_media":0,"parent":0,"menu_order":0,"comment_status":"closed","ping_status":"closed","template":"","meta":{"footnotes":""},"class_list":["post-5835","page","type-page","status-publish","hentry"],"yoast_head":"<!-- This site is optimized with the Yoast SEO plugin v27.3 - https:\/\/yoast.com\/product\/yoast-seo-wordpress\/ -->\n<title>Why Rise - RISE Charter School<\/title>\n<meta name=\"robots\" content=\"index, follow, max-snippet:-1, max-image-preview:large, max-video-preview:-1\" \/>\n<link rel=\"canonical\" href=\"https:\/\/risese.org\/es\/why-rise\/\" \/>\n<meta property=\"og:locale\" content=\"es_ES\" \/>\n<meta property=\"og:type\" content=\"article\" \/>\n<meta property=\"og:title\" content=\"Why Rise - RISE Charter School\" \/>\n<meta property=\"og:description\" content=\"WHY RISE? Every child deserves an education that unlocks their potential. Meet Our Team A Commitment to Excellence We are ranked in the top 1% of all public schools in North Carolina for academic growth. We set high expectations and provide a rigorous curriculum that empowers scholars to achieve at the highest levels. Personalized Learning&hellip;\" \/>\n<meta property=\"og:url\" content=\"https:\/\/risese.org\/es\/why-rise\/\" \/>\n<meta property=\"og:site_name\" content=\"RISE Charter School\" \/>\n<meta property=\"article:modified_time\" content=\"2025-04-30T20:09:54+00:00\" \/>\n<meta property=\"og:image\" content=\"https:\/\/risese.org\/wp-content\/uploads\/2025\/04\/IMG_8603-2-2.png\" \/>\n<meta name=\"twitter:card\" content=\"summary_large_image\" \/>\n<script type=\"application\/ld+json\" class=\"yoast-schema-graph\">{\"@context\":\"https:\\\/\\\/schema.org\",\"@graph\":[{\"@type\":\"WebPage\",\"@id\":\"https:\\\/\\\/risese.org\\\/why-rise\\\/\",\"url\":\"https:\\\/\\\/risese.org\\\/why-rise\\\/\",\"name\":\"Why Rise - RISE Charter School\",\"isPartOf\":{\"@id\":\"https:\\\/\\\/risese.org\\\/#website\"},\"primaryImageOfPage\":{\"@id\":\"https:\\\/\\\/risese.org\\\/why-rise\\\/#primaryimage\"},\"image\":{\"@id\":\"https:\\\/\\\/risese.org\\\/why-rise\\\/#primaryimage\"},\"thumbnailUrl\":\"https:\\\/\\\/risese.org\\\/wp-content\\\/uploads\\\/2025\\\/04\\\/IMG_8603-2-2.png\",\"datePublished\":\"2025-04-23T01:42:03+00:00\",\"dateModified\":\"2025-04-30T20:09:54+00:00\",\"breadcrumb\":{\"@id\":\"https:\\\/\\\/risese.org\\\/why-rise\\\/#breadcrumb\"},\"inLanguage\":\"es\",\"potentialAction\":[{\"@type\":\"ReadAction\",\"target\":[\"https:\\\/\\\/risese.org\\\/why-rise\\\/\"]}]},{\"@type\":\"ImageObject\",\"inLanguage\":\"es\",\"@id\":\"https:\\\/\\\/risese.org\\\/why-rise\\\/#primaryimage\",\"url\":\"https:\\\/\\\/risese.org\\\/wp-content\\\/uploads\\\/2025\\\/04\\\/IMG_8603-2-2.png\",\"contentUrl\":\"https:\\\/\\\/risese.org\\\/wp-content\\\/uploads\\\/2025\\\/04\\\/IMG_8603-2-2.png\"},{\"@type\":\"BreadcrumbList\",\"@id\":\"https:\\\/\\\/risese.org\\\/why-rise\\\/#breadcrumb\",\"itemListElement\":[{\"@type\":\"ListItem\",\"position\":1,\"name\":\"Home\",\"item\":\"https:\\\/\\\/risese.org\\\/\"},{\"@type\":\"ListItem\",\"position\":2,\"name\":\"Why Rise\"}]},{\"@type\":\"WebSite\",\"@id\":\"https:\\\/\\\/risese.org\\\/#website\",\"url\":\"https:\\\/\\\/risese.org\\\/\",\"name\":\"RISE Charter School\",\"description\":\"Free Charter School in SE Raleigh\",\"potentialAction\":[{\"@type\":\"SearchAction\",\"target\":{\"@type\":\"EntryPoint\",\"urlTemplate\":\"https:\\\/\\\/risese.org\\\/?s={search_term_string}\"},\"query-input\":{\"@type\":\"PropertyValueSpecification\",\"valueRequired\":true,\"valueName\":\"search_term_string\"}}],\"inLanguage\":\"es\"}]}<\/script>\n<!-- \/ Yoast SEO plugin. -->","yoast_head_json":{"title":"Por qu\u00e9 Rise - RISE Charter School","robots":{"index":"index","follow":"follow","max-snippet":"max-snippet:-1","max-image-preview":"max-image-preview:large","max-video-preview":"max-video-preview:-1"},"canonical":"https:\/\/risese.org\/es\/why-rise\/","og_locale":"es_ES","og_type":"article","og_title":"Why Rise - RISE Charter School","og_description":"WHY RISE? Every child deserves an education that unlocks their potential. Meet Our Team A Commitment to Excellence We are ranked in the top 1% of all public schools in North Carolina for academic growth. We set high expectations and provide a rigorous curriculum that empowers scholars to achieve at the highest levels. Personalized Learning&hellip;","og_url":"https:\/\/risese.org\/es\/why-rise\/","og_site_name":"RISE Charter School","article_modified_time":"2025-04-30T20:09:54+00:00","og_image":[{"url":"https:\/\/risese.org\/wp-content\/uploads\/2025\/04\/IMG_8603-2-2.png","type":"","width":"","height":""}],"twitter_card":"summary_large_image","schema":{"@context":"https:\/\/schema.org","@graph":[{"@type":"WebPage","@id":"https:\/\/risese.org\/why-rise\/","url":"https:\/\/risese.org\/why-rise\/","name":"Por qu\u00e9 Rise - RISE Charter School","isPartOf":{"@id":"https:\/\/risese.org\/#website"},"primaryImageOfPage":{"@id":"https:\/\/risese.org\/why-rise\/#primaryimage"},"image":{"@id":"https:\/\/risese.org\/why-rise\/#primaryimage"},"thumbnailUrl":"https:\/\/risese.org\/wp-content\/uploads\/2025\/04\/IMG_8603-2-2.png","datePublished":"2025-04-23T01:42:03+00:00","dateModified":"2025-04-30T20:09:54+00:00","breadcrumb":{"@id":"https:\/\/risese.org\/why-rise\/#breadcrumb"},"inLanguage":"es","potentialAction":[{"@type":"ReadAction","target":["https:\/\/risese.org\/why-rise\/"]}]},{"@type":"ImageObject","inLanguage":"es","@id":"https:\/\/risese.org\/why-rise\/#primaryimage","url":"https:\/\/risese.org\/wp-content\/uploads\/2025\/04\/IMG_8603-2-2.png","contentUrl":"https:\/\/risese.org\/wp-content\/uploads\/2025\/04\/IMG_8603-2-2.png"},{"@type":"BreadcrumbList","@id":"https:\/\/risese.org\/why-rise\/#breadcrumb","itemListElement":[{"@type":"ListItem","position":1,"name":"Home","item":"https:\/\/risese.org\/"},{"@type":"ListItem","position":2,"name":"Why Rise"}]},{"@type":"WebSite","@id":"https:\/\/risese.org\/#website","url":"https:\/\/risese.org\/","name":"Escuela concertada RISE","description":"Escuela concertada gratuita en el SE de Raleigh","potentialAction":[{"@type":"SearchAction","target":{"@type":"EntryPoint","urlTemplate":"https:\/\/risese.org\/?s={search_term_string}"},"query-input":{"@type":"PropertyValueSpecification","valueRequired":true,"valueName":"search_term_string"}}],"inLanguage":"es"}]}},"_links":{"self":[{"href":"https:\/\/risese.org\/es\/wp-json\/wp\/v2\/pages\/5835","targetHints":{"allow":["GET"]}}],"collection":[{"href":"https:\/\/risese.org\/es\/wp-json\/wp\/v2\/pages"}],"about":[{"href":"https:\/\/risese.org\/es\/wp-json\/wp\/v2\/types\/page"}],"author":[{"embeddable":true,"href":"https:\/\/risese.org\/es\/wp-json\/wp\/v2\/users\/3"}],"replies":[{"embeddable":true,"href":"https:\/\/risese.org\/es\/wp-json\/wp\/v2\/comments?post=5835"}],"version-history":[{"count":0,"href":"https:\/\/risese.org\/es\/wp-json\/wp\/v2\/pages\/5835\/revisions"}],"wp:attachment":[{"href":"https:\/\/risese.org\/es\/wp-json\/wp\/v2\/media?parent=5835"}],"curies":[{"name":"wp","href":"https:\/\/api.w.org\/{rel}","templated":true}]}}