{"id":5653,"date":"2025-02-19T06:36:32","date_gmt":"2025-02-19T06:36:32","guid":{"rendered":"https:\/\/risese1.wpenginepowered.com\/?page_id=5653"},"modified":"2025-07-08T19:03:19","modified_gmt":"2025-07-08T19:03:19","slug":"our-results","status":"publish","type":"page","link":"https:\/\/risese.org\/es\/our-results\/","title":{"rendered":"Nuestros resultados"},"content":{"rendered":"<p>NUESTROS RESULTADOS<\/p>\n<h1>\n\t\t\tElevar el list\u00f3n de la educaci\u00f3n\t<\/h1>\n\t<p>Nuestros alumnos prosperan acad\u00e9micamente y desarrollan un car\u00e1cter fuerte y un sentido de la responsabilidad, prepar\u00e1ndoles para tener \u00e9xito en la escuela y m\u00e1s all\u00e1.<\/p>\n<h2>\n\t\t\tNos comprometemos a ofrecer unos resultados educativos excepcionales a nuestros alumnos.\t<\/h2>\n\t<p>Nuestra dedicaci\u00f3n a la excelencia acad\u00e9mica, el desarrollo del car\u00e1cter y el aprendizaje personalizado ha dado unos resultados impresionantes, que reflejan el duro trabajo de nuestros alumnos, educadores y comunidad.<\/p>\n<h3>\n\t\t\tTop 1% en crecimiento de escuelas concertadas\t<\/h3>\n\t<p>Estamos entre los 1% mejores colegios concertados de Carolina del Norte en crecimiento acad\u00e9mico, lo que demuestra nuestra eficacia para elevar el rendimiento de los estudiantes.<\/p>\n<h3>\n\t\t\t#2 Performing Charter School en NC\t<\/h3>\n\t<p>Estamos demostrando que las altas expectativas y la dedicaci\u00f3n de los educadores conducen al \u00e9xito acad\u00e9mico.<\/p>\n<h3>\n\t\t\tBecarios que sobresalen en el instituto\t<\/h3>\n\t<p>Los graduados de RISE prosperan en los mejores institutos de Carolina del Norte, como Raleigh Charter High y Longleaf School of the Arts.<\/p>\n<h3>\n\t\t\tCrecimiento acad\u00e9mico acelerado\t<\/h3>\n\t<p>Dotamos a los alumnos del apoyo, el rigor y las altas expectativas que necesitan para cerrar brechas, superar puntos de referencia y sobresalir a un ritmo excepcional.<\/p>\n<h2>\n\t\t\tDesarrollo del car\u00e1cter y el liderazgo\t<\/h2>\n\t<p>Los becarios RISE participan activamente en proyectos de servicio a la comunidad, desarrollando habilidades de liderazgo y un sentido de responsabilidad social.<\/p>\n<p>Desde el atletismo a las artes, nuestros estudiantes destacan en diversas actividades extracurriculares, ganando elogios y el desarrollo de habilidades bien redondeadas.<\/p>\n<h2>\n\t\t\tBoletas de calificaciones escolares\t<\/h2>\n\t<p>Nuestros resultados son un testimonio del esfuerzo colectivo de nuestro personal dedicado, nuestros estudiantes motivados, nuestras familias solidarias y nuestros socios comunitarios comprometidos. Juntos, seguimos luchando por la excelencia, garantizando que cada alumno RISE est\u00e9 preparado para tener \u00e9xito y liderar en un mundo en constante cambio.<\/p>\n    <label for=\"mobileDropdown\"><strong>Filtrar por a\u00f1o acad\u00e9mico:<\/strong><\/label>\n    <select id=\"mobileDropdown\">\n        <option value=\"2023-2024\">2023-2024<\/option>\n        <option value=\"2022-2023\">2022-2023<\/option>\n        <option value=\"2021-2022\">2021-2022<\/option>\n        <option value=\"2020-2021\">2020-2021<\/option>\n        <option value=\"2019-2020\">2019-2020<\/option>\n        <option value=\"2018-2019\">2018-2019<\/option>\n        <option value=\"2017-2018\">2017-2018<\/option>\n        <option value=\"2016-2017\">2016-2017<\/option>\n    <\/select>\n<table>\n    <thead>\n        <tr>\n            <th>\n                A\u00f1o acad\u00e9mico\n                <!---->\n                <!--    -->\n                        <option value=\"2023-2024\">2023-2024<\/option>\n                        <option value=\"2022-2023\">2022-2023<\/option>\n                        <option value=\"2021-2022\">2021-2022<\/option>\n                        <option value=\"2020-2021\">2020-2021<\/option>\n                        <option value=\"2019-2020\">2019-2020<\/option>\n                        <option value=\"2018-2019\">2018-2019<\/option>\n                        <option value=\"2017-2018\">2017-2018<\/option>\n                        <option value=\"2016-2017\">2016-2017<\/option>\n                <!---->\n            <\/th>\n            <th>Informe escolar de Carolina del Norte<\/th>\n            <th>Letra Grado<\/th>\n            <th>Puntuaci\u00f3n<\/th>\n        <\/tr>\n    <\/thead>\n    <tbody>\n        <tr data-year=\"2023-2024\" onclick=\"window.open('https:\/\/ncreports.ondemand.sas.com\/src\/school?school=93J000&#038;year=2024&#038;residing_district=920LEA', '_blank')\">\n            <td data-label=\"Academic Year\">2023-2024<\/td>\n            <td data-label=\"NC School Report Card\">Boletines de notas escolares de Carolina del Norte<\/td>\n            <td data-label=\"Letter Grade\">C<\/td>\n            <td data-label=\"Performance Score\">60<\/td>\n        <\/tr>\n        <tr id=\"viewFutureYearRow\">\n            <td colspan=\"4\">\n        Ver los boletines de notas de a\u00f1os anteriores +\n            <\/td>\n        <\/tr>\n        <tr data-year=\"2022-2023\" onclick=\"window.open('https:\/\/ncreports.ondemand.sas.com\/src\/school?school=93J000&#038;year=2023&#038;residing_district=920LEA', '_blank')\">\n            <td data-label=\"Academic Year\">2022-2023<\/td>\n            <td data-label=\"NC School Report Card\">Boletines de notas escolares de Carolina del Norte<\/td>\n            <td data-label=\"Letter Grade\">F<\/td>\n            <td data-label=\"Performance Score\">39<\/td>\n        <\/tr>\n        <tr data-year=\"2021-2022\" onclick=\"window.open('https:\/\/ncreports.ondemand.sas.com\/src\/school?school=93J000&#038;year=2022&#038;residing_district=920LEA', '_blank')\">\n            <td data-label=\"Academic Year\">2021-2022<\/td>\n            <td data-label=\"NC School Report Card\">Boletines de notas escolares de Carolina del Norte<\/td>\n            <td data-label=\"Letter Grade\">F<\/td>\n            <td data-label=\"Performance Score\">39<\/td>\n        <\/tr>\n        <tr data-year=\"2020-2021\" onclick=\"window.open('https:\/\/ncreports.ondemand.sas.com\/src\/school?school=93J000&#038;year=2021&#038;lng=en&#038;residing_district=920LEA', '_blank')\">\n            <td data-label=\"Academic Year\">2020-2021<\/td>\n            <td data-label=\"NC School Report Card\">Boletines de notas escolares de Carolina del Norte<\/td>\n            <td data-label=\"Letter Grade\">Sin grado<\/td>\n            <td data-label=\"Performance Score\">Sin puntuaci\u00f3n<\/td>\n        <\/tr>\n        <tr data-year=\"2019-2020\" onclick=\"window.open('https:\/\/ncreports.ondemand.sas.com\/src\/school?school=93J000&#038;year=2020&#038;lng=en&#038;residing_district=920LEA', '_blank')\">\n            <td data-label=\"Academic Year\">2019-2020<\/td>\n            <td data-label=\"NC School Report Card\">Boletines de notas escolares de Carolina del Norte<\/td>\n            <td data-label=\"Letter Grade\">Sin grado<\/td>\n            <td data-label=\"Performance Score\">Sin puntuaci\u00f3n<\/td>\n        <\/tr>\n        <tr data-year=\"2018-2019\" onclick=\"window.open('https:\/\/ncreports.ondemand.sas.com\/src\/school?school=93J000&#038;year=2019&#038;lng=en&#038;residing_district=920LEA', '_blank')\">\n            <td data-label=\"Academic Year\">2018-2019<\/td>\n            <td data-label=\"NC School Report Card\">Boletines de notas escolares de Carolina del Norte<\/td>\n            <td data-label=\"Letter Grade\">D<\/td>\n            <td data-label=\"Performance Score\">49<\/td>\n        <\/tr>\n        <tr data-year=\"2017-2018\" onclick=\"window.open('https:\/\/ncreports.ondemand.sas.com\/src\/school?school=93J000&#038;year=2018&#038;lng=en&#038;residing_district=920LEA', '_blank')\">\n            <td data-label=\"Academic Year\">2017-2018<\/td>\n            <td data-label=\"NC School Report Card\">Boletines de notas escolares de Carolina del Norte<\/td>\n            <td data-label=\"Letter Grade\">D<\/td>\n            <td data-label=\"Performance Score\">52<\/td>\n        <\/tr>\n        <tr data-year=\"2016-2017\" onclick=\"window.open('https:\/\/ncreports.ondemand.sas.com\/src\/school?school=93J000&#038;year=2017&#038;lng=en&#038;residing_district=920LEA', '_blank')\">\n            <td data-label=\"Academic Year\">2016-2017<\/td>\n            <td data-label=\"NC School Report Card\">Boletines de notas escolares de Carolina del Norte<\/td>\n            <td data-label=\"Letter Grade\">Sin grado<\/td>\n            <td data-label=\"Performance Score\">0<\/td>\n        <\/tr>\n        \n    <\/tbody>\n<\/table>\n\t<p>Los boletines de notas escolares de Carolina del Norte son un recurso importante, ya que proporcionan informaci\u00f3n sobre datos a nivel escolar en una serie de \u00e1reas.<\/p>\n\t\t\t\t<img decoding=\"async\" src=\"https:\/\/risese.org\/wp-content\/uploads\/2025\/03\/Screenshot-2025-03-13-at-7.53.43\u202fAM-1.png\" alt=\"Screenshot 2025-03-13 at 7.53.43\u202fAM 1\" itemprop=\"image\" title=\"Captura de pantalla 2025-03-13 a las 7.53.43 AM 1\" onerror=\"this.style.display='none'\" loading='lazy' \/>\n<h2>\n\t\t\tLas \u00e1guilas vuelan alto\t<\/h2>\n\t<p>Olivia Williams est\u00e1 convirtiendo grandes sue\u00f1os en realidad. Durante su estancia en RISE Charter School, destac\u00f3 por su excelencia acad\u00e9mica, su talento musical y su liderazgo. En 7\u00ba curso obtuvo una de las mejores becas universitarias de Carolina del Norte, un logro extraordinario a una edad tan temprana. Ahora, orgullosa graduada de RISE, el viaje de Olivia es un testimonio de la ambici\u00f3n temprana y el poder de una escuela que establece altas expectativas.<\/p>\n\t\t\t<a href=\"\/es\/olivia-williams-a-scholars-journey-to-success\/%20\/\" target=\"_self\">\n\t\t\t\t\t\t\tM\u00e1s informaci\u00f3n\n\t\t\t\t\t<\/a>","protected":false},"excerpt":{"rendered":"<p>NUESTROS RESULTADOS Subiendo el list\u00f3n de la educaci\u00f3n Nuestros alumnos prosperan acad\u00e9micamente y desarrollan un car\u00e1cter fuerte y un sentido de la responsabilidad, prepar\u00e1ndoles para tener \u00e9xito en la escuela y m\u00e1s all\u00e1. Nos comprometemos a ofrecer a nuestros alumnos unos resultados educativos excepcionales. Nuestra dedicaci\u00f3n a la excelencia acad\u00e9mica, el desarrollo del car\u00e1cter, y el aprendizaje personalizado ha dado resultados impresionantes,...<\/p>","protected":false},"author":3,"featured_media":0,"parent":0,"menu_order":0,"comment_status":"closed","ping_status":"closed","template":"","meta":{"footnotes":""},"class_list":["post-5653","page","type-page","status-publish","hentry"],"yoast_head":"<!-- This site is optimized with the Yoast SEO plugin v27.4 - https:\/\/yoast.com\/product\/yoast-seo-wordpress\/ -->\n<title>Our Results - RISE Charter School<\/title>\n<meta name=\"robots\" content=\"index, follow, max-snippet:-1, max-image-preview:large, max-video-preview:-1\" \/>\n<link rel=\"canonical\" href=\"https:\/\/risese.org\/es\/our-results\/\" \/>\n<meta property=\"og:locale\" content=\"es_ES\" \/>\n<meta property=\"og:type\" content=\"article\" \/>\n<meta property=\"og:title\" content=\"Our Results - RISE Charter School\" \/>\n<meta property=\"og:description\" content=\"OUR RESULTS Raising the Bar\u2028in Education Our scholars thrive academically and develop strong character and a sense of responsibility, preparing them to succeed in school and beyond. We are committed to delivering exceptional educational outcomes for our scholars. Our dedication to academic excellence, character development, and personalized learning has yielded impressive results, reflecting the hard&hellip;\" \/>\n<meta property=\"og:url\" content=\"https:\/\/risese.org\/es\/our-results\/\" \/>\n<meta property=\"og:site_name\" content=\"RISE Charter School\" \/>\n<meta property=\"article:modified_time\" content=\"2025-07-08T19:03:19+00:00\" \/>\n<meta name=\"twitter:card\" content=\"summary_large_image\" \/>\n<script type=\"application\/ld+json\" class=\"yoast-schema-graph\">{\"@context\":\"https:\\\/\\\/schema.org\",\"@graph\":[{\"@type\":\"WebPage\",\"@id\":\"https:\\\/\\\/risese.org\\\/our-results\\\/\",\"url\":\"https:\\\/\\\/risese.org\\\/our-results\\\/\",\"name\":\"Our Results - RISE Charter School\",\"isPartOf\":{\"@id\":\"https:\\\/\\\/risese.org\\\/#website\"},\"datePublished\":\"2025-02-19T06:36:32+00:00\",\"dateModified\":\"2025-07-08T19:03:19+00:00\",\"breadcrumb\":{\"@id\":\"https:\\\/\\\/risese.org\\\/our-results\\\/#breadcrumb\"},\"inLanguage\":\"es\",\"potentialAction\":[{\"@type\":\"ReadAction\",\"target\":[\"https:\\\/\\\/risese.org\\\/our-results\\\/\"]}]},{\"@type\":\"BreadcrumbList\",\"@id\":\"https:\\\/\\\/risese.org\\\/our-results\\\/#breadcrumb\",\"itemListElement\":[{\"@type\":\"ListItem\",\"position\":1,\"name\":\"Home\",\"item\":\"https:\\\/\\\/risese.org\\\/\"},{\"@type\":\"ListItem\",\"position\":2,\"name\":\"Our Results\"}]},{\"@type\":\"WebSite\",\"@id\":\"https:\\\/\\\/risese.org\\\/#website\",\"url\":\"https:\\\/\\\/risese.org\\\/\",\"name\":\"RISE Charter School\",\"description\":\"Free Charter School in SE Raleigh\",\"potentialAction\":[{\"@type\":\"SearchAction\",\"target\":{\"@type\":\"EntryPoint\",\"urlTemplate\":\"https:\\\/\\\/risese.org\\\/?s={search_term_string}\"},\"query-input\":{\"@type\":\"PropertyValueSpecification\",\"valueRequired\":true,\"valueName\":\"search_term_string\"}}],\"inLanguage\":\"es\"}]}<\/script>\n<!-- \/ Yoast SEO plugin. -->","yoast_head_json":{"title":"Nuestros resultados - RISE Charter School","robots":{"index":"index","follow":"follow","max-snippet":"max-snippet:-1","max-image-preview":"max-image-preview:large","max-video-preview":"max-video-preview:-1"},"canonical":"https:\/\/risese.org\/es\/our-results\/","og_locale":"es_ES","og_type":"article","og_title":"Our Results - RISE Charter School","og_description":"OUR RESULTS Raising the Bar\u2028in Education Our scholars thrive academically and develop strong character and a sense of responsibility, preparing them to succeed in school and beyond. We are committed to delivering exceptional educational outcomes for our scholars. Our dedication to academic excellence, character development, and personalized learning has yielded impressive results, reflecting the hard&hellip;","og_url":"https:\/\/risese.org\/es\/our-results\/","og_site_name":"RISE Charter School","article_modified_time":"2025-07-08T19:03:19+00:00","twitter_card":"summary_large_image","schema":{"@context":"https:\/\/schema.org","@graph":[{"@type":"WebPage","@id":"https:\/\/risese.org\/our-results\/","url":"https:\/\/risese.org\/our-results\/","name":"Nuestros resultados - RISE Charter School","isPartOf":{"@id":"https:\/\/risese.org\/#website"},"datePublished":"2025-02-19T06:36:32+00:00","dateModified":"2025-07-08T19:03:19+00:00","breadcrumb":{"@id":"https:\/\/risese.org\/our-results\/#breadcrumb"},"inLanguage":"es","potentialAction":[{"@type":"ReadAction","target":["https:\/\/risese.org\/our-results\/"]}]},{"@type":"BreadcrumbList","@id":"https:\/\/risese.org\/our-results\/#breadcrumb","itemListElement":[{"@type":"ListItem","position":1,"name":"Home","item":"https:\/\/risese.org\/"},{"@type":"ListItem","position":2,"name":"Our Results"}]},{"@type":"WebSite","@id":"https:\/\/risese.org\/#website","url":"https:\/\/risese.org\/","name":"Escuela concertada RISE","description":"Escuela concertada gratuita en el SE de Raleigh","potentialAction":[{"@type":"SearchAction","target":{"@type":"EntryPoint","urlTemplate":"https:\/\/risese.org\/?s={search_term_string}"},"query-input":{"@type":"PropertyValueSpecification","valueRequired":true,"valueName":"search_term_string"}}],"inLanguage":"es"}]}},"_links":{"self":[{"href":"https:\/\/risese.org\/es\/wp-json\/wp\/v2\/pages\/5653","targetHints":{"allow":["GET"]}}],"collection":[{"href":"https:\/\/risese.org\/es\/wp-json\/wp\/v2\/pages"}],"about":[{"href":"https:\/\/risese.org\/es\/wp-json\/wp\/v2\/types\/page"}],"author":[{"embeddable":true,"href":"https:\/\/risese.org\/es\/wp-json\/wp\/v2\/users\/3"}],"replies":[{"embeddable":true,"href":"https:\/\/risese.org\/es\/wp-json\/wp\/v2\/comments?post=5653"}],"version-history":[{"count":0,"href":"https:\/\/risese.org\/es\/wp-json\/wp\/v2\/pages\/5653\/revisions"}],"wp:attachment":[{"href":"https:\/\/risese.org\/es\/wp-json\/wp\/v2\/media?parent=5653"}],"curies":[{"name":"wp","href":"https:\/\/api.w.org\/{rel}","templated":true}]}}