{"id":4958,"date":"2024-02-28T19:47:22","date_gmt":"2024-02-28T19:47:22","guid":{"rendered":"http:\/\/rise-charter-school.local\/?page_id=4958"},"modified":"2025-12-10T22:41:12","modified_gmt":"2025-12-10T22:41:12","slug":"home-page","status":"publish","type":"page","link":"https:\/\/risese.org\/es\/","title":{"rendered":"P\u00e1gina de inicio"},"content":{"rendered":"<h1>\n\t\t\tDonde vuelan los eruditos\t<\/h1>\n\t<p>Una escuela p\u00fablica aut\u00f3noma de jard\u00edn de infantes a octavo grado sin matr\u00edcula en el sudeste de Raleigh, donde el aprendizaje es din\u00e1mico, atractivo y significativo.<\/p>\n\t\t\t<a href=\"https:\/\/risese.org\/es\/who-we-are\/\" target=\"_self\">\n\t\t\t\t\t\t\tM\u00e1s informaci\u00f3n\n\t\t\t\t\t<\/a>\n<h2>\n\t\t\tAyudamos a los alumnos a desarrollar todo su potencial.\t<\/h2>\n\t\t\t\t<img decoding=\"async\" src=\"https:\/\/risese.org\/wp-content\/uploads\/2025\/03\/Rectangle-53.png\" alt=\"Rectangle 53\" itemprop=\"image\" height=\"474\" width=\"744\" title=\"Rect\u00e1ngulo 53\" onerror=\"this.style.display='none'\" loading=\"lazy\" \/>\n\t\t\t\t<img decoding=\"async\" src=\"https:\/\/risese.org\/wp-content\/uploads\/2025\/03\/Rectangle-54.png\" alt=\"Rectangle 54\" itemprop=\"image\" height=\"385\" width=\"362\" title=\"Rect\u00e1ngulo 54\" onerror=\"this.style.display='none'\" loading=\"lazy\" \/>\n\t<p class=\"translation-block\">Creemos en el valor, la capacidad y el potencial de cada estudiante y fomentamos el crecimiento a trav\u00e9s del esfuerzo y la participaci\u00f3n.<\/p>\n\t\t\t\t<img decoding=\"async\" src=\"https:\/\/risese.org\/wp-content\/uploads\/2025\/02\/logic-icon.png\" alt=\"logic icon\" itemprop=\"image\" height=\"104\" width=\"93\" title=\"icono l\u00f3gico\" onerror=\"this.style.display='none'\" loading=\"lazy\" \/>\n<h3>\n\t\t\tExcelencia Acad\u00e9mica\t<\/h3>\n\t<p>Equipar a los estudiantes con las habilidades y el conocimiento para prosperar acad\u00e9micamente y construir una base para el \u00e9xito de por vida.<\/p>\n\t\t\t\t<img decoding=\"async\" src=\"https:\/\/risese.org\/wp-content\/uploads\/2025\/02\/handshake-icon.png\" alt=\"handshake icon\" itemprop=\"image\" height=\"101\" width=\"104\" title=\"icono de apret\u00f3n de manos\" onerror=\"this.style.display='none'\" loading=\"lazy\" \/>\n<h3>\n\t\t\tDesarrollo del personaje\t<\/h3>\n\t<p>Fomentar valores como la resiliencia, el respeto y el liderazgo para inspirar a los acad\u00e9micos a lograr un impacto significativo en sus comunidades.<\/p>\n\t\t\t\t<img decoding=\"async\" src=\"https:\/\/risese.org\/wp-content\/uploads\/2025\/02\/search-user-icon.png\" alt=\"search-user icon\" itemprop=\"image\" height=\"98\" width=\"98\" title=\"icono de b\u00fasqueda de usuario\" onerror=\"this.style.display='none'\" loading=\"lazy\" \/>\n<h3 class=\"translation-block\">Autodescubrimiento<\/h3>\n\t<p>Empoderar a los acad\u00e9micos para que descubran sus talentos, pasiones y personalidades \u00fanicas, allanando el camino hacia futuros audaces y seguros.<\/p>\n<h2>\n\t\t\t\u00a1La escuela aut\u00f3noma RISE logra un crecimiento r\u00e9cord!\t<\/h2>\n\t<p>Gracias al duro trabajo de nuestros alumnos, profesores y personal, nos hemos asegurado un lugar entre las escuelas de Carolina del Norte con mejor rendimiento acad\u00e9mico.<\/p>\n<h2>\n\t\t\t#2\t<\/h2>\n\t<p>entre 207 escuelas charter en todo el estado<\/p>\n<h2>\n\t\t\t#2\t<\/h2>\n\t<p>entre 48 escuelas p\u00fablicas del condado de Johnston<\/p>\n<h2>\n\t\t\t#10\t<\/h2>\n\t<p>de 196 escuelas p\u00fablicas del condado de Wake<\/p>\n<h2>\n\t\t\t#36\t<\/h2>\n\t<p>de 2,593 escuelas en Carolina del Norte<\/p>\n\t\t\t\t<img decoding=\"async\" src=\"https:\/\/risese.org\/wp-content\/uploads\/2025\/03\/Screenshot-2025-03-13-at-7.53.43\u202fAM-1.png\" alt=\"Screenshot 2025-03-13 at 7.53.43\u202fAM 1\" itemprop=\"image\" height=\"116\" width=\"117\" title=\"Captura de pantalla 2025-03-13 a las 7.53.43 AM 1\" onerror=\"this.style.display='none'\" loading=\"lazy\" \/>\n<h2>\n\t\t\tLas \u00e1guilas vuelan alto\t<\/h2>\n\t<p>Olivia Williams est\u00e1 convirtiendo grandes sue\u00f1os en realidad. Durante su estancia en RISE Charter School, destac\u00f3 por su excelencia acad\u00e9mica, su talento musical y su liderazgo. En 7\u00ba curso obtuvo una de las mejores becas universitarias de Carolina del Norte, un logro extraordinario a una edad tan temprana. Ahora, orgullosa graduada de RISE, el viaje de Olivia es un testimonio de la ambici\u00f3n temprana y el poder de una escuela que establece altas expectativas.<\/p>\n\t\t\t<a href=\"\/es\/olivia-williams-a-scholars-journey-to-success\/%20\/\" target=\"_self\">\n\t\t\t\t\t\t\tM\u00e1s informaci\u00f3n\n\t\t\t\t\t<\/a>","protected":false},"excerpt":{"rendered":"<p>Donde Scholars Soar Una matr\u00edcula gratuita K-8 escuela p\u00fablica ch\u00e1rter en SE Raleigh, donde el aprendizaje es din\u00e1mico, atractivo y significativo. M\u00e1s informaci\u00f3n Capacitamos a los estudiantes para que alcancen su m\u00e1ximo potencial. Creemos en el valor, la capacidad y el potencial de cada estudiante, y fomentamos el crecimiento a trav\u00e9s del esfuerzo y la participaci\u00f3n. Excelencia Acad\u00e9mica Equipar a los estudiantes con las...<\/p>","protected":false},"author":1,"featured_media":0,"parent":0,"menu_order":0,"comment_status":"closed","ping_status":"closed","template":"","meta":{"footnotes":""},"class_list":["post-4958","page","type-page","status-publish","hentry"],"yoast_head":"<!-- This site is optimized with the Yoast SEO plugin v27.3 - https:\/\/yoast.com\/product\/yoast-seo-wordpress\/ -->\n<title>Home Page - RISE Charter School<\/title>\n<meta name=\"robots\" content=\"index, follow, max-snippet:-1, max-image-preview:large, max-video-preview:-1\" \/>\n<link rel=\"canonical\" href=\"https:\/\/risese.org\/es\/\" \/>\n<meta property=\"og:locale\" content=\"es_ES\" \/>\n<meta property=\"og:type\" content=\"article\" \/>\n<meta property=\"og:title\" content=\"Home Page - RISE Charter School\" \/>\n<meta property=\"og:description\" content=\"Where Scholars Soar A tuition-free K-8 public charter school in SE Raleigh where learning is dynamic, engaging, and meaningful. Learn More We empower scholars to rise to their full potential. We believe in every student&#8217;s value, ability, and potential, and we foster growth through effort and participation. Academic Excellence Equipping scholars with the skills and&hellip;\" \/>\n<meta property=\"og:url\" content=\"https:\/\/risese.org\/es\/\" \/>\n<meta property=\"og:site_name\" content=\"RISE Charter School\" \/>\n<meta property=\"article:modified_time\" content=\"2025-12-10T22:41:12+00:00\" \/>\n<meta property=\"og:image\" content=\"https:\/\/risese.org\/wp-content\/uploads\/2025\/03\/Rectangle-53.png\" \/>\n<meta name=\"twitter:card\" content=\"summary_large_image\" \/>\n<script type=\"application\/ld+json\" class=\"yoast-schema-graph\">{\"@context\":\"https:\\\/\\\/schema.org\",\"@graph\":[{\"@type\":\"WebPage\",\"@id\":\"https:\\\/\\\/risese.org\\\/\",\"url\":\"https:\\\/\\\/risese.org\\\/\",\"name\":\"Home Page - RISE Charter School\",\"isPartOf\":{\"@id\":\"https:\\\/\\\/risese.org\\\/#website\"},\"primaryImageOfPage\":{\"@id\":\"https:\\\/\\\/risese.org\\\/#primaryimage\"},\"image\":{\"@id\":\"https:\\\/\\\/risese.org\\\/#primaryimage\"},\"thumbnailUrl\":\"https:\\\/\\\/risese.org\\\/wp-content\\\/uploads\\\/2025\\\/03\\\/Rectangle-53.png\",\"datePublished\":\"2024-02-28T19:47:22+00:00\",\"dateModified\":\"2025-12-10T22:41:12+00:00\",\"breadcrumb\":{\"@id\":\"https:\\\/\\\/risese.org\\\/#breadcrumb\"},\"inLanguage\":\"es\",\"potentialAction\":[{\"@type\":\"ReadAction\",\"target\":[\"https:\\\/\\\/risese.org\\\/\"]}]},{\"@type\":\"ImageObject\",\"inLanguage\":\"es\",\"@id\":\"https:\\\/\\\/risese.org\\\/#primaryimage\",\"url\":\"https:\\\/\\\/risese.org\\\/wp-content\\\/uploads\\\/2025\\\/03\\\/Rectangle-53.png\",\"contentUrl\":\"https:\\\/\\\/risese.org\\\/wp-content\\\/uploads\\\/2025\\\/03\\\/Rectangle-53.png\"},{\"@type\":\"BreadcrumbList\",\"@id\":\"https:\\\/\\\/risese.org\\\/#breadcrumb\",\"itemListElement\":[{\"@type\":\"ListItem\",\"position\":1,\"name\":\"Home\",\"item\":\"https:\\\/\\\/risese.org\\\/\"},{\"@type\":\"ListItem\",\"position\":2,\"name\":\"Home Page\"}]},{\"@type\":\"WebSite\",\"@id\":\"https:\\\/\\\/risese.org\\\/#website\",\"url\":\"https:\\\/\\\/risese.org\\\/\",\"name\":\"RISE Charter School\",\"description\":\"Free Charter School in SE Raleigh\",\"potentialAction\":[{\"@type\":\"SearchAction\",\"target\":{\"@type\":\"EntryPoint\",\"urlTemplate\":\"https:\\\/\\\/risese.org\\\/?s={search_term_string}\"},\"query-input\":{\"@type\":\"PropertyValueSpecification\",\"valueRequired\":true,\"valueName\":\"search_term_string\"}}],\"inLanguage\":\"es\"}]}<\/script>\n<!-- \/ Yoast SEO plugin. -->","yoast_head_json":{"title":"P\u00e1gina de inicio - RISE Charter School","robots":{"index":"index","follow":"follow","max-snippet":"max-snippet:-1","max-image-preview":"max-image-preview:large","max-video-preview":"max-video-preview:-1"},"canonical":"https:\/\/risese.org\/es\/","og_locale":"es_ES","og_type":"article","og_title":"Home Page - RISE Charter School","og_description":"Where Scholars Soar A tuition-free K-8 public charter school in SE Raleigh where learning is dynamic, engaging, and meaningful. Learn More We empower scholars to rise to their full potential. We believe in every student&#8217;s value, ability, and potential, and we foster growth through effort and participation. Academic Excellence Equipping scholars with the skills and&hellip;","og_url":"https:\/\/risese.org\/es\/","og_site_name":"RISE Charter School","article_modified_time":"2025-12-10T22:41:12+00:00","og_image":[{"url":"https:\/\/risese.org\/wp-content\/uploads\/2025\/03\/Rectangle-53.png","type":"","width":"","height":""}],"twitter_card":"summary_large_image","schema":{"@context":"https:\/\/schema.org","@graph":[{"@type":"WebPage","@id":"https:\/\/risese.org\/","url":"https:\/\/risese.org\/","name":"P\u00e1gina de inicio - RISE Charter School","isPartOf":{"@id":"https:\/\/risese.org\/#website"},"primaryImageOfPage":{"@id":"https:\/\/risese.org\/#primaryimage"},"image":{"@id":"https:\/\/risese.org\/#primaryimage"},"thumbnailUrl":"https:\/\/risese.org\/wp-content\/uploads\/2025\/03\/Rectangle-53.png","datePublished":"2024-02-28T19:47:22+00:00","dateModified":"2025-12-10T22:41:12+00:00","breadcrumb":{"@id":"https:\/\/risese.org\/#breadcrumb"},"inLanguage":"es","potentialAction":[{"@type":"ReadAction","target":["https:\/\/risese.org\/"]}]},{"@type":"ImageObject","inLanguage":"es","@id":"https:\/\/risese.org\/#primaryimage","url":"https:\/\/risese.org\/wp-content\/uploads\/2025\/03\/Rectangle-53.png","contentUrl":"https:\/\/risese.org\/wp-content\/uploads\/2025\/03\/Rectangle-53.png"},{"@type":"BreadcrumbList","@id":"https:\/\/risese.org\/#breadcrumb","itemListElement":[{"@type":"ListItem","position":1,"name":"Home","item":"https:\/\/risese.org\/"},{"@type":"ListItem","position":2,"name":"Home Page"}]},{"@type":"WebSite","@id":"https:\/\/risese.org\/#website","url":"https:\/\/risese.org\/","name":"Escuela concertada RISE","description":"Escuela concertada gratuita en el SE de Raleigh","potentialAction":[{"@type":"SearchAction","target":{"@type":"EntryPoint","urlTemplate":"https:\/\/risese.org\/?s={search_term_string}"},"query-input":{"@type":"PropertyValueSpecification","valueRequired":true,"valueName":"search_term_string"}}],"inLanguage":"es"}]}},"_links":{"self":[{"href":"https:\/\/risese.org\/es\/wp-json\/wp\/v2\/pages\/4958","targetHints":{"allow":["GET"]}}],"collection":[{"href":"https:\/\/risese.org\/es\/wp-json\/wp\/v2\/pages"}],"about":[{"href":"https:\/\/risese.org\/es\/wp-json\/wp\/v2\/types\/page"}],"author":[{"embeddable":true,"href":"https:\/\/risese.org\/es\/wp-json\/wp\/v2\/users\/1"}],"replies":[{"embeddable":true,"href":"https:\/\/risese.org\/es\/wp-json\/wp\/v2\/comments?post=4958"}],"version-history":[{"count":0,"href":"https:\/\/risese.org\/es\/wp-json\/wp\/v2\/pages\/4958\/revisions"}],"wp:attachment":[{"href":"https:\/\/risese.org\/es\/wp-json\/wp\/v2\/media?parent=4958"}],"curies":[{"name":"wp","href":"https:\/\/api.w.org\/{rel}","templated":true}]}}