{"id":3040,"date":"2020-06-08T10:46:21","date_gmt":"2020-06-08T14:46:21","guid":{"rendered":"http:\/\/beta.angeloakcreative.com\/pave\/?page_id=3040"},"modified":"2025-08-21T01:14:11","modified_gmt":"2025-08-21T01:14:11","slug":"board","status":"publish","type":"page","link":"https:\/\/risese.org\/es\/board\/","title":{"rendered":"Junta"},"content":{"rendered":"<h1>\n\t\t\tNuestro Consejo\t<\/h1>\n\t<p>En RISE, tenemos la suerte y la gratitud de contar con un n\u00facleo de miembros del consejo comprometidos y dedicados.<\/p>\n<h2>\n\t\t\tConozca a nuestro Consejo\t<\/h2>\n\t<strong>Kwan Graham, Presidente<\/strong><br \/>\n<em>Directora de Compromiso con la Comunidad<\/em><br \/>\nPadres por la Libertad Educativa en Carolina del Norte\n\t<strong>Crawford Crenshaw, Vicepresidente<\/strong><br \/>\n<em>Miembro del Consejo<\/em><br \/>\nFundaci\u00f3n Tom Russell\n\t<strong>Annette Corona, Secretaria<\/strong><br \/>\n<em>Especialista en marketing y desarrollo empresarial<\/em><br \/>\nSmith Anderson<br \/>\nRISE Southeast Raleigh Padres\n\t<strong>Lynette Aytch<\/strong><br \/>\n<em>Director, Instituto de Desarrollo del Liderazgo<\/em><br \/>\nCERO A TRES\n\t<strong>Lauren Vance<\/strong><br \/>\n<em>Director General de Adquisici\u00f3n de Talentos<\/em><br \/>\nRed de logros\n\t<strong>Taylor Dewberry<\/strong><br \/>\n<em>Abogada, Directora de Diversidad<\/em><br \/>\nSmith Anderson\n\t<strong>Dexter Hebert<\/strong><br \/>\n<em>Director Ejecutivo<\/em><br \/>\nSE Raleigh, YMCA\n\t<strong>Spencer Robertson<\/strong><br \/>\n<em>CEO\/Fundador<\/em><br \/>\nEscuelas PAVE, Inc.\n\t<strong>Andrew Lakis<\/strong><br \/>\n<em>Director Ejecutivo<\/em><br \/>\nPrograma de Liderazgo Robertson Scholars\n\t<strong>Willette Morman<\/strong><br \/>\n<em>Director General (jubilado) Regiones de Carolina del Norte y del Sur<\/em><br \/>\nDuke Energy Corporation\n\t<strong>Craig Herb<\/strong><br \/>\n<em>Director de Ventas y Marketing - Distrito Sureste (jubilado)<br \/>\nCorporaci\u00f3n Microsoft<\/em>\n<h2>\n\t\t\tPr\u00f3ximas reuniones del Consejo y actas anteriores\t<\/h2>\n\t<p><strong>Los pr\u00f3ximos horarios son los siguientes:<\/strong><\/p>\nLunes, 25 de agosto de 2025<br \/>\n13:00 - 14:30\n\t<p><strong>Los tiempos pasados son los siguientes:<\/strong><\/p>\n20 de mayo - 13:00 - 14:00<br \/>\n22 de abril - 13:00 - 14:00<br \/>\n26 de febrero - 17:00 - 18:00<br \/>\n22 de enero - 13:00 - 14:00<br \/>\n11 de diciembre - 17:00 - 18:00<br \/>\n26 de octubre - 13:00 - 14:00<br \/>\n25 de septiembre - 17:00 - 18:00\n\t<p>Los comentarios del p\u00fablico pueden enviarse por correo electr\u00f3nico:\u00a0<a href=\"mailto:boardchair@risese.org\">boardchair@risese.org<\/a>.<\/p>\n\t\t\t\t\t\t\t\t\t\t<a href=\"#\" id=\"fl-accordion--icon-0\"  tabindex=\"0\"><i>Ampliar<\/i><\/a>\n\t\t\t\t\t<a href=\"#\"  id=\"fl-accordion--label-0\" tabindex=\"0\" aria-controls=\"fl-accordion--panel-0\">Notas de la reuni\u00f3n de 2024<\/a>\n\t\t\t\t\t<ul>\n<li><a href=\"https:\/\/risese.org\/wp-content\/uploads\/2024\/11\/RISE-Minutes-10.21.24-FINAL.pdf\" target=\"_blank\" rel=\"noopener\">Acta de la reuni\u00f3n de RISE del 21 de octubre de 2024<\/a><\/li>\n<li><a href=\"https:\/\/risese.org\/wp-content\/uploads\/2024\/11\/RISE-Minutes-9.23.24-FINAL.pdf\" target=\"_blank\" rel=\"noopener\">Acta de la reuni\u00f3n de RISE del 23 de septiembre de 2024<\/a><\/li>\n<li><a href=\"https:\/\/risese.org\/wp-content\/uploads\/2024\/11\/RISE-Minutes-8.26.24-FINAL.pdf\" target=\"_blank\" rel=\"noopener\">Actas de la reuni\u00f3n de RISE del 26 de agosto de 2024<\/a><\/li>\n<li><a href=\"https:\/\/risese.org\/wp-content\/uploads\/2024\/08\/6.27.24-Board-Meeting-Minutes.pdf\" target=\"_blank\" rel=\"noopener\">Actas de la reuni\u00f3n de RISE del 27 de junio de 2024<\/a><\/li>\n<li><a href=\"https:\/\/risese.org\/wp-content\/uploads\/2024\/08\/5.20.24-Board-Meeting-Minutes.pdf\" target=\"_blank\" rel=\"noopener\">Actas de la reuni\u00f3n de RISE del 20 de mayo de 2024<\/a><\/li>\n<li><a href=\"https:\/\/risese.org\/wp-content\/uploads\/2024\/08\/4.22.24-Board-Meeting-Minutes.pdf\" target=\"_blank\" rel=\"noopener\">Acta de la reuni\u00f3n de RISE del 22 de abril de 2024<\/a><\/li>\n<li><a href=\"https:\/\/risese.org\/wp-content\/uploads\/2024\/08\/2.26.24-Board-Meeting-Minutes.pdf\" target=\"_blank\" rel=\"noopener\">Acta de la reuni\u00f3n de RISE del 26 de febrero de 2024<\/a><\/li>\n<li><a href=\"https:\/\/risese.org\/wp-content\/uploads\/2024\/03\/RISE-Minutes-1.22.24-Final.pdf\" target=\"_blank\" rel=\"noopener\">Acta de la reuni\u00f3n de RISE del 22 de enero de 2024<\/a><\/li>\n<\/ul>\n\t\t\t\t\t\t\t\t\t\t<a href=\"#\" id=\"fl-accordion--icon-1\"  tabindex=\"0\"><i>Ampliar<\/i><\/a>\n\t\t\t\t\t<a href=\"#\"  id=\"fl-accordion--label-1\" tabindex=\"0\" aria-controls=\"fl-accordion--panel-1\">Notas de la reuni\u00f3n de 2023<\/a>\n\t\t\t\t\t<ul>\n<li><a href=\"https:\/\/risese.org\/wp-content\/uploads\/2024\/03\/RISE-Minutes-12.11.23-final.pdf\" target=\"_blank\" rel=\"noopener\">Actas de la reuni\u00f3n de RISE del 11 de diciembre de 2023<\/a><\/li>\n<li><a href=\"https:\/\/risese.org\/wp-content\/uploads\/2024\/02\/RISE-Minutes-10.26.23-DRAFT.pdf\" target=\"_blank\" rel=\"noopener\">Actas de la reuni\u00f3n de RISE del 26 de octubre de 2023<\/a><\/li>\n<li><a href=\"https:\/\/risese.org\/wp-content\/uploads\/2024\/02\/RISE-Minutes-9.25.23-DRAFT.pdf\" target=\"_blank\" rel=\"noopener\">Acta de la reuni\u00f3n de RISE del 25 de septiembre de 2023<\/a><\/li>\n<li><a href=\"https:\/\/risese.org\/wp-content\/uploads\/2024\/02\/RISE-Minutes-6.26.23-Approved.pdf\" target=\"_blank\" rel=\"noopener\">Actas de la reuni\u00f3n de RISE del 26 de junio de 2023<\/a><\/li>\n<li><a href=\"https:\/\/risese.org\/wp-content\/uploads\/2024\/02\/RISE-Minutes-5.15.23-APPROVED-1.pdf\" target=\"_blank\" rel=\"noopener\">Actas de la reuni\u00f3n de RISE del 15 de mayo de 2023<\/a><\/li>\n<li><a href=\"https:\/\/risese.org\/wp-content\/uploads\/2024\/02\/RISE-Minutes-3.20.23-APPROVED-1.pdf\" target=\"_blank\" rel=\"noopener\">Actas de la reuni\u00f3n de RISE del 20 de marzo de 2023<\/a><\/li>\n<li><a href=\"https:\/\/risesoutheastr.wpengine.com\/wp-content\/uploads\/2023\/05\/RISE-Minutes-2.27.23-Approved.pdf\" target=\"_blank\" rel=\"noopener\">Actas de la reuni\u00f3n de RISE del 27 de febrero de 2023<\/a><\/li>\n<li><a href=\"https:\/\/risesoutheastr.wpengine.com\/wp-content\/uploads\/2023\/05\/RISE-Minutes-1.23.23-Approved.pdf\" target=\"_blank\" rel=\"noopener\">Actas de la reuni\u00f3n de RISE del 23 de enero de 2023<\/a><\/li>\n<\/ul>\n<h2>\n\t\t\tComentarios del p\u00fablico\t<\/h2>\n\t<p>\u00bfDesea hacer un comentario p\u00fablico en la reuni\u00f3n de la Junta? Si es as\u00ed, rellene este formulario.<\/p>\n<h2>\n\t\t\tConozca a nuestro equipo\t<\/h2>\n\t<p>Conozca a nuestros profesores y personal<\/p>\n\t\t\t<a href=\"https:\/\/risese.org\/es\/our-team\/\" target=\"_self\">\n\t\t\t\t\t\t\tM\u00e1s informaci\u00f3n\n\t\t\t\t\t<\/a>","protected":false},"excerpt":{"rendered":"<p>Nuestra Junta En RISE, tenemos la suerte y el agradecimiento de contar con un n\u00facleo de miembros de la junta comprometidos y dedicados. Conozca a nuestro Consejo Kwan Graham, Presidente Director de Participaci\u00f3n Comunitaria Padres por la Libertad Educativa en Carolina del Norte Crawford Crenshaw, Vicepresidente Miembro del Consejo Fundaci\u00f3n Tom Russell Annette Corona, Secretaria Especialista en Marketing y Desarrollo Empresarial Smith Anderson RISE...<\/p>","protected":false},"author":1,"featured_media":0,"parent":0,"menu_order":3,"comment_status":"closed","ping_status":"closed","template":"","meta":{"footnotes":""},"class_list":["post-3040","page","type-page","status-publish","hentry"],"yoast_head":"<!-- This site is optimized with the Yoast SEO plugin v27.2 - https:\/\/yoast.com\/product\/yoast-seo-wordpress\/ -->\n<title>Board - RISE Charter School<\/title>\n<meta name=\"robots\" content=\"index, follow, max-snippet:-1, max-image-preview:large, max-video-preview:-1\" \/>\n<link rel=\"canonical\" href=\"https:\/\/risese.org\/es\/board\/\" \/>\n<meta property=\"og:locale\" content=\"es_ES\" \/>\n<meta property=\"og:type\" content=\"article\" \/>\n<meta property=\"og:title\" content=\"Board - RISE Charter School\" \/>\n<meta property=\"og:description\" content=\"Our Board At RISE, we are fortunate and grateful to have an engaged and dedicated core of board members. Meet Our Board Kwan Graham, Chair Director of Community Engagement Parents for Educational Freedom in NC Crawford Crenshaw, Vice Chair Board Member Tom Russell Foundation Annette Corona, Secretary Marketing and Business Development Specialist Smith Anderson RISE&hellip;\" \/>\n<meta property=\"og:url\" content=\"https:\/\/risese.org\/es\/board\/\" \/>\n<meta property=\"og:site_name\" content=\"RISE Charter School\" \/>\n<meta property=\"article:modified_time\" content=\"2025-08-21T01:14:11+00:00\" \/>\n<meta name=\"twitter:card\" content=\"summary_large_image\" \/>\n<meta name=\"twitter:label1\" content=\"Tiempo de lectura\" \/>\n\t<meta name=\"twitter:data1\" content=\"3 minutos\" \/>\n<script type=\"application\/ld+json\" class=\"yoast-schema-graph\">{\"@context\":\"https:\/\/schema.org\",\"@graph\":[{\"@type\":\"WebPage\",\"@id\":\"https:\/\/risese.org\/board\/\",\"url\":\"https:\/\/risese.org\/board\/\",\"name\":\"Board - RISE Charter School\",\"isPartOf\":{\"@id\":\"https:\/\/risese.org\/#website\"},\"datePublished\":\"2020-06-08T14:46:21+00:00\",\"dateModified\":\"2025-08-21T01:14:11+00:00\",\"breadcrumb\":{\"@id\":\"https:\/\/risese.org\/board\/#breadcrumb\"},\"inLanguage\":\"es\",\"potentialAction\":[{\"@type\":\"ReadAction\",\"target\":[\"https:\/\/risese.org\/board\/\"]}]},{\"@type\":\"BreadcrumbList\",\"@id\":\"https:\/\/risese.org\/board\/#breadcrumb\",\"itemListElement\":[{\"@type\":\"ListItem\",\"position\":1,\"name\":\"Home\",\"item\":\"https:\/\/risese.org\/\"},{\"@type\":\"ListItem\",\"position\":2,\"name\":\"Board\"}]},{\"@type\":\"WebSite\",\"@id\":\"https:\/\/risese.org\/#website\",\"url\":\"https:\/\/risese.org\/\",\"name\":\"RISE Charter School\",\"description\":\"Free Charter School in SE Raleigh\",\"potentialAction\":[{\"@type\":\"SearchAction\",\"target\":{\"@type\":\"EntryPoint\",\"urlTemplate\":\"https:\/\/risese.org\/?s={search_term_string}\"},\"query-input\":{\"@type\":\"PropertyValueSpecification\",\"valueRequired\":true,\"valueName\":\"search_term_string\"}}],\"inLanguage\":\"es\"}]}<\/script>\n<!-- \/ Yoast SEO plugin. -->","yoast_head_json":{"title":"Consejo - RISE Charter School","robots":{"index":"index","follow":"follow","max-snippet":"max-snippet:-1","max-image-preview":"max-image-preview:large","max-video-preview":"max-video-preview:-1"},"canonical":"https:\/\/risese.org\/es\/board\/","og_locale":"es_ES","og_type":"article","og_title":"Board - RISE Charter School","og_description":"Our Board At RISE, we are fortunate and grateful to have an engaged and dedicated core of board members. Meet Our Board Kwan Graham, Chair Director of Community Engagement Parents for Educational Freedom in NC Crawford Crenshaw, Vice Chair Board Member Tom Russell Foundation Annette Corona, Secretary Marketing and Business Development Specialist Smith Anderson RISE&hellip;","og_url":"https:\/\/risese.org\/es\/board\/","og_site_name":"RISE Charter School","article_modified_time":"2025-08-21T01:14:11+00:00","twitter_card":"summary_large_image","twitter_misc":{"Tiempo de lectura":"3 minutos"},"schema":{"@context":"https:\/\/schema.org","@graph":[{"@type":"WebPage","@id":"https:\/\/risese.org\/board\/","url":"https:\/\/risese.org\/board\/","name":"Consejo - RISE Charter School","isPartOf":{"@id":"https:\/\/risese.org\/#website"},"datePublished":"2020-06-08T14:46:21+00:00","dateModified":"2025-08-21T01:14:11+00:00","breadcrumb":{"@id":"https:\/\/risese.org\/board\/#breadcrumb"},"inLanguage":"es","potentialAction":[{"@type":"ReadAction","target":["https:\/\/risese.org\/board\/"]}]},{"@type":"BreadcrumbList","@id":"https:\/\/risese.org\/board\/#breadcrumb","itemListElement":[{"@type":"ListItem","position":1,"name":"Home","item":"https:\/\/risese.org\/"},{"@type":"ListItem","position":2,"name":"Board"}]},{"@type":"WebSite","@id":"https:\/\/risese.org\/#website","url":"https:\/\/risese.org\/","name":"Escuela concertada RISE","description":"Escuela concertada gratuita en el SE de Raleigh","potentialAction":[{"@type":"SearchAction","target":{"@type":"EntryPoint","urlTemplate":"https:\/\/risese.org\/?s={search_term_string}"},"query-input":{"@type":"PropertyValueSpecification","valueRequired":true,"valueName":"search_term_string"}}],"inLanguage":"es"}]}},"_links":{"self":[{"href":"https:\/\/risese.org\/es\/wp-json\/wp\/v2\/pages\/3040","targetHints":{"allow":["GET"]}}],"collection":[{"href":"https:\/\/risese.org\/es\/wp-json\/wp\/v2\/pages"}],"about":[{"href":"https:\/\/risese.org\/es\/wp-json\/wp\/v2\/types\/page"}],"author":[{"embeddable":true,"href":"https:\/\/risese.org\/es\/wp-json\/wp\/v2\/users\/1"}],"replies":[{"embeddable":true,"href":"https:\/\/risese.org\/es\/wp-json\/wp\/v2\/comments?post=3040"}],"version-history":[{"count":0,"href":"https:\/\/risese.org\/es\/wp-json\/wp\/v2\/pages\/3040\/revisions"}],"wp:attachment":[{"href":"https:\/\/risese.org\/es\/wp-json\/wp\/v2\/media?parent=3040"}],"curies":[{"name":"wp","href":"https:\/\/api.w.org\/{rel}","templated":true}]}}