{"id":2752,"date":"2020-05-20T14:07:18","date_gmt":"2020-05-20T18:07:18","guid":{"rendered":"http:\/\/beta.angeloakcreative.com\/pave\/?page_id=2752"},"modified":"2025-02-28T02:06:37","modified_gmt":"2025-02-28T02:06:37","slug":"who-we-are","status":"publish","type":"page","link":"https:\/\/risese.org\/es\/who-we-are\/","title":{"rendered":"Quienes somos"},"content":{"rendered":"<p>RISE prepara a los estudiantes para que prosperen en escuelas secundarias competitivas y en universidades de cuatro a\u00f1os. RISE ofrece a sus alumnos un programa acad\u00e9mico riguroso y una comunidad basada en los valores fundamentales del centro.<\/p>\n<h2>\n\t\tMISI\u00d3N\n\t<\/h2>\n<p>RISE permite a sus estudiantes prosperar acad\u00e9micamente, fortalecer su comunidad y descubrir su voz.<\/p>\n<h2>\n\t\tCREENCIAS\n\t<\/h2>\n\tTodos los escolares pueden aprender y quieren aprender (RISE UP).<br \/>\nComo ciudadanos de una comunidad de aprendizaje, amaremos, escucharemos y lideraremos (RISE TOGETHER).<br \/>\nLa excelencia se desarrolla con compromiso, pr\u00e1ctica y perseverancia (RISE ABOVE).\n<h2>\n\t\tVALORES FUNDAMENTALES\n\t<\/h2>\n<h4>\n\t\tResiliencia\n\t<\/h4>\n\t<p>Tenemos mentalidad de soluciones y perseveramos a trav\u00e9s de los desaf\u00edos.<\/p>\n<h4>\n\t\tIntegridad\n\t<\/h4>\n\t<p>Hacemos lo correcto cuando nadie est\u00e1 mirando.<\/p>\n<h4>\n\t\tBeca\n\t<\/h4>\n\t<p>Nos encanta aprender y nos animamos mutuamente a crecer y triunfar.<\/p>\n<h4>\n\t\tExcelencia\n\t<\/h4>\n\t<p>Nos fijamos objetivos ambiciosos y trabajamos incansablemente para alcanzarlos.<\/p>\n<h2>\n\t\tNuestros eruditos\n\t<\/h2>\n\t\t100%\n\t\t\t\t\tLos becarios tienen derecho a desayunos y almuerzos gratuitos (CEP)\n\t\t12%\n\t\t\t\t\tNi\u00f1os Excepcionales\n\t\t12%\n\t\t\t\t\tEstudiantes del Idioma Ingl\u00e9s\n<h2>\n\t\tMaquillaje \u00e9tnico\n\t<\/h2>\n\t\t75%\n\t\t\t\t\tNegro\n\t\t20%\n\t\t\t\t\tHispano\n\t\t5%\n\t\t\t\t\tBlancos, asi\u00e1ticos, multirraciales\n<h2>\n\t\tHITOS\n\t<\/h2>\n\t\t\t\t\t\t\t\t\t\t\t\t\t\t\t\t\t\t\t<p>Agosto de 2015<\/p>\n\t\t\t\t\t\t\t\t\t\t\t\t\t\t\t\t\t\t\t\t\t\t\t\t\t\t\t\t\t\t\t\t\t\t\t\t\t\t\t\t\t\t\t\t\t\t\t\t\t\t\t\t\t\t\t\t\t\t\t\t\t\t\t\t\t<p>PAVE abre con 120 alumnos de Kindergarten y 1er grado<\/p> \t\t\t\t\t\t\t\t\t\t\t\t\t\t\t\t\t\t\t\t\t\t\t\t\t\t\t\t\t\n\t\t\t\t\t\t\t\tAgosto de 2015\n\t\t\t\t\t\t\t\t\t\t\t\t\t\t\t\t\t\t\t<p>A\u00f1o escolar 2016 - 2017<\/p>\n\t\t\t\t\t\t\t\t\t\t\t\t\t\t\t\t\t\t\t\t\t\t\t\t\t\t\t\t\t\t\t\t\t\t\t\t\t\t\t\t\t\t\t\t\t\t\t\t\t\t\t\t\t\t\t\t\t\t\t\t\t\t\t\t\t<p>PAVE se muda al campus actual de Idlewood Village de 18 acres<\/p> \t\t\t\t\t\t\t\t\t\t\t\t\t\t\t\t\t\t\t\t\t\t\t\t\t\t\t\t\t\n\t\t\t\t\t\t\t\tA\u00f1o escolar 2016 - 2017\n\t\t\t\t\t\t\t\t\t\t\t\t\t\t\t\t\t\t\t<p> Mayo de 2019<\/p>\n\t\t\t\t\t\t\t\t\t\t\t\t\t\t\t\t\t\t\t\t\t\t\t\t\t\t\t\t\t\t\t\t\t\t\t\t\t\t\t\t\t\t\t\t\t\t\t\t\t\t\t\t\t\t\t\t\t\t\t\t\t\t\t\t\t<p>En los EOG de 2019, PAVE supera a siete escuelas p\u00fablicas del sureste de Raleigh que no cumplieron con el crecimiento<\/p> \t\t\t\t\t\t\t\t\t\t\t\t\t\t\t\t\t\t\t\t\t\t\t\t\t\t\t\t\t\n\t\t\t\t\t\t\t\t Mayo de 2019\n\t\t\t\t\t\t\t\t\t\t\t\t\t\t\t\t\t\t\t<p>Febrero de 2020<\/p>\n\t\t\t\t\t\t\t\t\t\t\t\t\t\t\t\t\t\t\t\t\t\t\t\t\t\t\t\t\t\t\t\t\t\t\t\t\t\t\t\t\t\t\t\t\t\t\t\t\t\t\t\t\t\t\t\t\t\t\t\t\t\t\t\t\t<p>PAVE recibe una renovaci\u00f3n de estatuto de 5 a\u00f1os de la Junta Estatal de Educaci\u00f3n<\/p> \t\t\t\t\t\t\t\t\t\t\t\t\t\t\t\t\t\t\t\t\t\t\t\t\t\t\t\t\t\n\t\t\t\t\t\t\t\tFebrero de 2020\n\t\t\t\t\t\t\t\t\t\t\t\t\t\t\t\t\t\t\t<p>Julio de 2021<\/p>\n\t\t\t\t\t\t\t\t\t\t\t\t\t\t\t\t\t\t\t\t\t\t\t\t\t\t\t\t\t\t\t\t\t\t\t\t\t\t\t\t\t\t\t\t\t\t\t\t\t\t\t\t\t\t\t\t\t\t\t\t\t\t\t\t\t<p>PAVE Southeast Raleigh Charter cambia su nombre y se convierte en RISE Southeast Raleigh Charter School<\/p> \t\t\t\t\t\t\t\t\t\t\t\t\t\t\t\t\t\t\t\t\t\t\t\t\t\t\t\t\t\n\t\t\t\t\t\t\t\tJulio de 2021\n\t\t\t\t\t\t\t\t\t\t\t\t\t\t\t\t\t\t\t<p>Para el a\u00f1o 2024<\/p>\n\t\t\t\t\t\t\t\t\t\t\t\t\t\t\t\t\t\t\t\t\t\t\t\t\t\t\t\t\t\t\t\t\t\t\t\t\t\t\t\t\t\t\t\t\t\t\t\t\t\t\t\t\t\t\t\t\t\t\t\t\t\t\t\t\t<p>RISE planea ser una escuela de 520 estudiantes, desde jard\u00edn de infantes hasta octavo grado, brindando una opci\u00f3n escolar s\u00f3lida para la comunidad del sudeste de Raleigh.<\/p> \t\t\t\t\t\t\t\t\t\t\t\t\t\t\t\t\t\t\t\t\t\t\t\t\t\t\t\t\t\n\t\t\t\t\t\t\t\tPara el a\u00f1o 2024\n\t\t\t\t\t\t<img decoding=\"async\" src=\"https:\/\/risese.org\/wp-content\/uploads\/2025\/02\/foodshuttle.jpg\" alt=\"\" data-no-lazy=\"1\" \/>\t\t\t\t\t\n\t\t\t\t\t\t<img decoding=\"async\" src=\"https:\/\/risese.org\/wp-content\/uploads\/2025\/02\/fletcher.png\" alt=\"\" data-no-lazy=\"1\" \/>\t\t\t\t\t\n\t\t\t\t\t\t<img decoding=\"async\" src=\"https:\/\/risese.org\/wp-content\/uploads\/2025\/02\/kidz.png\" alt=\"\" data-no-lazy=\"1\" \/>\t\t\t\t\t\n\t\t\t\t\t\t<img decoding=\"async\" src=\"https:\/\/risese.org\/wp-content\/uploads\/2025\/02\/BG-club.png\" alt=\"\" data-no-lazy=\"1\" \/>\t\t\t\t\t\n\t\t\t\t\t\t<img decoding=\"async\" src=\"https:\/\/risese.org\/wp-content\/uploads\/2025\/02\/YMCA.png\" alt=\"\" data-no-lazy=\"1\" \/>\t\t\t\t\t\n\t\t\t<button>Siguiente<\/button>\n\t\t<button>Anterior<\/button>","protected":false},"excerpt":{"rendered":"<p>RISE prepara a los estudiantes para que prosperen en un instituto competitivo y en universidades de cuatro a\u00f1os. RISE ofrece a sus alumnos un programa acad\u00e9mico riguroso y una comunidad basada en los valores fundamentales de la escuela. Misi\u00f3n RISE capacita a sus alumnos para prosperar acad\u00e9micamente, fortalecer su comunidad y descubrir su propia voz. Creencias Todos los alumnos pueden y quieren aprender (RISE...<\/p>","protected":false},"author":1,"featured_media":0,"parent":0,"menu_order":1,"comment_status":"closed","ping_status":"closed","template":"","meta":{"footnotes":""},"class_list":["post-2752","page","type-page","status-publish","hentry"],"yoast_head":"<!-- This site is optimized with the Yoast SEO plugin v27.3 - https:\/\/yoast.com\/product\/yoast-seo-wordpress\/ -->\n<title>Who We Are - RISE Charter School<\/title>\n<meta name=\"description\" content=\"RISE empowers its scholars to thrive academically, strengthen their community, and discover their voice in SE Raleigh.\" \/>\n<meta name=\"robots\" content=\"index, follow, max-snippet:-1, max-image-preview:large, max-video-preview:-1\" \/>\n<link rel=\"canonical\" href=\"https:\/\/risese.org\/es\/who-we-are\/\" \/>\n<meta property=\"og:locale\" content=\"es_ES\" \/>\n<meta property=\"og:type\" content=\"article\" \/>\n<meta property=\"og:title\" content=\"Who We Are - RISE Charter School\" \/>\n<meta property=\"og:description\" content=\"RISE empowers its scholars to thrive academically, strengthen their community, and discover their voice in SE Raleigh.\" \/>\n<meta property=\"og:url\" content=\"https:\/\/risese.org\/es\/who-we-are\/\" \/>\n<meta property=\"og:site_name\" content=\"RISE Charter School\" \/>\n<meta property=\"article:modified_time\" content=\"2025-02-28T02:06:37+00:00\" \/>\n<meta property=\"og:image\" content=\"https:\/\/risese.org\/wp-content\/uploads\/2025\/02\/foodshuttle.jpg\" \/>\n<meta name=\"twitter:card\" content=\"summary_large_image\" \/>\n<meta name=\"twitter:label1\" content=\"Tiempo de lectura\" \/>\n\t<meta name=\"twitter:data1\" content=\"4 minutos\" \/>\n<script type=\"application\/ld+json\" class=\"yoast-schema-graph\">{\"@context\":\"https:\\\/\\\/schema.org\",\"@graph\":[{\"@type\":\"WebPage\",\"@id\":\"https:\\\/\\\/risese.org\\\/who-we-are\\\/\",\"url\":\"https:\\\/\\\/risese.org\\\/who-we-are\\\/\",\"name\":\"Who We Are - RISE Charter School\",\"isPartOf\":{\"@id\":\"https:\\\/\\\/risese.org\\\/#website\"},\"primaryImageOfPage\":{\"@id\":\"https:\\\/\\\/risese.org\\\/who-we-are\\\/#primaryimage\"},\"image\":{\"@id\":\"https:\\\/\\\/risese.org\\\/who-we-are\\\/#primaryimage\"},\"thumbnailUrl\":\"https:\\\/\\\/risese.org\\\/wp-content\\\/uploads\\\/2025\\\/02\\\/foodshuttle.jpg\",\"datePublished\":\"2020-05-20T18:07:18+00:00\",\"dateModified\":\"2025-02-28T02:06:37+00:00\",\"description\":\"RISE empowers its scholars to thrive academically, strengthen their community, and discover their voice in SE Raleigh.\",\"breadcrumb\":{\"@id\":\"https:\\\/\\\/risese.org\\\/who-we-are\\\/#breadcrumb\"},\"inLanguage\":\"es\",\"potentialAction\":[{\"@type\":\"ReadAction\",\"target\":[\"https:\\\/\\\/risese.org\\\/who-we-are\\\/\"]}]},{\"@type\":\"ImageObject\",\"inLanguage\":\"es\",\"@id\":\"https:\\\/\\\/risese.org\\\/who-we-are\\\/#primaryimage\",\"url\":\"https:\\\/\\\/risese.org\\\/wp-content\\\/uploads\\\/2025\\\/02\\\/foodshuttle.jpg\",\"contentUrl\":\"https:\\\/\\\/risese.org\\\/wp-content\\\/uploads\\\/2025\\\/02\\\/foodshuttle.jpg\"},{\"@type\":\"BreadcrumbList\",\"@id\":\"https:\\\/\\\/risese.org\\\/who-we-are\\\/#breadcrumb\",\"itemListElement\":[{\"@type\":\"ListItem\",\"position\":1,\"name\":\"Home\",\"item\":\"https:\\\/\\\/risese.org\\\/\"},{\"@type\":\"ListItem\",\"position\":2,\"name\":\"Who We Are\"}]},{\"@type\":\"WebSite\",\"@id\":\"https:\\\/\\\/risese.org\\\/#website\",\"url\":\"https:\\\/\\\/risese.org\\\/\",\"name\":\"RISE Charter School\",\"description\":\"Free Charter School in SE Raleigh\",\"potentialAction\":[{\"@type\":\"SearchAction\",\"target\":{\"@type\":\"EntryPoint\",\"urlTemplate\":\"https:\\\/\\\/risese.org\\\/?s={search_term_string}\"},\"query-input\":{\"@type\":\"PropertyValueSpecification\",\"valueRequired\":true,\"valueName\":\"search_term_string\"}}],\"inLanguage\":\"es\"}]}<\/script>\n<!-- \/ Yoast SEO plugin. -->","yoast_head_json":{"title":"Qui\u00e9nes somos - RISE Charter School","description":"RISE capacita a sus becarios para prosperar acad\u00e9micamente, fortalecer su comunidad y descubrir su voz en SE Raleigh.","robots":{"index":"index","follow":"follow","max-snippet":"max-snippet:-1","max-image-preview":"max-image-preview:large","max-video-preview":"max-video-preview:-1"},"canonical":"https:\/\/risese.org\/es\/who-we-are\/","og_locale":"es_ES","og_type":"article","og_title":"Who We Are - RISE Charter School","og_description":"RISE empowers its scholars to thrive academically, strengthen their community, and discover their voice in SE Raleigh.","og_url":"https:\/\/risese.org\/es\/who-we-are\/","og_site_name":"RISE Charter School","article_modified_time":"2025-02-28T02:06:37+00:00","og_image":[{"url":"https:\/\/risese.org\/wp-content\/uploads\/2025\/02\/foodshuttle.jpg","type":"","width":"","height":""}],"twitter_card":"summary_large_image","twitter_misc":{"Tiempo de lectura":"4 minutos"},"schema":{"@context":"https:\/\/schema.org","@graph":[{"@type":"WebPage","@id":"https:\/\/risese.org\/who-we-are\/","url":"https:\/\/risese.org\/who-we-are\/","name":"Qui\u00e9nes somos - RISE Charter School","isPartOf":{"@id":"https:\/\/risese.org\/#website"},"primaryImageOfPage":{"@id":"https:\/\/risese.org\/who-we-are\/#primaryimage"},"image":{"@id":"https:\/\/risese.org\/who-we-are\/#primaryimage"},"thumbnailUrl":"https:\/\/risese.org\/wp-content\/uploads\/2025\/02\/foodshuttle.jpg","datePublished":"2020-05-20T18:07:18+00:00","dateModified":"2025-02-28T02:06:37+00:00","description":"RISE capacita a sus becarios para prosperar acad\u00e9micamente, fortalecer su comunidad y descubrir su voz en SE Raleigh.","breadcrumb":{"@id":"https:\/\/risese.org\/who-we-are\/#breadcrumb"},"inLanguage":"es","potentialAction":[{"@type":"ReadAction","target":["https:\/\/risese.org\/who-we-are\/"]}]},{"@type":"ImageObject","inLanguage":"es","@id":"https:\/\/risese.org\/who-we-are\/#primaryimage","url":"https:\/\/risese.org\/wp-content\/uploads\/2025\/02\/foodshuttle.jpg","contentUrl":"https:\/\/risese.org\/wp-content\/uploads\/2025\/02\/foodshuttle.jpg"},{"@type":"BreadcrumbList","@id":"https:\/\/risese.org\/who-we-are\/#breadcrumb","itemListElement":[{"@type":"ListItem","position":1,"name":"Home","item":"https:\/\/risese.org\/"},{"@type":"ListItem","position":2,"name":"Who We Are"}]},{"@type":"WebSite","@id":"https:\/\/risese.org\/#website","url":"https:\/\/risese.org\/","name":"Escuela concertada RISE","description":"Escuela concertada gratuita en el SE de Raleigh","potentialAction":[{"@type":"SearchAction","target":{"@type":"EntryPoint","urlTemplate":"https:\/\/risese.org\/?s={search_term_string}"},"query-input":{"@type":"PropertyValueSpecification","valueRequired":true,"valueName":"search_term_string"}}],"inLanguage":"es"}]}},"_links":{"self":[{"href":"https:\/\/risese.org\/es\/wp-json\/wp\/v2\/pages\/2752","targetHints":{"allow":["GET"]}}],"collection":[{"href":"https:\/\/risese.org\/es\/wp-json\/wp\/v2\/pages"}],"about":[{"href":"https:\/\/risese.org\/es\/wp-json\/wp\/v2\/types\/page"}],"author":[{"embeddable":true,"href":"https:\/\/risese.org\/es\/wp-json\/wp\/v2\/users\/1"}],"replies":[{"embeddable":true,"href":"https:\/\/risese.org\/es\/wp-json\/wp\/v2\/comments?post=2752"}],"version-history":[{"count":0,"href":"https:\/\/risese.org\/es\/wp-json\/wp\/v2\/pages\/2752\/revisions"}],"wp:attachment":[{"href":"https:\/\/risese.org\/es\/wp-json\/wp\/v2\/media?parent=2752"}],"curies":[{"name":"wp","href":"https:\/\/api.w.org\/{rel}","templated":true}]}}